{"id":896,"date":"2022-11-29T19:22:30","date_gmt":"2022-11-29T19:22:30","guid":{"rendered":"https:\/\/joieriadacla.com\/?post_type=product&#038;p=896"},"modified":"2024-09-23T18:38:04","modified_gmt":"2024-09-23T18:38:04","slug":"casio-g-shock-gm-6900-1er","status":"publish","type":"product","link":"https:\/\/joieriadacla.com\/index.php\/product\/casio-g-shock-gm-6900-1er\/","title":{"rendered":"Reloj Casio G-shock GM-6900-1ER"},"content":{"rendered":"<ul>\n<li><strong>Resistente a los golpes:<\/strong>\u00a0Su carcasa es resistente a los golpes y protege contra impactos y vibraciones.<\/li>\n<\/ul>\n<ul>\n<li><strong>Iluminaci\u00f3n:<\/strong>\u00a0Panel electroluminiscente, duraci\u00f3n de iluminaci\u00f3n seleccionable (aproximadamente 1,5 segundos o 3 segundos).<\/li>\n<\/ul>\n<ul>\n<li><strong>Pantalla destellante:<\/strong>\u00a0Un diodo luminoso parpadea tan pronto como se llega a una alarma, una cuenta atr\u00e1s oa una se\u00f1al horaria.<\/li>\n<\/ul>\n<ul>\n<li><strong>Hora mundial:<\/strong>\u00a048 ciudades (29 zonas horarias).<\/li>\n<\/ul>\n<ul>\n<li><strong>Hora de ahorro de energ\u00eda \/ hora est\u00e1ndar<\/strong><\/li>\n<\/ul>\n<ul>\n<li><strong>Cron\u00f3metro:<\/strong>\u00a0Unidad de medida: 1\/100 de segundo. Modos de medici\u00f3n: tiempo transcurrido, tiempo fraccionado, dos llegadas a meta.<\/li>\n<\/ul>\n<ul>\n<li><strong>Temporizador:<\/strong>\u00a0Para todos aquellos que exigen precisi\u00f3n: los temporizadores con cuenta atr\u00e1s son de gran utilidad a la hora de recordar acontecimientos especiales o peri\u00f3dicos, ya que emiten una se\u00f1al ac\u00fastica en el momento programado. Se pueden configurar por minutos o hasta con 24 horas de antelaci\u00f3n.<\/li>\n<\/ul>\n<ul>\n<li><strong>Alarma m\u00faltiple:<\/strong>\u00a0cuenta con 3 alarmas multifunci\u00f3n independientes. En total dispone de cuatro variantes: 1. Alarma diaria, suena cada d\u00eda a la misma hora, 2. Alarma por fecha, que le ayudar\u00e1 a no olvidarse de un cumplea\u00f1os, 3. Alarma mensual, suena el mismo d\u00eda de cada mes a la misma hora, 4. Alarma diaria para un mes determinado.<\/li>\n<\/ul>\n<ul>\n<li><strong>Funci\u00f3n despertador:<\/strong>\u00a0Cada vez que se para la alarma, suena de nuevo despu\u00e9s de unos minutos.<\/li>\n<\/ul>\n<ul>\n<li><strong>Se\u00f1al horaria<\/strong><\/li>\n<\/ul>\n<ul>\n<li><strong>Sonido de los botones Activado \/ Desactivado:<\/strong>\u00a0Si se desea es posible desactivar el sonido de los botones con el bot\u00f3n Mode. Una vez desactivado, el reloj dejar\u00e1 de emitir pitidos al cambiar de una funci\u00f3n a otra. Las alarmas configuradas o el temporizador de cuenta atr\u00e1s siguen estando activos despu\u00e9s de desactivar el sonido de los botones.<\/li>\n<\/ul>\n<ul>\n<li><strong>Hora digital;<\/strong>\u00a0Hora, minutos, segundos, mes, d\u00eda, d\u00eda de la semana.<\/li>\n<\/ul>\n<ul>\n<li><strong>Calendario autom\u00e1tico:<\/strong>\u00a0Una vez ajustado, muestra siempre la fecha correcta.<\/li>\n<\/ul>\n<ul>\n<li><strong>Formato de 12\/24 horas:<\/strong>\u00a0Las horas se visualizan ya sea en el formato de 12 o 24 horas.<\/li>\n<\/ul>\n<ul>\n<li><strong>Precisi\u00f3n a temperatura natural:<\/strong>\u00a0+\/- 15 seg. por mes (sin calibraci\u00f3n de se\u00f1al).<\/li>\n<\/ul>\n<ul>\n<li><strong>Caja de resina<\/strong><\/li>\n<\/ul>\n<ul>\n<li><strong>Cristal mineral<\/strong>; duro y dif\u00edcil de rayar, protege el reloj de da\u00f1os exteriores.<\/li>\n<\/ul>\n<ul>\n<li><strong>Correa de Resina<\/strong><\/li>\n<\/ul>\n<ul>\n<li><strong>Resistencia al agua (20 Bar):<\/strong>\u00a0Perfecto para las inmersiones libres sin aparatos.<\/li>\n<\/ul>\n<ul>\n<li><strong>Duraci\u00f3n de la pila:<\/strong>\u00a0Aproximadamente 5 a\u00f1os con la pila tipo CR2016 (operaci\u00f3n de alarma de 10 segundos por d\u00eda (con alerta parpadeante), una operaci\u00f3n del temporizador de cuenta atr\u00e1s (con zumbador de progreso y alerta intermitente) por semana, una operaci\u00f3n de cron\u00f3grafo (con inicio autom\u00e1tico y alerta parpadeante) por semana, 1,5 segundos de iluminaci\u00f3n por d\u00eda).<\/li>\n<\/ul>\n","protected":false},"excerpt":{"rendered":"<p>El modelo de\u00a0<strong>relojes G-SHOCK de la gama GM-6900 de Casio<\/strong>, presentan un dise\u00f1o innovador con el bisel met\u00e1lico de colores agresivos, correa de resina, iluminaci\u00f3n destellante, cron\u00f3metro y temporizador.<\/p>\n","protected":false},"featured_media":897,"comment_status":"open","ping_status":"closed","template":"","meta":[],"product_brand":[],"product_cat":[43,46,38],"product_tag":[],"class_list":{"0":"post-896","1":"product","2":"type-product","3":"status-publish","4":"has-post-thumbnail","6":"product_cat-g-shock","7":"product_cat-g-shock-gama-trend","8":"product_cat-relojes","10":"first","11":"instock","12":"taxable","13":"shipping-taxable","14":"purchasable","15":"product-type-simple"},"yoast_head":"<!-- This site is optimized with the Yoast SEO plugin v27.2 - https:\/\/yoast.com\/product\/yoast-seo-wordpress\/ -->\n<title>Reloj Casio G-shock GM-6900-1ER - Joieria Dacla<\/title>\n<meta name=\"description\" content=\"El modelo de\u00a0relojes G-SHOCK de la gama GM-6900 de Casio, presentan un dise\u00f1o innovador con el bisel met\u00e1lico de colores agresivos, correa de resina, iluminaci\u00f3n destellante, cron\u00f3metro y temporizador.\" \/>\n<meta name=\"robots\" content=\"index, follow, max-snippet:-1, max-image-preview:large, max-video-preview:-1\" \/>\n<link rel=\"canonical\" href=\"https:\/\/joieriadacla.com\/index.php\/product\/casio-g-shock-gm-6900-1er\/\" \/>\n<meta property=\"og:locale\" content=\"es_ES\" \/>\n<meta property=\"og:type\" content=\"article\" \/>\n<meta property=\"og:title\" content=\"Reloj Casio G-shock GM-6900-1ER - Joieria Dacla\" \/>\n<meta property=\"og:description\" content=\"El modelo de\u00a0relojes G-SHOCK de la gama GM-6900 de Casio, presentan un dise\u00f1o innovador con el bisel met\u00e1lico de colores agresivos, correa de resina, iluminaci\u00f3n destellante, cron\u00f3metro y temporizador.\" \/>\n<meta property=\"og:url\" content=\"https:\/\/joieriadacla.com\/index.php\/product\/casio-g-shock-gm-6900-1er\/\" \/>\n<meta property=\"og:site_name\" content=\"Joieria Dacla\" \/>\n<meta property=\"article:modified_time\" content=\"2024-09-23T18:38:04+00:00\" \/>\n<meta property=\"og:image\" content=\"https:\/\/joieriadacla.com\/wp-content\/uploads\/2022\/11\/GM-6900-1ER.jpg\" \/>\n\t<meta property=\"og:image:width\" content=\"500\" \/>\n\t<meta property=\"og:image:height\" content=\"500\" \/>\n\t<meta property=\"og:image:type\" content=\"image\/jpeg\" \/>\n<meta name=\"twitter:card\" content=\"summary_large_image\" \/>\n<meta name=\"twitter:label1\" content=\"Tiempo de lectura\" \/>\n\t<meta name=\"twitter:data1\" content=\"2 minutos\" \/>\n<script type=\"application\/ld+json\" class=\"yoast-schema-graph\">{\"@context\":\"https:\/\/schema.org\",\"@graph\":[{\"@type\":\"WebPage\",\"@id\":\"https:\/\/joieriadacla.com\/index.php\/product\/casio-g-shock-gm-6900-1er\/\",\"url\":\"https:\/\/joieriadacla.com\/index.php\/product\/casio-g-shock-gm-6900-1er\/\",\"name\":\"Reloj Casio G-shock GM-6900-1ER - Joieria Dacla\",\"isPartOf\":{\"@id\":\"https:\/\/joieriadacla.com\/#website\"},\"primaryImageOfPage\":{\"@id\":\"https:\/\/joieriadacla.com\/index.php\/product\/casio-g-shock-gm-6900-1er\/#primaryimage\"},\"image\":{\"@id\":\"https:\/\/joieriadacla.com\/index.php\/product\/casio-g-shock-gm-6900-1er\/#primaryimage\"},\"thumbnailUrl\":\"https:\/\/joieriadacla.com\/wp-content\/uploads\/2022\/11\/GM-6900-1ER.jpg\",\"datePublished\":\"2022-11-29T19:22:30+00:00\",\"dateModified\":\"2024-09-23T18:38:04+00:00\",\"description\":\"El modelo de\u00a0relojes G-SHOCK de la gama GM-6900 de Casio, presentan un dise\u00f1o innovador con el bisel met\u00e1lico de colores agresivos, correa de resina, iluminaci\u00f3n destellante, cron\u00f3metro y temporizador.\",\"breadcrumb\":{\"@id\":\"https:\/\/joieriadacla.com\/index.php\/product\/casio-g-shock-gm-6900-1er\/#breadcrumb\"},\"inLanguage\":\"es\",\"potentialAction\":[{\"@type\":\"ReadAction\",\"target\":[\"https:\/\/joieriadacla.com\/index.php\/product\/casio-g-shock-gm-6900-1er\/\"]}]},{\"@type\":\"ImageObject\",\"inLanguage\":\"es\",\"@id\":\"https:\/\/joieriadacla.com\/index.php\/product\/casio-g-shock-gm-6900-1er\/#primaryimage\",\"url\":\"https:\/\/joieriadacla.com\/wp-content\/uploads\/2022\/11\/GM-6900-1ER.jpg\",\"contentUrl\":\"https:\/\/joieriadacla.com\/wp-content\/uploads\/2022\/11\/GM-6900-1ER.jpg\",\"width\":500,\"height\":500},{\"@type\":\"BreadcrumbList\",\"@id\":\"https:\/\/joieriadacla.com\/index.php\/product\/casio-g-shock-gm-6900-1er\/#breadcrumb\",\"itemListElement\":[{\"@type\":\"ListItem\",\"position\":1,\"name\":\"Portada\",\"item\":\"https:\/\/joieriadacla.com\/\"},{\"@type\":\"ListItem\",\"position\":2,\"name\":\"Productos\",\"item\":\"https:\/\/joieriadacla.com\/index.php\/shop\/\"},{\"@type\":\"ListItem\",\"position\":3,\"name\":\"Reloj Casio G-shock GM-6900-1ER\"}]},{\"@type\":\"WebSite\",\"@id\":\"https:\/\/joieriadacla.com\/#website\",\"url\":\"https:\/\/joieriadacla.com\/\",\"name\":\"Joieria Rellotgeria Dacla\",\"description\":\"Joieria Dacla\",\"publisher\":{\"@id\":\"https:\/\/joieriadacla.com\/#organization\"},\"potentialAction\":[{\"@type\":\"SearchAction\",\"target\":{\"@type\":\"EntryPoint\",\"urlTemplate\":\"https:\/\/joieriadacla.com\/?s={search_term_string}\"},\"query-input\":{\"@type\":\"PropertyValueSpecification\",\"valueRequired\":true,\"valueName\":\"search_term_string\"}}],\"inLanguage\":\"es\"},{\"@type\":\"Organization\",\"@id\":\"https:\/\/joieriadacla.com\/#organization\",\"name\":\"Joieria Rellotgeria Dacla\",\"url\":\"https:\/\/joieriadacla.com\/\",\"logo\":{\"@type\":\"ImageObject\",\"inLanguage\":\"es\",\"@id\":\"https:\/\/joieriadacla.com\/#\/schema\/logo\/image\/\",\"url\":\"https:\/\/joieriadacla.com\/wp-content\/uploads\/2022\/03\/LOGODACLA.png\",\"contentUrl\":\"https:\/\/joieriadacla.com\/wp-content\/uploads\/2022\/03\/LOGODACLA.png\",\"width\":319,\"height\":228,\"caption\":\"Joieria Rellotgeria Dacla\"},\"image\":{\"@id\":\"https:\/\/joieriadacla.com\/#\/schema\/logo\/image\/\"},\"sameAs\":[\"https:\/\/www.instagram.com\/joieria.dacla\/?hl=es\"]}]}<\/script>\n<!-- \/ Yoast SEO plugin. -->","yoast_head_json":{"title":"Reloj Casio G-shock GM-6900-1ER - Joieria Dacla","description":"El modelo de\u00a0relojes G-SHOCK de la gama GM-6900 de Casio, presentan un dise\u00f1o innovador con el bisel met\u00e1lico de colores agresivos, correa de resina, iluminaci\u00f3n destellante, cron\u00f3metro y temporizador.","robots":{"index":"index","follow":"follow","max-snippet":"max-snippet:-1","max-image-preview":"max-image-preview:large","max-video-preview":"max-video-preview:-1"},"canonical":"https:\/\/joieriadacla.com\/index.php\/product\/casio-g-shock-gm-6900-1er\/","og_locale":"es_ES","og_type":"article","og_title":"Reloj Casio G-shock GM-6900-1ER - Joieria Dacla","og_description":"El modelo de\u00a0relojes G-SHOCK de la gama GM-6900 de Casio, presentan un dise\u00f1o innovador con el bisel met\u00e1lico de colores agresivos, correa de resina, iluminaci\u00f3n destellante, cron\u00f3metro y temporizador.","og_url":"https:\/\/joieriadacla.com\/index.php\/product\/casio-g-shock-gm-6900-1er\/","og_site_name":"Joieria Dacla","article_modified_time":"2024-09-23T18:38:04+00:00","og_image":[{"width":500,"height":500,"url":"https:\/\/joieriadacla.com\/wp-content\/uploads\/2022\/11\/GM-6900-1ER.jpg","type":"image\/jpeg"}],"twitter_card":"summary_large_image","twitter_misc":{"Tiempo de lectura":"2 minutos"},"schema":{"@context":"https:\/\/schema.org","@graph":[{"@type":"WebPage","@id":"https:\/\/joieriadacla.com\/index.php\/product\/casio-g-shock-gm-6900-1er\/","url":"https:\/\/joieriadacla.com\/index.php\/product\/casio-g-shock-gm-6900-1er\/","name":"Reloj Casio G-shock GM-6900-1ER - Joieria Dacla","isPartOf":{"@id":"https:\/\/joieriadacla.com\/#website"},"primaryImageOfPage":{"@id":"https:\/\/joieriadacla.com\/index.php\/product\/casio-g-shock-gm-6900-1er\/#primaryimage"},"image":{"@id":"https:\/\/joieriadacla.com\/index.php\/product\/casio-g-shock-gm-6900-1er\/#primaryimage"},"thumbnailUrl":"https:\/\/joieriadacla.com\/wp-content\/uploads\/2022\/11\/GM-6900-1ER.jpg","datePublished":"2022-11-29T19:22:30+00:00","dateModified":"2024-09-23T18:38:04+00:00","description":"El modelo de\u00a0relojes G-SHOCK de la gama GM-6900 de Casio, presentan un dise\u00f1o innovador con el bisel met\u00e1lico de colores agresivos, correa de resina, iluminaci\u00f3n destellante, cron\u00f3metro y temporizador.","breadcrumb":{"@id":"https:\/\/joieriadacla.com\/index.php\/product\/casio-g-shock-gm-6900-1er\/#breadcrumb"},"inLanguage":"es","potentialAction":[{"@type":"ReadAction","target":["https:\/\/joieriadacla.com\/index.php\/product\/casio-g-shock-gm-6900-1er\/"]}]},{"@type":"ImageObject","inLanguage":"es","@id":"https:\/\/joieriadacla.com\/index.php\/product\/casio-g-shock-gm-6900-1er\/#primaryimage","url":"https:\/\/joieriadacla.com\/wp-content\/uploads\/2022\/11\/GM-6900-1ER.jpg","contentUrl":"https:\/\/joieriadacla.com\/wp-content\/uploads\/2022\/11\/GM-6900-1ER.jpg","width":500,"height":500},{"@type":"BreadcrumbList","@id":"https:\/\/joieriadacla.com\/index.php\/product\/casio-g-shock-gm-6900-1er\/#breadcrumb","itemListElement":[{"@type":"ListItem","position":1,"name":"Portada","item":"https:\/\/joieriadacla.com\/"},{"@type":"ListItem","position":2,"name":"Productos","item":"https:\/\/joieriadacla.com\/index.php\/shop\/"},{"@type":"ListItem","position":3,"name":"Reloj Casio G-shock GM-6900-1ER"}]},{"@type":"WebSite","@id":"https:\/\/joieriadacla.com\/#website","url":"https:\/\/joieriadacla.com\/","name":"Joieria Rellotgeria Dacla","description":"Joieria Dacla","publisher":{"@id":"https:\/\/joieriadacla.com\/#organization"},"potentialAction":[{"@type":"SearchAction","target":{"@type":"EntryPoint","urlTemplate":"https:\/\/joieriadacla.com\/?s={search_term_string}"},"query-input":{"@type":"PropertyValueSpecification","valueRequired":true,"valueName":"search_term_string"}}],"inLanguage":"es"},{"@type":"Organization","@id":"https:\/\/joieriadacla.com\/#organization","name":"Joieria Rellotgeria Dacla","url":"https:\/\/joieriadacla.com\/","logo":{"@type":"ImageObject","inLanguage":"es","@id":"https:\/\/joieriadacla.com\/#\/schema\/logo\/image\/","url":"https:\/\/joieriadacla.com\/wp-content\/uploads\/2022\/03\/LOGODACLA.png","contentUrl":"https:\/\/joieriadacla.com\/wp-content\/uploads\/2022\/03\/LOGODACLA.png","width":319,"height":228,"caption":"Joieria Rellotgeria Dacla"},"image":{"@id":"https:\/\/joieriadacla.com\/#\/schema\/logo\/image\/"},"sameAs":["https:\/\/www.instagram.com\/joieria.dacla\/?hl=es"]}]}},"_links":{"self":[{"href":"https:\/\/joieriadacla.com\/index.php\/wp-json\/wp\/v2\/product\/896","targetHints":{"allow":["GET"]}}],"collection":[{"href":"https:\/\/joieriadacla.com\/index.php\/wp-json\/wp\/v2\/product"}],"about":[{"href":"https:\/\/joieriadacla.com\/index.php\/wp-json\/wp\/v2\/types\/product"}],"replies":[{"embeddable":true,"href":"https:\/\/joieriadacla.com\/index.php\/wp-json\/wp\/v2\/comments?post=896"}],"wp:featuredmedia":[{"embeddable":true,"href":"https:\/\/joieriadacla.com\/index.php\/wp-json\/wp\/v2\/media\/897"}],"wp:attachment":[{"href":"https:\/\/joieriadacla.com\/index.php\/wp-json\/wp\/v2\/media?parent=896"}],"wp:term":[{"taxonomy":"product_brand","embeddable":true,"href":"https:\/\/joieriadacla.com\/index.php\/wp-json\/wp\/v2\/product_brand?post=896"},{"taxonomy":"product_cat","embeddable":true,"href":"https:\/\/joieriadacla.com\/index.php\/wp-json\/wp\/v2\/product_cat?post=896"},{"taxonomy":"product_tag","embeddable":true,"href":"https:\/\/joieriadacla.com\/index.php\/wp-json\/wp\/v2\/product_tag?post=896"}],"curies":[{"name":"wp","href":"https:\/\/api.w.org\/{rel}","templated":true}]}}