{"id":894,"date":"2022-11-29T19:12:57","date_gmt":"2022-11-29T19:12:57","guid":{"rendered":"https:\/\/joieriadacla.com\/?post_type=product&#038;p=894"},"modified":"2024-09-23T18:38:14","modified_gmt":"2024-09-23T18:38:14","slug":"casio-g-shock-dw-5600bbmb-1er","status":"publish","type":"product","link":"https:\/\/joieriadacla.com\/index.php\/product\/casio-g-shock-dw-5600bbmb-1er\/","title":{"rendered":"Reloj Casio G-shock DW-5600BBMB-1ER"},"content":{"rendered":"<ul type=\"square\">\n<li><strong>RESISTENTE A LOS GOLPES<\/strong><br \/>\n\u00b7 La carcasa es resistente a los golpes y protege contra impactos y vibraciones.<\/li>\n<li><b>ILUMINACI\u00d3N<\/b><br \/>\n\u00b7 Un panel electro-luminiscente ocasiona que la esfera entera del reloj se ilumine para una f\u00e1cil lectura.<\/li>\n<li><strong>PANTALLA DESTELLANTE<br \/>\n<\/strong>\u00b7\u00a0Un diodo luminoso parpadea tan pronto como se llega a una alarma, una cuenta atr\u00e1s o a una se\u00f1al horaria.<strong><br \/>\n<\/strong><\/li>\n<li><strong>CRON\u00d3METRO<\/strong><br \/>\n\u00b7 Unidades de medici\u00f3n:\u00a0\u00a01\/100 de segundo (para los primeros 60 minutos) 1 segundo (despu\u00e9s de los 60 minutos).<br \/>\n\u00b7 Capacidad de medici\u00f3n: 23:59\u201959,99\u2019\u2019<br \/>\n\u00b7 Modo de medici\u00f3n: Tiempo neto, tiempo fraccionado, Tiempos del 1ro y 2do. en llegar.<\/li>\n<li><strong>TEMPORIZADOR DE CUENTA REGRESIVA<br \/>\n<\/strong>\u00b7\u00a0Para todos aquellos que exigen precisi\u00f3n: los temporizadores con cuenta atr\u00e1s son de gran utilidad a la hora de recordar acontecimientos especiales o peri\u00f3dicos, ya que emiten una se\u00f1al ac\u00fastica en el momento programado. A partir de ese momento, comienzan a contar hacia atr\u00e1s de forma autom\u00e1tica desde la hora programada. Se pueden configurar por segundos o hasta con 24 horas de antelaci\u00f3n. Especialmente pr\u00e1cticos para la toma diaria de medicamentos o para el entrenamiento a intervalos.<br \/>\n\u00b7 Gama de ingreso: 1 min. a 24 horas<br \/>\n\u00b7 Unidad de medici\u00f3n: 1 seg.<br \/>\n\u00b7 Funci\u00f3n de repetici\u00f3n autom\u00e1tica<\/li>\n<li><strong>ALARMA M\u00daLTIPLE<br \/>\n<\/strong>\u00b7\u00a0La alarma m\u00faltiple le permite ajustar la alarma diaria (solamente el ajuste de hora), o una alarma para una hora especifica o un d\u00eda especifico (ajuste de mes, d\u00eda y hora). El valor indica cu\u00e1ntas alarmas m\u00faltiples se encuentran disponibles. La se\u00f1al horaria ocasiona que el reloj emita zumbidos a cada hora.<strong><br \/>\n<\/strong>\u00b7 Alarma de fecha:\u00a0Este tipo de ajuste hace que la alarma suene a la hora especificada, en la fecha especificada por usted.<strong><br \/>\n<\/strong>\u00b7\u00a0Alarma de 1 mes:\u00a0Este tipo de ajuste hace que la alarma suene todos los d\u00edas a la hora ajustada, pero s\u00f3lo durante el mes especificado.<strong><br \/>\n<\/strong>\u00b7 Alarma mensual:\u00a0Este tipo de ajuste hace que la alarma suene todos los meses a la hora ajustada, en el d\u00eda especificado por usted.<\/li>\n<li><strong>SE\u00d1AL HORARIA<\/strong><\/li>\n<li><strong>HORA REGULAR<\/strong><br \/>\n\u00b7 Digital: Horas, minutos, segundos, , AM (A) \/ PM (P), mes, fecha y d\u00eda de la semana<\/li>\n<li><strong>CALENDARIO AUTOM\u00c1TICO COMPLETO<br \/>\n<\/strong>\u00b7 Una vez ajustado, el calendario autom\u00e1tico muestra siempre la fecha correcta.\u00a0Programado desde el a\u00f1o 2000 hasta el a\u00f1o 2099.<\/li>\n<li><strong>FORMATO DE 12\/24 HORAS<br \/>\n<\/strong>\u00b7\u00a0Las horas se visualizan ya sea en el formato de 12 o 24 horas.<\/li>\n<li><strong>PRECISI\u00d3N\u00a0A TEMPERATURA NORMAL<br \/>\n<\/strong>\u00b7 +\/- 15 Seg.. por mes ( sin calibraci\u00f3n de se\u00f1al).<\/li>\n<li><strong>CAJA DE RESINA<\/strong><\/li>\n<li><strong>CRISTAL MINERAL<br \/>\n<\/strong>\u00b7\u00a0El cristal mineral, duro y dif\u00edcil de rayar, protege el reloj de da\u00f1os exteriores.<\/li>\n<li><b>CORREA DE\u00a0RESINA<br \/>\n<\/b>\u00b7\u00a0La correa contiene resina sint\u00e9tica, un material ideal para este componente dada su extrema resistencia y su flexibilidad.<\/li>\n<li><strong>CLASIFICACI\u00d3N DE RESISTENCIA AL AGUA (20 BAR)<br \/>\n<\/strong>\u00b7\u00a0Perfecto para las inmersiones libres sin aparatos: el reloj es resistente al agua hasta 20 bar (ISO 22810).<\/li>\n<li><strong>DURACI\u00d3N DE LA PILA<\/strong><br \/>\n\u00b7 Aprox. 2 a\u00f1os (suponiendo una operaci\u00f3n de alarma de 20 seg.\/d\u00eda y una operaci\u00f3n de luz de fondo, de 3,5 seg.\/d\u00eda).<\/li>\n<li><strong>DIMENSIONES<\/strong><br \/>\n\u00b7 48,9 mm x 42,8 mm x 13,4 mm<\/li>\n<li><strong>PESO<\/strong><br \/>\n\u00b7 53\u00a0gramos<\/li>\n<\/ul>\n<p><strong>\u00a0 \u00a0 DW-5600BBMB-1ER\u00a0<\/strong>NUEVA SERIE G-SHOCK MILLAR DIAL<\/p>\n","protected":false},"excerpt":{"rendered":"<p>A partir de la l\u00ednea G-SHOCK, la marca de reloj que est\u00e1 siempre buscando maneras de incorporar los \u00edconos de la cultura mundial en fascinantes nuevos dise\u00f1os, se origina una selecci\u00f3n de nuevos modelos Metallic Mirror Face.<\/p>\n","protected":false},"featured_media":895,"comment_status":"open","ping_status":"closed","template":"","meta":[],"product_brand":[],"product_cat":[43,46,38],"product_tag":[],"class_list":{"0":"post-894","1":"product","2":"type-product","3":"status-publish","4":"has-post-thumbnail","6":"product_cat-g-shock","7":"product_cat-g-shock-gama-trend","8":"product_cat-relojes","10":"first","11":"instock","12":"taxable","13":"shipping-taxable","14":"purchasable","15":"product-type-simple"},"yoast_head":"<!-- This site is optimized with the Yoast SEO plugin v27.2 - https:\/\/yoast.com\/product\/yoast-seo-wordpress\/ -->\n<title>Reloj Casio G-shock DW-5600BBMB-1ER - Joieria Dacla<\/title>\n<meta name=\"description\" content=\"A partir de la l\u00ednea G-SHOCK, la marca de reloj que est\u00e1 siempre buscando maneras de incorporar los \u00edconos de la cultura mundial en fascinantes nuevos dise\u00f1os, se origina una selecci\u00f3n de nuevos modelos Metallic Mirror Face.\" \/>\n<meta name=\"robots\" content=\"index, follow, max-snippet:-1, max-image-preview:large, max-video-preview:-1\" \/>\n<link rel=\"canonical\" href=\"https:\/\/joieriadacla.com\/index.php\/product\/casio-g-shock-dw-5600bbmb-1er\/\" \/>\n<meta property=\"og:locale\" content=\"es_ES\" \/>\n<meta property=\"og:type\" content=\"article\" \/>\n<meta property=\"og:title\" content=\"Reloj Casio G-shock DW-5600BBMB-1ER - Joieria Dacla\" \/>\n<meta property=\"og:description\" content=\"A partir de la l\u00ednea G-SHOCK, la marca de reloj que est\u00e1 siempre buscando maneras de incorporar los \u00edconos de la cultura mundial en fascinantes nuevos dise\u00f1os, se origina una selecci\u00f3n de nuevos modelos Metallic Mirror Face.\" \/>\n<meta property=\"og:url\" content=\"https:\/\/joieriadacla.com\/index.php\/product\/casio-g-shock-dw-5600bbmb-1er\/\" \/>\n<meta property=\"og:site_name\" content=\"Joieria Dacla\" \/>\n<meta property=\"article:modified_time\" content=\"2024-09-23T18:38:14+00:00\" \/>\n<meta property=\"og:image\" content=\"https:\/\/joieriadacla.com\/wp-content\/uploads\/2022\/11\/DW-5600BBMB-1ER-1.png\" \/>\n\t<meta property=\"og:image:width\" content=\"510\" \/>\n\t<meta property=\"og:image:height\" content=\"533\" \/>\n\t<meta property=\"og:image:type\" content=\"image\/png\" \/>\n<meta name=\"twitter:card\" content=\"summary_large_image\" \/>\n<meta name=\"twitter:label1\" content=\"Tiempo de lectura\" \/>\n\t<meta name=\"twitter:data1\" content=\"3 minutos\" \/>\n<script type=\"application\/ld+json\" class=\"yoast-schema-graph\">{\"@context\":\"https:\/\/schema.org\",\"@graph\":[{\"@type\":\"WebPage\",\"@id\":\"https:\/\/joieriadacla.com\/index.php\/product\/casio-g-shock-dw-5600bbmb-1er\/\",\"url\":\"https:\/\/joieriadacla.com\/index.php\/product\/casio-g-shock-dw-5600bbmb-1er\/\",\"name\":\"Reloj Casio G-shock DW-5600BBMB-1ER - Joieria Dacla\",\"isPartOf\":{\"@id\":\"https:\/\/joieriadacla.com\/#website\"},\"primaryImageOfPage\":{\"@id\":\"https:\/\/joieriadacla.com\/index.php\/product\/casio-g-shock-dw-5600bbmb-1er\/#primaryimage\"},\"image\":{\"@id\":\"https:\/\/joieriadacla.com\/index.php\/product\/casio-g-shock-dw-5600bbmb-1er\/#primaryimage\"},\"thumbnailUrl\":\"https:\/\/joieriadacla.com\/wp-content\/uploads\/2022\/11\/DW-5600BBMB-1ER-1.png\",\"datePublished\":\"2022-11-29T19:12:57+00:00\",\"dateModified\":\"2024-09-23T18:38:14+00:00\",\"description\":\"A partir de la l\u00ednea G-SHOCK, la marca de reloj que est\u00e1 siempre buscando maneras de incorporar los \u00edconos de la cultura mundial en fascinantes nuevos dise\u00f1os, se origina una selecci\u00f3n de nuevos modelos Metallic Mirror Face.\",\"breadcrumb\":{\"@id\":\"https:\/\/joieriadacla.com\/index.php\/product\/casio-g-shock-dw-5600bbmb-1er\/#breadcrumb\"},\"inLanguage\":\"es\",\"potentialAction\":[{\"@type\":\"ReadAction\",\"target\":[\"https:\/\/joieriadacla.com\/index.php\/product\/casio-g-shock-dw-5600bbmb-1er\/\"]}]},{\"@type\":\"ImageObject\",\"inLanguage\":\"es\",\"@id\":\"https:\/\/joieriadacla.com\/index.php\/product\/casio-g-shock-dw-5600bbmb-1er\/#primaryimage\",\"url\":\"https:\/\/joieriadacla.com\/wp-content\/uploads\/2022\/11\/DW-5600BBMB-1ER-1.png\",\"contentUrl\":\"https:\/\/joieriadacla.com\/wp-content\/uploads\/2022\/11\/DW-5600BBMB-1ER-1.png\",\"width\":510,\"height\":533},{\"@type\":\"BreadcrumbList\",\"@id\":\"https:\/\/joieriadacla.com\/index.php\/product\/casio-g-shock-dw-5600bbmb-1er\/#breadcrumb\",\"itemListElement\":[{\"@type\":\"ListItem\",\"position\":1,\"name\":\"Portada\",\"item\":\"https:\/\/joieriadacla.com\/\"},{\"@type\":\"ListItem\",\"position\":2,\"name\":\"Productos\",\"item\":\"https:\/\/joieriadacla.com\/index.php\/shop\/\"},{\"@type\":\"ListItem\",\"position\":3,\"name\":\"Reloj Casio G-shock DW-5600BBMB-1ER\"}]},{\"@type\":\"WebSite\",\"@id\":\"https:\/\/joieriadacla.com\/#website\",\"url\":\"https:\/\/joieriadacla.com\/\",\"name\":\"Joieria Rellotgeria Dacla\",\"description\":\"Joieria Dacla\",\"publisher\":{\"@id\":\"https:\/\/joieriadacla.com\/#organization\"},\"potentialAction\":[{\"@type\":\"SearchAction\",\"target\":{\"@type\":\"EntryPoint\",\"urlTemplate\":\"https:\/\/joieriadacla.com\/?s={search_term_string}\"},\"query-input\":{\"@type\":\"PropertyValueSpecification\",\"valueRequired\":true,\"valueName\":\"search_term_string\"}}],\"inLanguage\":\"es\"},{\"@type\":\"Organization\",\"@id\":\"https:\/\/joieriadacla.com\/#organization\",\"name\":\"Joieria Rellotgeria Dacla\",\"url\":\"https:\/\/joieriadacla.com\/\",\"logo\":{\"@type\":\"ImageObject\",\"inLanguage\":\"es\",\"@id\":\"https:\/\/joieriadacla.com\/#\/schema\/logo\/image\/\",\"url\":\"https:\/\/joieriadacla.com\/wp-content\/uploads\/2022\/03\/LOGODACLA.png\",\"contentUrl\":\"https:\/\/joieriadacla.com\/wp-content\/uploads\/2022\/03\/LOGODACLA.png\",\"width\":319,\"height\":228,\"caption\":\"Joieria Rellotgeria Dacla\"},\"image\":{\"@id\":\"https:\/\/joieriadacla.com\/#\/schema\/logo\/image\/\"},\"sameAs\":[\"https:\/\/www.instagram.com\/joieria.dacla\/?hl=es\"]}]}<\/script>\n<!-- \/ Yoast SEO plugin. -->","yoast_head_json":{"title":"Reloj Casio G-shock DW-5600BBMB-1ER - Joieria Dacla","description":"A partir de la l\u00ednea G-SHOCK, la marca de reloj que est\u00e1 siempre buscando maneras de incorporar los \u00edconos de la cultura mundial en fascinantes nuevos dise\u00f1os, se origina una selecci\u00f3n de nuevos modelos Metallic Mirror Face.","robots":{"index":"index","follow":"follow","max-snippet":"max-snippet:-1","max-image-preview":"max-image-preview:large","max-video-preview":"max-video-preview:-1"},"canonical":"https:\/\/joieriadacla.com\/index.php\/product\/casio-g-shock-dw-5600bbmb-1er\/","og_locale":"es_ES","og_type":"article","og_title":"Reloj Casio G-shock DW-5600BBMB-1ER - Joieria Dacla","og_description":"A partir de la l\u00ednea G-SHOCK, la marca de reloj que est\u00e1 siempre buscando maneras de incorporar los \u00edconos de la cultura mundial en fascinantes nuevos dise\u00f1os, se origina una selecci\u00f3n de nuevos modelos Metallic Mirror Face.","og_url":"https:\/\/joieriadacla.com\/index.php\/product\/casio-g-shock-dw-5600bbmb-1er\/","og_site_name":"Joieria Dacla","article_modified_time":"2024-09-23T18:38:14+00:00","og_image":[{"width":510,"height":533,"url":"https:\/\/joieriadacla.com\/wp-content\/uploads\/2022\/11\/DW-5600BBMB-1ER-1.png","type":"image\/png"}],"twitter_card":"summary_large_image","twitter_misc":{"Tiempo de lectura":"3 minutos"},"schema":{"@context":"https:\/\/schema.org","@graph":[{"@type":"WebPage","@id":"https:\/\/joieriadacla.com\/index.php\/product\/casio-g-shock-dw-5600bbmb-1er\/","url":"https:\/\/joieriadacla.com\/index.php\/product\/casio-g-shock-dw-5600bbmb-1er\/","name":"Reloj Casio G-shock DW-5600BBMB-1ER - Joieria Dacla","isPartOf":{"@id":"https:\/\/joieriadacla.com\/#website"},"primaryImageOfPage":{"@id":"https:\/\/joieriadacla.com\/index.php\/product\/casio-g-shock-dw-5600bbmb-1er\/#primaryimage"},"image":{"@id":"https:\/\/joieriadacla.com\/index.php\/product\/casio-g-shock-dw-5600bbmb-1er\/#primaryimage"},"thumbnailUrl":"https:\/\/joieriadacla.com\/wp-content\/uploads\/2022\/11\/DW-5600BBMB-1ER-1.png","datePublished":"2022-11-29T19:12:57+00:00","dateModified":"2024-09-23T18:38:14+00:00","description":"A partir de la l\u00ednea G-SHOCK, la marca de reloj que est\u00e1 siempre buscando maneras de incorporar los \u00edconos de la cultura mundial en fascinantes nuevos dise\u00f1os, se origina una selecci\u00f3n de nuevos modelos Metallic Mirror Face.","breadcrumb":{"@id":"https:\/\/joieriadacla.com\/index.php\/product\/casio-g-shock-dw-5600bbmb-1er\/#breadcrumb"},"inLanguage":"es","potentialAction":[{"@type":"ReadAction","target":["https:\/\/joieriadacla.com\/index.php\/product\/casio-g-shock-dw-5600bbmb-1er\/"]}]},{"@type":"ImageObject","inLanguage":"es","@id":"https:\/\/joieriadacla.com\/index.php\/product\/casio-g-shock-dw-5600bbmb-1er\/#primaryimage","url":"https:\/\/joieriadacla.com\/wp-content\/uploads\/2022\/11\/DW-5600BBMB-1ER-1.png","contentUrl":"https:\/\/joieriadacla.com\/wp-content\/uploads\/2022\/11\/DW-5600BBMB-1ER-1.png","width":510,"height":533},{"@type":"BreadcrumbList","@id":"https:\/\/joieriadacla.com\/index.php\/product\/casio-g-shock-dw-5600bbmb-1er\/#breadcrumb","itemListElement":[{"@type":"ListItem","position":1,"name":"Portada","item":"https:\/\/joieriadacla.com\/"},{"@type":"ListItem","position":2,"name":"Productos","item":"https:\/\/joieriadacla.com\/index.php\/shop\/"},{"@type":"ListItem","position":3,"name":"Reloj Casio G-shock DW-5600BBMB-1ER"}]},{"@type":"WebSite","@id":"https:\/\/joieriadacla.com\/#website","url":"https:\/\/joieriadacla.com\/","name":"Joieria Rellotgeria Dacla","description":"Joieria Dacla","publisher":{"@id":"https:\/\/joieriadacla.com\/#organization"},"potentialAction":[{"@type":"SearchAction","target":{"@type":"EntryPoint","urlTemplate":"https:\/\/joieriadacla.com\/?s={search_term_string}"},"query-input":{"@type":"PropertyValueSpecification","valueRequired":true,"valueName":"search_term_string"}}],"inLanguage":"es"},{"@type":"Organization","@id":"https:\/\/joieriadacla.com\/#organization","name":"Joieria Rellotgeria Dacla","url":"https:\/\/joieriadacla.com\/","logo":{"@type":"ImageObject","inLanguage":"es","@id":"https:\/\/joieriadacla.com\/#\/schema\/logo\/image\/","url":"https:\/\/joieriadacla.com\/wp-content\/uploads\/2022\/03\/LOGODACLA.png","contentUrl":"https:\/\/joieriadacla.com\/wp-content\/uploads\/2022\/03\/LOGODACLA.png","width":319,"height":228,"caption":"Joieria Rellotgeria Dacla"},"image":{"@id":"https:\/\/joieriadacla.com\/#\/schema\/logo\/image\/"},"sameAs":["https:\/\/www.instagram.com\/joieria.dacla\/?hl=es"]}]}},"_links":{"self":[{"href":"https:\/\/joieriadacla.com\/index.php\/wp-json\/wp\/v2\/product\/894","targetHints":{"allow":["GET"]}}],"collection":[{"href":"https:\/\/joieriadacla.com\/index.php\/wp-json\/wp\/v2\/product"}],"about":[{"href":"https:\/\/joieriadacla.com\/index.php\/wp-json\/wp\/v2\/types\/product"}],"replies":[{"embeddable":true,"href":"https:\/\/joieriadacla.com\/index.php\/wp-json\/wp\/v2\/comments?post=894"}],"wp:featuredmedia":[{"embeddable":true,"href":"https:\/\/joieriadacla.com\/index.php\/wp-json\/wp\/v2\/media\/895"}],"wp:attachment":[{"href":"https:\/\/joieriadacla.com\/index.php\/wp-json\/wp\/v2\/media?parent=894"}],"wp:term":[{"taxonomy":"product_brand","embeddable":true,"href":"https:\/\/joieriadacla.com\/index.php\/wp-json\/wp\/v2\/product_brand?post=894"},{"taxonomy":"product_cat","embeddable":true,"href":"https:\/\/joieriadacla.com\/index.php\/wp-json\/wp\/v2\/product_cat?post=894"},{"taxonomy":"product_tag","embeddable":true,"href":"https:\/\/joieriadacla.com\/index.php\/wp-json\/wp\/v2\/product_tag?post=894"}],"curies":[{"name":"wp","href":"https:\/\/api.w.org\/{rel}","templated":true}]}}