{"id":890,"date":"2022-11-29T18:54:03","date_gmt":"2022-11-29T18:54:03","guid":{"rendered":"https:\/\/joieriadacla.com\/?post_type=product&#038;p=890"},"modified":"2024-09-23T18:38:32","modified_gmt":"2024-09-23T18:38:32","slug":"reloj-casio-g-shock-dw-5600sb-3er","status":"publish","type":"product","link":"https:\/\/joieriadacla.com\/index.php\/product\/reloj-casio-g-shock-dw-5600sb-3er\/","title":{"rendered":"Reloj Casio G-shock DW-5600SB-3ER"},"content":{"rendered":"<ul class=\"p-product_detail-spec-accordion__panel-inner\">\n<li class=\"p-product_detail-spec-accordion__panel-item\" tabindex=\"0\">\n<div class=\"p-product_detail-spec-accordion__panel-item-ttl\">\n<h4>Cron\u00f3metro<\/h4>\n<\/div>\n<div class=\"p-product_detail-spec-accordion__panel-item-cont\">Cron\u00f3metro de 1\/100 segundos Capacidad de medici\u00f3n: 00&#8217;00&#8243;00~59&#8217;59&#8243;99 (por los primeros 60\u00a0minutos) 1:00&#8217;00~23:59&#8217;59 (despu\u00e9s de 60\u00a0minutos) Unidad de medici\u00f3n: 1\/100 segundos (por los primeros 60\u00a0minutos) 1 segundo (despu\u00e9s de 60\u00a0minutos) Modos de medici\u00f3n: Tiempo transcurrido, tiempo de divisi\u00f3n, tiempos de 1\u00aa y 2\u00aa posiciones<\/div>\n<\/li>\n<li class=\"p-product_detail-spec-accordion__panel-item\" tabindex=\"0\">\n<div class=\"p-product_detail-spec-accordion__panel-item-ttl\">\n<h4>Temporizador<\/h4>\n<\/div>\n<div class=\"p-product_detail-spec-accordion__panel-item-cont\">Temporizador con cuenta regresiva Unidad de medici\u00f3n: 1 segundo Rango de cuenta regresiva: 24 horas Rango de ajuste de tiempo inicial de cuenta regresiva: de 1\u00a0segundo a 24\u00a0horas (incrementos de 1\u00a0segundo, de 1\u00a0minuto y de 1\u00a0hora) Otros: Repetici\u00f3n autom\u00e1tica<\/div>\n<\/li>\n<li class=\"p-product_detail-spec-accordion__panel-item\" tabindex=\"0\">\n<div class=\"p-product_detail-spec-accordion__panel-item-ttl\">\n<h4>Alarma\/se\u00f1al ac\u00fastica cada hora<\/h4>\n<\/div>\n<div class=\"p-product_detail-spec-accordion__panel-item-cont\">Se\u00f1al de hora<\/div>\n<div class=\"p-product_detail-spec-accordion__panel-item-cont\">Alarma multifunciones<\/div>\n<\/li>\n<li class=\"p-product_detail-spec-accordion__panel-item\" tabindex=\"0\">\n<div class=\"p-product_detail-spec-accordion__panel-item-ttl\">\n<h4>Funci\u00f3n de alerta de flash<\/h4>\n<\/div>\n<div class=\"p-product_detail-spec-accordion__panel-item-cont\">Alerta de parpadeo Parpadea con un zumbido que se activa para alarmas, se\u00f1ales ac\u00fasticas cada hora<\/div>\n<\/li>\n<li class=\"p-product_detail-spec-accordion__panel-item\" tabindex=\"0\">\n<div class=\"p-product_detail-spec-accordion__panel-item-ttl\">\n<h4>Iluminaci\u00f3n<\/h4>\n<\/div>\n<div class=\"p-product_detail-spec-accordion__panel-item-cont\">Luz de fondo electroluminiscente, persistencia luminosa<\/div>\n<\/li>\n<li class=\"p-product_detail-spec-accordion__panel-item\" tabindex=\"0\">\n<div class=\"p-product_detail-spec-accordion__panel-item-ttl\">\n<h4>Color claro<\/h4>\n<\/div>\n<div class=\"p-product_detail-spec-accordion__panel-item-cont\">EL:Azul Verde<\/div>\n<\/li>\n<li class=\"p-product_detail-spec-accordion__panel-item\" tabindex=\"0\">\n<div class=\"p-product_detail-spec-accordion__panel-item-ttl\">\n<h4>Calendario<\/h4>\n<\/div>\n<div class=\"p-product_detail-spec-accordion__panel-item-cont\">Calendario autom\u00e1tico completo (hasta el a\u00f1o 2099)<\/div>\n<\/li>\n<li class=\"p-product_detail-spec-accordion__panel-item\" tabindex=\"0\">\n<div class=\"p-product_detail-spec-accordion__panel-item-ttl\">\n<h4>Precisi\u00f3n<\/h4>\n<\/div>\n<div class=\"p-product_detail-spec-accordion__panel-item-cont\">Precisi\u00f3n: \u00b115 segundos por mes<\/div>\n<\/li>\n<li class=\"p-product_detail-spec-accordion__panel-item\" tabindex=\"0\">\n<div class=\"p-product_detail-spec-accordion__panel-item-ttl\">\n<h4>Otras funciones<\/h4>\n<\/div>\n<div class=\"p-product_detail-spec-accordion__panel-item-cont\">Formato de 12 y 24 horas<\/div>\n<div class=\"p-product_detail-spec-accordion__panel-item-cont\">Funciones cl\u00e1sicas de reloj: horas, minutos, segundos, p. m., mes, fecha, d\u00eda<\/div>\n<\/li>\n<\/ul>\n","protected":false},"excerpt":{"rendered":"<p>G-SHOCK, el reloj que ha establecido el est\u00e1ndar de resistencia en materia de indicaci\u00f3n de la hora desde 1983, anuncia nuevos modelos en colores semitransparentes.\u00a0El modelo b\u00e1sico es el DW-5600 con una esfera cuadrada original, cuyos materiales transparentes y dise\u00f1o s\u00f3lido lo convierten en uno de los favoritos de los ambientes de moda urbana y casual.<\/p>\n","protected":false},"featured_media":891,"comment_status":"open","ping_status":"closed","template":"","meta":[],"product_brand":[],"product_cat":[43,46,38],"product_tag":[],"class_list":{"0":"post-890","1":"product","2":"type-product","3":"status-publish","4":"has-post-thumbnail","6":"product_cat-g-shock","7":"product_cat-g-shock-gama-trend","8":"product_cat-relojes","10":"first","11":"instock","12":"taxable","13":"shipping-taxable","14":"purchasable","15":"product-type-simple"},"yoast_head":"<!-- This site is optimized with the Yoast SEO plugin v27.2 - https:\/\/yoast.com\/product\/yoast-seo-wordpress\/ -->\n<title>Reloj Casio G-shock DW-5600SB-3ER - Joieria Dacla<\/title>\n<meta name=\"description\" content=\"G-SHOCK, el reloj que ha establecido el est\u00e1ndar de resistencia en materia de indicaci\u00f3n de la hora desde 1983, anuncia nuevos modelos en colores semitransparentes.\" \/>\n<meta name=\"robots\" content=\"index, follow, max-snippet:-1, max-image-preview:large, max-video-preview:-1\" \/>\n<link rel=\"canonical\" href=\"https:\/\/joieriadacla.com\/index.php\/product\/reloj-casio-g-shock-dw-5600sb-3er\/\" \/>\n<meta property=\"og:locale\" content=\"es_ES\" \/>\n<meta property=\"og:type\" content=\"article\" \/>\n<meta property=\"og:title\" content=\"Reloj Casio G-shock DW-5600SB-3ER - Joieria Dacla\" \/>\n<meta property=\"og:description\" content=\"G-SHOCK, el reloj que ha establecido el est\u00e1ndar de resistencia en materia de indicaci\u00f3n de la hora desde 1983, anuncia nuevos modelos en colores semitransparentes.\" \/>\n<meta property=\"og:url\" content=\"https:\/\/joieriadacla.com\/index.php\/product\/reloj-casio-g-shock-dw-5600sb-3er\/\" \/>\n<meta property=\"og:site_name\" content=\"Joieria Dacla\" \/>\n<meta property=\"article:modified_time\" content=\"2024-09-23T18:38:32+00:00\" \/>\n<meta property=\"og:image\" content=\"https:\/\/joieriadacla.com\/wp-content\/uploads\/2022\/11\/DW-5600SB-3ER.png\" \/>\n\t<meta property=\"og:image:width\" content=\"510\" \/>\n\t<meta property=\"og:image:height\" content=\"533\" \/>\n\t<meta property=\"og:image:type\" content=\"image\/png\" \/>\n<meta name=\"twitter:card\" content=\"summary_large_image\" \/>\n<meta name=\"twitter:label1\" content=\"Tiempo de lectura\" \/>\n\t<meta name=\"twitter:data1\" content=\"1 minuto\" \/>\n<script type=\"application\/ld+json\" class=\"yoast-schema-graph\">{\"@context\":\"https:\/\/schema.org\",\"@graph\":[{\"@type\":\"WebPage\",\"@id\":\"https:\/\/joieriadacla.com\/index.php\/product\/reloj-casio-g-shock-dw-5600sb-3er\/\",\"url\":\"https:\/\/joieriadacla.com\/index.php\/product\/reloj-casio-g-shock-dw-5600sb-3er\/\",\"name\":\"Reloj Casio G-shock DW-5600SB-3ER - Joieria Dacla\",\"isPartOf\":{\"@id\":\"https:\/\/joieriadacla.com\/#website\"},\"primaryImageOfPage\":{\"@id\":\"https:\/\/joieriadacla.com\/index.php\/product\/reloj-casio-g-shock-dw-5600sb-3er\/#primaryimage\"},\"image\":{\"@id\":\"https:\/\/joieriadacla.com\/index.php\/product\/reloj-casio-g-shock-dw-5600sb-3er\/#primaryimage\"},\"thumbnailUrl\":\"https:\/\/joieriadacla.com\/wp-content\/uploads\/2022\/11\/DW-5600SB-3ER.png\",\"datePublished\":\"2022-11-29T18:54:03+00:00\",\"dateModified\":\"2024-09-23T18:38:32+00:00\",\"description\":\"G-SHOCK, el reloj que ha establecido el est\u00e1ndar de resistencia en materia de indicaci\u00f3n de la hora desde 1983, anuncia nuevos modelos en colores semitransparentes.\",\"breadcrumb\":{\"@id\":\"https:\/\/joieriadacla.com\/index.php\/product\/reloj-casio-g-shock-dw-5600sb-3er\/#breadcrumb\"},\"inLanguage\":\"es\",\"potentialAction\":[{\"@type\":\"ReadAction\",\"target\":[\"https:\/\/joieriadacla.com\/index.php\/product\/reloj-casio-g-shock-dw-5600sb-3er\/\"]}]},{\"@type\":\"ImageObject\",\"inLanguage\":\"es\",\"@id\":\"https:\/\/joieriadacla.com\/index.php\/product\/reloj-casio-g-shock-dw-5600sb-3er\/#primaryimage\",\"url\":\"https:\/\/joieriadacla.com\/wp-content\/uploads\/2022\/11\/DW-5600SB-3ER.png\",\"contentUrl\":\"https:\/\/joieriadacla.com\/wp-content\/uploads\/2022\/11\/DW-5600SB-3ER.png\",\"width\":510,\"height\":533},{\"@type\":\"BreadcrumbList\",\"@id\":\"https:\/\/joieriadacla.com\/index.php\/product\/reloj-casio-g-shock-dw-5600sb-3er\/#breadcrumb\",\"itemListElement\":[{\"@type\":\"ListItem\",\"position\":1,\"name\":\"Portada\",\"item\":\"https:\/\/joieriadacla.com\/\"},{\"@type\":\"ListItem\",\"position\":2,\"name\":\"Productos\",\"item\":\"https:\/\/joieriadacla.com\/index.php\/shop\/\"},{\"@type\":\"ListItem\",\"position\":3,\"name\":\"Reloj Casio G-shock DW-5600SB-3ER\"}]},{\"@type\":\"WebSite\",\"@id\":\"https:\/\/joieriadacla.com\/#website\",\"url\":\"https:\/\/joieriadacla.com\/\",\"name\":\"Joieria Rellotgeria Dacla\",\"description\":\"Joieria Dacla\",\"publisher\":{\"@id\":\"https:\/\/joieriadacla.com\/#organization\"},\"potentialAction\":[{\"@type\":\"SearchAction\",\"target\":{\"@type\":\"EntryPoint\",\"urlTemplate\":\"https:\/\/joieriadacla.com\/?s={search_term_string}\"},\"query-input\":{\"@type\":\"PropertyValueSpecification\",\"valueRequired\":true,\"valueName\":\"search_term_string\"}}],\"inLanguage\":\"es\"},{\"@type\":\"Organization\",\"@id\":\"https:\/\/joieriadacla.com\/#organization\",\"name\":\"Joieria Rellotgeria Dacla\",\"url\":\"https:\/\/joieriadacla.com\/\",\"logo\":{\"@type\":\"ImageObject\",\"inLanguage\":\"es\",\"@id\":\"https:\/\/joieriadacla.com\/#\/schema\/logo\/image\/\",\"url\":\"https:\/\/joieriadacla.com\/wp-content\/uploads\/2022\/03\/LOGODACLA.png\",\"contentUrl\":\"https:\/\/joieriadacla.com\/wp-content\/uploads\/2022\/03\/LOGODACLA.png\",\"width\":319,\"height\":228,\"caption\":\"Joieria Rellotgeria Dacla\"},\"image\":{\"@id\":\"https:\/\/joieriadacla.com\/#\/schema\/logo\/image\/\"},\"sameAs\":[\"https:\/\/www.instagram.com\/joieria.dacla\/?hl=es\"]}]}<\/script>\n<!-- \/ Yoast SEO plugin. -->","yoast_head_json":{"title":"Reloj Casio G-shock DW-5600SB-3ER - Joieria Dacla","description":"G-SHOCK, el reloj que ha establecido el est\u00e1ndar de resistencia en materia de indicaci\u00f3n de la hora desde 1983, anuncia nuevos modelos en colores semitransparentes.","robots":{"index":"index","follow":"follow","max-snippet":"max-snippet:-1","max-image-preview":"max-image-preview:large","max-video-preview":"max-video-preview:-1"},"canonical":"https:\/\/joieriadacla.com\/index.php\/product\/reloj-casio-g-shock-dw-5600sb-3er\/","og_locale":"es_ES","og_type":"article","og_title":"Reloj Casio G-shock DW-5600SB-3ER - Joieria Dacla","og_description":"G-SHOCK, el reloj que ha establecido el est\u00e1ndar de resistencia en materia de indicaci\u00f3n de la hora desde 1983, anuncia nuevos modelos en colores semitransparentes.","og_url":"https:\/\/joieriadacla.com\/index.php\/product\/reloj-casio-g-shock-dw-5600sb-3er\/","og_site_name":"Joieria Dacla","article_modified_time":"2024-09-23T18:38:32+00:00","og_image":[{"width":510,"height":533,"url":"https:\/\/joieriadacla.com\/wp-content\/uploads\/2022\/11\/DW-5600SB-3ER.png","type":"image\/png"}],"twitter_card":"summary_large_image","twitter_misc":{"Tiempo de lectura":"1 minuto"},"schema":{"@context":"https:\/\/schema.org","@graph":[{"@type":"WebPage","@id":"https:\/\/joieriadacla.com\/index.php\/product\/reloj-casio-g-shock-dw-5600sb-3er\/","url":"https:\/\/joieriadacla.com\/index.php\/product\/reloj-casio-g-shock-dw-5600sb-3er\/","name":"Reloj Casio G-shock DW-5600SB-3ER - Joieria Dacla","isPartOf":{"@id":"https:\/\/joieriadacla.com\/#website"},"primaryImageOfPage":{"@id":"https:\/\/joieriadacla.com\/index.php\/product\/reloj-casio-g-shock-dw-5600sb-3er\/#primaryimage"},"image":{"@id":"https:\/\/joieriadacla.com\/index.php\/product\/reloj-casio-g-shock-dw-5600sb-3er\/#primaryimage"},"thumbnailUrl":"https:\/\/joieriadacla.com\/wp-content\/uploads\/2022\/11\/DW-5600SB-3ER.png","datePublished":"2022-11-29T18:54:03+00:00","dateModified":"2024-09-23T18:38:32+00:00","description":"G-SHOCK, el reloj que ha establecido el est\u00e1ndar de resistencia en materia de indicaci\u00f3n de la hora desde 1983, anuncia nuevos modelos en colores semitransparentes.","breadcrumb":{"@id":"https:\/\/joieriadacla.com\/index.php\/product\/reloj-casio-g-shock-dw-5600sb-3er\/#breadcrumb"},"inLanguage":"es","potentialAction":[{"@type":"ReadAction","target":["https:\/\/joieriadacla.com\/index.php\/product\/reloj-casio-g-shock-dw-5600sb-3er\/"]}]},{"@type":"ImageObject","inLanguage":"es","@id":"https:\/\/joieriadacla.com\/index.php\/product\/reloj-casio-g-shock-dw-5600sb-3er\/#primaryimage","url":"https:\/\/joieriadacla.com\/wp-content\/uploads\/2022\/11\/DW-5600SB-3ER.png","contentUrl":"https:\/\/joieriadacla.com\/wp-content\/uploads\/2022\/11\/DW-5600SB-3ER.png","width":510,"height":533},{"@type":"BreadcrumbList","@id":"https:\/\/joieriadacla.com\/index.php\/product\/reloj-casio-g-shock-dw-5600sb-3er\/#breadcrumb","itemListElement":[{"@type":"ListItem","position":1,"name":"Portada","item":"https:\/\/joieriadacla.com\/"},{"@type":"ListItem","position":2,"name":"Productos","item":"https:\/\/joieriadacla.com\/index.php\/shop\/"},{"@type":"ListItem","position":3,"name":"Reloj Casio G-shock DW-5600SB-3ER"}]},{"@type":"WebSite","@id":"https:\/\/joieriadacla.com\/#website","url":"https:\/\/joieriadacla.com\/","name":"Joieria Rellotgeria Dacla","description":"Joieria Dacla","publisher":{"@id":"https:\/\/joieriadacla.com\/#organization"},"potentialAction":[{"@type":"SearchAction","target":{"@type":"EntryPoint","urlTemplate":"https:\/\/joieriadacla.com\/?s={search_term_string}"},"query-input":{"@type":"PropertyValueSpecification","valueRequired":true,"valueName":"search_term_string"}}],"inLanguage":"es"},{"@type":"Organization","@id":"https:\/\/joieriadacla.com\/#organization","name":"Joieria Rellotgeria Dacla","url":"https:\/\/joieriadacla.com\/","logo":{"@type":"ImageObject","inLanguage":"es","@id":"https:\/\/joieriadacla.com\/#\/schema\/logo\/image\/","url":"https:\/\/joieriadacla.com\/wp-content\/uploads\/2022\/03\/LOGODACLA.png","contentUrl":"https:\/\/joieriadacla.com\/wp-content\/uploads\/2022\/03\/LOGODACLA.png","width":319,"height":228,"caption":"Joieria Rellotgeria Dacla"},"image":{"@id":"https:\/\/joieriadacla.com\/#\/schema\/logo\/image\/"},"sameAs":["https:\/\/www.instagram.com\/joieria.dacla\/?hl=es"]}]}},"_links":{"self":[{"href":"https:\/\/joieriadacla.com\/index.php\/wp-json\/wp\/v2\/product\/890","targetHints":{"allow":["GET"]}}],"collection":[{"href":"https:\/\/joieriadacla.com\/index.php\/wp-json\/wp\/v2\/product"}],"about":[{"href":"https:\/\/joieriadacla.com\/index.php\/wp-json\/wp\/v2\/types\/product"}],"replies":[{"embeddable":true,"href":"https:\/\/joieriadacla.com\/index.php\/wp-json\/wp\/v2\/comments?post=890"}],"wp:featuredmedia":[{"embeddable":true,"href":"https:\/\/joieriadacla.com\/index.php\/wp-json\/wp\/v2\/media\/891"}],"wp:attachment":[{"href":"https:\/\/joieriadacla.com\/index.php\/wp-json\/wp\/v2\/media?parent=890"}],"wp:term":[{"taxonomy":"product_brand","embeddable":true,"href":"https:\/\/joieriadacla.com\/index.php\/wp-json\/wp\/v2\/product_brand?post=890"},{"taxonomy":"product_cat","embeddable":true,"href":"https:\/\/joieriadacla.com\/index.php\/wp-json\/wp\/v2\/product_cat?post=890"},{"taxonomy":"product_tag","embeddable":true,"href":"https:\/\/joieriadacla.com\/index.php\/wp-json\/wp\/v2\/product_tag?post=890"}],"curies":[{"name":"wp","href":"https:\/\/api.w.org\/{rel}","templated":true}]}}