{"id":661,"date":"2022-10-11T16:35:35","date_gmt":"2022-10-11T16:35:35","guid":{"rendered":"https:\/\/joieriadacla.com\/?post_type=product&#038;p=661"},"modified":"2024-09-23T18:40:38","modified_gmt":"2024-09-23T18:40:38","slug":"casio-g-shock-gmw-b5000gd-9","status":"publish","type":"product","link":"https:\/\/joieriadacla.com\/index.php\/product\/casio-g-shock-gmw-b5000gd-9\/","title":{"rendered":"Reloj Casio G-shock GMW-B5000GD-9"},"content":{"rendered":"<ul class=\"p-product_detail-spec-accordion__panel-inner\">\n<li class=\"p-product_detail-spec-accordion__panel-item\" tabindex=\"0\">\n<div class=\"p-product_detail-spec-accordion__panel-item-ttl\">\n<h4>Hora mundial<\/h4>\n<\/div>\n<div class=\"p-product_detail-spec-accordion__panel-item-cont\">5 Hora mundial con 39 zonas horarias (39 ciudades + Hora universal coordinada), activaci\u00f3n\/desactivaci\u00f3n del horario de verano, cambio de ciudad local\/hora mundial y cambio autom\u00e1tico del horario de verano (DST)<\/div>\n<\/li>\n<li class=\"p-product_detail-spec-accordion__panel-item\" tabindex=\"0\">\n<div class=\"p-product_detail-spec-accordion__panel-item-ttl\">\n<h4>Cron\u00f3metro<\/h4>\n<\/div>\n<div class=\"p-product_detail-spec-accordion__panel-item-cont\">Cron\u00f3metro de 1\/100 s. Capacidad de medici\u00f3n: 00&#8217;00\u00bb00-59&#8217;59\u00bb99 (durante los primeros 60 minutos) y 1:00&#8217;00-23:59&#8217;59 (despu\u00e9s de 60 minutos). Unidad de medici\u00f3n: 1\/100 s. (durante los primeros 60 minutos) y 1 s. (despu\u00e9s de 60 minutos). Modos de medici\u00f3n: tiempo transcurrido, fracci\u00f3n de tiempo y tiempo del primer y segundo puesto<\/div>\n<\/li>\n<li class=\"p-product_detail-spec-accordion__panel-item\" tabindex=\"0\">\n<div class=\"p-product_detail-spec-accordion__panel-item-ttl\">\n<h4>Temporizador<\/h4>\n<\/div>\n<div class=\"p-product_detail-spec-accordion__panel-item-cont\">Temporizador de cuenta atr\u00e1s. Unidad de medici\u00f3n: 1\u00a0segundo. Rango de cuenta atr\u00e1s: 24\u00a0horas. Rango de ajuste de la hora de inicio de la cuenta atr\u00e1s: entre 1 minuto y 24 horas (incrementos de 1 minuto y de 1 hora)<\/div>\n<\/li>\n<li class=\"p-product_detail-spec-accordion__panel-item\" tabindex=\"0\">\n<div class=\"p-product_detail-spec-accordion__panel-item-ttl\">\n<h4>Alarma \/ se\u00f1al de hora<\/h4>\n<\/div>\n<div class=\"p-product_detail-spec-accordion__panel-item-cont\">5 alarmas diarias (con una alarma con repetici\u00f3n)<\/div>\n<div class=\"p-product_detail-spec-accordion__panel-item-cont\">Se\u00f1al de hora<\/div>\n<\/li>\n<li class=\"p-product_detail-spec-accordion__panel-item\" tabindex=\"0\">\n<div class=\"p-product_detail-spec-accordion__panel-item-ttl\">\n<h4>Iluminaci\u00f3n<\/h4>\n<\/div>\n<div class=\"p-product_detail-spec-accordion__panel-item-cont\">Retroiluminaci\u00f3n LED (superiluminador), luz LED autom\u00e1tica completa, duraci\u00f3n de iluminaci\u00f3n seleccionable (2 o 4 segundos) y luminosidad<\/div>\n<\/li>\n<li class=\"p-product_detail-spec-accordion__panel-item\" tabindex=\"0\">\n<div class=\"p-product_detail-spec-accordion__panel-item-ttl\">\n<h4>Color claro<\/h4>\n<\/div>\n<div class=\"p-product_detail-spec-accordion__panel-item-cont\">LED: blanco<\/div>\n<\/li>\n<li class=\"p-product_detail-spec-accordion__panel-item\" tabindex=\"0\">\n<div class=\"p-product_detail-spec-accordion__panel-item-ttl\">\n<h4>Calendario<\/h4>\n<\/div>\n<div class=\"p-product_detail-spec-accordion__panel-item-cont\">Calendario autom\u00e1tico completo (hasta el a\u00f1o 2099)<\/div>\n<\/li>\n<li class=\"p-product_detail-spec-accordion__panel-item\" tabindex=\"0\">\n<div class=\"p-product_detail-spec-accordion__panel-item-ttl\">\n<h4>Funci\u00f3n de silencio<\/h4>\n<\/div>\n<div class=\"p-product_detail-spec-accordion__panel-item-cont\">Activaci\u00f3n o desactivaci\u00f3n del tono de pulsaci\u00f3n de bot\u00f3n<\/div>\n<\/li>\n<li class=\"p-product_detail-spec-accordion__panel-item\" tabindex=\"0\">\n<div class=\"p-product_detail-spec-accordion__panel-item-ttl\">\n<h4>Funci\u00f3n de ahorro de energ\u00eda<\/h4>\n<\/div>\n<div class=\"p-product_detail-spec-accordion__panel-item-cont\">Ahorro de energ\u00eda (la pantalla se queda en blanco para ahorrar energ\u00eda cuando el reloj se deja en la oscuridad)<\/div>\n<\/li>\n<li class=\"p-product_detail-spec-accordion__panel-item\" tabindex=\"0\">\n<div class=\"p-product_detail-spec-accordion__panel-item-ttl\">\n<h4>Visualizaci\u00f3n \/ alerta de la bater\u00eda<\/h4>\n<\/div>\n<div class=\"p-product_detail-spec-accordion__panel-item-cont\">Alerta de bater\u00eda baja<\/div>\n<\/li>\n<li class=\"p-product_detail-spec-accordion__panel-item\" tabindex=\"0\">\n<div class=\"p-product_detail-spec-accordion__panel-item-ttl\">\n<h4>Tiempo de ejecuci\u00f3n<\/h4>\n<\/div>\n<div class=\"p-product_detail-spec-accordion__panel-item-cont\">Tiempo de funcionamiento aproximado de la bater\u00eda: 10 meses con bater\u00eda recargable (periodo de funcionamiento con uso normal sin exposici\u00f3n a la luz tras la carga) y 22 meses con bater\u00eda recargable (periodo de funcionamiento cuando se guarda en total oscuridad con la funci\u00f3n de ahorro de energ\u00eda activada tras la carga completa)<\/div>\n<\/li>\n<li class=\"p-product_detail-spec-accordion__panel-item\" tabindex=\"0\">\n<div class=\"p-product_detail-spec-accordion__panel-item-ttl\">\n<h4>Precisi\u00f3n<\/h4>\n<\/div>\n<div class=\"p-product_detail-spec-accordion__panel-item-cont\">Precisi\u00f3n: \u00b1 15 segundos al mes (sin calibraci\u00f3n de se\u00f1al ni funci\u00f3n Mobile Link)<\/div>\n<\/li>\n<li class=\"p-product_detail-spec-accordion__panel-item\" tabindex=\"0\">\n<div class=\"p-product_detail-spec-accordion__panel-item-ttl\">\n<h4>Otras opciones<\/h4>\n<\/div>\n<div class=\"p-product_detail-spec-accordion__panel-item-cont\">Formato de 12 y 24 horas<\/div>\n<div class=\"p-product_detail-spec-accordion__panel-item-cont\">Cambio de visualizaci\u00f3n de fecha\/mes<\/div>\n<div class=\"p-product_detail-spec-accordion__panel-item-cont\">Pantalla de d\u00eda (d\u00edas de la semana seleccionables en seis idiomas)<\/div>\n<div class=\"p-product_detail-spec-accordion__panel-item-cont\">Indicaci\u00f3n de la hora normal: Hora, minutos, segundos, p.m., mes, fecha y d\u00eda<\/div>\n<\/li>\n<li class=\"p-product_detail-spec-accordion__panel-item\" tabindex=\"0\">\n<div class=\"p-product_detail-spec-accordion__panel-item-ttl\">\n<h4>Detalles del ajuste de hora<\/h4>\n<\/div>\n<div class=\"p-product_detail-spec-accordion__panel-item-cont\">Se\u00f1ales de calibraci\u00f3n de hora. Nombre de la estaci\u00f3n de radio: DCF77 (Mainflingen, Alemania). Frecuencia: 77,5 kHz. Nombre de la estaci\u00f3n de radio: MSF (Anthorn, Inglaterra). Frecuencia: 60,0 kHz. Nombre de la estaci\u00f3n de radio: WWVB (Fort Collins, Estados Unidos). Frecuencia: 60,0 kHz. Nombre de la estaci\u00f3n de radio: JJJY (Fukushima, Fukuoka\/Saga, Jap\u00f3n). Frecuencia: 40,0 kHz (Fukushima)\/60,0 kHz (Fukuoka\/Saga). Nombre de la estaci\u00f3n de radio: BPC (ciudad de Shangqiu, provincia de Henan, China). Frecuencia: 68,5 kHz.<\/div>\n<div class=\"p-product_detail-spec-accordion__panel-item-cont\">Recepci\u00f3n de la se\u00f1al de calibraci\u00f3n de hora. Recepci\u00f3n autom\u00e1tica hasta seis* veces al d\u00eda (el resto de la recepci\u00f3n autom\u00e1tica se cancela en cuanto se realiza correctamente) *Cinco veces al d\u00eda para la se\u00f1al de calibraci\u00f3n china. Recepci\u00f3n manual. Los \u00faltimos resultados de recepci\u00f3n de la se\u00f1al<\/div>\n<\/li>\n<\/ul>\n","protected":false},"excerpt":{"rendered":"<p>El reloj DW-5000C es el modelo G-Shock original de 1983. La serie GMW-B5000 ha heredado su caracter\u00edstico dise\u00f1o cuadrado al que se le ha aplicado el tratamiento de metal completo y se le han agregado caracter\u00edsticas mejoradas, como la vinculaci\u00f3n con smartphones.<\/p>\n","protected":false},"featured_media":662,"comment_status":"open","ping_status":"closed","template":"","meta":[],"product_brand":[],"product_cat":[45,38],"product_tag":[],"class_list":{"0":"post-661","1":"product","2":"type-product","3":"status-publish","4":"has-post-thumbnail","6":"product_cat-g-shock-gama-pro","7":"product_cat-relojes","9":"first","10":"instock","11":"taxable","12":"shipping-taxable","13":"purchasable","14":"product-type-simple"},"yoast_head":"<!-- This site is optimized with the Yoast SEO plugin v27.2 - https:\/\/yoast.com\/product\/yoast-seo-wordpress\/ -->\n<title>Reloj Casio G-shock GMW-B5000GD-9 - Joieria Dacla<\/title>\n<meta name=\"description\" content=\"El reloj DW-5000C es el modelo G-Shock original de 1983.\" \/>\n<meta name=\"robots\" content=\"index, follow, max-snippet:-1, max-image-preview:large, max-video-preview:-1\" \/>\n<link rel=\"canonical\" href=\"https:\/\/joieriadacla.com\/index.php\/product\/casio-g-shock-gmw-b5000gd-9\/\" \/>\n<meta property=\"og:locale\" content=\"es_ES\" \/>\n<meta property=\"og:type\" content=\"article\" \/>\n<meta property=\"og:title\" content=\"Reloj Casio G-shock GMW-B5000GD-9 - Joieria Dacla\" \/>\n<meta property=\"og:description\" content=\"El reloj DW-5000C es el modelo G-Shock original de 1983.\" \/>\n<meta property=\"og:url\" content=\"https:\/\/joieriadacla.com\/index.php\/product\/casio-g-shock-gmw-b5000gd-9\/\" \/>\n<meta property=\"og:site_name\" content=\"Joieria Dacla\" \/>\n<meta property=\"article:modified_time\" content=\"2024-09-23T18:40:38+00:00\" \/>\n<meta property=\"og:image\" content=\"https:\/\/joieriadacla.com\/wp-content\/uploads\/2022\/10\/g-shock-classic-gmw-b5000gd-9er-9595536.jpg\" \/>\n\t<meta property=\"og:image:width\" content=\"1000\" \/>\n\t<meta property=\"og:image:height\" content=\"1000\" \/>\n\t<meta property=\"og:image:type\" content=\"image\/jpeg\" \/>\n<meta name=\"twitter:card\" content=\"summary_large_image\" \/>\n<meta name=\"twitter:label1\" content=\"Tiempo de lectura\" \/>\n\t<meta name=\"twitter:data1\" content=\"3 minutos\" \/>\n<script type=\"application\/ld+json\" class=\"yoast-schema-graph\">{\"@context\":\"https:\/\/schema.org\",\"@graph\":[{\"@type\":\"WebPage\",\"@id\":\"https:\/\/joieriadacla.com\/index.php\/product\/casio-g-shock-gmw-b5000gd-9\/\",\"url\":\"https:\/\/joieriadacla.com\/index.php\/product\/casio-g-shock-gmw-b5000gd-9\/\",\"name\":\"Reloj Casio G-shock GMW-B5000GD-9 - Joieria Dacla\",\"isPartOf\":{\"@id\":\"https:\/\/joieriadacla.com\/#website\"},\"primaryImageOfPage\":{\"@id\":\"https:\/\/joieriadacla.com\/index.php\/product\/casio-g-shock-gmw-b5000gd-9\/#primaryimage\"},\"image\":{\"@id\":\"https:\/\/joieriadacla.com\/index.php\/product\/casio-g-shock-gmw-b5000gd-9\/#primaryimage\"},\"thumbnailUrl\":\"https:\/\/joieriadacla.com\/wp-content\/uploads\/2022\/10\/g-shock-classic-gmw-b5000gd-9er-9595536.jpg\",\"datePublished\":\"2022-10-11T16:35:35+00:00\",\"dateModified\":\"2024-09-23T18:40:38+00:00\",\"description\":\"El reloj DW-5000C es el modelo G-Shock original de 1983.\",\"breadcrumb\":{\"@id\":\"https:\/\/joieriadacla.com\/index.php\/product\/casio-g-shock-gmw-b5000gd-9\/#breadcrumb\"},\"inLanguage\":\"es\",\"potentialAction\":[{\"@type\":\"ReadAction\",\"target\":[\"https:\/\/joieriadacla.com\/index.php\/product\/casio-g-shock-gmw-b5000gd-9\/\"]}]},{\"@type\":\"ImageObject\",\"inLanguage\":\"es\",\"@id\":\"https:\/\/joieriadacla.com\/index.php\/product\/casio-g-shock-gmw-b5000gd-9\/#primaryimage\",\"url\":\"https:\/\/joieriadacla.com\/wp-content\/uploads\/2022\/10\/g-shock-classic-gmw-b5000gd-9er-9595536.jpg\",\"contentUrl\":\"https:\/\/joieriadacla.com\/wp-content\/uploads\/2022\/10\/g-shock-classic-gmw-b5000gd-9er-9595536.jpg\",\"width\":1000,\"height\":1000},{\"@type\":\"BreadcrumbList\",\"@id\":\"https:\/\/joieriadacla.com\/index.php\/product\/casio-g-shock-gmw-b5000gd-9\/#breadcrumb\",\"itemListElement\":[{\"@type\":\"ListItem\",\"position\":1,\"name\":\"Portada\",\"item\":\"https:\/\/joieriadacla.com\/\"},{\"@type\":\"ListItem\",\"position\":2,\"name\":\"Productos\",\"item\":\"https:\/\/joieriadacla.com\/index.php\/shop\/\"},{\"@type\":\"ListItem\",\"position\":3,\"name\":\"Reloj Casio G-shock GMW-B5000GD-9\"}]},{\"@type\":\"WebSite\",\"@id\":\"https:\/\/joieriadacla.com\/#website\",\"url\":\"https:\/\/joieriadacla.com\/\",\"name\":\"Joieria Rellotgeria Dacla\",\"description\":\"Joieria Dacla\",\"publisher\":{\"@id\":\"https:\/\/joieriadacla.com\/#organization\"},\"potentialAction\":[{\"@type\":\"SearchAction\",\"target\":{\"@type\":\"EntryPoint\",\"urlTemplate\":\"https:\/\/joieriadacla.com\/?s={search_term_string}\"},\"query-input\":{\"@type\":\"PropertyValueSpecification\",\"valueRequired\":true,\"valueName\":\"search_term_string\"}}],\"inLanguage\":\"es\"},{\"@type\":\"Organization\",\"@id\":\"https:\/\/joieriadacla.com\/#organization\",\"name\":\"Joieria Rellotgeria Dacla\",\"url\":\"https:\/\/joieriadacla.com\/\",\"logo\":{\"@type\":\"ImageObject\",\"inLanguage\":\"es\",\"@id\":\"https:\/\/joieriadacla.com\/#\/schema\/logo\/image\/\",\"url\":\"https:\/\/joieriadacla.com\/wp-content\/uploads\/2022\/03\/LOGODACLA.png\",\"contentUrl\":\"https:\/\/joieriadacla.com\/wp-content\/uploads\/2022\/03\/LOGODACLA.png\",\"width\":319,\"height\":228,\"caption\":\"Joieria Rellotgeria Dacla\"},\"image\":{\"@id\":\"https:\/\/joieriadacla.com\/#\/schema\/logo\/image\/\"},\"sameAs\":[\"https:\/\/www.instagram.com\/joieria.dacla\/?hl=es\"]}]}<\/script>\n<!-- \/ Yoast SEO plugin. -->","yoast_head_json":{"title":"Reloj Casio G-shock GMW-B5000GD-9 - Joieria Dacla","description":"El reloj DW-5000C es el modelo G-Shock original de 1983.","robots":{"index":"index","follow":"follow","max-snippet":"max-snippet:-1","max-image-preview":"max-image-preview:large","max-video-preview":"max-video-preview:-1"},"canonical":"https:\/\/joieriadacla.com\/index.php\/product\/casio-g-shock-gmw-b5000gd-9\/","og_locale":"es_ES","og_type":"article","og_title":"Reloj Casio G-shock GMW-B5000GD-9 - Joieria Dacla","og_description":"El reloj DW-5000C es el modelo G-Shock original de 1983.","og_url":"https:\/\/joieriadacla.com\/index.php\/product\/casio-g-shock-gmw-b5000gd-9\/","og_site_name":"Joieria Dacla","article_modified_time":"2024-09-23T18:40:38+00:00","og_image":[{"width":1000,"height":1000,"url":"https:\/\/joieriadacla.com\/wp-content\/uploads\/2022\/10\/g-shock-classic-gmw-b5000gd-9er-9595536.jpg","type":"image\/jpeg"}],"twitter_card":"summary_large_image","twitter_misc":{"Tiempo de lectura":"3 minutos"},"schema":{"@context":"https:\/\/schema.org","@graph":[{"@type":"WebPage","@id":"https:\/\/joieriadacla.com\/index.php\/product\/casio-g-shock-gmw-b5000gd-9\/","url":"https:\/\/joieriadacla.com\/index.php\/product\/casio-g-shock-gmw-b5000gd-9\/","name":"Reloj Casio G-shock GMW-B5000GD-9 - Joieria Dacla","isPartOf":{"@id":"https:\/\/joieriadacla.com\/#website"},"primaryImageOfPage":{"@id":"https:\/\/joieriadacla.com\/index.php\/product\/casio-g-shock-gmw-b5000gd-9\/#primaryimage"},"image":{"@id":"https:\/\/joieriadacla.com\/index.php\/product\/casio-g-shock-gmw-b5000gd-9\/#primaryimage"},"thumbnailUrl":"https:\/\/joieriadacla.com\/wp-content\/uploads\/2022\/10\/g-shock-classic-gmw-b5000gd-9er-9595536.jpg","datePublished":"2022-10-11T16:35:35+00:00","dateModified":"2024-09-23T18:40:38+00:00","description":"El reloj DW-5000C es el modelo G-Shock original de 1983.","breadcrumb":{"@id":"https:\/\/joieriadacla.com\/index.php\/product\/casio-g-shock-gmw-b5000gd-9\/#breadcrumb"},"inLanguage":"es","potentialAction":[{"@type":"ReadAction","target":["https:\/\/joieriadacla.com\/index.php\/product\/casio-g-shock-gmw-b5000gd-9\/"]}]},{"@type":"ImageObject","inLanguage":"es","@id":"https:\/\/joieriadacla.com\/index.php\/product\/casio-g-shock-gmw-b5000gd-9\/#primaryimage","url":"https:\/\/joieriadacla.com\/wp-content\/uploads\/2022\/10\/g-shock-classic-gmw-b5000gd-9er-9595536.jpg","contentUrl":"https:\/\/joieriadacla.com\/wp-content\/uploads\/2022\/10\/g-shock-classic-gmw-b5000gd-9er-9595536.jpg","width":1000,"height":1000},{"@type":"BreadcrumbList","@id":"https:\/\/joieriadacla.com\/index.php\/product\/casio-g-shock-gmw-b5000gd-9\/#breadcrumb","itemListElement":[{"@type":"ListItem","position":1,"name":"Portada","item":"https:\/\/joieriadacla.com\/"},{"@type":"ListItem","position":2,"name":"Productos","item":"https:\/\/joieriadacla.com\/index.php\/shop\/"},{"@type":"ListItem","position":3,"name":"Reloj Casio G-shock GMW-B5000GD-9"}]},{"@type":"WebSite","@id":"https:\/\/joieriadacla.com\/#website","url":"https:\/\/joieriadacla.com\/","name":"Joieria Rellotgeria Dacla","description":"Joieria Dacla","publisher":{"@id":"https:\/\/joieriadacla.com\/#organization"},"potentialAction":[{"@type":"SearchAction","target":{"@type":"EntryPoint","urlTemplate":"https:\/\/joieriadacla.com\/?s={search_term_string}"},"query-input":{"@type":"PropertyValueSpecification","valueRequired":true,"valueName":"search_term_string"}}],"inLanguage":"es"},{"@type":"Organization","@id":"https:\/\/joieriadacla.com\/#organization","name":"Joieria Rellotgeria Dacla","url":"https:\/\/joieriadacla.com\/","logo":{"@type":"ImageObject","inLanguage":"es","@id":"https:\/\/joieriadacla.com\/#\/schema\/logo\/image\/","url":"https:\/\/joieriadacla.com\/wp-content\/uploads\/2022\/03\/LOGODACLA.png","contentUrl":"https:\/\/joieriadacla.com\/wp-content\/uploads\/2022\/03\/LOGODACLA.png","width":319,"height":228,"caption":"Joieria Rellotgeria Dacla"},"image":{"@id":"https:\/\/joieriadacla.com\/#\/schema\/logo\/image\/"},"sameAs":["https:\/\/www.instagram.com\/joieria.dacla\/?hl=es"]}]}},"_links":{"self":[{"href":"https:\/\/joieriadacla.com\/index.php\/wp-json\/wp\/v2\/product\/661","targetHints":{"allow":["GET"]}}],"collection":[{"href":"https:\/\/joieriadacla.com\/index.php\/wp-json\/wp\/v2\/product"}],"about":[{"href":"https:\/\/joieriadacla.com\/index.php\/wp-json\/wp\/v2\/types\/product"}],"replies":[{"embeddable":true,"href":"https:\/\/joieriadacla.com\/index.php\/wp-json\/wp\/v2\/comments?post=661"}],"wp:featuredmedia":[{"embeddable":true,"href":"https:\/\/joieriadacla.com\/index.php\/wp-json\/wp\/v2\/media\/662"}],"wp:attachment":[{"href":"https:\/\/joieriadacla.com\/index.php\/wp-json\/wp\/v2\/media?parent=661"}],"wp:term":[{"taxonomy":"product_brand","embeddable":true,"href":"https:\/\/joieriadacla.com\/index.php\/wp-json\/wp\/v2\/product_brand?post=661"},{"taxonomy":"product_cat","embeddable":true,"href":"https:\/\/joieriadacla.com\/index.php\/wp-json\/wp\/v2\/product_cat?post=661"},{"taxonomy":"product_tag","embeddable":true,"href":"https:\/\/joieriadacla.com\/index.php\/wp-json\/wp\/v2\/product_tag?post=661"}],"curies":[{"name":"wp","href":"https:\/\/api.w.org\/{rel}","templated":true}]}}