{"id":600,"date":"2022-10-07T17:50:42","date_gmt":"2022-10-07T17:50:42","guid":{"rendered":"https:\/\/joieriadacla.com\/?post_type=product&#038;p=600"},"modified":"2025-10-10T09:15:40","modified_gmt":"2025-10-10T09:15:40","slug":"reloj-casio-g-shock-gbd-200-9er","status":"publish","type":"product","link":"https:\/\/joieriadacla.com\/index.php\/product\/reloj-casio-g-shock-gbd-200-9er\/","title":{"rendered":"Reloj Casio G-shock GBD-200-9ER"},"content":{"rendered":"<ul class=\"p-product_detail-spec-accordion__panel-inner\">\n<li class=\"p-product_detail-spec-accordion__panel-item\" tabindex=\"0\">\n<div class=\"p-product_detail-spec-accordion__panel-item-ttl\">\n<h4>Hora mundial<\/h4>\n<\/div>\n<div class=\"p-product_detail-spec-accordion__panel-item-cont\">Hora mundial con 38 zonas horarias* (38 ciudades + hora universal coordinada), activaci\u00f3n\/desactivaci\u00f3n del horario de verano y cambio autom\u00e1tico de horario de verano (DST) *Puede actualizarse cuando se conecta a un \ud835\ude34\ud835\ude2e\ud835\ude22\ud835\ude33\ud835\ude35\ud835\ude31\ud835\ude29\ud835\ude30\ud835\ude2f\ud835\ude26.<\/div>\n<\/li>\n<li class=\"p-product_detail-spec-accordion__panel-item\" tabindex=\"0\">\n<div class=\"p-product_detail-spec-accordion__panel-item-ttl\">\n<h4>Cron\u00f3metro<\/h4>\n<\/div>\n<div class=\"p-product_detail-spec-accordion__panel-item-cont\">Cron\u00f3metro de 1 segundo. Capacidad de medici\u00f3n: 99:59&#8217;59\u00bb. Modos de medici\u00f3n: tiempo transcurrido y fracciones de tiempo<\/div>\n<\/li>\n<li class=\"p-product_detail-spec-accordion__panel-item\" tabindex=\"0\">\n<div class=\"p-product_detail-spec-accordion__panel-item-ttl\">\n<h4>Temporizador<\/h4>\n<\/div>\n<div class=\"p-product_detail-spec-accordion__panel-item-cont\">Temporizador de cuenta atr\u00e1s. Temporizador para la medici\u00f3n de intervalos (hasta cinco ajustes de tiempo). Unidad de medici\u00f3n: 1\u00a0segundo. Rango de entrada: entre 00&#8217;00\u00bb y 60&#8217;00\u00bb (incrementos de 1\u00a0segundo). Otros: repetici\u00f3n autom\u00e1tica (n\u00famero de repeticiones configurable de 1 a 20)<\/div>\n<\/li>\n<li class=\"p-product_detail-spec-accordion__panel-item\" tabindex=\"0\">\n<div class=\"p-product_detail-spec-accordion__panel-item-ttl\">\n<h4>Alarma \/ se\u00f1al de hora<\/h4>\n<\/div>\n<div class=\"p-product_detail-spec-accordion__panel-item-cont\">4 alarmas diarias con funci\u00f3n de posponer<\/div>\n<\/li>\n<li class=\"p-product_detail-spec-accordion__panel-item\" tabindex=\"0\">\n<div class=\"p-product_detail-spec-accordion__panel-item-ttl\">\n<h4>Iluminaci\u00f3n<\/h4>\n<\/div>\n<div class=\"p-product_detail-spec-accordion__panel-item-cont\">Retroiluminaci\u00f3n LED (superiluminador), interruptor de luz autom\u00e1tica, duraci\u00f3n de iluminaci\u00f3n seleccionable (1,5 o 3 segundos) y luminosidad<\/div>\n<\/li>\n<li class=\"p-product_detail-spec-accordion__panel-item\" tabindex=\"0\">\n<div class=\"p-product_detail-spec-accordion__panel-item-ttl\">\n<h4>Color claro<\/h4>\n<\/div>\n<div class=\"p-product_detail-spec-accordion__panel-item-cont\">LED: blanco<\/div>\n<\/li>\n<li class=\"p-product_detail-spec-accordion__panel-item\" tabindex=\"0\">\n<div class=\"p-product_detail-spec-accordion__panel-item-ttl\">\n<h4>Calendario<\/h4>\n<\/div>\n<div class=\"p-product_detail-spec-accordion__panel-item-cont\">Calendario autom\u00e1tico completo (hasta el a\u00f1o 2099)<\/div>\n<\/li>\n<li class=\"p-product_detail-spec-accordion__panel-item\" tabindex=\"0\">\n<div class=\"p-product_detail-spec-accordion__panel-item-ttl\">\n<h4>Funci\u00f3n de silencio<\/h4>\n<\/div>\n<div class=\"p-product_detail-spec-accordion__panel-item-cont\">Activaci\u00f3n o desactivaci\u00f3n del tono de pulsaci\u00f3n de bot\u00f3n<\/div>\n<\/li>\n<li class=\"p-product_detail-spec-accordion__panel-item\" tabindex=\"0\">\n<div class=\"p-product_detail-spec-accordion__panel-item-ttl\">\n<h4>Funci\u00f3n de ahorro de energ\u00eda<\/h4>\n<\/div>\n<div class=\"p-product_detail-spec-accordion__panel-item-cont\">Ahorro de energ\u00eda (la pantalla se queda en blanco para ahorrar energ\u00eda 3 horas al d\u00eda).<\/div>\n<\/li>\n<li class=\"p-product_detail-spec-accordion__panel-item\" tabindex=\"0\">\n<div class=\"p-product_detail-spec-accordion__panel-item-ttl\">\n<h4>Precisi\u00f3n<\/h4>\n<\/div>\n<div class=\"p-product_detail-spec-accordion__panel-item-cont\">Precisi\u00f3n: \u00b115 segundos al mes (sin funci\u00f3n Mobile Link)<\/div>\n<\/li>\n<li class=\"p-product_detail-spec-accordion__panel-item\" tabindex=\"0\">\n<div class=\"p-product_detail-spec-accordion__panel-item-ttl\">\n<h4>Otras opciones<\/h4>\n<\/div>\n<div class=\"p-product_detail-spec-accordion__panel-item-cont\">Formato de 12 y 24 horas<\/div>\n<div class=\"p-product_detail-spec-accordion__panel-item-cont\">Modo avi\u00f3n<\/div>\n<div class=\"p-product_detail-spec-accordion__panel-item-cont\">Indicaci\u00f3n de la hora normal: hora, minutos, segundos, a.m.\/p.m., mes, fecha y d\u00eda<\/div>\n<div class=\"p-product_detail-spec-accordion__panel-item-cont\">Creaci\u00f3n del perfil de usuario<\/div>\n<div class=\"p-product_detail-spec-accordion__panel-item-cont\">Vibraci\u00f3n activada\/desactivada<\/div>\n<\/li>\n<li class=\"p-product_detail-spec-accordion__panel-item\" tabindex=\"0\">\n<div class=\"p-product_detail-spec-accordion__panel-item-ttl\">\n<h4>Detalles de las funciones del sensor<\/h4>\n<\/div>\n<div class=\"p-product_detail-spec-accordion__panel-item-cont\">Visualizaci\u00f3n de datos diarios de Lifelog (recuento de pasos), visualizaci\u00f3n de datos mensuales (distancia recorrida), datos de entrenamiento (hasta 100 carreras y hasta 140 tiempos de vuelta por carrera), tiempo transcurrido, distancia, ritmo y calor\u00edas quemadas<\/div>\n<\/li>\n<\/ul>\n","protected":false},"excerpt":{"rendered":"<p>Reloj G-Shock GBD-200-9ER con la ic\u00f3nica forma cuadrada del primer G-SHOCK, ahora con aceler\u00f3metro, medici\u00f3n de distancia y funcionalidad Smartphone Link. M\u00e1s que preparados para correr y otras actividades deportivas, estos relojes integran el dise\u00f1o orientado a la resistencia con la tecnolog\u00eda deportiva. Piensa en ellos como un equipo de entrenamiento esencial para complementar tu estilo de vida activo.<\/p>\n<p>Una innovadora l\u00ednea de relojes deportivos que ofrece la resistencia y la funcionalidad que exige el entrenamiento.<\/p>\n","protected":false},"featured_media":633,"comment_status":"open","ping_status":"closed","template":"","meta":[],"product_brand":[],"product_cat":[43,46,38],"product_tag":[],"class_list":{"0":"post-600","1":"product","2":"type-product","3":"status-publish","4":"has-post-thumbnail","6":"product_cat-g-shock","7":"product_cat-g-shock-gama-trend","8":"product_cat-relojes","10":"first","11":"outofstock","12":"taxable","13":"shipping-taxable","14":"purchasable","15":"product-type-simple"},"yoast_head":"<!-- This site is optimized with the Yoast SEO plugin v27.2 - https:\/\/yoast.com\/product\/yoast-seo-wordpress\/ -->\n<title>Reloj Casio G-shock GBD-200-9ER - Joieria Dacla<\/title>\n<meta name=\"description\" content=\"Reloj G-Shock GBD-200-9ER con la ic\u00f3nica forma cuadrada del primer G-SHOCK, ahora con aceler\u00f3metro, medici\u00f3n de distancia y funcionalidad Smartphone Link.\" \/>\n<meta name=\"robots\" content=\"index, follow, max-snippet:-1, max-image-preview:large, max-video-preview:-1\" \/>\n<link rel=\"canonical\" href=\"https:\/\/joieriadacla.com\/index.php\/product\/reloj-casio-g-shock-gbd-200-9er\/\" \/>\n<meta property=\"og:locale\" content=\"es_ES\" \/>\n<meta property=\"og:type\" content=\"article\" \/>\n<meta property=\"og:title\" content=\"Reloj Casio G-shock GBD-200-9ER - Joieria Dacla\" \/>\n<meta property=\"og:description\" content=\"Reloj G-Shock GBD-200-9ER con la ic\u00f3nica forma cuadrada del primer G-SHOCK, ahora con aceler\u00f3metro, medici\u00f3n de distancia y funcionalidad Smartphone Link.\" \/>\n<meta property=\"og:url\" content=\"https:\/\/joieriadacla.com\/index.php\/product\/reloj-casio-g-shock-gbd-200-9er\/\" \/>\n<meta property=\"og:site_name\" content=\"Joieria Dacla\" \/>\n<meta property=\"article:modified_time\" content=\"2025-10-10T09:15:40+00:00\" \/>\n<meta property=\"og:image\" content=\"https:\/\/joieriadacla.com\/wp-content\/uploads\/2022\/10\/GBD-200-9ER.jpg\" \/>\n\t<meta property=\"og:image:width\" content=\"500\" \/>\n\t<meta property=\"og:image:height\" content=\"500\" \/>\n\t<meta property=\"og:image:type\" content=\"image\/jpeg\" \/>\n<meta name=\"twitter:card\" content=\"summary_large_image\" \/>\n<meta name=\"twitter:label1\" content=\"Tiempo de lectura\" \/>\n\t<meta name=\"twitter:data1\" content=\"2 minutos\" \/>\n<script type=\"application\/ld+json\" class=\"yoast-schema-graph\">{\"@context\":\"https:\/\/schema.org\",\"@graph\":[{\"@type\":\"WebPage\",\"@id\":\"https:\/\/joieriadacla.com\/index.php\/product\/reloj-casio-g-shock-gbd-200-9er\/\",\"url\":\"https:\/\/joieriadacla.com\/index.php\/product\/reloj-casio-g-shock-gbd-200-9er\/\",\"name\":\"Reloj Casio G-shock GBD-200-9ER - Joieria Dacla\",\"isPartOf\":{\"@id\":\"https:\/\/joieriadacla.com\/#website\"},\"primaryImageOfPage\":{\"@id\":\"https:\/\/joieriadacla.com\/index.php\/product\/reloj-casio-g-shock-gbd-200-9er\/#primaryimage\"},\"image\":{\"@id\":\"https:\/\/joieriadacla.com\/index.php\/product\/reloj-casio-g-shock-gbd-200-9er\/#primaryimage\"},\"thumbnailUrl\":\"https:\/\/joieriadacla.com\/wp-content\/uploads\/2022\/10\/GBD-200-9ER.jpg\",\"datePublished\":\"2022-10-07T17:50:42+00:00\",\"dateModified\":\"2025-10-10T09:15:40+00:00\",\"description\":\"Reloj G-Shock GBD-200-9ER con la ic\u00f3nica forma cuadrada del primer G-SHOCK, ahora con aceler\u00f3metro, medici\u00f3n de distancia y funcionalidad Smartphone Link.\",\"breadcrumb\":{\"@id\":\"https:\/\/joieriadacla.com\/index.php\/product\/reloj-casio-g-shock-gbd-200-9er\/#breadcrumb\"},\"inLanguage\":\"es\",\"potentialAction\":[{\"@type\":\"ReadAction\",\"target\":[\"https:\/\/joieriadacla.com\/index.php\/product\/reloj-casio-g-shock-gbd-200-9er\/\"]}]},{\"@type\":\"ImageObject\",\"inLanguage\":\"es\",\"@id\":\"https:\/\/joieriadacla.com\/index.php\/product\/reloj-casio-g-shock-gbd-200-9er\/#primaryimage\",\"url\":\"https:\/\/joieriadacla.com\/wp-content\/uploads\/2022\/10\/GBD-200-9ER.jpg\",\"contentUrl\":\"https:\/\/joieriadacla.com\/wp-content\/uploads\/2022\/10\/GBD-200-9ER.jpg\",\"width\":500,\"height\":500},{\"@type\":\"BreadcrumbList\",\"@id\":\"https:\/\/joieriadacla.com\/index.php\/product\/reloj-casio-g-shock-gbd-200-9er\/#breadcrumb\",\"itemListElement\":[{\"@type\":\"ListItem\",\"position\":1,\"name\":\"Portada\",\"item\":\"https:\/\/joieriadacla.com\/\"},{\"@type\":\"ListItem\",\"position\":2,\"name\":\"Productos\",\"item\":\"https:\/\/joieriadacla.com\/index.php\/shop\/\"},{\"@type\":\"ListItem\",\"position\":3,\"name\":\"Reloj Casio G-shock GBD-200-9ER\"}]},{\"@type\":\"WebSite\",\"@id\":\"https:\/\/joieriadacla.com\/#website\",\"url\":\"https:\/\/joieriadacla.com\/\",\"name\":\"Joieria Rellotgeria Dacla\",\"description\":\"Joieria Dacla\",\"publisher\":{\"@id\":\"https:\/\/joieriadacla.com\/#organization\"},\"potentialAction\":[{\"@type\":\"SearchAction\",\"target\":{\"@type\":\"EntryPoint\",\"urlTemplate\":\"https:\/\/joieriadacla.com\/?s={search_term_string}\"},\"query-input\":{\"@type\":\"PropertyValueSpecification\",\"valueRequired\":true,\"valueName\":\"search_term_string\"}}],\"inLanguage\":\"es\"},{\"@type\":\"Organization\",\"@id\":\"https:\/\/joieriadacla.com\/#organization\",\"name\":\"Joieria Rellotgeria Dacla\",\"url\":\"https:\/\/joieriadacla.com\/\",\"logo\":{\"@type\":\"ImageObject\",\"inLanguage\":\"es\",\"@id\":\"https:\/\/joieriadacla.com\/#\/schema\/logo\/image\/\",\"url\":\"https:\/\/joieriadacla.com\/wp-content\/uploads\/2022\/03\/LOGODACLA.png\",\"contentUrl\":\"https:\/\/joieriadacla.com\/wp-content\/uploads\/2022\/03\/LOGODACLA.png\",\"width\":319,\"height\":228,\"caption\":\"Joieria Rellotgeria Dacla\"},\"image\":{\"@id\":\"https:\/\/joieriadacla.com\/#\/schema\/logo\/image\/\"},\"sameAs\":[\"https:\/\/www.instagram.com\/joieria.dacla\/?hl=es\"]}]}<\/script>\n<!-- \/ Yoast SEO plugin. -->","yoast_head_json":{"title":"Reloj Casio G-shock GBD-200-9ER - Joieria Dacla","description":"Reloj G-Shock GBD-200-9ER con la ic\u00f3nica forma cuadrada del primer G-SHOCK, ahora con aceler\u00f3metro, medici\u00f3n de distancia y funcionalidad Smartphone Link.","robots":{"index":"index","follow":"follow","max-snippet":"max-snippet:-1","max-image-preview":"max-image-preview:large","max-video-preview":"max-video-preview:-1"},"canonical":"https:\/\/joieriadacla.com\/index.php\/product\/reloj-casio-g-shock-gbd-200-9er\/","og_locale":"es_ES","og_type":"article","og_title":"Reloj Casio G-shock GBD-200-9ER - Joieria Dacla","og_description":"Reloj G-Shock GBD-200-9ER con la ic\u00f3nica forma cuadrada del primer G-SHOCK, ahora con aceler\u00f3metro, medici\u00f3n de distancia y funcionalidad Smartphone Link.","og_url":"https:\/\/joieriadacla.com\/index.php\/product\/reloj-casio-g-shock-gbd-200-9er\/","og_site_name":"Joieria Dacla","article_modified_time":"2025-10-10T09:15:40+00:00","og_image":[{"width":500,"height":500,"url":"https:\/\/joieriadacla.com\/wp-content\/uploads\/2022\/10\/GBD-200-9ER.jpg","type":"image\/jpeg"}],"twitter_card":"summary_large_image","twitter_misc":{"Tiempo de lectura":"2 minutos"},"schema":{"@context":"https:\/\/schema.org","@graph":[{"@type":"WebPage","@id":"https:\/\/joieriadacla.com\/index.php\/product\/reloj-casio-g-shock-gbd-200-9er\/","url":"https:\/\/joieriadacla.com\/index.php\/product\/reloj-casio-g-shock-gbd-200-9er\/","name":"Reloj Casio G-shock GBD-200-9ER - Joieria Dacla","isPartOf":{"@id":"https:\/\/joieriadacla.com\/#website"},"primaryImageOfPage":{"@id":"https:\/\/joieriadacla.com\/index.php\/product\/reloj-casio-g-shock-gbd-200-9er\/#primaryimage"},"image":{"@id":"https:\/\/joieriadacla.com\/index.php\/product\/reloj-casio-g-shock-gbd-200-9er\/#primaryimage"},"thumbnailUrl":"https:\/\/joieriadacla.com\/wp-content\/uploads\/2022\/10\/GBD-200-9ER.jpg","datePublished":"2022-10-07T17:50:42+00:00","dateModified":"2025-10-10T09:15:40+00:00","description":"Reloj G-Shock GBD-200-9ER con la ic\u00f3nica forma cuadrada del primer G-SHOCK, ahora con aceler\u00f3metro, medici\u00f3n de distancia y funcionalidad Smartphone Link.","breadcrumb":{"@id":"https:\/\/joieriadacla.com\/index.php\/product\/reloj-casio-g-shock-gbd-200-9er\/#breadcrumb"},"inLanguage":"es","potentialAction":[{"@type":"ReadAction","target":["https:\/\/joieriadacla.com\/index.php\/product\/reloj-casio-g-shock-gbd-200-9er\/"]}]},{"@type":"ImageObject","inLanguage":"es","@id":"https:\/\/joieriadacla.com\/index.php\/product\/reloj-casio-g-shock-gbd-200-9er\/#primaryimage","url":"https:\/\/joieriadacla.com\/wp-content\/uploads\/2022\/10\/GBD-200-9ER.jpg","contentUrl":"https:\/\/joieriadacla.com\/wp-content\/uploads\/2022\/10\/GBD-200-9ER.jpg","width":500,"height":500},{"@type":"BreadcrumbList","@id":"https:\/\/joieriadacla.com\/index.php\/product\/reloj-casio-g-shock-gbd-200-9er\/#breadcrumb","itemListElement":[{"@type":"ListItem","position":1,"name":"Portada","item":"https:\/\/joieriadacla.com\/"},{"@type":"ListItem","position":2,"name":"Productos","item":"https:\/\/joieriadacla.com\/index.php\/shop\/"},{"@type":"ListItem","position":3,"name":"Reloj Casio G-shock GBD-200-9ER"}]},{"@type":"WebSite","@id":"https:\/\/joieriadacla.com\/#website","url":"https:\/\/joieriadacla.com\/","name":"Joieria Rellotgeria Dacla","description":"Joieria Dacla","publisher":{"@id":"https:\/\/joieriadacla.com\/#organization"},"potentialAction":[{"@type":"SearchAction","target":{"@type":"EntryPoint","urlTemplate":"https:\/\/joieriadacla.com\/?s={search_term_string}"},"query-input":{"@type":"PropertyValueSpecification","valueRequired":true,"valueName":"search_term_string"}}],"inLanguage":"es"},{"@type":"Organization","@id":"https:\/\/joieriadacla.com\/#organization","name":"Joieria Rellotgeria Dacla","url":"https:\/\/joieriadacla.com\/","logo":{"@type":"ImageObject","inLanguage":"es","@id":"https:\/\/joieriadacla.com\/#\/schema\/logo\/image\/","url":"https:\/\/joieriadacla.com\/wp-content\/uploads\/2022\/03\/LOGODACLA.png","contentUrl":"https:\/\/joieriadacla.com\/wp-content\/uploads\/2022\/03\/LOGODACLA.png","width":319,"height":228,"caption":"Joieria Rellotgeria Dacla"},"image":{"@id":"https:\/\/joieriadacla.com\/#\/schema\/logo\/image\/"},"sameAs":["https:\/\/www.instagram.com\/joieria.dacla\/?hl=es"]}]}},"_links":{"self":[{"href":"https:\/\/joieriadacla.com\/index.php\/wp-json\/wp\/v2\/product\/600","targetHints":{"allow":["GET"]}}],"collection":[{"href":"https:\/\/joieriadacla.com\/index.php\/wp-json\/wp\/v2\/product"}],"about":[{"href":"https:\/\/joieriadacla.com\/index.php\/wp-json\/wp\/v2\/types\/product"}],"replies":[{"embeddable":true,"href":"https:\/\/joieriadacla.com\/index.php\/wp-json\/wp\/v2\/comments?post=600"}],"wp:featuredmedia":[{"embeddable":true,"href":"https:\/\/joieriadacla.com\/index.php\/wp-json\/wp\/v2\/media\/633"}],"wp:attachment":[{"href":"https:\/\/joieriadacla.com\/index.php\/wp-json\/wp\/v2\/media?parent=600"}],"wp:term":[{"taxonomy":"product_brand","embeddable":true,"href":"https:\/\/joieriadacla.com\/index.php\/wp-json\/wp\/v2\/product_brand?post=600"},{"taxonomy":"product_cat","embeddable":true,"href":"https:\/\/joieriadacla.com\/index.php\/wp-json\/wp\/v2\/product_cat?post=600"},{"taxonomy":"product_tag","embeddable":true,"href":"https:\/\/joieriadacla.com\/index.php\/wp-json\/wp\/v2\/product_tag?post=600"}],"curies":[{"name":"wp","href":"https:\/\/api.w.org\/{rel}","templated":true}]}}