{"id":2643,"date":"2026-04-23T19:53:39","date_gmt":"2026-04-23T19:53:39","guid":{"rendered":"https:\/\/joieriadacla.com\/?post_type=product&#038;p=2643"},"modified":"2026-04-23T19:57:46","modified_gmt":"2026-04-23T19:57:46","slug":"reloj-casio-g-shock-mudmaster-gwg-1000-1a9er","status":"publish","type":"product","link":"https:\/\/joieriadacla.com\/index.php\/product\/reloj-casio-g-shock-mudmaster-gwg-1000-1a9er\/","title":{"rendered":"Reloj Casio G-Shock Mudmaster GWG-1000-1A9ER"},"content":{"rendered":"<p data-start=\"393\" data-end=\"744\">El <strong data-start=\"396\" data-end=\"438\">Casio G-Shock Mudmaster GWG-1000-1A9ER<\/strong> es un reloj premium dentro de la l\u00ednea G-Shock, creado espec\u00edficamente para soportar entornos hostiles como desiertos, monta\u00f1as o zonas de trabajo exigentes. Su estructura resistente al barro evita la entrada de polvo y suciedad, garantizando un funcionamiento fiable incluso en las condiciones m\u00e1s duras.<\/p>\n<p data-start=\"746\" data-end=\"1045\">Integra tecnolog\u00eda avanzada como el Triple Sensor versi\u00f3n 3, que proporciona mediciones precisas de direcci\u00f3n (br\u00fajula digital), altitud y presi\u00f3n atmosf\u00e9rica (alt\u00edmetro\/bar\u00f3metro) y temperatura. Adem\u00e1s, cuenta con carga solar Tough Solar, eliminando la necesidad de cambiar bater\u00edas con frecuencia.<\/p>\n<p data-start=\"1047\" data-end=\"1388\">Su dise\u00f1o robusto en color negro con detalles amarillos no solo aporta una est\u00e9tica profesional y t\u00e1ctica, sino que tambi\u00e9n mejora la visibilidad en condiciones adversas. Incluye funciones adicionales como resistencia al agua hasta 200 metros, iluminaci\u00f3n LED autom\u00e1tica, recepci\u00f3n de se\u00f1al horaria multibanda y cron\u00f3metro de alta precisi\u00f3n.<\/p>\n<p data-start=\"1390\" data-end=\"1535\">Es la elecci\u00f3n perfecta para aventureros, militares, rescatistas o cualquier usuario que necesite un reloj extremadamente resistente y funcional.<\/p>\n<p data-start=\"277\" data-end=\"296\"><strong data-start=\"277\" data-end=\"286\">Marca<\/strong><br data-start=\"286\" data-end=\"289\" \/>Casio<\/p>\n<p data-start=\"298\" data-end=\"333\"><strong data-start=\"298\" data-end=\"311\">Colecci\u00f3n<\/strong><br data-start=\"311\" data-end=\"314\" \/>G-Shock Mudmaster<\/p>\n<p data-start=\"335\" data-end=\"364\"><strong data-start=\"335\" data-end=\"345\">Modelo<\/strong><br data-start=\"345\" data-end=\"348\" \/>GWG-1000-1A9ER<\/p>\n<p data-start=\"366\" data-end=\"405\"><strong data-start=\"366\" data-end=\"383\">Tipo de reloj<\/strong><br data-start=\"383\" data-end=\"386\" \/>Anal\u00f3gico-Digital<\/p>\n<p data-start=\"407\" data-end=\"455\"><strong data-start=\"407\" data-end=\"421\">Movimiento<\/strong><br data-start=\"421\" data-end=\"424\" \/>Tough Movement (cuarzo solar)<\/p>\n<p data-start=\"457\" data-end=\"510\"><strong data-start=\"457\" data-end=\"478\">Fuente de energ\u00eda<\/strong><br data-start=\"478\" data-end=\"481\" \/>Tough Solar (energ\u00eda solar)<\/p>\n<p data-start=\"512\" data-end=\"558\"><strong data-start=\"512\" data-end=\"536\">Resistencia a golpes<\/strong><br data-start=\"536\" data-end=\"539\" \/>S\u00ed (Shock Resist)<\/p>\n<p data-start=\"560\" data-end=\"604\"><strong data-start=\"560\" data-end=\"584\">Resistencia al barro<\/strong><br data-start=\"584\" data-end=\"587\" \/>S\u00ed (Mud Resist)<\/p>\n<p data-start=\"606\" data-end=\"648\"><strong data-start=\"606\" data-end=\"629\">Resistencia al agua<\/strong><br data-start=\"629\" data-end=\"632\" \/>200 m (20 BAR)<\/p>\n<p data-start=\"650\" data-end=\"719\"><strong data-start=\"650\" data-end=\"662\">Sensores<\/strong><br data-start=\"662\" data-end=\"665\" \/>Br\u00fajula digital | Alt\u00edmetro | Bar\u00f3metro | Term\u00f3metro<\/p>\n<p data-start=\"721\" data-end=\"823\"><strong data-start=\"721\" data-end=\"734\">Funciones<\/strong><br data-start=\"734\" data-end=\"737\" \/>Hora mundial | Cron\u00f3metro | Temporizador | Alarmas | Indicador salida\/puesta del sol<\/p>\n<p data-start=\"825\" data-end=\"871\"><strong data-start=\"825\" data-end=\"840\">Iluminaci\u00f3n<\/strong><br data-start=\"840\" data-end=\"843\" \/>LED autom\u00e1tica (doble luz)<\/p>\n<p data-start=\"873\" data-end=\"896\"><strong data-start=\"873\" data-end=\"884\">Cristal<\/strong><br data-start=\"884\" data-end=\"887\" \/>Mineral<\/p>\n<p data-start=\"898\" data-end=\"932\"><strong data-start=\"898\" data-end=\"921\">Material de la caja<\/strong><br data-start=\"921\" data-end=\"924\" \/>Resina<\/p>\n<p data-start=\"934\" data-end=\"970\"><strong data-start=\"934\" data-end=\"959\">Material de la correa<\/strong><br data-start=\"959\" data-end=\"962\" \/>Resina<\/p>\n<p data-start=\"972\" data-end=\"1014\"><strong data-start=\"972\" data-end=\"981\">Color<\/strong><br data-start=\"981\" data-end=\"984\" \/>Negro con detalles amarillos<\/p>\n<p data-start=\"1016\" data-end=\"1053\"><strong data-start=\"1016\" data-end=\"1036\">Di\u00e1metro de caja<\/strong><br data-start=\"1036\" data-end=\"1039\" \/>56 mm aprox.<\/p>\n<p data-start=\"1055\" data-end=\"1082\"><strong data-start=\"1055\" data-end=\"1065\">Grosor<\/strong><br data-start=\"1065\" data-end=\"1068\" \/>18 mm aprox.<\/p>\n<p data-start=\"1084\" data-end=\"1109\"><strong data-start=\"1084\" data-end=\"1092\">Peso<\/strong><br data-start=\"1092\" data-end=\"1095\" \/>120 g aprox.<\/p>\n<p data-start=\"1111\" data-end=\"1162\"><strong data-start=\"1111\" data-end=\"1127\">Conectividad<\/strong><br data-start=\"1127\" data-end=\"1130\" \/>Multiband 6 (radio controlado)<\/p>\n<p data-start=\"1164\" data-end=\"1230\"><strong data-start=\"1164\" data-end=\"1183\">Uso recomendado<\/strong><br data-start=\"1183\" data-end=\"1186\" \/>Outdoor | Aventura | Profesional | Militar<\/p>\n","protected":false},"excerpt":{"rendered":"<p>Reloj t\u00e1ctico de alta resistencia dise\u00f1ado para condiciones extremas. El Mudmaster GWG-1000-1A9ER ofrece triple sensor (br\u00fajula, alt\u00edmetro\/bar\u00f3metro y term\u00f3metro), carga solar y resistencia al barro, ideal para aventureros y profesionales.<\/p>\n","protected":false},"featured_media":2645,"comment_status":"closed","ping_status":"closed","template":"","meta":[],"product_brand":[],"product_cat":[57,79,43,45],"product_tag":[249,257,255,253,251,254,250,258,256,252],"class_list":{"0":"post-2643","1":"product","2":"type-product","3":"status-publish","4":"has-post-thumbnail","6":"product_cat-casio","7":"product_cat-edicion-limitada","8":"product_cat-g-shock","9":"product_cat-g-shock-gama-pro","10":"product_tag-casio-g-shock-mudmaster-gwg-1000-1a9er","11":"product_tag-casio-mudmaster-caracteristicas","12":"product_tag-g-shock-solar","13":"product_tag-reloj-aventura-extremo","14":"product_tag-reloj-casio-resistente","15":"product_tag-reloj-con-brujula-altimetro-barometro","16":"product_tag-reloj-g-shock-mudmaster","17":"product_tag-reloj-militar-resistente","18":"product_tag-reloj-outdoor-profesional","19":"product_tag-reloj-tactico-hombre","21":"first","22":"instock","23":"taxable","24":"shipping-taxable","25":"purchasable","26":"product-type-simple"},"yoast_head":"<!-- This site is optimized with the Yoast SEO plugin v27.2 - https:\/\/yoast.com\/product\/yoast-seo-wordpress\/ -->\n<title>Reloj Casio G-Shock Mudmaster GWG-1000-1A9ER - Joieria Dacla<\/title>\n<meta name=\"description\" content=\"Reloj t\u00e1ctico de alta resistencia dise\u00f1ado para condiciones extremas. El Mudmaster GWG-1000-1A9ER ofrece triple sensor (br\u00fajula, alt\u00edmetro\/bar\u00f3metro y term\u00f3metro), carga solar y resistencia al barro, ideal para aventureros y profesionales.\" \/>\n<meta name=\"robots\" content=\"index, follow, max-snippet:-1, max-image-preview:large, max-video-preview:-1\" \/>\n<link rel=\"canonical\" href=\"https:\/\/joieriadacla.com\/index.php\/product\/reloj-casio-g-shock-mudmaster-gwg-1000-1a9er\/\" \/>\n<meta property=\"og:locale\" content=\"es_ES\" \/>\n<meta property=\"og:type\" content=\"article\" \/>\n<meta property=\"og:title\" content=\"Reloj Casio G-Shock Mudmaster GWG-1000-1A9ER - Joieria Dacla\" \/>\n<meta property=\"og:description\" content=\"Reloj t\u00e1ctico de alta resistencia dise\u00f1ado para condiciones extremas. El Mudmaster GWG-1000-1A9ER ofrece triple sensor (br\u00fajula, alt\u00edmetro\/bar\u00f3metro y term\u00f3metro), carga solar y resistencia al barro, ideal para aventureros y profesionales.\" \/>\n<meta property=\"og:url\" content=\"https:\/\/joieriadacla.com\/index.php\/product\/reloj-casio-g-shock-mudmaster-gwg-1000-1a9er\/\" \/>\n<meta property=\"og:site_name\" content=\"Joieria Dacla\" \/>\n<meta property=\"article:modified_time\" content=\"2026-04-23T19:57:46+00:00\" \/>\n<meta property=\"og:image\" content=\"https:\/\/joieriadacla.com\/wp-content\/uploads\/2026\/04\/reloj-casio-g-shock-gwg-1000-1a9er.jpg\" \/>\n\t<meta property=\"og:image:width\" content=\"827\" \/>\n\t<meta property=\"og:image:height\" content=\"1103\" \/>\n\t<meta property=\"og:image:type\" content=\"image\/jpeg\" \/>\n<meta name=\"twitter:card\" content=\"summary_large_image\" \/>\n<meta name=\"twitter:label1\" content=\"Tiempo de lectura\" \/>\n\t<meta name=\"twitter:data1\" content=\"2 minutos\" \/>\n<script type=\"application\/ld+json\" class=\"yoast-schema-graph\">{\"@context\":\"https:\/\/schema.org\",\"@graph\":[{\"@type\":\"WebPage\",\"@id\":\"https:\/\/joieriadacla.com\/index.php\/product\/reloj-casio-g-shock-mudmaster-gwg-1000-1a9er\/\",\"url\":\"https:\/\/joieriadacla.com\/index.php\/product\/reloj-casio-g-shock-mudmaster-gwg-1000-1a9er\/\",\"name\":\"Reloj Casio G-Shock Mudmaster GWG-1000-1A9ER - Joieria Dacla\",\"isPartOf\":{\"@id\":\"https:\/\/joieriadacla.com\/#website\"},\"primaryImageOfPage\":{\"@id\":\"https:\/\/joieriadacla.com\/index.php\/product\/reloj-casio-g-shock-mudmaster-gwg-1000-1a9er\/#primaryimage\"},\"image\":{\"@id\":\"https:\/\/joieriadacla.com\/index.php\/product\/reloj-casio-g-shock-mudmaster-gwg-1000-1a9er\/#primaryimage\"},\"thumbnailUrl\":\"https:\/\/joieriadacla.com\/wp-content\/uploads\/2026\/04\/reloj-casio-g-shock-gwg-1000-1a9er.jpg\",\"datePublished\":\"2026-04-23T19:53:39+00:00\",\"dateModified\":\"2026-04-23T19:57:46+00:00\",\"description\":\"Reloj t\u00e1ctico de alta resistencia dise\u00f1ado para condiciones extremas. El Mudmaster GWG-1000-1A9ER ofrece triple sensor (br\u00fajula, alt\u00edmetro\/bar\u00f3metro y term\u00f3metro), carga solar y resistencia al barro, ideal para aventureros y profesionales.\",\"breadcrumb\":{\"@id\":\"https:\/\/joieriadacla.com\/index.php\/product\/reloj-casio-g-shock-mudmaster-gwg-1000-1a9er\/#breadcrumb\"},\"inLanguage\":\"es\",\"potentialAction\":[{\"@type\":\"ReadAction\",\"target\":[\"https:\/\/joieriadacla.com\/index.php\/product\/reloj-casio-g-shock-mudmaster-gwg-1000-1a9er\/\"]}]},{\"@type\":\"ImageObject\",\"inLanguage\":\"es\",\"@id\":\"https:\/\/joieriadacla.com\/index.php\/product\/reloj-casio-g-shock-mudmaster-gwg-1000-1a9er\/#primaryimage\",\"url\":\"https:\/\/joieriadacla.com\/wp-content\/uploads\/2026\/04\/reloj-casio-g-shock-gwg-1000-1a9er.jpg\",\"contentUrl\":\"https:\/\/joieriadacla.com\/wp-content\/uploads\/2026\/04\/reloj-casio-g-shock-gwg-1000-1a9er.jpg\",\"width\":827,\"height\":1103},{\"@type\":\"BreadcrumbList\",\"@id\":\"https:\/\/joieriadacla.com\/index.php\/product\/reloj-casio-g-shock-mudmaster-gwg-1000-1a9er\/#breadcrumb\",\"itemListElement\":[{\"@type\":\"ListItem\",\"position\":1,\"name\":\"Portada\",\"item\":\"https:\/\/joieriadacla.com\/\"},{\"@type\":\"ListItem\",\"position\":2,\"name\":\"Productos\",\"item\":\"https:\/\/joieriadacla.com\/index.php\/shop\/\"},{\"@type\":\"ListItem\",\"position\":3,\"name\":\"Reloj Casio G-Shock Mudmaster GWG-1000-1A9ER\"}]},{\"@type\":\"WebSite\",\"@id\":\"https:\/\/joieriadacla.com\/#website\",\"url\":\"https:\/\/joieriadacla.com\/\",\"name\":\"Joieria Rellotgeria Dacla\",\"description\":\"Joieria Dacla\",\"publisher\":{\"@id\":\"https:\/\/joieriadacla.com\/#organization\"},\"potentialAction\":[{\"@type\":\"SearchAction\",\"target\":{\"@type\":\"EntryPoint\",\"urlTemplate\":\"https:\/\/joieriadacla.com\/?s={search_term_string}\"},\"query-input\":{\"@type\":\"PropertyValueSpecification\",\"valueRequired\":true,\"valueName\":\"search_term_string\"}}],\"inLanguage\":\"es\"},{\"@type\":\"Organization\",\"@id\":\"https:\/\/joieriadacla.com\/#organization\",\"name\":\"Joieria Rellotgeria Dacla\",\"url\":\"https:\/\/joieriadacla.com\/\",\"logo\":{\"@type\":\"ImageObject\",\"inLanguage\":\"es\",\"@id\":\"https:\/\/joieriadacla.com\/#\/schema\/logo\/image\/\",\"url\":\"https:\/\/joieriadacla.com\/wp-content\/uploads\/2022\/03\/LOGODACLA.png\",\"contentUrl\":\"https:\/\/joieriadacla.com\/wp-content\/uploads\/2022\/03\/LOGODACLA.png\",\"width\":319,\"height\":228,\"caption\":\"Joieria Rellotgeria Dacla\"},\"image\":{\"@id\":\"https:\/\/joieriadacla.com\/#\/schema\/logo\/image\/\"},\"sameAs\":[\"https:\/\/www.instagram.com\/joieria.dacla\/?hl=es\"]}]}<\/script>\n<!-- \/ Yoast SEO plugin. -->","yoast_head_json":{"title":"Reloj Casio G-Shock Mudmaster GWG-1000-1A9ER - Joieria Dacla","description":"Reloj t\u00e1ctico de alta resistencia dise\u00f1ado para condiciones extremas. El Mudmaster GWG-1000-1A9ER ofrece triple sensor (br\u00fajula, alt\u00edmetro\/bar\u00f3metro y term\u00f3metro), carga solar y resistencia al barro, ideal para aventureros y profesionales.","robots":{"index":"index","follow":"follow","max-snippet":"max-snippet:-1","max-image-preview":"max-image-preview:large","max-video-preview":"max-video-preview:-1"},"canonical":"https:\/\/joieriadacla.com\/index.php\/product\/reloj-casio-g-shock-mudmaster-gwg-1000-1a9er\/","og_locale":"es_ES","og_type":"article","og_title":"Reloj Casio G-Shock Mudmaster GWG-1000-1A9ER - Joieria Dacla","og_description":"Reloj t\u00e1ctico de alta resistencia dise\u00f1ado para condiciones extremas. El Mudmaster GWG-1000-1A9ER ofrece triple sensor (br\u00fajula, alt\u00edmetro\/bar\u00f3metro y term\u00f3metro), carga solar y resistencia al barro, ideal para aventureros y profesionales.","og_url":"https:\/\/joieriadacla.com\/index.php\/product\/reloj-casio-g-shock-mudmaster-gwg-1000-1a9er\/","og_site_name":"Joieria Dacla","article_modified_time":"2026-04-23T19:57:46+00:00","og_image":[{"width":827,"height":1103,"url":"https:\/\/joieriadacla.com\/wp-content\/uploads\/2026\/04\/reloj-casio-g-shock-gwg-1000-1a9er.jpg","type":"image\/jpeg"}],"twitter_card":"summary_large_image","twitter_misc":{"Tiempo de lectura":"2 minutos"},"schema":{"@context":"https:\/\/schema.org","@graph":[{"@type":"WebPage","@id":"https:\/\/joieriadacla.com\/index.php\/product\/reloj-casio-g-shock-mudmaster-gwg-1000-1a9er\/","url":"https:\/\/joieriadacla.com\/index.php\/product\/reloj-casio-g-shock-mudmaster-gwg-1000-1a9er\/","name":"Reloj Casio G-Shock Mudmaster GWG-1000-1A9ER - Joieria Dacla","isPartOf":{"@id":"https:\/\/joieriadacla.com\/#website"},"primaryImageOfPage":{"@id":"https:\/\/joieriadacla.com\/index.php\/product\/reloj-casio-g-shock-mudmaster-gwg-1000-1a9er\/#primaryimage"},"image":{"@id":"https:\/\/joieriadacla.com\/index.php\/product\/reloj-casio-g-shock-mudmaster-gwg-1000-1a9er\/#primaryimage"},"thumbnailUrl":"https:\/\/joieriadacla.com\/wp-content\/uploads\/2026\/04\/reloj-casio-g-shock-gwg-1000-1a9er.jpg","datePublished":"2026-04-23T19:53:39+00:00","dateModified":"2026-04-23T19:57:46+00:00","description":"Reloj t\u00e1ctico de alta resistencia dise\u00f1ado para condiciones extremas. El Mudmaster GWG-1000-1A9ER ofrece triple sensor (br\u00fajula, alt\u00edmetro\/bar\u00f3metro y term\u00f3metro), carga solar y resistencia al barro, ideal para aventureros y profesionales.","breadcrumb":{"@id":"https:\/\/joieriadacla.com\/index.php\/product\/reloj-casio-g-shock-mudmaster-gwg-1000-1a9er\/#breadcrumb"},"inLanguage":"es","potentialAction":[{"@type":"ReadAction","target":["https:\/\/joieriadacla.com\/index.php\/product\/reloj-casio-g-shock-mudmaster-gwg-1000-1a9er\/"]}]},{"@type":"ImageObject","inLanguage":"es","@id":"https:\/\/joieriadacla.com\/index.php\/product\/reloj-casio-g-shock-mudmaster-gwg-1000-1a9er\/#primaryimage","url":"https:\/\/joieriadacla.com\/wp-content\/uploads\/2026\/04\/reloj-casio-g-shock-gwg-1000-1a9er.jpg","contentUrl":"https:\/\/joieriadacla.com\/wp-content\/uploads\/2026\/04\/reloj-casio-g-shock-gwg-1000-1a9er.jpg","width":827,"height":1103},{"@type":"BreadcrumbList","@id":"https:\/\/joieriadacla.com\/index.php\/product\/reloj-casio-g-shock-mudmaster-gwg-1000-1a9er\/#breadcrumb","itemListElement":[{"@type":"ListItem","position":1,"name":"Portada","item":"https:\/\/joieriadacla.com\/"},{"@type":"ListItem","position":2,"name":"Productos","item":"https:\/\/joieriadacla.com\/index.php\/shop\/"},{"@type":"ListItem","position":3,"name":"Reloj Casio G-Shock Mudmaster GWG-1000-1A9ER"}]},{"@type":"WebSite","@id":"https:\/\/joieriadacla.com\/#website","url":"https:\/\/joieriadacla.com\/","name":"Joieria Rellotgeria Dacla","description":"Joieria Dacla","publisher":{"@id":"https:\/\/joieriadacla.com\/#organization"},"potentialAction":[{"@type":"SearchAction","target":{"@type":"EntryPoint","urlTemplate":"https:\/\/joieriadacla.com\/?s={search_term_string}"},"query-input":{"@type":"PropertyValueSpecification","valueRequired":true,"valueName":"search_term_string"}}],"inLanguage":"es"},{"@type":"Organization","@id":"https:\/\/joieriadacla.com\/#organization","name":"Joieria Rellotgeria Dacla","url":"https:\/\/joieriadacla.com\/","logo":{"@type":"ImageObject","inLanguage":"es","@id":"https:\/\/joieriadacla.com\/#\/schema\/logo\/image\/","url":"https:\/\/joieriadacla.com\/wp-content\/uploads\/2022\/03\/LOGODACLA.png","contentUrl":"https:\/\/joieriadacla.com\/wp-content\/uploads\/2022\/03\/LOGODACLA.png","width":319,"height":228,"caption":"Joieria Rellotgeria Dacla"},"image":{"@id":"https:\/\/joieriadacla.com\/#\/schema\/logo\/image\/"},"sameAs":["https:\/\/www.instagram.com\/joieria.dacla\/?hl=es"]}]}},"_links":{"self":[{"href":"https:\/\/joieriadacla.com\/index.php\/wp-json\/wp\/v2\/product\/2643","targetHints":{"allow":["GET"]}}],"collection":[{"href":"https:\/\/joieriadacla.com\/index.php\/wp-json\/wp\/v2\/product"}],"about":[{"href":"https:\/\/joieriadacla.com\/index.php\/wp-json\/wp\/v2\/types\/product"}],"replies":[{"embeddable":true,"href":"https:\/\/joieriadacla.com\/index.php\/wp-json\/wp\/v2\/comments?post=2643"}],"wp:featuredmedia":[{"embeddable":true,"href":"https:\/\/joieriadacla.com\/index.php\/wp-json\/wp\/v2\/media\/2645"}],"wp:attachment":[{"href":"https:\/\/joieriadacla.com\/index.php\/wp-json\/wp\/v2\/media?parent=2643"}],"wp:term":[{"taxonomy":"product_brand","embeddable":true,"href":"https:\/\/joieriadacla.com\/index.php\/wp-json\/wp\/v2\/product_brand?post=2643"},{"taxonomy":"product_cat","embeddable":true,"href":"https:\/\/joieriadacla.com\/index.php\/wp-json\/wp\/v2\/product_cat?post=2643"},{"taxonomy":"product_tag","embeddable":true,"href":"https:\/\/joieriadacla.com\/index.php\/wp-json\/wp\/v2\/product_tag?post=2643"}],"curies":[{"name":"wp","href":"https:\/\/api.w.org\/{rel}","templated":true}]}}