{"id":2634,"date":"2026-04-23T19:24:18","date_gmt":"2026-04-23T19:24:18","guid":{"rendered":"https:\/\/joieriadacla.com\/?post_type=product&#038;p=2634"},"modified":"2026-04-23T19:28:45","modified_gmt":"2026-04-23T19:28:45","slug":"reloj-casio-g-shock-ga-110ll-1aer-league-of-legends-edition","status":"publish","type":"product","link":"https:\/\/joieriadacla.com\/index.php\/product\/reloj-casio-g-shock-ga-110ll-1aer-league-of-legends-edition\/","title":{"rendered":"Reloj Casio G-SHOCK GA-110LL-1AER LEAGUE OF LEGENDS EDITION"},"content":{"rendered":"<p data-start=\"616\" data-end=\"839\">El <strong data-start=\"619\" data-end=\"676\">Casio G-SHOCK GA-110LL-1AER League of Legends Edition<\/strong> es una edici\u00f3n especial que combina la durabilidad legendaria de la l\u00ednea G-SHOCK con la est\u00e9tica \u00fanica del universo de <strong data-start=\"797\" data-end=\"838\"><span class=\"hover:entity-accent entity-underline inline cursor-pointer align-baseline\"><span class=\"whitespace-normal\">League of Legends<\/span><\/span><\/strong>.<\/p>\n<p data-start=\"841\" data-end=\"1102\">Dise\u00f1ado para resistir las condiciones m\u00e1s exigentes, este reloj incorpora la tecnolog\u00eda de protecci\u00f3n contra impactos caracter\u00edstica de <strong data-start=\"978\" data-end=\"1019\"><span class=\"hover:entity-accent entity-underline inline cursor-pointer align-baseline\"><span class=\"whitespace-normal\">G-SHOCK<\/span><\/span><\/strong>, lo que lo convierte en una opci\u00f3n ideal para el uso diario, deportes o aventuras.<\/p>\n<p data-start=\"1104\" data-end=\"1316\">Su formato anal\u00f3gico-digital ofrece una lectura clara y funcional, mientras que sus m\u00faltiples prestaciones como cron\u00f3metro, temporizador, alarmas y calendario autom\u00e1tico lo convierten en una herramienta completa.<\/p>\n<p data-start=\"1318\" data-end=\"1503\">El dise\u00f1o exclusivo inspirado en League of Legends aporta un estilo moderno, agresivo y distintivo, perfecto para fans del gaming que buscan un reloj resistente con personalidad propia.<\/p>\n<ul>\n<li data-section-id=\"10irv5f\" data-start=\"1543\" data-end=\"1591\">Marca: <span class=\"hover:entity-accent entity-underline inline cursor-pointer align-baseline\"><span class=\"whitespace-normal\">Casio<\/span><\/span><\/li>\n<li data-section-id=\"1xebvge\" data-start=\"1592\" data-end=\"1644\">Colecci\u00f3n: <span class=\"hover:entity-accent entity-underline inline cursor-pointer align-baseline\"><span class=\"whitespace-normal\">G-SHOCK<\/span><\/span><\/li>\n<li data-section-id=\"1duch0j\" data-start=\"1645\" data-end=\"1670\">Modelo: GA-110LL-1AER<\/li>\n<li data-section-id=\"q1zsvd\" data-start=\"1671\" data-end=\"1701\">Edici\u00f3n: League of Legends<\/li>\n<li data-section-id=\"6o2vsb\" data-start=\"1702\" data-end=\"1738\">Tipo de reloj: Anal\u00f3gico-Digital<\/li>\n<li data-section-id=\"jvwdxn\" data-start=\"1739\" data-end=\"1761\">Movimiento: Cuarzo<\/li>\n<li data-section-id=\"ld4o8p\" data-start=\"1762\" data-end=\"1792\">Resistencia a impactos: S\u00ed<\/li>\n<li data-section-id=\"1ht8c8l\" data-start=\"1793\" data-end=\"1837\">Resistencia al agua: 20 BAR (200 metros)<\/li>\n<li data-section-id=\"1tgrrsr\" data-start=\"1838\" data-end=\"1946\">Funciones:\n<ul data-start=\"1853\" data-end=\"1946\">\n<li data-section-id=\"1jz9dqi\" data-start=\"1853\" data-end=\"1867\">Cron\u00f3metro<\/li>\n<li data-section-id=\"1d23n02\" data-start=\"1870\" data-end=\"1886\">Temporizador<\/li>\n<li data-section-id=\"1lcujqy\" data-start=\"1889\" data-end=\"1899\">Alarma<\/li>\n<li data-section-id=\"cq2stq\" data-start=\"1902\" data-end=\"1927\">Calendario autom\u00e1tico<\/li>\n<li data-section-id=\"1itkkei\" data-start=\"1930\" data-end=\"1946\">Hora mundial<\/li>\n<\/ul>\n<\/li>\n<li data-section-id=\"exwwtv\" data-start=\"1947\" data-end=\"1967\">Iluminaci\u00f3n: LED<\/li>\n<li data-section-id=\"1ovtc0u\" data-start=\"1968\" data-end=\"1999\">Material de la caja: Resina<\/li>\n<li data-section-id=\"c6ehof\" data-start=\"2000\" data-end=\"2033\">Material de la correa: Resina<\/li>\n<li data-section-id=\"1391rpl\" data-start=\"2034\" data-end=\"2074\">Color: Negro con detalles exclusivos<\/li>\n<li data-section-id=\"1d2ovt2\" data-start=\"2075\" data-end=\"2102\">G\u00e9nero: Hombre \/ Unisex<\/li>\n<\/ul>\n","protected":false},"excerpt":{"rendered":"<p>Reloj exclusivo de <strong data-start=\"353\" data-end=\"394\"><span class=\"hover:entity-accent entity-underline inline cursor-pointer align-baseline\"><span class=\"whitespace-normal\">Casio<\/span><\/span><\/strong> inspirado en <strong data-start=\"408\" data-end=\"449\"><span class=\"hover:entity-accent entity-underline inline cursor-pointer align-baseline\"><span class=\"whitespace-normal\">League of Legends<\/span><\/span><\/strong>, con dise\u00f1o robusto G-SHOCK, resistencia a impactos y est\u00e9tica gaming \u00fanica. Perfecto para uso diario y coleccionistas.<\/p>\n","protected":false},"featured_media":2635,"comment_status":"closed","ping_status":"closed","template":"","meta":[],"product_brand":[],"product_cat":[57,79,43,38],"product_tag":[239,68,136,66,230,231,232,234,237,233,236,235,238],"class_list":{"0":"post-2634","1":"product","2":"type-product","3":"status-publish","4":"has-post-thumbnail","6":"product_cat-casio","7":"product_cat-edicion-limitada","8":"product_cat-g-shock","9":"product_cat-relojes","10":"product_tag-accesorios-gaming","11":"product_tag-casio","12":"product_tag-edicion-limitada","13":"product_tag-g-shock","14":"product_tag-ga-110","15":"product_tag-ga-110ll-1aer","16":"product_tag-league-of-legends","17":"product_tag-reloj-deportivo","18":"product_tag-reloj-digital-analogico","19":"product_tag-reloj-gaming","20":"product_tag-reloj-hombre","21":"product_tag-reloj-resistente","22":"product_tag-relojes-casio","24":"first","25":"instock","26":"taxable","27":"shipping-taxable","28":"purchasable","29":"product-type-simple"},"yoast_head":"<!-- This site is optimized with the Yoast SEO plugin v27.2 - https:\/\/yoast.com\/product\/yoast-seo-wordpress\/ -->\n<title>Reloj Casio G-SHOCK GA-110LL-1AER LEAGUE OF LEGENDS EDITION - Joieria Dacla<\/title>\n<meta name=\"description\" content=\"Reloj exclusivo de Casio inspirado en League of Legends, con dise\u00f1o robusto G-SHOCK, resistencia a impactos y est\u00e9tica gaming \u00fanica. Perfecto para uso diario y coleccionistas.\" \/>\n<meta name=\"robots\" content=\"index, follow, max-snippet:-1, max-image-preview:large, max-video-preview:-1\" \/>\n<link rel=\"canonical\" href=\"https:\/\/joieriadacla.com\/index.php\/product\/reloj-casio-g-shock-ga-110ll-1aer-league-of-legends-edition\/\" \/>\n<meta property=\"og:locale\" content=\"es_ES\" \/>\n<meta property=\"og:type\" content=\"article\" \/>\n<meta property=\"og:title\" content=\"Reloj Casio G-SHOCK GA-110LL-1AER LEAGUE OF LEGENDS EDITION - Joieria Dacla\" \/>\n<meta property=\"og:description\" content=\"Reloj exclusivo de Casio inspirado en League of Legends, con dise\u00f1o robusto G-SHOCK, resistencia a impactos y est\u00e9tica gaming \u00fanica. Perfecto para uso diario y coleccionistas.\" \/>\n<meta property=\"og:url\" content=\"https:\/\/joieriadacla.com\/index.php\/product\/reloj-casio-g-shock-ga-110ll-1aer-league-of-legends-edition\/\" \/>\n<meta property=\"og:site_name\" content=\"Joieria Dacla\" \/>\n<meta property=\"article:modified_time\" content=\"2026-04-23T19:28:45+00:00\" \/>\n<meta name=\"twitter:card\" content=\"summary_large_image\" \/>\n<meta name=\"twitter:label1\" content=\"Tiempo de lectura\" \/>\n\t<meta name=\"twitter:data1\" content=\"2 minutos\" \/>\n<script type=\"application\/ld+json\" class=\"yoast-schema-graph\">{\"@context\":\"https:\/\/schema.org\",\"@graph\":[{\"@type\":\"WebPage\",\"@id\":\"https:\/\/joieriadacla.com\/index.php\/product\/reloj-casio-g-shock-ga-110ll-1aer-league-of-legends-edition\/\",\"url\":\"https:\/\/joieriadacla.com\/index.php\/product\/reloj-casio-g-shock-ga-110ll-1aer-league-of-legends-edition\/\",\"name\":\"Reloj Casio G-SHOCK GA-110LL-1AER LEAGUE OF LEGENDS EDITION - Joieria Dacla\",\"isPartOf\":{\"@id\":\"https:\/\/joieriadacla.com\/#website\"},\"primaryImageOfPage\":{\"@id\":\"https:\/\/joieriadacla.com\/index.php\/product\/reloj-casio-g-shock-ga-110ll-1aer-league-of-legends-edition\/#primaryimage\"},\"image\":{\"@id\":\"https:\/\/joieriadacla.com\/index.php\/product\/reloj-casio-g-shock-ga-110ll-1aer-league-of-legends-edition\/#primaryimage\"},\"thumbnailUrl\":\"https:\/\/joieriadacla.com\/wp-content\/uploads\/2026\/04\/casio-gshock-ga-110ll-1aer-league-of-legends.avif\",\"datePublished\":\"2026-04-23T19:24:18+00:00\",\"dateModified\":\"2026-04-23T19:28:45+00:00\",\"description\":\"Reloj exclusivo de Casio inspirado en League of Legends, con dise\u00f1o robusto G-SHOCK, resistencia a impactos y est\u00e9tica gaming \u00fanica. Perfecto para uso diario y coleccionistas.\",\"breadcrumb\":{\"@id\":\"https:\/\/joieriadacla.com\/index.php\/product\/reloj-casio-g-shock-ga-110ll-1aer-league-of-legends-edition\/#breadcrumb\"},\"inLanguage\":\"es\",\"potentialAction\":[{\"@type\":\"ReadAction\",\"target\":[\"https:\/\/joieriadacla.com\/index.php\/product\/reloj-casio-g-shock-ga-110ll-1aer-league-of-legends-edition\/\"]}]},{\"@type\":\"ImageObject\",\"inLanguage\":\"es\",\"@id\":\"https:\/\/joieriadacla.com\/index.php\/product\/reloj-casio-g-shock-ga-110ll-1aer-league-of-legends-edition\/#primaryimage\",\"url\":\"https:\/\/joieriadacla.com\/wp-content\/uploads\/2026\/04\/casio-gshock-ga-110ll-1aer-league-of-legends.avif\",\"contentUrl\":\"https:\/\/joieriadacla.com\/wp-content\/uploads\/2026\/04\/casio-gshock-ga-110ll-1aer-league-of-legends.avif\",\"width\":408,\"height\":408},{\"@type\":\"BreadcrumbList\",\"@id\":\"https:\/\/joieriadacla.com\/index.php\/product\/reloj-casio-g-shock-ga-110ll-1aer-league-of-legends-edition\/#breadcrumb\",\"itemListElement\":[{\"@type\":\"ListItem\",\"position\":1,\"name\":\"Portada\",\"item\":\"https:\/\/joieriadacla.com\/\"},{\"@type\":\"ListItem\",\"position\":2,\"name\":\"Productos\",\"item\":\"https:\/\/joieriadacla.com\/index.php\/shop\/\"},{\"@type\":\"ListItem\",\"position\":3,\"name\":\"Reloj Casio G-SHOCK GA-110LL-1AER LEAGUE OF LEGENDS EDITION\"}]},{\"@type\":\"WebSite\",\"@id\":\"https:\/\/joieriadacla.com\/#website\",\"url\":\"https:\/\/joieriadacla.com\/\",\"name\":\"Joieria Rellotgeria Dacla\",\"description\":\"Joieria Dacla\",\"publisher\":{\"@id\":\"https:\/\/joieriadacla.com\/#organization\"},\"potentialAction\":[{\"@type\":\"SearchAction\",\"target\":{\"@type\":\"EntryPoint\",\"urlTemplate\":\"https:\/\/joieriadacla.com\/?s={search_term_string}\"},\"query-input\":{\"@type\":\"PropertyValueSpecification\",\"valueRequired\":true,\"valueName\":\"search_term_string\"}}],\"inLanguage\":\"es\"},{\"@type\":\"Organization\",\"@id\":\"https:\/\/joieriadacla.com\/#organization\",\"name\":\"Joieria Rellotgeria Dacla\",\"url\":\"https:\/\/joieriadacla.com\/\",\"logo\":{\"@type\":\"ImageObject\",\"inLanguage\":\"es\",\"@id\":\"https:\/\/joieriadacla.com\/#\/schema\/logo\/image\/\",\"url\":\"https:\/\/joieriadacla.com\/wp-content\/uploads\/2022\/03\/LOGODACLA.png\",\"contentUrl\":\"https:\/\/joieriadacla.com\/wp-content\/uploads\/2022\/03\/LOGODACLA.png\",\"width\":319,\"height\":228,\"caption\":\"Joieria Rellotgeria Dacla\"},\"image\":{\"@id\":\"https:\/\/joieriadacla.com\/#\/schema\/logo\/image\/\"},\"sameAs\":[\"https:\/\/www.instagram.com\/joieria.dacla\/?hl=es\"]}]}<\/script>\n<!-- \/ Yoast SEO plugin. -->","yoast_head_json":{"title":"Reloj Casio G-SHOCK GA-110LL-1AER LEAGUE OF LEGENDS EDITION - Joieria Dacla","description":"Reloj exclusivo de Casio inspirado en League of Legends, con dise\u00f1o robusto G-SHOCK, resistencia a impactos y est\u00e9tica gaming \u00fanica. Perfecto para uso diario y coleccionistas.","robots":{"index":"index","follow":"follow","max-snippet":"max-snippet:-1","max-image-preview":"max-image-preview:large","max-video-preview":"max-video-preview:-1"},"canonical":"https:\/\/joieriadacla.com\/index.php\/product\/reloj-casio-g-shock-ga-110ll-1aer-league-of-legends-edition\/","og_locale":"es_ES","og_type":"article","og_title":"Reloj Casio G-SHOCK GA-110LL-1AER LEAGUE OF LEGENDS EDITION - Joieria Dacla","og_description":"Reloj exclusivo de Casio inspirado en League of Legends, con dise\u00f1o robusto G-SHOCK, resistencia a impactos y est\u00e9tica gaming \u00fanica. Perfecto para uso diario y coleccionistas.","og_url":"https:\/\/joieriadacla.com\/index.php\/product\/reloj-casio-g-shock-ga-110ll-1aer-league-of-legends-edition\/","og_site_name":"Joieria Dacla","article_modified_time":"2026-04-23T19:28:45+00:00","twitter_card":"summary_large_image","twitter_misc":{"Tiempo de lectura":"2 minutos"},"schema":{"@context":"https:\/\/schema.org","@graph":[{"@type":"WebPage","@id":"https:\/\/joieriadacla.com\/index.php\/product\/reloj-casio-g-shock-ga-110ll-1aer-league-of-legends-edition\/","url":"https:\/\/joieriadacla.com\/index.php\/product\/reloj-casio-g-shock-ga-110ll-1aer-league-of-legends-edition\/","name":"Reloj Casio G-SHOCK GA-110LL-1AER LEAGUE OF LEGENDS EDITION - Joieria Dacla","isPartOf":{"@id":"https:\/\/joieriadacla.com\/#website"},"primaryImageOfPage":{"@id":"https:\/\/joieriadacla.com\/index.php\/product\/reloj-casio-g-shock-ga-110ll-1aer-league-of-legends-edition\/#primaryimage"},"image":{"@id":"https:\/\/joieriadacla.com\/index.php\/product\/reloj-casio-g-shock-ga-110ll-1aer-league-of-legends-edition\/#primaryimage"},"thumbnailUrl":"https:\/\/joieriadacla.com\/wp-content\/uploads\/2026\/04\/casio-gshock-ga-110ll-1aer-league-of-legends.avif","datePublished":"2026-04-23T19:24:18+00:00","dateModified":"2026-04-23T19:28:45+00:00","description":"Reloj exclusivo de Casio inspirado en League of Legends, con dise\u00f1o robusto G-SHOCK, resistencia a impactos y est\u00e9tica gaming \u00fanica. Perfecto para uso diario y coleccionistas.","breadcrumb":{"@id":"https:\/\/joieriadacla.com\/index.php\/product\/reloj-casio-g-shock-ga-110ll-1aer-league-of-legends-edition\/#breadcrumb"},"inLanguage":"es","potentialAction":[{"@type":"ReadAction","target":["https:\/\/joieriadacla.com\/index.php\/product\/reloj-casio-g-shock-ga-110ll-1aer-league-of-legends-edition\/"]}]},{"@type":"ImageObject","inLanguage":"es","@id":"https:\/\/joieriadacla.com\/index.php\/product\/reloj-casio-g-shock-ga-110ll-1aer-league-of-legends-edition\/#primaryimage","url":"https:\/\/joieriadacla.com\/wp-content\/uploads\/2026\/04\/casio-gshock-ga-110ll-1aer-league-of-legends.avif","contentUrl":"https:\/\/joieriadacla.com\/wp-content\/uploads\/2026\/04\/casio-gshock-ga-110ll-1aer-league-of-legends.avif","width":408,"height":408},{"@type":"BreadcrumbList","@id":"https:\/\/joieriadacla.com\/index.php\/product\/reloj-casio-g-shock-ga-110ll-1aer-league-of-legends-edition\/#breadcrumb","itemListElement":[{"@type":"ListItem","position":1,"name":"Portada","item":"https:\/\/joieriadacla.com\/"},{"@type":"ListItem","position":2,"name":"Productos","item":"https:\/\/joieriadacla.com\/index.php\/shop\/"},{"@type":"ListItem","position":3,"name":"Reloj Casio G-SHOCK GA-110LL-1AER LEAGUE OF LEGENDS EDITION"}]},{"@type":"WebSite","@id":"https:\/\/joieriadacla.com\/#website","url":"https:\/\/joieriadacla.com\/","name":"Joieria Rellotgeria Dacla","description":"Joieria Dacla","publisher":{"@id":"https:\/\/joieriadacla.com\/#organization"},"potentialAction":[{"@type":"SearchAction","target":{"@type":"EntryPoint","urlTemplate":"https:\/\/joieriadacla.com\/?s={search_term_string}"},"query-input":{"@type":"PropertyValueSpecification","valueRequired":true,"valueName":"search_term_string"}}],"inLanguage":"es"},{"@type":"Organization","@id":"https:\/\/joieriadacla.com\/#organization","name":"Joieria Rellotgeria Dacla","url":"https:\/\/joieriadacla.com\/","logo":{"@type":"ImageObject","inLanguage":"es","@id":"https:\/\/joieriadacla.com\/#\/schema\/logo\/image\/","url":"https:\/\/joieriadacla.com\/wp-content\/uploads\/2022\/03\/LOGODACLA.png","contentUrl":"https:\/\/joieriadacla.com\/wp-content\/uploads\/2022\/03\/LOGODACLA.png","width":319,"height":228,"caption":"Joieria Rellotgeria Dacla"},"image":{"@id":"https:\/\/joieriadacla.com\/#\/schema\/logo\/image\/"},"sameAs":["https:\/\/www.instagram.com\/joieria.dacla\/?hl=es"]}]}},"_links":{"self":[{"href":"https:\/\/joieriadacla.com\/index.php\/wp-json\/wp\/v2\/product\/2634","targetHints":{"allow":["GET"]}}],"collection":[{"href":"https:\/\/joieriadacla.com\/index.php\/wp-json\/wp\/v2\/product"}],"about":[{"href":"https:\/\/joieriadacla.com\/index.php\/wp-json\/wp\/v2\/types\/product"}],"replies":[{"embeddable":true,"href":"https:\/\/joieriadacla.com\/index.php\/wp-json\/wp\/v2\/comments?post=2634"}],"wp:featuredmedia":[{"embeddable":true,"href":"https:\/\/joieriadacla.com\/index.php\/wp-json\/wp\/v2\/media\/2635"}],"wp:attachment":[{"href":"https:\/\/joieriadacla.com\/index.php\/wp-json\/wp\/v2\/media?parent=2634"}],"wp:term":[{"taxonomy":"product_brand","embeddable":true,"href":"https:\/\/joieriadacla.com\/index.php\/wp-json\/wp\/v2\/product_brand?post=2634"},{"taxonomy":"product_cat","embeddable":true,"href":"https:\/\/joieriadacla.com\/index.php\/wp-json\/wp\/v2\/product_cat?post=2634"},{"taxonomy":"product_tag","embeddable":true,"href":"https:\/\/joieriadacla.com\/index.php\/wp-json\/wp\/v2\/product_tag?post=2634"}],"curies":[{"name":"wp","href":"https:\/\/api.w.org\/{rel}","templated":true}]}}