{"id":2555,"date":"2026-01-08T11:57:01","date_gmt":"2026-01-08T11:57:01","guid":{"rendered":"https:\/\/joieriadacla.com\/?post_type=product&#038;p=2555"},"modified":"2026-01-31T13:09:00","modified_gmt":"2026-01-31T13:09:00","slug":"reloj-stranger-things-casio-a120west-1aer","status":"publish","type":"product","link":"https:\/\/joieriadacla.com\/index.php\/product\/reloj-stranger-things-casio-a120west-1aer\/","title":{"rendered":"Reloj Stranger Things Casio A120WEST-1AER"},"content":{"rendered":"<table class=\"cmp-comparison-table impressionCheck\">\n<tbody class=\"cmp-comparison-table__body\">\n<tr>\n<th id=\"header1-1\" headers=\"prod1\">Dimensiones (L \u00d7 An \u00d7 Al)<\/th>\n<th id=\"header1-2\" headers=\"prod2\"><\/th>\n<th id=\"header1-3\" headers=\"prod3\"><\/th>\n<\/tr>\n<tr>\n<td headers=\"prod1 header1-1\">40.7 \u00d7 33.5 \u00d7 9.4 mm<\/td>\n<td headers=\"prod2 header1-2\">38.8 \u00d7 37.7 \u00d7 9.2 mm<\/td>\n<td headers=\"prod3 header1-3\">40.7 \u00d7 32.1 \u00d7 8.7 mm<\/td>\n<\/tr>\n<tr>\n<th id=\"header2-1\" headers=\"prod1\">Peso<\/th>\n<th id=\"header2-2\" headers=\"prod2\"><\/th>\n<th id=\"header2-3\" headers=\"prod3\"><\/th>\n<\/tr>\n<tr>\n<td headers=\"prod1 header2-1\">25 g<\/td>\n<td headers=\"prod2 header2-2\">46 g<\/td>\n<td headers=\"prod3 header2-3\">52 g<\/td>\n<\/tr>\n<tr>\n<th id=\"header3-1\" headers=\"prod1\">Fuente de alimentaci\u00f3n y duraci\u00f3n de la bater\u00eda<\/th>\n<th id=\"header3-2\" headers=\"prod2\"><\/th>\n<th id=\"header3-3\" headers=\"prod3\"><\/th>\n<\/tr>\n<tr>\n<td headers=\"prod1 header3-1\">Duraci\u00f3n aproximada de la bater\u00eda: 3 a\u00f1os en CR1616<\/td>\n<td headers=\"prod2 header3-2\">Duraci\u00f3n aproximada de la bater\u00eda: 7 a\u00f1os en CR2016<\/td>\n<td headers=\"prod3 header3-3\">Duraci\u00f3n aproximada de la bater\u00eda: 3 a\u00f1os en SR920W<\/td>\n<\/tr>\n<tr>\n<th id=\"header4-1\" headers=\"prod1\">Material del estuche y del bisel<\/th>\n<th id=\"header4-2\" headers=\"prod2\"><\/th>\n<th id=\"header4-3\" headers=\"prod3\"><\/th>\n<\/tr>\n<tr>\n<td headers=\"prod1 header4-1\">Resina\/cromado<\/td>\n<td headers=\"prod2 header4-2\">Resina\/cromado<\/td>\n<td headers=\"prod3 header4-3\">Resina\/cromado<\/td>\n<\/tr>\n<tr>\n<th id=\"header5-1\" headers=\"prod1\">Correa<\/th>\n<th id=\"header5-2\" headers=\"prod2\"><\/th>\n<th id=\"header5-3\" headers=\"prod3\"><\/th>\n<\/tr>\n<tr>\n<td headers=\"prod1 header5-1\">Correa de resina<\/td>\n<td headers=\"prod2 header5-2\">Correa de acero inoxidable, Cierre ajustable<\/td>\n<td headers=\"prod3 header5-3\">Correa de acero inoxidable, Cierre ajustable<\/td>\n<\/tr>\n<tr>\n<th id=\"header6-1\" headers=\"prod1\">Ensamblaje<\/th>\n<th id=\"header6-2\" headers=\"prod2\"><\/th>\n<th id=\"header6-3\" headers=\"prod3\"><\/th>\n<\/tr>\n<tr>\n<td headers=\"prod1 header6-1\">Resistente al agua<\/td>\n<td headers=\"prod2 header6-2\">Resistente al agua<\/td>\n<td headers=\"prod3 header6-3\">Resistente al agua<\/td>\n<\/tr>\n<tr>\n<th id=\"header7-1\" headers=\"prod1\">Vidrio<\/th>\n<th id=\"header7-2\" headers=\"prod2\"><\/th>\n<th id=\"header7-3\" headers=\"prod3\"><\/th>\n<\/tr>\n<tr>\n<td headers=\"prod1 header7-1\">Resina de vidrio<\/td>\n<td headers=\"prod2 header7-2\">Resina de vidrio<\/td>\n<td headers=\"prod3 header7-3\">Resina de vidrio<\/td>\n<\/tr>\n<tr>\n<th id=\"header8-1\" headers=\"prod1\">Color claro<\/th>\n<th id=\"header8-2\" headers=\"prod2\"><\/th>\n<th id=\"header8-3\" headers=\"prod3\"><\/th>\n<\/tr>\n<tr>\n<td headers=\"prod1 header8-1\">LED: \u00c1mbar<\/td>\n<td headers=\"prod2 header8-2\">LED: Verde<\/td>\n<td headers=\"prod3 header8-3\"><\/td>\n<\/tr>\n<\/tbody>\n<\/table>\n","protected":false},"excerpt":{"rendered":"<p>Ad\u00e9ntrate en otra dimensi\u00f3n con una colaboraci\u00f3n exclusiva de Casio inspirada en el \u00e9xito mundial Stranger Things. Ambientada en 1986, la exitosa serie de aventuras y misterio de Netflix recrea los a\u00f1os 80, el compa\u00f1ero perfecto para los modelos ic\u00f3nicos y atemporales de Casio, que se estrenaron en aquellos a\u00f1os ic\u00f3nicos.Esta caja A120 dedicada a la colaboraci\u00f3n Stranger Things incorpora los dise\u00f1os multicolores de Casio de los 80 en un gui\u00f1o al \u00abOtro lado\u00bb, la misteriosa dimensi\u00f3n alternativa que existe paralelamente al mundo humano en la serie.<\/p>\n","protected":false},"featured_media":2561,"comment_status":"closed","ping_status":"closed","template":"","meta":[],"product_brand":[],"product_cat":[57,79,38],"product_tag":[172,68,119,173],"class_list":{"0":"post-2555","1":"product","2":"type-product","3":"status-publish","4":"has-post-thumbnail","6":"product_cat-casio","7":"product_cat-edicion-limitada","8":"product_cat-relojes","9":"product_tag-a120west-1aer","10":"product_tag-casio","11":"product_tag-reloj","12":"product_tag-stranger-things","14":"first","15":"instock","16":"taxable","17":"shipping-taxable","18":"purchasable","19":"product-type-simple"},"yoast_head":"<!-- This site is optimized with the Yoast SEO plugin v27.2 - https:\/\/yoast.com\/product\/yoast-seo-wordpress\/ -->\n<title>Reloj Stranger Things Casio A120WEST-1AER - Joieria Dacla<\/title>\n<meta name=\"description\" content=\"Ad\u00e9ntrate en otra dimensi\u00f3n con una colaboraci\u00f3n exclusiva de Casio inspirada en el \u00e9xito mundial Stranger Things. Ambientada en 1986, la exitosa serie de aventuras y misterio de Netflix recrea los a\u00f1os 80, el compa\u00f1ero perfecto para los modelos ic\u00f3nicos y atemporales de Casio, que se estrenaron en aquellos a\u00f1os ic\u00f3nicos.Esta caja A120 dedicada a la colaboraci\u00f3n Stranger Things incorpora los dise\u00f1os multicolores de Casio de los 80 en un gui\u00f1o al &quot;Otro lado&quot;, la misteriosa dimensi\u00f3n alternativa que existe paralelamente al mundo humano en la serie.\" \/>\n<meta name=\"robots\" content=\"index, follow, max-snippet:-1, max-image-preview:large, max-video-preview:-1\" \/>\n<link rel=\"canonical\" href=\"https:\/\/joieriadacla.com\/index.php\/product\/reloj-stranger-things-casio-a120west-1aer\/\" \/>\n<meta property=\"og:locale\" content=\"es_ES\" \/>\n<meta property=\"og:type\" content=\"article\" \/>\n<meta property=\"og:title\" content=\"Reloj Stranger Things Casio A120WEST-1AER - Joieria Dacla\" \/>\n<meta property=\"og:description\" content=\"Ad\u00e9ntrate en otra dimensi\u00f3n con una colaboraci\u00f3n exclusiva de Casio inspirada en el \u00e9xito mundial Stranger Things. Ambientada en 1986, la exitosa serie de aventuras y misterio de Netflix recrea los a\u00f1os 80, el compa\u00f1ero perfecto para los modelos ic\u00f3nicos y atemporales de Casio, que se estrenaron en aquellos a\u00f1os ic\u00f3nicos.Esta caja A120 dedicada a la colaboraci\u00f3n Stranger Things incorpora los dise\u00f1os multicolores de Casio de los 80 en un gui\u00f1o al &quot;Otro lado&quot;, la misteriosa dimensi\u00f3n alternativa que existe paralelamente al mundo humano en la serie.\" \/>\n<meta property=\"og:url\" content=\"https:\/\/joieriadacla.com\/index.php\/product\/reloj-stranger-things-casio-a120west-1aer\/\" \/>\n<meta property=\"og:site_name\" content=\"Joieria Dacla\" \/>\n<meta property=\"article:modified_time\" content=\"2026-01-31T13:09:00+00:00\" \/>\n<meta name=\"twitter:card\" content=\"summary_large_image\" \/>\n<meta name=\"twitter:label1\" content=\"Tiempo de lectura\" \/>\n\t<meta name=\"twitter:data1\" content=\"1 minuto\" \/>\n<script type=\"application\/ld+json\" class=\"yoast-schema-graph\">{\"@context\":\"https:\/\/schema.org\",\"@graph\":[{\"@type\":\"WebPage\",\"@id\":\"https:\/\/joieriadacla.com\/index.php\/product\/reloj-stranger-things-casio-a120west-1aer\/\",\"url\":\"https:\/\/joieriadacla.com\/index.php\/product\/reloj-stranger-things-casio-a120west-1aer\/\",\"name\":\"Reloj Stranger Things Casio A120WEST-1AER - Joieria Dacla\",\"isPartOf\":{\"@id\":\"https:\/\/joieriadacla.com\/#website\"},\"primaryImageOfPage\":{\"@id\":\"https:\/\/joieriadacla.com\/index.php\/product\/reloj-stranger-things-casio-a120west-1aer\/#primaryimage\"},\"image\":{\"@id\":\"https:\/\/joieriadacla.com\/index.php\/product\/reloj-stranger-things-casio-a120west-1aer\/#primaryimage\"},\"thumbnailUrl\":\"https:\/\/joieriadacla.com\/wp-content\/uploads\/2026\/01\/casio-netflix.avif\",\"datePublished\":\"2026-01-08T11:57:01+00:00\",\"dateModified\":\"2026-01-31T13:09:00+00:00\",\"description\":\"Ad\u00e9ntrate en otra dimensi\u00f3n con una colaboraci\u00f3n exclusiva de Casio inspirada en el \u00e9xito mundial Stranger Things. Ambientada en 1986, la exitosa serie de aventuras y misterio de Netflix recrea los a\u00f1os 80, el compa\u00f1ero perfecto para los modelos ic\u00f3nicos y atemporales de Casio, que se estrenaron en aquellos a\u00f1os ic\u00f3nicos.Esta caja A120 dedicada a la colaboraci\u00f3n Stranger Things incorpora los dise\u00f1os multicolores de Casio de los 80 en un gui\u00f1o al \\\"Otro lado\\\", la misteriosa dimensi\u00f3n alternativa que existe paralelamente al mundo humano en la serie.\",\"breadcrumb\":{\"@id\":\"https:\/\/joieriadacla.com\/index.php\/product\/reloj-stranger-things-casio-a120west-1aer\/#breadcrumb\"},\"inLanguage\":\"es\",\"potentialAction\":[{\"@type\":\"ReadAction\",\"target\":[\"https:\/\/joieriadacla.com\/index.php\/product\/reloj-stranger-things-casio-a120west-1aer\/\"]}]},{\"@type\":\"ImageObject\",\"inLanguage\":\"es\",\"@id\":\"https:\/\/joieriadacla.com\/index.php\/product\/reloj-stranger-things-casio-a120west-1aer\/#primaryimage\",\"url\":\"https:\/\/joieriadacla.com\/wp-content\/uploads\/2026\/01\/casio-netflix.avif\",\"contentUrl\":\"https:\/\/joieriadacla.com\/wp-content\/uploads\/2026\/01\/casio-netflix.avif\",\"width\":408,\"height\":408},{\"@type\":\"BreadcrumbList\",\"@id\":\"https:\/\/joieriadacla.com\/index.php\/product\/reloj-stranger-things-casio-a120west-1aer\/#breadcrumb\",\"itemListElement\":[{\"@type\":\"ListItem\",\"position\":1,\"name\":\"Portada\",\"item\":\"https:\/\/joieriadacla.com\/\"},{\"@type\":\"ListItem\",\"position\":2,\"name\":\"Productos\",\"item\":\"https:\/\/joieriadacla.com\/index.php\/shop\/\"},{\"@type\":\"ListItem\",\"position\":3,\"name\":\"Reloj Stranger Things Casio A120WEST-1AER\"}]},{\"@type\":\"WebSite\",\"@id\":\"https:\/\/joieriadacla.com\/#website\",\"url\":\"https:\/\/joieriadacla.com\/\",\"name\":\"Joieria Rellotgeria Dacla\",\"description\":\"Joieria Dacla\",\"publisher\":{\"@id\":\"https:\/\/joieriadacla.com\/#organization\"},\"potentialAction\":[{\"@type\":\"SearchAction\",\"target\":{\"@type\":\"EntryPoint\",\"urlTemplate\":\"https:\/\/joieriadacla.com\/?s={search_term_string}\"},\"query-input\":{\"@type\":\"PropertyValueSpecification\",\"valueRequired\":true,\"valueName\":\"search_term_string\"}}],\"inLanguage\":\"es\"},{\"@type\":\"Organization\",\"@id\":\"https:\/\/joieriadacla.com\/#organization\",\"name\":\"Joieria Rellotgeria Dacla\",\"url\":\"https:\/\/joieriadacla.com\/\",\"logo\":{\"@type\":\"ImageObject\",\"inLanguage\":\"es\",\"@id\":\"https:\/\/joieriadacla.com\/#\/schema\/logo\/image\/\",\"url\":\"https:\/\/joieriadacla.com\/wp-content\/uploads\/2022\/03\/LOGODACLA.png\",\"contentUrl\":\"https:\/\/joieriadacla.com\/wp-content\/uploads\/2022\/03\/LOGODACLA.png\",\"width\":319,\"height\":228,\"caption\":\"Joieria Rellotgeria Dacla\"},\"image\":{\"@id\":\"https:\/\/joieriadacla.com\/#\/schema\/logo\/image\/\"},\"sameAs\":[\"https:\/\/www.instagram.com\/joieria.dacla\/?hl=es\"]}]}<\/script>\n<!-- \/ Yoast SEO plugin. -->","yoast_head_json":{"title":"Reloj Stranger Things Casio A120WEST-1AER - Joieria Dacla","description":"Ad\u00e9ntrate en otra dimensi\u00f3n con una colaboraci\u00f3n exclusiva de Casio inspirada en el \u00e9xito mundial Stranger Things. Ambientada en 1986, la exitosa serie de aventuras y misterio de Netflix recrea los a\u00f1os 80, el compa\u00f1ero perfecto para los modelos ic\u00f3nicos y atemporales de Casio, que se estrenaron en aquellos a\u00f1os ic\u00f3nicos.Esta caja A120 dedicada a la colaboraci\u00f3n Stranger Things incorpora los dise\u00f1os multicolores de Casio de los 80 en un gui\u00f1o al \"Otro lado\", la misteriosa dimensi\u00f3n alternativa que existe paralelamente al mundo humano en la serie.","robots":{"index":"index","follow":"follow","max-snippet":"max-snippet:-1","max-image-preview":"max-image-preview:large","max-video-preview":"max-video-preview:-1"},"canonical":"https:\/\/joieriadacla.com\/index.php\/product\/reloj-stranger-things-casio-a120west-1aer\/","og_locale":"es_ES","og_type":"article","og_title":"Reloj Stranger Things Casio A120WEST-1AER - Joieria Dacla","og_description":"Ad\u00e9ntrate en otra dimensi\u00f3n con una colaboraci\u00f3n exclusiva de Casio inspirada en el \u00e9xito mundial Stranger Things. Ambientada en 1986, la exitosa serie de aventuras y misterio de Netflix recrea los a\u00f1os 80, el compa\u00f1ero perfecto para los modelos ic\u00f3nicos y atemporales de Casio, que se estrenaron en aquellos a\u00f1os ic\u00f3nicos.Esta caja A120 dedicada a la colaboraci\u00f3n Stranger Things incorpora los dise\u00f1os multicolores de Casio de los 80 en un gui\u00f1o al \"Otro lado\", la misteriosa dimensi\u00f3n alternativa que existe paralelamente al mundo humano en la serie.","og_url":"https:\/\/joieriadacla.com\/index.php\/product\/reloj-stranger-things-casio-a120west-1aer\/","og_site_name":"Joieria Dacla","article_modified_time":"2026-01-31T13:09:00+00:00","twitter_card":"summary_large_image","twitter_misc":{"Tiempo de lectura":"1 minuto"},"schema":{"@context":"https:\/\/schema.org","@graph":[{"@type":"WebPage","@id":"https:\/\/joieriadacla.com\/index.php\/product\/reloj-stranger-things-casio-a120west-1aer\/","url":"https:\/\/joieriadacla.com\/index.php\/product\/reloj-stranger-things-casio-a120west-1aer\/","name":"Reloj Stranger Things Casio A120WEST-1AER - Joieria Dacla","isPartOf":{"@id":"https:\/\/joieriadacla.com\/#website"},"primaryImageOfPage":{"@id":"https:\/\/joieriadacla.com\/index.php\/product\/reloj-stranger-things-casio-a120west-1aer\/#primaryimage"},"image":{"@id":"https:\/\/joieriadacla.com\/index.php\/product\/reloj-stranger-things-casio-a120west-1aer\/#primaryimage"},"thumbnailUrl":"https:\/\/joieriadacla.com\/wp-content\/uploads\/2026\/01\/casio-netflix.avif","datePublished":"2026-01-08T11:57:01+00:00","dateModified":"2026-01-31T13:09:00+00:00","description":"Ad\u00e9ntrate en otra dimensi\u00f3n con una colaboraci\u00f3n exclusiva de Casio inspirada en el \u00e9xito mundial Stranger Things. Ambientada en 1986, la exitosa serie de aventuras y misterio de Netflix recrea los a\u00f1os 80, el compa\u00f1ero perfecto para los modelos ic\u00f3nicos y atemporales de Casio, que se estrenaron en aquellos a\u00f1os ic\u00f3nicos.Esta caja A120 dedicada a la colaboraci\u00f3n Stranger Things incorpora los dise\u00f1os multicolores de Casio de los 80 en un gui\u00f1o al \"Otro lado\", la misteriosa dimensi\u00f3n alternativa que existe paralelamente al mundo humano en la serie.","breadcrumb":{"@id":"https:\/\/joieriadacla.com\/index.php\/product\/reloj-stranger-things-casio-a120west-1aer\/#breadcrumb"},"inLanguage":"es","potentialAction":[{"@type":"ReadAction","target":["https:\/\/joieriadacla.com\/index.php\/product\/reloj-stranger-things-casio-a120west-1aer\/"]}]},{"@type":"ImageObject","inLanguage":"es","@id":"https:\/\/joieriadacla.com\/index.php\/product\/reloj-stranger-things-casio-a120west-1aer\/#primaryimage","url":"https:\/\/joieriadacla.com\/wp-content\/uploads\/2026\/01\/casio-netflix.avif","contentUrl":"https:\/\/joieriadacla.com\/wp-content\/uploads\/2026\/01\/casio-netflix.avif","width":408,"height":408},{"@type":"BreadcrumbList","@id":"https:\/\/joieriadacla.com\/index.php\/product\/reloj-stranger-things-casio-a120west-1aer\/#breadcrumb","itemListElement":[{"@type":"ListItem","position":1,"name":"Portada","item":"https:\/\/joieriadacla.com\/"},{"@type":"ListItem","position":2,"name":"Productos","item":"https:\/\/joieriadacla.com\/index.php\/shop\/"},{"@type":"ListItem","position":3,"name":"Reloj Stranger Things Casio A120WEST-1AER"}]},{"@type":"WebSite","@id":"https:\/\/joieriadacla.com\/#website","url":"https:\/\/joieriadacla.com\/","name":"Joieria Rellotgeria Dacla","description":"Joieria Dacla","publisher":{"@id":"https:\/\/joieriadacla.com\/#organization"},"potentialAction":[{"@type":"SearchAction","target":{"@type":"EntryPoint","urlTemplate":"https:\/\/joieriadacla.com\/?s={search_term_string}"},"query-input":{"@type":"PropertyValueSpecification","valueRequired":true,"valueName":"search_term_string"}}],"inLanguage":"es"},{"@type":"Organization","@id":"https:\/\/joieriadacla.com\/#organization","name":"Joieria Rellotgeria Dacla","url":"https:\/\/joieriadacla.com\/","logo":{"@type":"ImageObject","inLanguage":"es","@id":"https:\/\/joieriadacla.com\/#\/schema\/logo\/image\/","url":"https:\/\/joieriadacla.com\/wp-content\/uploads\/2022\/03\/LOGODACLA.png","contentUrl":"https:\/\/joieriadacla.com\/wp-content\/uploads\/2022\/03\/LOGODACLA.png","width":319,"height":228,"caption":"Joieria Rellotgeria Dacla"},"image":{"@id":"https:\/\/joieriadacla.com\/#\/schema\/logo\/image\/"},"sameAs":["https:\/\/www.instagram.com\/joieria.dacla\/?hl=es"]}]}},"_links":{"self":[{"href":"https:\/\/joieriadacla.com\/index.php\/wp-json\/wp\/v2\/product\/2555","targetHints":{"allow":["GET"]}}],"collection":[{"href":"https:\/\/joieriadacla.com\/index.php\/wp-json\/wp\/v2\/product"}],"about":[{"href":"https:\/\/joieriadacla.com\/index.php\/wp-json\/wp\/v2\/types\/product"}],"replies":[{"embeddable":true,"href":"https:\/\/joieriadacla.com\/index.php\/wp-json\/wp\/v2\/comments?post=2555"}],"wp:featuredmedia":[{"embeddable":true,"href":"https:\/\/joieriadacla.com\/index.php\/wp-json\/wp\/v2\/media\/2561"}],"wp:attachment":[{"href":"https:\/\/joieriadacla.com\/index.php\/wp-json\/wp\/v2\/media?parent=2555"}],"wp:term":[{"taxonomy":"product_brand","embeddable":true,"href":"https:\/\/joieriadacla.com\/index.php\/wp-json\/wp\/v2\/product_brand?post=2555"},{"taxonomy":"product_cat","embeddable":true,"href":"https:\/\/joieriadacla.com\/index.php\/wp-json\/wp\/v2\/product_cat?post=2555"},{"taxonomy":"product_tag","embeddable":true,"href":"https:\/\/joieriadacla.com\/index.php\/wp-json\/wp\/v2\/product_tag?post=2555"}],"curies":[{"name":"wp","href":"https:\/\/api.w.org\/{rel}","templated":true}]}}