{"id":2493,"date":"2025-10-06T17:49:08","date_gmt":"2025-10-06T17:49:08","guid":{"rendered":"https:\/\/joieriadacla.com\/?post_type=product&#038;p=2493"},"modified":"2025-10-06T17:49:09","modified_gmt":"2025-10-06T17:49:09","slug":"reloj-guess-perspective-gw0388g2","status":"publish","type":"product","link":"https:\/\/joieriadacla.com\/index.php\/product\/reloj-guess-perspective-gw0388g2\/","title":{"rendered":"Reloj GUESS PERSPECTIVE GW0388G2"},"content":{"rendered":"<table class=\"table-data-sheet\">\n<tbody>\n<tr class=\"even\">\n<td>ara<\/td>\n<td>Hombre<\/td>\n<\/tr>\n<tr class=\"odd\">\n<td><a class=\"fancybox\" href=\"https:\/\/www.planetarelojes.com\/busca-tu-reloj\/guess-perspective-gw0388g2?srsltid=AfmBOoqaoYnqGIi1thbTRqibc0CL23Duqd6vjzhE6AAfGTRet-hPX5_b#featureDescription3\">Movimiento<\/a><\/td>\n<td>Cuarzo<\/td>\n<\/tr>\n<tr class=\"even\">\n<td><a class=\"fancybox\" href=\"https:\/\/www.planetarelojes.com\/busca-tu-reloj\/guess-perspective-gw0388g2?srsltid=AfmBOoqaoYnqGIi1thbTRqibc0CL23Duqd6vjzhE6AAfGTRet-hPX5_b#featureDescription4\">Anal\u00f3gico o digital<\/a><\/td>\n<td>Anal\u00f3gico<\/td>\n<\/tr>\n<tr class=\"odd\">\n<td>Tipo de correa<\/td>\n<td>Silicona<\/td>\n<\/tr>\n<tr class=\"even\">\n<td><a class=\"fancybox\" href=\"https:\/\/www.planetarelojes.com\/busca-tu-reloj\/guess-perspective-gw0388g2?srsltid=AfmBOoqaoYnqGIi1thbTRqibc0CL23Duqd6vjzhE6AAfGTRet-hPX5_b#featureDescription18\">Tipo de cristal<\/a><\/td>\n<td>Mineral<\/td>\n<\/tr>\n<tr class=\"odd\">\n<td><a class=\"fancybox\" href=\"https:\/\/www.planetarelojes.com\/busca-tu-reloj\/guess-perspective-gw0388g2?srsltid=AfmBOoqaoYnqGIi1thbTRqibc0CL23Duqd6vjzhE6AAfGTRet-hPX5_b#featureDescription9\">Di\u00e1metro de la caja<\/a><\/td>\n<td>41 mm<\/td>\n<\/tr>\n<tr class=\"odd\">\n<td><a class=\"fancybox\" href=\"https:\/\/www.planetarelojes.com\/busca-tu-reloj\/guess-perspective-gw0388g2?srsltid=AfmBOoqaoYnqGIi1thbTRqibc0CL23Duqd6vjzhE6AAfGTRet-hPX5_b#featureDescription6\">Resistencia al agua (metros)<\/a><\/td>\n<td>50<\/td>\n<\/tr>\n<tr class=\"odd\">\n<td>Color del dial<\/td>\n<td>Negro<\/td>\n<\/tr>\n<tr class=\"even\">\n<td>Color de la correa<\/td>\n<td>Negro<\/td>\n<\/tr>\n<tr class=\"odd\">\n<td>Color caja<\/td>\n<td>Dorado<\/td>\n<\/tr>\n<tr class=\"even\">\n<td>Caracter\u00edsticas extra<\/td>\n<td>Calendario<\/td>\n<\/tr>\n<\/tbody>\n<\/table>\n","protected":false},"excerpt":{"rendered":"<p>ara Hombre Movimiento Cuarzo Anal\u00f3gico o digital Anal\u00f3gico Tipo de correa Silicona Tipo de cristal Mineral Di\u00e1metro de la caja 41 mm Resistencia al agua (metros) 50 Color del dial Negro Color de la correa Negro Color caja Dorado Caracter\u00edsticas extra Calendario<\/p>\n","protected":false},"featured_media":2494,"comment_status":"closed","ping_status":"closed","template":"","meta":[],"product_brand":[],"product_cat":[56,38],"product_tag":[128,157,119],"class_list":{"0":"post-2493","1":"product","2":"type-product","3":"status-publish","4":"has-post-thumbnail","6":"product_cat-guess","7":"product_cat-relojes","8":"product_tag-guess","9":"product_tag-gw0388g2","10":"product_tag-reloj","12":"first","13":"instock","14":"sale","15":"taxable","16":"shipping-taxable","17":"purchasable","18":"product-type-simple"},"yoast_head":"<!-- This site is optimized with the Yoast SEO plugin v27.2 - https:\/\/yoast.com\/product\/yoast-seo-wordpress\/ -->\n<title>Reloj GUESS PERSPECTIVE GW0388G2 - Joieria Dacla<\/title>\n<meta name=\"description\" content=\"Reloj Guess Perspective GW0388G2 anal\u00f3gico para hombre con movimiento de cuarzo, correa de caucho y resistencia al agua de 50 metros.\" \/>\n<meta name=\"robots\" content=\"index, follow, max-snippet:-1, max-image-preview:large, max-video-preview:-1\" \/>\n<link rel=\"canonical\" href=\"https:\/\/joieriadacla.com\/index.php\/product\/reloj-guess-perspective-gw0388g2\/\" \/>\n<meta property=\"og:locale\" content=\"es_ES\" \/>\n<meta property=\"og:type\" content=\"article\" \/>\n<meta property=\"og:title\" content=\"Reloj GUESS PERSPECTIVE GW0388G2 - Joieria Dacla\" \/>\n<meta property=\"og:description\" content=\"Reloj Guess Perspective GW0388G2 anal\u00f3gico para hombre con movimiento de cuarzo, correa de caucho y resistencia al agua de 50 metros.\" \/>\n<meta property=\"og:url\" content=\"https:\/\/joieriadacla.com\/index.php\/product\/reloj-guess-perspective-gw0388g2\/\" \/>\n<meta property=\"og:site_name\" content=\"Joieria Dacla\" \/>\n<meta property=\"article:modified_time\" content=\"2025-10-06T17:49:09+00:00\" \/>\n<meta property=\"og:image\" content=\"https:\/\/joieriadacla.com\/wp-content\/uploads\/2025\/10\/guess-perspective-gw0388g2.jpg\" \/>\n\t<meta property=\"og:image:width\" content=\"498\" \/>\n\t<meta property=\"og:image:height\" content=\"900\" \/>\n\t<meta property=\"og:image:type\" content=\"image\/jpeg\" \/>\n<meta name=\"twitter:card\" content=\"summary_large_image\" \/>\n<meta name=\"twitter:label1\" content=\"Tiempo de lectura\" \/>\n\t<meta name=\"twitter:data1\" content=\"1 minuto\" \/>\n<script type=\"application\/ld+json\" class=\"yoast-schema-graph\">{\"@context\":\"https:\/\/schema.org\",\"@graph\":[{\"@type\":\"WebPage\",\"@id\":\"https:\/\/joieriadacla.com\/index.php\/product\/reloj-guess-perspective-gw0388g2\/\",\"url\":\"https:\/\/joieriadacla.com\/index.php\/product\/reloj-guess-perspective-gw0388g2\/\",\"name\":\"Reloj GUESS PERSPECTIVE GW0388G2 - Joieria Dacla\",\"isPartOf\":{\"@id\":\"https:\/\/joieriadacla.com\/#website\"},\"primaryImageOfPage\":{\"@id\":\"https:\/\/joieriadacla.com\/index.php\/product\/reloj-guess-perspective-gw0388g2\/#primaryimage\"},\"image\":{\"@id\":\"https:\/\/joieriadacla.com\/index.php\/product\/reloj-guess-perspective-gw0388g2\/#primaryimage\"},\"thumbnailUrl\":\"https:\/\/joieriadacla.com\/wp-content\/uploads\/2025\/10\/guess-perspective-gw0388g2.jpg\",\"datePublished\":\"2025-10-06T17:49:08+00:00\",\"dateModified\":\"2025-10-06T17:49:09+00:00\",\"description\":\"Reloj Guess Perspective GW0388G2 anal\u00f3gico para hombre con movimiento de cuarzo, correa de caucho y resistencia al agua de 50 metros.\",\"breadcrumb\":{\"@id\":\"https:\/\/joieriadacla.com\/index.php\/product\/reloj-guess-perspective-gw0388g2\/#breadcrumb\"},\"inLanguage\":\"es\",\"potentialAction\":[{\"@type\":\"ReadAction\",\"target\":[\"https:\/\/joieriadacla.com\/index.php\/product\/reloj-guess-perspective-gw0388g2\/\"]}]},{\"@type\":\"ImageObject\",\"inLanguage\":\"es\",\"@id\":\"https:\/\/joieriadacla.com\/index.php\/product\/reloj-guess-perspective-gw0388g2\/#primaryimage\",\"url\":\"https:\/\/joieriadacla.com\/wp-content\/uploads\/2025\/10\/guess-perspective-gw0388g2.jpg\",\"contentUrl\":\"https:\/\/joieriadacla.com\/wp-content\/uploads\/2025\/10\/guess-perspective-gw0388g2.jpg\",\"width\":498,\"height\":900},{\"@type\":\"BreadcrumbList\",\"@id\":\"https:\/\/joieriadacla.com\/index.php\/product\/reloj-guess-perspective-gw0388g2\/#breadcrumb\",\"itemListElement\":[{\"@type\":\"ListItem\",\"position\":1,\"name\":\"Portada\",\"item\":\"https:\/\/joieriadacla.com\/\"},{\"@type\":\"ListItem\",\"position\":2,\"name\":\"Productos\",\"item\":\"https:\/\/joieriadacla.com\/index.php\/shop\/\"},{\"@type\":\"ListItem\",\"position\":3,\"name\":\"Reloj GUESS PERSPECTIVE GW0388G2\"}]},{\"@type\":\"WebSite\",\"@id\":\"https:\/\/joieriadacla.com\/#website\",\"url\":\"https:\/\/joieriadacla.com\/\",\"name\":\"Joieria Rellotgeria Dacla\",\"description\":\"Joieria Dacla\",\"publisher\":{\"@id\":\"https:\/\/joieriadacla.com\/#organization\"},\"potentialAction\":[{\"@type\":\"SearchAction\",\"target\":{\"@type\":\"EntryPoint\",\"urlTemplate\":\"https:\/\/joieriadacla.com\/?s={search_term_string}\"},\"query-input\":{\"@type\":\"PropertyValueSpecification\",\"valueRequired\":true,\"valueName\":\"search_term_string\"}}],\"inLanguage\":\"es\"},{\"@type\":\"Organization\",\"@id\":\"https:\/\/joieriadacla.com\/#organization\",\"name\":\"Joieria Rellotgeria Dacla\",\"url\":\"https:\/\/joieriadacla.com\/\",\"logo\":{\"@type\":\"ImageObject\",\"inLanguage\":\"es\",\"@id\":\"https:\/\/joieriadacla.com\/#\/schema\/logo\/image\/\",\"url\":\"https:\/\/joieriadacla.com\/wp-content\/uploads\/2022\/03\/LOGODACLA.png\",\"contentUrl\":\"https:\/\/joieriadacla.com\/wp-content\/uploads\/2022\/03\/LOGODACLA.png\",\"width\":319,\"height\":228,\"caption\":\"Joieria Rellotgeria Dacla\"},\"image\":{\"@id\":\"https:\/\/joieriadacla.com\/#\/schema\/logo\/image\/\"},\"sameAs\":[\"https:\/\/www.instagram.com\/joieria.dacla\/?hl=es\"]}]}<\/script>\n<!-- \/ Yoast SEO plugin. -->","yoast_head_json":{"title":"Reloj GUESS PERSPECTIVE GW0388G2 - Joieria Dacla","description":"Reloj Guess Perspective GW0388G2 anal\u00f3gico para hombre con movimiento de cuarzo, correa de caucho y resistencia al agua de 50 metros.","robots":{"index":"index","follow":"follow","max-snippet":"max-snippet:-1","max-image-preview":"max-image-preview:large","max-video-preview":"max-video-preview:-1"},"canonical":"https:\/\/joieriadacla.com\/index.php\/product\/reloj-guess-perspective-gw0388g2\/","og_locale":"es_ES","og_type":"article","og_title":"Reloj GUESS PERSPECTIVE GW0388G2 - Joieria Dacla","og_description":"Reloj Guess Perspective GW0388G2 anal\u00f3gico para hombre con movimiento de cuarzo, correa de caucho y resistencia al agua de 50 metros.","og_url":"https:\/\/joieriadacla.com\/index.php\/product\/reloj-guess-perspective-gw0388g2\/","og_site_name":"Joieria Dacla","article_modified_time":"2025-10-06T17:49:09+00:00","og_image":[{"width":498,"height":900,"url":"https:\/\/joieriadacla.com\/wp-content\/uploads\/2025\/10\/guess-perspective-gw0388g2.jpg","type":"image\/jpeg"}],"twitter_card":"summary_large_image","twitter_misc":{"Tiempo de lectura":"1 minuto"},"schema":{"@context":"https:\/\/schema.org","@graph":[{"@type":"WebPage","@id":"https:\/\/joieriadacla.com\/index.php\/product\/reloj-guess-perspective-gw0388g2\/","url":"https:\/\/joieriadacla.com\/index.php\/product\/reloj-guess-perspective-gw0388g2\/","name":"Reloj GUESS PERSPECTIVE GW0388G2 - Joieria Dacla","isPartOf":{"@id":"https:\/\/joieriadacla.com\/#website"},"primaryImageOfPage":{"@id":"https:\/\/joieriadacla.com\/index.php\/product\/reloj-guess-perspective-gw0388g2\/#primaryimage"},"image":{"@id":"https:\/\/joieriadacla.com\/index.php\/product\/reloj-guess-perspective-gw0388g2\/#primaryimage"},"thumbnailUrl":"https:\/\/joieriadacla.com\/wp-content\/uploads\/2025\/10\/guess-perspective-gw0388g2.jpg","datePublished":"2025-10-06T17:49:08+00:00","dateModified":"2025-10-06T17:49:09+00:00","description":"Reloj Guess Perspective GW0388G2 anal\u00f3gico para hombre con movimiento de cuarzo, correa de caucho y resistencia al agua de 50 metros.","breadcrumb":{"@id":"https:\/\/joieriadacla.com\/index.php\/product\/reloj-guess-perspective-gw0388g2\/#breadcrumb"},"inLanguage":"es","potentialAction":[{"@type":"ReadAction","target":["https:\/\/joieriadacla.com\/index.php\/product\/reloj-guess-perspective-gw0388g2\/"]}]},{"@type":"ImageObject","inLanguage":"es","@id":"https:\/\/joieriadacla.com\/index.php\/product\/reloj-guess-perspective-gw0388g2\/#primaryimage","url":"https:\/\/joieriadacla.com\/wp-content\/uploads\/2025\/10\/guess-perspective-gw0388g2.jpg","contentUrl":"https:\/\/joieriadacla.com\/wp-content\/uploads\/2025\/10\/guess-perspective-gw0388g2.jpg","width":498,"height":900},{"@type":"BreadcrumbList","@id":"https:\/\/joieriadacla.com\/index.php\/product\/reloj-guess-perspective-gw0388g2\/#breadcrumb","itemListElement":[{"@type":"ListItem","position":1,"name":"Portada","item":"https:\/\/joieriadacla.com\/"},{"@type":"ListItem","position":2,"name":"Productos","item":"https:\/\/joieriadacla.com\/index.php\/shop\/"},{"@type":"ListItem","position":3,"name":"Reloj GUESS PERSPECTIVE GW0388G2"}]},{"@type":"WebSite","@id":"https:\/\/joieriadacla.com\/#website","url":"https:\/\/joieriadacla.com\/","name":"Joieria Rellotgeria Dacla","description":"Joieria Dacla","publisher":{"@id":"https:\/\/joieriadacla.com\/#organization"},"potentialAction":[{"@type":"SearchAction","target":{"@type":"EntryPoint","urlTemplate":"https:\/\/joieriadacla.com\/?s={search_term_string}"},"query-input":{"@type":"PropertyValueSpecification","valueRequired":true,"valueName":"search_term_string"}}],"inLanguage":"es"},{"@type":"Organization","@id":"https:\/\/joieriadacla.com\/#organization","name":"Joieria Rellotgeria Dacla","url":"https:\/\/joieriadacla.com\/","logo":{"@type":"ImageObject","inLanguage":"es","@id":"https:\/\/joieriadacla.com\/#\/schema\/logo\/image\/","url":"https:\/\/joieriadacla.com\/wp-content\/uploads\/2022\/03\/LOGODACLA.png","contentUrl":"https:\/\/joieriadacla.com\/wp-content\/uploads\/2022\/03\/LOGODACLA.png","width":319,"height":228,"caption":"Joieria Rellotgeria Dacla"},"image":{"@id":"https:\/\/joieriadacla.com\/#\/schema\/logo\/image\/"},"sameAs":["https:\/\/www.instagram.com\/joieria.dacla\/?hl=es"]}]}},"_links":{"self":[{"href":"https:\/\/joieriadacla.com\/index.php\/wp-json\/wp\/v2\/product\/2493","targetHints":{"allow":["GET"]}}],"collection":[{"href":"https:\/\/joieriadacla.com\/index.php\/wp-json\/wp\/v2\/product"}],"about":[{"href":"https:\/\/joieriadacla.com\/index.php\/wp-json\/wp\/v2\/types\/product"}],"replies":[{"embeddable":true,"href":"https:\/\/joieriadacla.com\/index.php\/wp-json\/wp\/v2\/comments?post=2493"}],"wp:featuredmedia":[{"embeddable":true,"href":"https:\/\/joieriadacla.com\/index.php\/wp-json\/wp\/v2\/media\/2494"}],"wp:attachment":[{"href":"https:\/\/joieriadacla.com\/index.php\/wp-json\/wp\/v2\/media?parent=2493"}],"wp:term":[{"taxonomy":"product_brand","embeddable":true,"href":"https:\/\/joieriadacla.com\/index.php\/wp-json\/wp\/v2\/product_brand?post=2493"},{"taxonomy":"product_cat","embeddable":true,"href":"https:\/\/joieriadacla.com\/index.php\/wp-json\/wp\/v2\/product_cat?post=2493"},{"taxonomy":"product_tag","embeddable":true,"href":"https:\/\/joieriadacla.com\/index.php\/wp-json\/wp\/v2\/product_tag?post=2493"}],"curies":[{"name":"wp","href":"https:\/\/api.w.org\/{rel}","templated":true}]}}