{"id":2489,"date":"2025-10-06T17:20:26","date_gmt":"2025-10-06T17:20:26","guid":{"rendered":"https:\/\/joieriadacla.com\/?post_type=product&#038;p=2489"},"modified":"2025-10-06T17:46:00","modified_gmt":"2025-10-06T17:46:00","slug":"reloj-guess-mujer-gw0464l2-dorado","status":"publish","type":"product","link":"https:\/\/joieriadacla.com\/index.php\/product\/reloj-guess-mujer-gw0464l2-dorado\/","title":{"rendered":"Reloj Guess Mujer GW0464L2 Dorado"},"content":{"rendered":"<dl class=\"data-sheet\">\n<dt class=\"name\">Reloj Guess Mujer GW0464L2 Dorado<\/dt>\n<dt><\/dt>\n<dt class=\"name\">Caja de acero dorada troquelada con circonitas.<\/dt>\n<dt><\/dt>\n<dt class=\"name\">Brazalete de acero dorado con circonitas al iniciar.<\/dt>\n<dt><\/dt>\n<dt class=\"name\">Esfera dorada con circonitas. Multifunci\u00f3n calendario.<\/dt>\n<dt><\/dt>\n<dt class=\"name\">Sumergible 30m. 3 a\u00f1os de garant\u00eda. Ref. GW0464L2<\/dt>\n<\/dl>\n","protected":false},"excerpt":{"rendered":"<p>Reloj Guess Mujer GW0464L2 Dorado. Caja de acero dorada troquelada con circonitas. Brazalete de acero dorado con circonitas al iniciar. Esfera dorada con circonitas. Multifunci\u00f3n calendario. Sumergible 30m. 3 a\u00f1os de garant\u00eda. Ref. GW0464L2<\/p>\n","protected":false},"featured_media":2492,"comment_status":"open","ping_status":"closed","template":"","meta":[],"product_brand":[],"product_cat":[56,38],"product_tag":[128,158,119,159],"class_list":{"0":"post-2489","1":"product","2":"type-product","3":"status-publish","4":"has-post-thumbnail","6":"product_cat-guess","7":"product_cat-relojes","8":"product_tag-guess","9":"product_tag-gw0464l2","10":"product_tag-reloj","11":"product_tag-relojes","13":"first","14":"instock","15":"sale","16":"taxable","17":"shipping-taxable","18":"purchasable","19":"product-type-simple"},"yoast_head":"<!-- This site is optimized with the Yoast SEO plugin v27.2 - https:\/\/yoast.com\/product\/yoast-seo-wordpress\/ -->\n<title>Reloj Guess Mujer GW0464L2 Dorado - Joieria Dacla<\/title>\n<meta name=\"description\" content=\"Reloj Guess Mujer GW0464L2 Dorado. Caja de acero dorada troquelada con circonitas. Brazalete de acero dorado con circonitas al iniciar. Esfera dorada con circonitas. Multifunci\u00f3n calendario. Sumergible 30m. 3 a\u00f1os de garant\u00eda. Ref. GW0464L2\" \/>\n<meta name=\"robots\" content=\"index, follow, max-snippet:-1, max-image-preview:large, max-video-preview:-1\" \/>\n<link rel=\"canonical\" href=\"https:\/\/joieriadacla.com\/index.php\/product\/reloj-guess-mujer-gw0464l2-dorado\/\" \/>\n<meta property=\"og:locale\" content=\"es_ES\" \/>\n<meta property=\"og:type\" content=\"article\" \/>\n<meta property=\"og:title\" content=\"Reloj Guess Mujer GW0464L2 Dorado - Joieria Dacla\" \/>\n<meta property=\"og:description\" content=\"Reloj Guess Mujer GW0464L2 Dorado. Caja de acero dorada troquelada con circonitas. Brazalete de acero dorado con circonitas al iniciar. Esfera dorada con circonitas. Multifunci\u00f3n calendario. Sumergible 30m. 3 a\u00f1os de garant\u00eda. Ref. GW0464L2\" \/>\n<meta property=\"og:url\" content=\"https:\/\/joieriadacla.com\/index.php\/product\/reloj-guess-mujer-gw0464l2-dorado\/\" \/>\n<meta property=\"og:site_name\" content=\"Joieria Dacla\" \/>\n<meta property=\"article:modified_time\" content=\"2025-10-06T17:46:00+00:00\" \/>\n<meta property=\"og:image\" content=\"https:\/\/joieriadacla.com\/wp-content\/uploads\/2025\/10\/2016593-1.jpg\" \/>\n\t<meta property=\"og:image:width\" content=\"700\" \/>\n\t<meta property=\"og:image:height\" content=\"700\" \/>\n\t<meta property=\"og:image:type\" content=\"image\/jpeg\" \/>\n<meta name=\"twitter:card\" content=\"summary_large_image\" \/>\n<meta name=\"twitter:label1\" content=\"Tiempo de lectura\" \/>\n\t<meta name=\"twitter:data1\" content=\"1 minuto\" \/>\n<script type=\"application\/ld+json\" class=\"yoast-schema-graph\">{\"@context\":\"https:\/\/schema.org\",\"@graph\":[{\"@type\":\"WebPage\",\"@id\":\"https:\/\/joieriadacla.com\/index.php\/product\/reloj-guess-mujer-gw0464l2-dorado\/\",\"url\":\"https:\/\/joieriadacla.com\/index.php\/product\/reloj-guess-mujer-gw0464l2-dorado\/\",\"name\":\"Reloj Guess Mujer GW0464L2 Dorado - Joieria Dacla\",\"isPartOf\":{\"@id\":\"https:\/\/joieriadacla.com\/#website\"},\"primaryImageOfPage\":{\"@id\":\"https:\/\/joieriadacla.com\/index.php\/product\/reloj-guess-mujer-gw0464l2-dorado\/#primaryimage\"},\"image\":{\"@id\":\"https:\/\/joieriadacla.com\/index.php\/product\/reloj-guess-mujer-gw0464l2-dorado\/#primaryimage\"},\"thumbnailUrl\":\"https:\/\/joieriadacla.com\/wp-content\/uploads\/2025\/10\/2016593-1.jpg\",\"datePublished\":\"2025-10-06T17:20:26+00:00\",\"dateModified\":\"2025-10-06T17:46:00+00:00\",\"description\":\"Reloj Guess Mujer GW0464L2 Dorado. Caja de acero dorada troquelada con circonitas. Brazalete de acero dorado con circonitas al iniciar. Esfera dorada con circonitas. Multifunci\u00f3n calendario. Sumergible 30m. 3 a\u00f1os de garant\u00eda. Ref. GW0464L2\",\"breadcrumb\":{\"@id\":\"https:\/\/joieriadacla.com\/index.php\/product\/reloj-guess-mujer-gw0464l2-dorado\/#breadcrumb\"},\"inLanguage\":\"es\",\"potentialAction\":[{\"@type\":\"ReadAction\",\"target\":[\"https:\/\/joieriadacla.com\/index.php\/product\/reloj-guess-mujer-gw0464l2-dorado\/\"]}]},{\"@type\":\"ImageObject\",\"inLanguage\":\"es\",\"@id\":\"https:\/\/joieriadacla.com\/index.php\/product\/reloj-guess-mujer-gw0464l2-dorado\/#primaryimage\",\"url\":\"https:\/\/joieriadacla.com\/wp-content\/uploads\/2025\/10\/2016593-1.jpg\",\"contentUrl\":\"https:\/\/joieriadacla.com\/wp-content\/uploads\/2025\/10\/2016593-1.jpg\",\"width\":700,\"height\":700},{\"@type\":\"BreadcrumbList\",\"@id\":\"https:\/\/joieriadacla.com\/index.php\/product\/reloj-guess-mujer-gw0464l2-dorado\/#breadcrumb\",\"itemListElement\":[{\"@type\":\"ListItem\",\"position\":1,\"name\":\"Portada\",\"item\":\"https:\/\/joieriadacla.com\/\"},{\"@type\":\"ListItem\",\"position\":2,\"name\":\"Productos\",\"item\":\"https:\/\/joieriadacla.com\/index.php\/shop\/\"},{\"@type\":\"ListItem\",\"position\":3,\"name\":\"Reloj Guess Mujer GW0464L2 Dorado\"}]},{\"@type\":\"WebSite\",\"@id\":\"https:\/\/joieriadacla.com\/#website\",\"url\":\"https:\/\/joieriadacla.com\/\",\"name\":\"Joieria Rellotgeria Dacla\",\"description\":\"Joieria Dacla\",\"publisher\":{\"@id\":\"https:\/\/joieriadacla.com\/#organization\"},\"potentialAction\":[{\"@type\":\"SearchAction\",\"target\":{\"@type\":\"EntryPoint\",\"urlTemplate\":\"https:\/\/joieriadacla.com\/?s={search_term_string}\"},\"query-input\":{\"@type\":\"PropertyValueSpecification\",\"valueRequired\":true,\"valueName\":\"search_term_string\"}}],\"inLanguage\":\"es\"},{\"@type\":\"Organization\",\"@id\":\"https:\/\/joieriadacla.com\/#organization\",\"name\":\"Joieria Rellotgeria Dacla\",\"url\":\"https:\/\/joieriadacla.com\/\",\"logo\":{\"@type\":\"ImageObject\",\"inLanguage\":\"es\",\"@id\":\"https:\/\/joieriadacla.com\/#\/schema\/logo\/image\/\",\"url\":\"https:\/\/joieriadacla.com\/wp-content\/uploads\/2022\/03\/LOGODACLA.png\",\"contentUrl\":\"https:\/\/joieriadacla.com\/wp-content\/uploads\/2022\/03\/LOGODACLA.png\",\"width\":319,\"height\":228,\"caption\":\"Joieria Rellotgeria Dacla\"},\"image\":{\"@id\":\"https:\/\/joieriadacla.com\/#\/schema\/logo\/image\/\"},\"sameAs\":[\"https:\/\/www.instagram.com\/joieria.dacla\/?hl=es\"]}]}<\/script>\n<!-- \/ Yoast SEO plugin. -->","yoast_head_json":{"title":"Reloj Guess Mujer GW0464L2 Dorado - Joieria Dacla","description":"Reloj Guess Mujer GW0464L2 Dorado. Caja de acero dorada troquelada con circonitas. Brazalete de acero dorado con circonitas al iniciar. Esfera dorada con circonitas. Multifunci\u00f3n calendario. Sumergible 30m. 3 a\u00f1os de garant\u00eda. Ref. GW0464L2","robots":{"index":"index","follow":"follow","max-snippet":"max-snippet:-1","max-image-preview":"max-image-preview:large","max-video-preview":"max-video-preview:-1"},"canonical":"https:\/\/joieriadacla.com\/index.php\/product\/reloj-guess-mujer-gw0464l2-dorado\/","og_locale":"es_ES","og_type":"article","og_title":"Reloj Guess Mujer GW0464L2 Dorado - Joieria Dacla","og_description":"Reloj Guess Mujer GW0464L2 Dorado. Caja de acero dorada troquelada con circonitas. Brazalete de acero dorado con circonitas al iniciar. Esfera dorada con circonitas. Multifunci\u00f3n calendario. Sumergible 30m. 3 a\u00f1os de garant\u00eda. Ref. GW0464L2","og_url":"https:\/\/joieriadacla.com\/index.php\/product\/reloj-guess-mujer-gw0464l2-dorado\/","og_site_name":"Joieria Dacla","article_modified_time":"2025-10-06T17:46:00+00:00","og_image":[{"width":700,"height":700,"url":"https:\/\/joieriadacla.com\/wp-content\/uploads\/2025\/10\/2016593-1.jpg","type":"image\/jpeg"}],"twitter_card":"summary_large_image","twitter_misc":{"Tiempo de lectura":"1 minuto"},"schema":{"@context":"https:\/\/schema.org","@graph":[{"@type":"WebPage","@id":"https:\/\/joieriadacla.com\/index.php\/product\/reloj-guess-mujer-gw0464l2-dorado\/","url":"https:\/\/joieriadacla.com\/index.php\/product\/reloj-guess-mujer-gw0464l2-dorado\/","name":"Reloj Guess Mujer GW0464L2 Dorado - Joieria Dacla","isPartOf":{"@id":"https:\/\/joieriadacla.com\/#website"},"primaryImageOfPage":{"@id":"https:\/\/joieriadacla.com\/index.php\/product\/reloj-guess-mujer-gw0464l2-dorado\/#primaryimage"},"image":{"@id":"https:\/\/joieriadacla.com\/index.php\/product\/reloj-guess-mujer-gw0464l2-dorado\/#primaryimage"},"thumbnailUrl":"https:\/\/joieriadacla.com\/wp-content\/uploads\/2025\/10\/2016593-1.jpg","datePublished":"2025-10-06T17:20:26+00:00","dateModified":"2025-10-06T17:46:00+00:00","description":"Reloj Guess Mujer GW0464L2 Dorado. Caja de acero dorada troquelada con circonitas. Brazalete de acero dorado con circonitas al iniciar. Esfera dorada con circonitas. Multifunci\u00f3n calendario. Sumergible 30m. 3 a\u00f1os de garant\u00eda. Ref. GW0464L2","breadcrumb":{"@id":"https:\/\/joieriadacla.com\/index.php\/product\/reloj-guess-mujer-gw0464l2-dorado\/#breadcrumb"},"inLanguage":"es","potentialAction":[{"@type":"ReadAction","target":["https:\/\/joieriadacla.com\/index.php\/product\/reloj-guess-mujer-gw0464l2-dorado\/"]}]},{"@type":"ImageObject","inLanguage":"es","@id":"https:\/\/joieriadacla.com\/index.php\/product\/reloj-guess-mujer-gw0464l2-dorado\/#primaryimage","url":"https:\/\/joieriadacla.com\/wp-content\/uploads\/2025\/10\/2016593-1.jpg","contentUrl":"https:\/\/joieriadacla.com\/wp-content\/uploads\/2025\/10\/2016593-1.jpg","width":700,"height":700},{"@type":"BreadcrumbList","@id":"https:\/\/joieriadacla.com\/index.php\/product\/reloj-guess-mujer-gw0464l2-dorado\/#breadcrumb","itemListElement":[{"@type":"ListItem","position":1,"name":"Portada","item":"https:\/\/joieriadacla.com\/"},{"@type":"ListItem","position":2,"name":"Productos","item":"https:\/\/joieriadacla.com\/index.php\/shop\/"},{"@type":"ListItem","position":3,"name":"Reloj Guess Mujer GW0464L2 Dorado"}]},{"@type":"WebSite","@id":"https:\/\/joieriadacla.com\/#website","url":"https:\/\/joieriadacla.com\/","name":"Joieria Rellotgeria Dacla","description":"Joieria Dacla","publisher":{"@id":"https:\/\/joieriadacla.com\/#organization"},"potentialAction":[{"@type":"SearchAction","target":{"@type":"EntryPoint","urlTemplate":"https:\/\/joieriadacla.com\/?s={search_term_string}"},"query-input":{"@type":"PropertyValueSpecification","valueRequired":true,"valueName":"search_term_string"}}],"inLanguage":"es"},{"@type":"Organization","@id":"https:\/\/joieriadacla.com\/#organization","name":"Joieria Rellotgeria Dacla","url":"https:\/\/joieriadacla.com\/","logo":{"@type":"ImageObject","inLanguage":"es","@id":"https:\/\/joieriadacla.com\/#\/schema\/logo\/image\/","url":"https:\/\/joieriadacla.com\/wp-content\/uploads\/2022\/03\/LOGODACLA.png","contentUrl":"https:\/\/joieriadacla.com\/wp-content\/uploads\/2022\/03\/LOGODACLA.png","width":319,"height":228,"caption":"Joieria Rellotgeria Dacla"},"image":{"@id":"https:\/\/joieriadacla.com\/#\/schema\/logo\/image\/"},"sameAs":["https:\/\/www.instagram.com\/joieria.dacla\/?hl=es"]}]}},"_links":{"self":[{"href":"https:\/\/joieriadacla.com\/index.php\/wp-json\/wp\/v2\/product\/2489","targetHints":{"allow":["GET"]}}],"collection":[{"href":"https:\/\/joieriadacla.com\/index.php\/wp-json\/wp\/v2\/product"}],"about":[{"href":"https:\/\/joieriadacla.com\/index.php\/wp-json\/wp\/v2\/types\/product"}],"replies":[{"embeddable":true,"href":"https:\/\/joieriadacla.com\/index.php\/wp-json\/wp\/v2\/comments?post=2489"}],"wp:featuredmedia":[{"embeddable":true,"href":"https:\/\/joieriadacla.com\/index.php\/wp-json\/wp\/v2\/media\/2492"}],"wp:attachment":[{"href":"https:\/\/joieriadacla.com\/index.php\/wp-json\/wp\/v2\/media?parent=2489"}],"wp:term":[{"taxonomy":"product_brand","embeddable":true,"href":"https:\/\/joieriadacla.com\/index.php\/wp-json\/wp\/v2\/product_brand?post=2489"},{"taxonomy":"product_cat","embeddable":true,"href":"https:\/\/joieriadacla.com\/index.php\/wp-json\/wp\/v2\/product_cat?post=2489"},{"taxonomy":"product_tag","embeddable":true,"href":"https:\/\/joieriadacla.com\/index.php\/wp-json\/wp\/v2\/product_tag?post=2489"}],"curies":[{"name":"wp","href":"https:\/\/api.w.org\/{rel}","templated":true}]}}