{"id":2451,"date":"2025-01-29T12:59:23","date_gmt":"2025-01-29T12:59:23","guid":{"rendered":"https:\/\/joieriadacla.com\/?post_type=product&#038;p=2451"},"modified":"2025-10-06T17:38:39","modified_gmt":"2025-10-06T17:38:39","slug":"reloj-anillo-casio-crw-001-1er","status":"publish","type":"product","link":"https:\/\/joieriadacla.com\/index.php\/product\/reloj-anillo-casio-crw-001-1er\/","title":{"rendered":"Reloj Anillo Casio CRW-001-1ER"},"content":{"rendered":"<p>El CRW-001-1ER es un dispositivo multifuncional dise\u00f1ado para satisfacer todas tus necesidades tecnol\u00f3gicas. Con un elegante dise\u00f1o y caracter\u00edsticas innovadoras, este producto se convierte en un aliado perfecto para mejorar tu productividad y comodidad.<\/p>\n<p>Caracter\u00edsticas:<br \/>\n&#8211; Dise\u00f1o Compacto: Su tama\u00f1o reducido permite colocarlo en cualquier espacio sin ocupar mucho lugar.<br \/>\n&#8211; Funcionalidad M\u00faltiple: Combina varias funciones en un solo dispositivo, ahorrando tiempo y espacio.<br \/>\n&#8211; Conectividad Avanzada: Compatible con m\u00faltiples dispositivos, facilitando la conexi\u00f3n y el uso.<br \/>\n&#8211; F\u00e1cil de Usar: Interfaz intuitiva que permite un manejo sencillo, incluso para principiantes.<br \/>\n&#8211; Eficiencia Energ\u00e9tica: Dise\u00f1ado para consumir menos energ\u00eda, ayudando a cuidar el medio ambiente.<\/p>\n<p>\u00a1No te pierdas la oportunidad de tener el CRW-001-1 en tu hogar u oficina! Mejora tu experiencia tecnol\u00f3gica y disfruta de la comodidad que este dispositivo puede ofrecerte.<\/p>\n","protected":false},"excerpt":{"rendered":"<p>Celebramos los 50\u00a0a\u00f1os de Casio Watch con el regreso del primer reloj anillo de la historia. Un estilo totalmente nuevo de reloj digital, pr\u00e1ctico y divertido, gracias a su m\u00f3dulo en miniatura y a su tecnolog\u00eda metal\u00fargica de avanzada<\/p>\n","protected":false},"featured_media":2452,"comment_status":"closed","ping_status":"closed","template":"","meta":[],"product_brand":[],"product_cat":[41,47,57,79,38],"product_tag":[137,68,119,153],"class_list":{"0":"post-2451","1":"product","2":"type-product","3":"status-publish","4":"has-post-thumbnail","6":"product_cat-anillos","7":"product_cat-anillos-plata","8":"product_cat-casio","9":"product_cat-edicion-limitada","10":"product_cat-relojes","11":"product_tag-anillo","12":"product_tag-casio","13":"product_tag-reloj","14":"product_tag-relojanillo","16":"first","17":"instock","18":"taxable","19":"shipping-taxable","20":"purchasable","21":"product-type-simple"},"yoast_head":"<!-- This site is optimized with the Yoast SEO plugin v27.2 - https:\/\/yoast.com\/product\/yoast-seo-wordpress\/ -->\n<title>Reloj Anillo Casio CRW-001-1ER - Joieria Dacla<\/title>\n<meta name=\"description\" content=\"Celebramos los 50\u00a0a\u00f1os de Casio Watch con el regreso del primer reloj anillo de la historia. Un estilo totalmente nuevo de reloj digital, pr\u00e1ctico y divertido, gracias a su m\u00f3dulo en miniatura y a su tecnolog\u00eda metal\u00fargica de avanzada\" \/>\n<meta name=\"robots\" content=\"index, follow, max-snippet:-1, max-image-preview:large, max-video-preview:-1\" \/>\n<link rel=\"canonical\" href=\"https:\/\/joieriadacla.com\/index.php\/product\/reloj-anillo-casio-crw-001-1er\/\" \/>\n<meta property=\"og:locale\" content=\"es_ES\" \/>\n<meta property=\"og:type\" content=\"article\" \/>\n<meta property=\"og:title\" content=\"Reloj Anillo Casio CRW-001-1ER - Joieria Dacla\" \/>\n<meta property=\"og:description\" content=\"Celebramos los 50\u00a0a\u00f1os de Casio Watch con el regreso del primer reloj anillo de la historia. Un estilo totalmente nuevo de reloj digital, pr\u00e1ctico y divertido, gracias a su m\u00f3dulo en miniatura y a su tecnolog\u00eda metal\u00fargica de avanzada\" \/>\n<meta property=\"og:url\" content=\"https:\/\/joieriadacla.com\/index.php\/product\/reloj-anillo-casio-crw-001-1er\/\" \/>\n<meta property=\"og:site_name\" content=\"Joieria Dacla\" \/>\n<meta property=\"article:modified_time\" content=\"2025-10-06T17:38:39+00:00\" \/>\n<meta property=\"og:image\" content=\"https:\/\/joieriadacla.com\/wp-content\/uploads\/2025\/01\/Casio-CRW-001-1.jpg\" \/>\n\t<meta property=\"og:image:width\" content=\"1400\" \/>\n\t<meta property=\"og:image:height\" content=\"700\" \/>\n\t<meta property=\"og:image:type\" content=\"image\/jpeg\" \/>\n<meta name=\"twitter:card\" content=\"summary_large_image\" \/>\n<meta name=\"twitter:label1\" content=\"Tiempo de lectura\" \/>\n\t<meta name=\"twitter:data1\" content=\"1 minuto\" \/>\n<script type=\"application\/ld+json\" class=\"yoast-schema-graph\">{\"@context\":\"https:\/\/schema.org\",\"@graph\":[{\"@type\":\"WebPage\",\"@id\":\"https:\/\/joieriadacla.com\/index.php\/product\/reloj-anillo-casio-crw-001-1er\/\",\"url\":\"https:\/\/joieriadacla.com\/index.php\/product\/reloj-anillo-casio-crw-001-1er\/\",\"name\":\"Reloj Anillo Casio CRW-001-1ER - Joieria Dacla\",\"isPartOf\":{\"@id\":\"https:\/\/joieriadacla.com\/#website\"},\"primaryImageOfPage\":{\"@id\":\"https:\/\/joieriadacla.com\/index.php\/product\/reloj-anillo-casio-crw-001-1er\/#primaryimage\"},\"image\":{\"@id\":\"https:\/\/joieriadacla.com\/index.php\/product\/reloj-anillo-casio-crw-001-1er\/#primaryimage\"},\"thumbnailUrl\":\"https:\/\/joieriadacla.com\/wp-content\/uploads\/2025\/01\/Casio-CRW-001-1.jpg\",\"datePublished\":\"2025-01-29T12:59:23+00:00\",\"dateModified\":\"2025-10-06T17:38:39+00:00\",\"description\":\"Celebramos los 50\u00a0a\u00f1os de Casio Watch con el regreso del primer reloj anillo de la historia. Un estilo totalmente nuevo de reloj digital, pr\u00e1ctico y divertido, gracias a su m\u00f3dulo en miniatura y a su tecnolog\u00eda metal\u00fargica de avanzada\",\"breadcrumb\":{\"@id\":\"https:\/\/joieriadacla.com\/index.php\/product\/reloj-anillo-casio-crw-001-1er\/#breadcrumb\"},\"inLanguage\":\"es\",\"potentialAction\":[{\"@type\":\"ReadAction\",\"target\":[\"https:\/\/joieriadacla.com\/index.php\/product\/reloj-anillo-casio-crw-001-1er\/\"]}]},{\"@type\":\"ImageObject\",\"inLanguage\":\"es\",\"@id\":\"https:\/\/joieriadacla.com\/index.php\/product\/reloj-anillo-casio-crw-001-1er\/#primaryimage\",\"url\":\"https:\/\/joieriadacla.com\/wp-content\/uploads\/2025\/01\/Casio-CRW-001-1.jpg\",\"contentUrl\":\"https:\/\/joieriadacla.com\/wp-content\/uploads\/2025\/01\/Casio-CRW-001-1.jpg\",\"width\":1400,\"height\":700},{\"@type\":\"BreadcrumbList\",\"@id\":\"https:\/\/joieriadacla.com\/index.php\/product\/reloj-anillo-casio-crw-001-1er\/#breadcrumb\",\"itemListElement\":[{\"@type\":\"ListItem\",\"position\":1,\"name\":\"Portada\",\"item\":\"https:\/\/joieriadacla.com\/\"},{\"@type\":\"ListItem\",\"position\":2,\"name\":\"Productos\",\"item\":\"https:\/\/joieriadacla.com\/index.php\/shop\/\"},{\"@type\":\"ListItem\",\"position\":3,\"name\":\"Reloj Anillo Casio CRW-001-1ER\"}]},{\"@type\":\"WebSite\",\"@id\":\"https:\/\/joieriadacla.com\/#website\",\"url\":\"https:\/\/joieriadacla.com\/\",\"name\":\"Joieria Rellotgeria Dacla\",\"description\":\"Joieria Dacla\",\"publisher\":{\"@id\":\"https:\/\/joieriadacla.com\/#organization\"},\"potentialAction\":[{\"@type\":\"SearchAction\",\"target\":{\"@type\":\"EntryPoint\",\"urlTemplate\":\"https:\/\/joieriadacla.com\/?s={search_term_string}\"},\"query-input\":{\"@type\":\"PropertyValueSpecification\",\"valueRequired\":true,\"valueName\":\"search_term_string\"}}],\"inLanguage\":\"es\"},{\"@type\":\"Organization\",\"@id\":\"https:\/\/joieriadacla.com\/#organization\",\"name\":\"Joieria Rellotgeria Dacla\",\"url\":\"https:\/\/joieriadacla.com\/\",\"logo\":{\"@type\":\"ImageObject\",\"inLanguage\":\"es\",\"@id\":\"https:\/\/joieriadacla.com\/#\/schema\/logo\/image\/\",\"url\":\"https:\/\/joieriadacla.com\/wp-content\/uploads\/2022\/03\/LOGODACLA.png\",\"contentUrl\":\"https:\/\/joieriadacla.com\/wp-content\/uploads\/2022\/03\/LOGODACLA.png\",\"width\":319,\"height\":228,\"caption\":\"Joieria Rellotgeria Dacla\"},\"image\":{\"@id\":\"https:\/\/joieriadacla.com\/#\/schema\/logo\/image\/\"},\"sameAs\":[\"https:\/\/www.instagram.com\/joieria.dacla\/?hl=es\"]}]}<\/script>\n<!-- \/ Yoast SEO plugin. -->","yoast_head_json":{"title":"Reloj Anillo Casio CRW-001-1ER - Joieria Dacla","description":"Celebramos los 50\u00a0a\u00f1os de Casio Watch con el regreso del primer reloj anillo de la historia. Un estilo totalmente nuevo de reloj digital, pr\u00e1ctico y divertido, gracias a su m\u00f3dulo en miniatura y a su tecnolog\u00eda metal\u00fargica de avanzada","robots":{"index":"index","follow":"follow","max-snippet":"max-snippet:-1","max-image-preview":"max-image-preview:large","max-video-preview":"max-video-preview:-1"},"canonical":"https:\/\/joieriadacla.com\/index.php\/product\/reloj-anillo-casio-crw-001-1er\/","og_locale":"es_ES","og_type":"article","og_title":"Reloj Anillo Casio CRW-001-1ER - Joieria Dacla","og_description":"Celebramos los 50\u00a0a\u00f1os de Casio Watch con el regreso del primer reloj anillo de la historia. Un estilo totalmente nuevo de reloj digital, pr\u00e1ctico y divertido, gracias a su m\u00f3dulo en miniatura y a su tecnolog\u00eda metal\u00fargica de avanzada","og_url":"https:\/\/joieriadacla.com\/index.php\/product\/reloj-anillo-casio-crw-001-1er\/","og_site_name":"Joieria Dacla","article_modified_time":"2025-10-06T17:38:39+00:00","og_image":[{"width":1400,"height":700,"url":"https:\/\/joieriadacla.com\/wp-content\/uploads\/2025\/01\/Casio-CRW-001-1.jpg","type":"image\/jpeg"}],"twitter_card":"summary_large_image","twitter_misc":{"Tiempo de lectura":"1 minuto"},"schema":{"@context":"https:\/\/schema.org","@graph":[{"@type":"WebPage","@id":"https:\/\/joieriadacla.com\/index.php\/product\/reloj-anillo-casio-crw-001-1er\/","url":"https:\/\/joieriadacla.com\/index.php\/product\/reloj-anillo-casio-crw-001-1er\/","name":"Reloj Anillo Casio CRW-001-1ER - Joieria Dacla","isPartOf":{"@id":"https:\/\/joieriadacla.com\/#website"},"primaryImageOfPage":{"@id":"https:\/\/joieriadacla.com\/index.php\/product\/reloj-anillo-casio-crw-001-1er\/#primaryimage"},"image":{"@id":"https:\/\/joieriadacla.com\/index.php\/product\/reloj-anillo-casio-crw-001-1er\/#primaryimage"},"thumbnailUrl":"https:\/\/joieriadacla.com\/wp-content\/uploads\/2025\/01\/Casio-CRW-001-1.jpg","datePublished":"2025-01-29T12:59:23+00:00","dateModified":"2025-10-06T17:38:39+00:00","description":"Celebramos los 50\u00a0a\u00f1os de Casio Watch con el regreso del primer reloj anillo de la historia. Un estilo totalmente nuevo de reloj digital, pr\u00e1ctico y divertido, gracias a su m\u00f3dulo en miniatura y a su tecnolog\u00eda metal\u00fargica de avanzada","breadcrumb":{"@id":"https:\/\/joieriadacla.com\/index.php\/product\/reloj-anillo-casio-crw-001-1er\/#breadcrumb"},"inLanguage":"es","potentialAction":[{"@type":"ReadAction","target":["https:\/\/joieriadacla.com\/index.php\/product\/reloj-anillo-casio-crw-001-1er\/"]}]},{"@type":"ImageObject","inLanguage":"es","@id":"https:\/\/joieriadacla.com\/index.php\/product\/reloj-anillo-casio-crw-001-1er\/#primaryimage","url":"https:\/\/joieriadacla.com\/wp-content\/uploads\/2025\/01\/Casio-CRW-001-1.jpg","contentUrl":"https:\/\/joieriadacla.com\/wp-content\/uploads\/2025\/01\/Casio-CRW-001-1.jpg","width":1400,"height":700},{"@type":"BreadcrumbList","@id":"https:\/\/joieriadacla.com\/index.php\/product\/reloj-anillo-casio-crw-001-1er\/#breadcrumb","itemListElement":[{"@type":"ListItem","position":1,"name":"Portada","item":"https:\/\/joieriadacla.com\/"},{"@type":"ListItem","position":2,"name":"Productos","item":"https:\/\/joieriadacla.com\/index.php\/shop\/"},{"@type":"ListItem","position":3,"name":"Reloj Anillo Casio CRW-001-1ER"}]},{"@type":"WebSite","@id":"https:\/\/joieriadacla.com\/#website","url":"https:\/\/joieriadacla.com\/","name":"Joieria Rellotgeria Dacla","description":"Joieria Dacla","publisher":{"@id":"https:\/\/joieriadacla.com\/#organization"},"potentialAction":[{"@type":"SearchAction","target":{"@type":"EntryPoint","urlTemplate":"https:\/\/joieriadacla.com\/?s={search_term_string}"},"query-input":{"@type":"PropertyValueSpecification","valueRequired":true,"valueName":"search_term_string"}}],"inLanguage":"es"},{"@type":"Organization","@id":"https:\/\/joieriadacla.com\/#organization","name":"Joieria Rellotgeria Dacla","url":"https:\/\/joieriadacla.com\/","logo":{"@type":"ImageObject","inLanguage":"es","@id":"https:\/\/joieriadacla.com\/#\/schema\/logo\/image\/","url":"https:\/\/joieriadacla.com\/wp-content\/uploads\/2022\/03\/LOGODACLA.png","contentUrl":"https:\/\/joieriadacla.com\/wp-content\/uploads\/2022\/03\/LOGODACLA.png","width":319,"height":228,"caption":"Joieria Rellotgeria Dacla"},"image":{"@id":"https:\/\/joieriadacla.com\/#\/schema\/logo\/image\/"},"sameAs":["https:\/\/www.instagram.com\/joieria.dacla\/?hl=es"]}]}},"_links":{"self":[{"href":"https:\/\/joieriadacla.com\/index.php\/wp-json\/wp\/v2\/product\/2451","targetHints":{"allow":["GET"]}}],"collection":[{"href":"https:\/\/joieriadacla.com\/index.php\/wp-json\/wp\/v2\/product"}],"about":[{"href":"https:\/\/joieriadacla.com\/index.php\/wp-json\/wp\/v2\/types\/product"}],"replies":[{"embeddable":true,"href":"https:\/\/joieriadacla.com\/index.php\/wp-json\/wp\/v2\/comments?post=2451"}],"wp:featuredmedia":[{"embeddable":true,"href":"https:\/\/joieriadacla.com\/index.php\/wp-json\/wp\/v2\/media\/2452"}],"wp:attachment":[{"href":"https:\/\/joieriadacla.com\/index.php\/wp-json\/wp\/v2\/media?parent=2451"}],"wp:term":[{"taxonomy":"product_brand","embeddable":true,"href":"https:\/\/joieriadacla.com\/index.php\/wp-json\/wp\/v2\/product_brand?post=2451"},{"taxonomy":"product_cat","embeddable":true,"href":"https:\/\/joieriadacla.com\/index.php\/wp-json\/wp\/v2\/product_cat?post=2451"},{"taxonomy":"product_tag","embeddable":true,"href":"https:\/\/joieriadacla.com\/index.php\/wp-json\/wp\/v2\/product_tag?post=2451"}],"curies":[{"name":"wp","href":"https:\/\/api.w.org\/{rel}","templated":true}]}}