{"id":2362,"date":"2024-09-24T17:45:11","date_gmt":"2024-09-24T17:45:11","guid":{"rendered":"https:\/\/joieriadacla.com\/?post_type=product&#038;p=2362"},"modified":"2024-09-24T17:55:54","modified_gmt":"2024-09-24T17:55:54","slug":"reloj-casio-g-shock-ga-2100-2a2","status":"publish","type":"product","link":"https:\/\/joieriadacla.com\/index.php\/product\/reloj-casio-g-shock-ga-2100-2a2\/","title":{"rendered":"Reloj Casio G-shock GA-2100-2A2"},"content":{"rendered":"<h3>Funciones del reloj<\/h3>\n<h3 class=\"p-product_detail-spec-accordion__header is-open\"><span style=\"font-family: inherit; font-size: 24px; font-style: inherit; font-weight: inherit;\">Hora mundial<\/span><\/h3>\n<div class=\"p-product_detail-spec-accordion__panel p-product_detail-spec-accordion__panel--hidden\" data-cmp-hook-accordion=\"panel\" aria-hidden=\"false\">\n<div class=\"p-product_detail-spec-accordion__panel-inner\">\n<div class=\"p-product_detail-spec-accordion__panel-item\">\n<div class=\"p-product_detail-spec-accordion__panel-item-cont\">Hora mundial 31 zonas horarias (48 ciudades + UTC) y activaci\u00f3n\/desactivaci\u00f3n del horario de verano<\/div>\n<\/div>\n<div class=\"p-product_detail-spec-accordion__panel-item\">\n<div class=\"p-product_detail-spec-accordion__panel-item-ttl\">\n<h4>Cron\u00f3metro<\/h4>\n<\/div>\n<div class=\"p-product_detail-spec-accordion__panel-item-cont\">Cron\u00f3metro de 1\/100 segundos Capacidad de medici\u00f3n: 00&#8217;00&#8243;00~59&#8217;59&#8243;99 (durante los primeros 60 minutos) 1:00&#8217;00~23:59&#8217;59 (despu\u00e9s de 60 minutos) Unidad de medici\u00f3n: 1\/100 segundos (durante los primeros 60 minutos) 1 segundo (despu\u00e9s de 60 minutos) Modos de medici\u00f3n: Tiempo transcurrido, fracci\u00f3n de tiempo y tiempo del primer y segundo puesto<\/div>\n<\/div>\n<div class=\"p-product_detail-spec-accordion__panel-item\">\n<div class=\"p-product_detail-spec-accordion__panel-item-ttl\">\n<h4>Temporizador<\/h4>\n<\/div>\n<div class=\"p-product_detail-spec-accordion__panel-item-cont\">Temporizador de cuenta atr\u00e1s Unidad de medici\u00f3n: 1\u00a0segundo Intervalo de cuenta atr\u00e1s: 24\u00a0horas Rango de ajuste de la hora de inicio de la cuenta atr\u00e1s: Entre 1 segundo y 24 horas (incrementos de 1 segundo, de 1 minuto y de 1 hora)<\/div>\n<\/div>\n<div class=\"p-product_detail-spec-accordion__panel-item\">\n<div class=\"p-product_detail-spec-accordion__panel-item-ttl\">\n<h4>Alarma \/ se\u00f1al de hora<\/h4>\n<\/div>\n<div class=\"p-product_detail-spec-accordion__panel-item-cont\">5 alarmas diarias<\/div>\n<div class=\"p-product_detail-spec-accordion__panel-item-cont\">Se\u00f1al de hora<\/div>\n<\/div>\n<div class=\"p-product_detail-spec-accordion__panel-item\">\n<div class=\"p-product_detail-spec-accordion__panel-item-ttl\">\n<h4>Iluminaci\u00f3n<\/h4>\n<\/div>\n<div class=\"p-product_detail-spec-accordion__panel-item-cont\">Luz LED doble Luz LED para la esfera (superiluminador, duraci\u00f3n de iluminaci\u00f3n seleccionable (1,5 o 3 segundos) y luminosidad) Luz LED para la pantalla digital (superiluminador, duraci\u00f3n de iluminaci\u00f3n seleccionable (1,5 o 3 segundos) y luminosidad)<\/div>\n<\/div>\n<div class=\"p-product_detail-spec-accordion__panel-item\">\n<div class=\"p-product_detail-spec-accordion__panel-item-ttl\">\n<h4>Color claro<\/h4>\n<\/div>\n<div class=\"p-product_detail-spec-accordion__panel-item-cont\">LED: blanco<\/div>\n<\/div>\n<div class=\"p-product_detail-spec-accordion__panel-item\">\n<div class=\"p-product_detail-spec-accordion__panel-item-ttl\">\n<h4>Calendario<\/h4>\n<\/div>\n<div class=\"p-product_detail-spec-accordion__panel-item-cont\">Calendario autom\u00e1tico completo (hasta el a\u00f1o 2099)<\/div>\n<\/div>\n<div class=\"p-product_detail-spec-accordion__panel-item\">\n<div class=\"p-product_detail-spec-accordion__panel-item-ttl\">\n<h4>Funci\u00f3n de silencio<\/h4>\n<\/div>\n<div class=\"p-product_detail-spec-accordion__panel-item-cont\">Activaci\u00f3n o desactivaci\u00f3n del tono de pulsaci\u00f3n de bot\u00f3n<\/div>\n<\/div>\n<div class=\"p-product_detail-spec-accordion__panel-item\">\n<div class=\"p-product_detail-spec-accordion__panel-item-ttl\">\n<h4>Precisi\u00f3n<\/h4>\n<\/div>\n<div class=\"p-product_detail-spec-accordion__panel-item-cont\">Precisi\u00f3n: \u00b115 segundos al mes<\/div>\n<\/div>\n<div class=\"p-product_detail-spec-accordion__panel-item\">\n<div class=\"p-product_detail-spec-accordion__panel-item-ttl\">\n<h4>Otras opciones<\/h4>\n<\/div>\n<div class=\"p-product_detail-spec-accordion__panel-item-cont\">Formato de 12 y 24 horas<\/div>\n<div class=\"p-product_detail-spec-accordion__panel-item-cont\">Funci\u00f3n de cambio de manecilla (las manecillas se desplazan para que quede despejada la vista del contenido de la pantalla digital).<\/div>\n<div class=\"p-product_detail-spec-accordion__panel-item-cont\">Indicaci\u00f3n de la hora normal: Anal\u00f3gica: 2 manecillas (hora y minutos [la manecilla se mueve cada 20 segundos]), 1 dial (d\u00eda) Digital: Hora, minutos, segundos, p.m., mes y fecha<\/div>\n<\/div>\n<\/div>\n<\/div>\n","protected":false},"excerpt":{"rendered":"<p>Le presentamos los G-SHOCK Tone-on-Tone: relojes con una est\u00e9tica monocrom\u00e1tica trabajados hasta el m\u00e1s m\u00ednimo detalle. El GA-2100 luce su forma ic\u00f3nica en un estilo monocrom\u00e1tico, disponible en tres colores: azul turquesa, blanco y amarillo voltio. La caja, el bisel e incluso los componentes de la esfera est\u00e1n acabados en tonos del mismo color sutilmente diferentes para aportarle un aspecto monocrom\u00e1tico que cuenta con una profundidad y dimensi\u00f3n sorprendentes. Estos coloridos relojes son un gran accesorio para tus looks m\u00e1s urbanos.<\/p>\n","protected":false},"featured_media":2365,"comment_status":"closed","ping_status":"closed","template":"","meta":[],"product_brand":[],"product_cat":[43,38],"product_tag":[68,148,71,119],"class_list":{"0":"post-2362","1":"product","2":"type-product","3":"status-publish","4":"has-post-thumbnail","6":"product_cat-g-shock","7":"product_cat-relojes","8":"product_tag-casio","9":"product_tag-ga-2100-2a2","10":"product_tag-gshock","11":"product_tag-reloj","13":"first","14":"instock","15":"taxable","16":"shipping-taxable","17":"purchasable","18":"product-type-simple"},"yoast_head":"<!-- This site is optimized with the Yoast SEO plugin v27.2 - https:\/\/yoast.com\/product\/yoast-seo-wordpress\/ -->\n<title>Reloj Casio G-shock GA-2100-2A2 - Joieria Dacla<\/title>\n<meta name=\"description\" content=\"Le presentamos los G-SHOCK Tone-on-Tone: relojes con una est\u00e9tica monocrom\u00e1tica trabajados hasta el m\u00e1s m\u00ednimo detalle. El GA-2100 luce su forma ic\u00f3nica en un estilo monocrom\u00e1tico, disponible en tres colores: azul turquesa, blanco y amarillo voltio.\" \/>\n<meta name=\"robots\" content=\"index, follow, max-snippet:-1, max-image-preview:large, max-video-preview:-1\" \/>\n<link rel=\"canonical\" href=\"https:\/\/joieriadacla.com\/index.php\/product\/reloj-casio-g-shock-ga-2100-2a2\/\" \/>\n<meta property=\"og:locale\" content=\"es_ES\" \/>\n<meta property=\"og:type\" content=\"article\" \/>\n<meta property=\"og:title\" content=\"Reloj Casio G-shock GA-2100-2A2 - Joieria Dacla\" \/>\n<meta property=\"og:description\" content=\"Le presentamos los G-SHOCK Tone-on-Tone: relojes con una est\u00e9tica monocrom\u00e1tica trabajados hasta el m\u00e1s m\u00ednimo detalle. El GA-2100 luce su forma ic\u00f3nica en un estilo monocrom\u00e1tico, disponible en tres colores: azul turquesa, blanco y amarillo voltio.\" \/>\n<meta property=\"og:url\" content=\"https:\/\/joieriadacla.com\/index.php\/product\/reloj-casio-g-shock-ga-2100-2a2\/\" \/>\n<meta property=\"og:site_name\" content=\"Joieria Dacla\" \/>\n<meta property=\"article:modified_time\" content=\"2024-09-24T17:55:54+00:00\" \/>\n<meta property=\"og:image\" content=\"https:\/\/joieriadacla.com\/wp-content\/uploads\/2024\/09\/GA-2100-2A2ER_OR01_web.png\" \/>\n\t<meta property=\"og:image:width\" content=\"972\" \/>\n\t<meta property=\"og:image:height\" content=\"1100\" \/>\n\t<meta property=\"og:image:type\" content=\"image\/png\" \/>\n<meta name=\"twitter:card\" content=\"summary_large_image\" \/>\n<meta name=\"twitter:label1\" content=\"Tiempo de lectura\" \/>\n\t<meta name=\"twitter:data1\" content=\"2 minutos\" \/>\n<script type=\"application\/ld+json\" class=\"yoast-schema-graph\">{\"@context\":\"https:\/\/schema.org\",\"@graph\":[{\"@type\":\"WebPage\",\"@id\":\"https:\/\/joieriadacla.com\/index.php\/product\/reloj-casio-g-shock-ga-2100-2a2\/\",\"url\":\"https:\/\/joieriadacla.com\/index.php\/product\/reloj-casio-g-shock-ga-2100-2a2\/\",\"name\":\"Reloj Casio G-shock GA-2100-2A2 - Joieria Dacla\",\"isPartOf\":{\"@id\":\"https:\/\/joieriadacla.com\/#website\"},\"primaryImageOfPage\":{\"@id\":\"https:\/\/joieriadacla.com\/index.php\/product\/reloj-casio-g-shock-ga-2100-2a2\/#primaryimage\"},\"image\":{\"@id\":\"https:\/\/joieriadacla.com\/index.php\/product\/reloj-casio-g-shock-ga-2100-2a2\/#primaryimage\"},\"thumbnailUrl\":\"https:\/\/joieriadacla.com\/wp-content\/uploads\/2024\/09\/GA-2100-2A2ER_OR01_web.png\",\"datePublished\":\"2024-09-24T17:45:11+00:00\",\"dateModified\":\"2024-09-24T17:55:54+00:00\",\"description\":\"Le presentamos los G-SHOCK Tone-on-Tone: relojes con una est\u00e9tica monocrom\u00e1tica trabajados hasta el m\u00e1s m\u00ednimo detalle. El GA-2100 luce su forma ic\u00f3nica en un estilo monocrom\u00e1tico, disponible en tres colores: azul turquesa, blanco y amarillo voltio.\",\"breadcrumb\":{\"@id\":\"https:\/\/joieriadacla.com\/index.php\/product\/reloj-casio-g-shock-ga-2100-2a2\/#breadcrumb\"},\"inLanguage\":\"es\",\"potentialAction\":[{\"@type\":\"ReadAction\",\"target\":[\"https:\/\/joieriadacla.com\/index.php\/product\/reloj-casio-g-shock-ga-2100-2a2\/\"]}]},{\"@type\":\"ImageObject\",\"inLanguage\":\"es\",\"@id\":\"https:\/\/joieriadacla.com\/index.php\/product\/reloj-casio-g-shock-ga-2100-2a2\/#primaryimage\",\"url\":\"https:\/\/joieriadacla.com\/wp-content\/uploads\/2024\/09\/GA-2100-2A2ER_OR01_web.png\",\"contentUrl\":\"https:\/\/joieriadacla.com\/wp-content\/uploads\/2024\/09\/GA-2100-2A2ER_OR01_web.png\",\"width\":972,\"height\":1100},{\"@type\":\"BreadcrumbList\",\"@id\":\"https:\/\/joieriadacla.com\/index.php\/product\/reloj-casio-g-shock-ga-2100-2a2\/#breadcrumb\",\"itemListElement\":[{\"@type\":\"ListItem\",\"position\":1,\"name\":\"Portada\",\"item\":\"https:\/\/joieriadacla.com\/\"},{\"@type\":\"ListItem\",\"position\":2,\"name\":\"Productos\",\"item\":\"https:\/\/joieriadacla.com\/index.php\/shop\/\"},{\"@type\":\"ListItem\",\"position\":3,\"name\":\"Reloj Casio G-shock GA-2100-2A2\"}]},{\"@type\":\"WebSite\",\"@id\":\"https:\/\/joieriadacla.com\/#website\",\"url\":\"https:\/\/joieriadacla.com\/\",\"name\":\"Joieria Rellotgeria Dacla\",\"description\":\"Joieria Dacla\",\"publisher\":{\"@id\":\"https:\/\/joieriadacla.com\/#organization\"},\"potentialAction\":[{\"@type\":\"SearchAction\",\"target\":{\"@type\":\"EntryPoint\",\"urlTemplate\":\"https:\/\/joieriadacla.com\/?s={search_term_string}\"},\"query-input\":{\"@type\":\"PropertyValueSpecification\",\"valueRequired\":true,\"valueName\":\"search_term_string\"}}],\"inLanguage\":\"es\"},{\"@type\":\"Organization\",\"@id\":\"https:\/\/joieriadacla.com\/#organization\",\"name\":\"Joieria Rellotgeria Dacla\",\"url\":\"https:\/\/joieriadacla.com\/\",\"logo\":{\"@type\":\"ImageObject\",\"inLanguage\":\"es\",\"@id\":\"https:\/\/joieriadacla.com\/#\/schema\/logo\/image\/\",\"url\":\"https:\/\/joieriadacla.com\/wp-content\/uploads\/2022\/03\/LOGODACLA.png\",\"contentUrl\":\"https:\/\/joieriadacla.com\/wp-content\/uploads\/2022\/03\/LOGODACLA.png\",\"width\":319,\"height\":228,\"caption\":\"Joieria Rellotgeria Dacla\"},\"image\":{\"@id\":\"https:\/\/joieriadacla.com\/#\/schema\/logo\/image\/\"},\"sameAs\":[\"https:\/\/www.instagram.com\/joieria.dacla\/?hl=es\"]}]}<\/script>\n<!-- \/ Yoast SEO plugin. -->","yoast_head_json":{"title":"Reloj Casio G-shock GA-2100-2A2 - Joieria Dacla","description":"Le presentamos los G-SHOCK Tone-on-Tone: relojes con una est\u00e9tica monocrom\u00e1tica trabajados hasta el m\u00e1s m\u00ednimo detalle. El GA-2100 luce su forma ic\u00f3nica en un estilo monocrom\u00e1tico, disponible en tres colores: azul turquesa, blanco y amarillo voltio.","robots":{"index":"index","follow":"follow","max-snippet":"max-snippet:-1","max-image-preview":"max-image-preview:large","max-video-preview":"max-video-preview:-1"},"canonical":"https:\/\/joieriadacla.com\/index.php\/product\/reloj-casio-g-shock-ga-2100-2a2\/","og_locale":"es_ES","og_type":"article","og_title":"Reloj Casio G-shock GA-2100-2A2 - Joieria Dacla","og_description":"Le presentamos los G-SHOCK Tone-on-Tone: relojes con una est\u00e9tica monocrom\u00e1tica trabajados hasta el m\u00e1s m\u00ednimo detalle. El GA-2100 luce su forma ic\u00f3nica en un estilo monocrom\u00e1tico, disponible en tres colores: azul turquesa, blanco y amarillo voltio.","og_url":"https:\/\/joieriadacla.com\/index.php\/product\/reloj-casio-g-shock-ga-2100-2a2\/","og_site_name":"Joieria Dacla","article_modified_time":"2024-09-24T17:55:54+00:00","og_image":[{"width":972,"height":1100,"url":"https:\/\/joieriadacla.com\/wp-content\/uploads\/2024\/09\/GA-2100-2A2ER_OR01_web.png","type":"image\/png"}],"twitter_card":"summary_large_image","twitter_misc":{"Tiempo de lectura":"2 minutos"},"schema":{"@context":"https:\/\/schema.org","@graph":[{"@type":"WebPage","@id":"https:\/\/joieriadacla.com\/index.php\/product\/reloj-casio-g-shock-ga-2100-2a2\/","url":"https:\/\/joieriadacla.com\/index.php\/product\/reloj-casio-g-shock-ga-2100-2a2\/","name":"Reloj Casio G-shock GA-2100-2A2 - Joieria Dacla","isPartOf":{"@id":"https:\/\/joieriadacla.com\/#website"},"primaryImageOfPage":{"@id":"https:\/\/joieriadacla.com\/index.php\/product\/reloj-casio-g-shock-ga-2100-2a2\/#primaryimage"},"image":{"@id":"https:\/\/joieriadacla.com\/index.php\/product\/reloj-casio-g-shock-ga-2100-2a2\/#primaryimage"},"thumbnailUrl":"https:\/\/joieriadacla.com\/wp-content\/uploads\/2024\/09\/GA-2100-2A2ER_OR01_web.png","datePublished":"2024-09-24T17:45:11+00:00","dateModified":"2024-09-24T17:55:54+00:00","description":"Le presentamos los G-SHOCK Tone-on-Tone: relojes con una est\u00e9tica monocrom\u00e1tica trabajados hasta el m\u00e1s m\u00ednimo detalle. El GA-2100 luce su forma ic\u00f3nica en un estilo monocrom\u00e1tico, disponible en tres colores: azul turquesa, blanco y amarillo voltio.","breadcrumb":{"@id":"https:\/\/joieriadacla.com\/index.php\/product\/reloj-casio-g-shock-ga-2100-2a2\/#breadcrumb"},"inLanguage":"es","potentialAction":[{"@type":"ReadAction","target":["https:\/\/joieriadacla.com\/index.php\/product\/reloj-casio-g-shock-ga-2100-2a2\/"]}]},{"@type":"ImageObject","inLanguage":"es","@id":"https:\/\/joieriadacla.com\/index.php\/product\/reloj-casio-g-shock-ga-2100-2a2\/#primaryimage","url":"https:\/\/joieriadacla.com\/wp-content\/uploads\/2024\/09\/GA-2100-2A2ER_OR01_web.png","contentUrl":"https:\/\/joieriadacla.com\/wp-content\/uploads\/2024\/09\/GA-2100-2A2ER_OR01_web.png","width":972,"height":1100},{"@type":"BreadcrumbList","@id":"https:\/\/joieriadacla.com\/index.php\/product\/reloj-casio-g-shock-ga-2100-2a2\/#breadcrumb","itemListElement":[{"@type":"ListItem","position":1,"name":"Portada","item":"https:\/\/joieriadacla.com\/"},{"@type":"ListItem","position":2,"name":"Productos","item":"https:\/\/joieriadacla.com\/index.php\/shop\/"},{"@type":"ListItem","position":3,"name":"Reloj Casio G-shock GA-2100-2A2"}]},{"@type":"WebSite","@id":"https:\/\/joieriadacla.com\/#website","url":"https:\/\/joieriadacla.com\/","name":"Joieria Rellotgeria Dacla","description":"Joieria Dacla","publisher":{"@id":"https:\/\/joieriadacla.com\/#organization"},"potentialAction":[{"@type":"SearchAction","target":{"@type":"EntryPoint","urlTemplate":"https:\/\/joieriadacla.com\/?s={search_term_string}"},"query-input":{"@type":"PropertyValueSpecification","valueRequired":true,"valueName":"search_term_string"}}],"inLanguage":"es"},{"@type":"Organization","@id":"https:\/\/joieriadacla.com\/#organization","name":"Joieria Rellotgeria Dacla","url":"https:\/\/joieriadacla.com\/","logo":{"@type":"ImageObject","inLanguage":"es","@id":"https:\/\/joieriadacla.com\/#\/schema\/logo\/image\/","url":"https:\/\/joieriadacla.com\/wp-content\/uploads\/2022\/03\/LOGODACLA.png","contentUrl":"https:\/\/joieriadacla.com\/wp-content\/uploads\/2022\/03\/LOGODACLA.png","width":319,"height":228,"caption":"Joieria Rellotgeria Dacla"},"image":{"@id":"https:\/\/joieriadacla.com\/#\/schema\/logo\/image\/"},"sameAs":["https:\/\/www.instagram.com\/joieria.dacla\/?hl=es"]}]}},"_links":{"self":[{"href":"https:\/\/joieriadacla.com\/index.php\/wp-json\/wp\/v2\/product\/2362","targetHints":{"allow":["GET"]}}],"collection":[{"href":"https:\/\/joieriadacla.com\/index.php\/wp-json\/wp\/v2\/product"}],"about":[{"href":"https:\/\/joieriadacla.com\/index.php\/wp-json\/wp\/v2\/types\/product"}],"replies":[{"embeddable":true,"href":"https:\/\/joieriadacla.com\/index.php\/wp-json\/wp\/v2\/comments?post=2362"}],"wp:featuredmedia":[{"embeddable":true,"href":"https:\/\/joieriadacla.com\/index.php\/wp-json\/wp\/v2\/media\/2365"}],"wp:attachment":[{"href":"https:\/\/joieriadacla.com\/index.php\/wp-json\/wp\/v2\/media?parent=2362"}],"wp:term":[{"taxonomy":"product_brand","embeddable":true,"href":"https:\/\/joieriadacla.com\/index.php\/wp-json\/wp\/v2\/product_brand?post=2362"},{"taxonomy":"product_cat","embeddable":true,"href":"https:\/\/joieriadacla.com\/index.php\/wp-json\/wp\/v2\/product_cat?post=2362"},{"taxonomy":"product_tag","embeddable":true,"href":"https:\/\/joieriadacla.com\/index.php\/wp-json\/wp\/v2\/product_tag?post=2362"}],"curies":[{"name":"wp","href":"https:\/\/api.w.org\/{rel}","templated":true}]}}