{"id":2208,"date":"2024-02-01T18:36:41","date_gmt":"2024-02-01T18:36:41","guid":{"rendered":"https:\/\/joieriadacla.com\/?post_type=product&#038;p=2208"},"modified":"2024-02-01T18:51:08","modified_gmt":"2024-02-01T18:51:08","slug":"pendientes-moissanite-diamond","status":"publish","type":"product","link":"https:\/\/joieriadacla.com\/index.php\/product\/pendientes-moissanite-diamond\/","title":{"rendered":"Pendientes Moissanite Diamond"},"content":{"rendered":"<p>\u00b7 5mm \u2013 0,50 carat \u2013 Round Brilliant.<br \/>\n\u00b7 Plata de ley con capa de rodio y paladio.<br \/>\n\u00b7 Certificado GRA con un n\u00famero ID de identificaci\u00f3n de la piedra \u00fanico.<br \/>\n\u00b7 Garant\u00eda Brizzling Jewels.<br \/>\n\u00b7 Caja para guardar tu joya de Brizzling.<\/p>\n","protected":false},"excerpt":{"rendered":"<p>\u00b7 5mm \u2013 0,50 carat \u2013 Round Brilliant.<br \/>\n\u00b7 Plata de ley con capa de rodio y paladio.<br \/>\n\u00b7 Certificado GRA con un n\u00famero ID de identificaci\u00f3n de la piedra \u00fanico.<br \/>\n\u00b7 Garant\u00eda Brizzling Jewels.<br \/>\n\u00b7 Caja para guardar tu joya de Brizzling.<\/p>\n","protected":false},"featured_media":2212,"comment_status":"closed","ping_status":"closed","template":"","meta":[],"product_brand":[],"product_cat":[77,39,49],"product_tag":[],"class_list":{"0":"post-2208","1":"product","2":"type-product","3":"status-publish","4":"has-post-thumbnail","6":"product_cat-joyas","7":"product_cat-pendientes","8":"product_cat-pendientes-plata","10":"first","11":"instock","12":"taxable","13":"shipping-taxable","14":"purchasable","15":"product-type-simple"},"yoast_head":"<!-- This site is optimized with the Yoast SEO plugin v27.2 - https:\/\/yoast.com\/product\/yoast-seo-wordpress\/ -->\n<title>Pendientes Moissanite Diamond - Joieria Dacla<\/title>\n<meta name=\"description\" content=\"\u00b7 5mm \u2013 0,50 carat \u2013 Round Brilliant.\u00b7 Plata de ley con capa de rodio y paladio.\u00b7 Certificado GRA con un n\u00famero ID de identificaci\u00f3n de la piedra \u00fanico.\u00b7 Garant\u00eda Brizzling Jewels.\u00b7 Caja para guardar tu joya de Brizzling.\" \/>\n<meta name=\"robots\" content=\"index, follow, max-snippet:-1, max-image-preview:large, max-video-preview:-1\" \/>\n<link rel=\"canonical\" href=\"https:\/\/joieriadacla.com\/index.php\/product\/pendientes-moissanite-diamond\/\" \/>\n<meta property=\"og:locale\" content=\"es_ES\" \/>\n<meta property=\"og:type\" content=\"article\" \/>\n<meta property=\"og:title\" content=\"Pendientes Moissanite Diamond - Joieria Dacla\" \/>\n<meta property=\"og:description\" content=\"\u00b7 5mm \u2013 0,50 carat \u2013 Round Brilliant.\u00b7 Plata de ley con capa de rodio y paladio.\u00b7 Certificado GRA con un n\u00famero ID de identificaci\u00f3n de la piedra \u00fanico.\u00b7 Garant\u00eda Brizzling Jewels.\u00b7 Caja para guardar tu joya de Brizzling.\" \/>\n<meta property=\"og:url\" content=\"https:\/\/joieriadacla.com\/index.php\/product\/pendientes-moissanite-diamond\/\" \/>\n<meta property=\"og:site_name\" content=\"Joieria Dacla\" \/>\n<meta property=\"article:modified_time\" content=\"2024-02-01T18:51:08+00:00\" \/>\n<meta property=\"og:image\" content=\"https:\/\/joieriadacla.com\/wp-content\/uploads\/2024\/02\/BME013-scaled-1-e1706812807468.jpg\" \/>\n\t<meta property=\"og:image:width\" content=\"2470\" \/>\n\t<meta property=\"og:image:height\" content=\"1900\" \/>\n\t<meta property=\"og:image:type\" content=\"image\/jpeg\" \/>\n<meta name=\"twitter:card\" content=\"summary_large_image\" \/>\n<meta name=\"twitter:label1\" content=\"Tiempo de lectura\" \/>\n\t<meta name=\"twitter:data1\" content=\"1 minuto\" \/>\n<script type=\"application\/ld+json\" class=\"yoast-schema-graph\">{\"@context\":\"https:\/\/schema.org\",\"@graph\":[{\"@type\":\"WebPage\",\"@id\":\"https:\/\/joieriadacla.com\/index.php\/product\/pendientes-moissanite-diamond\/\",\"url\":\"https:\/\/joieriadacla.com\/index.php\/product\/pendientes-moissanite-diamond\/\",\"name\":\"Pendientes Moissanite Diamond - Joieria Dacla\",\"isPartOf\":{\"@id\":\"https:\/\/joieriadacla.com\/#website\"},\"primaryImageOfPage\":{\"@id\":\"https:\/\/joieriadacla.com\/index.php\/product\/pendientes-moissanite-diamond\/#primaryimage\"},\"image\":{\"@id\":\"https:\/\/joieriadacla.com\/index.php\/product\/pendientes-moissanite-diamond\/#primaryimage\"},\"thumbnailUrl\":\"https:\/\/joieriadacla.com\/wp-content\/uploads\/2024\/02\/BME013-scaled-1-e1706812807468.jpg\",\"datePublished\":\"2024-02-01T18:36:41+00:00\",\"dateModified\":\"2024-02-01T18:51:08+00:00\",\"description\":\"\u00b7 5mm \u2013 0,50 carat \u2013 Round Brilliant.\u00b7 Plata de ley con capa de rodio y paladio.\u00b7 Certificado GRA con un n\u00famero ID de identificaci\u00f3n de la piedra \u00fanico.\u00b7 Garant\u00eda Brizzling Jewels.\u00b7 Caja para guardar tu joya de Brizzling.\",\"breadcrumb\":{\"@id\":\"https:\/\/joieriadacla.com\/index.php\/product\/pendientes-moissanite-diamond\/#breadcrumb\"},\"inLanguage\":\"es\",\"potentialAction\":[{\"@type\":\"ReadAction\",\"target\":[\"https:\/\/joieriadacla.com\/index.php\/product\/pendientes-moissanite-diamond\/\"]}]},{\"@type\":\"ImageObject\",\"inLanguage\":\"es\",\"@id\":\"https:\/\/joieriadacla.com\/index.php\/product\/pendientes-moissanite-diamond\/#primaryimage\",\"url\":\"https:\/\/joieriadacla.com\/wp-content\/uploads\/2024\/02\/BME013-scaled-1-e1706812807468.jpg\",\"contentUrl\":\"https:\/\/joieriadacla.com\/wp-content\/uploads\/2024\/02\/BME013-scaled-1-e1706812807468.jpg\",\"width\":2470,\"height\":1900},{\"@type\":\"BreadcrumbList\",\"@id\":\"https:\/\/joieriadacla.com\/index.php\/product\/pendientes-moissanite-diamond\/#breadcrumb\",\"itemListElement\":[{\"@type\":\"ListItem\",\"position\":1,\"name\":\"Portada\",\"item\":\"https:\/\/joieriadacla.com\/\"},{\"@type\":\"ListItem\",\"position\":2,\"name\":\"Productos\",\"item\":\"https:\/\/joieriadacla.com\/index.php\/shop\/\"},{\"@type\":\"ListItem\",\"position\":3,\"name\":\"Pendientes Moissanite Diamond\"}]},{\"@type\":\"WebSite\",\"@id\":\"https:\/\/joieriadacla.com\/#website\",\"url\":\"https:\/\/joieriadacla.com\/\",\"name\":\"Joieria Rellotgeria Dacla\",\"description\":\"Joieria Dacla\",\"publisher\":{\"@id\":\"https:\/\/joieriadacla.com\/#organization\"},\"potentialAction\":[{\"@type\":\"SearchAction\",\"target\":{\"@type\":\"EntryPoint\",\"urlTemplate\":\"https:\/\/joieriadacla.com\/?s={search_term_string}\"},\"query-input\":{\"@type\":\"PropertyValueSpecification\",\"valueRequired\":true,\"valueName\":\"search_term_string\"}}],\"inLanguage\":\"es\"},{\"@type\":\"Organization\",\"@id\":\"https:\/\/joieriadacla.com\/#organization\",\"name\":\"Joieria Rellotgeria Dacla\",\"url\":\"https:\/\/joieriadacla.com\/\",\"logo\":{\"@type\":\"ImageObject\",\"inLanguage\":\"es\",\"@id\":\"https:\/\/joieriadacla.com\/#\/schema\/logo\/image\/\",\"url\":\"https:\/\/joieriadacla.com\/wp-content\/uploads\/2022\/03\/LOGODACLA.png\",\"contentUrl\":\"https:\/\/joieriadacla.com\/wp-content\/uploads\/2022\/03\/LOGODACLA.png\",\"width\":319,\"height\":228,\"caption\":\"Joieria Rellotgeria Dacla\"},\"image\":{\"@id\":\"https:\/\/joieriadacla.com\/#\/schema\/logo\/image\/\"},\"sameAs\":[\"https:\/\/www.instagram.com\/joieria.dacla\/?hl=es\"]}]}<\/script>\n<!-- \/ Yoast SEO plugin. -->","yoast_head_json":{"title":"Pendientes Moissanite Diamond - Joieria Dacla","description":"\u00b7 5mm \u2013 0,50 carat \u2013 Round Brilliant.\u00b7 Plata de ley con capa de rodio y paladio.\u00b7 Certificado GRA con un n\u00famero ID de identificaci\u00f3n de la piedra \u00fanico.\u00b7 Garant\u00eda Brizzling Jewels.\u00b7 Caja para guardar tu joya de Brizzling.","robots":{"index":"index","follow":"follow","max-snippet":"max-snippet:-1","max-image-preview":"max-image-preview:large","max-video-preview":"max-video-preview:-1"},"canonical":"https:\/\/joieriadacla.com\/index.php\/product\/pendientes-moissanite-diamond\/","og_locale":"es_ES","og_type":"article","og_title":"Pendientes Moissanite Diamond - Joieria Dacla","og_description":"\u00b7 5mm \u2013 0,50 carat \u2013 Round Brilliant.\u00b7 Plata de ley con capa de rodio y paladio.\u00b7 Certificado GRA con un n\u00famero ID de identificaci\u00f3n de la piedra \u00fanico.\u00b7 Garant\u00eda Brizzling Jewels.\u00b7 Caja para guardar tu joya de Brizzling.","og_url":"https:\/\/joieriadacla.com\/index.php\/product\/pendientes-moissanite-diamond\/","og_site_name":"Joieria Dacla","article_modified_time":"2024-02-01T18:51:08+00:00","og_image":[{"width":2470,"height":1900,"url":"https:\/\/joieriadacla.com\/wp-content\/uploads\/2024\/02\/BME013-scaled-1-e1706812807468.jpg","type":"image\/jpeg"}],"twitter_card":"summary_large_image","twitter_misc":{"Tiempo de lectura":"1 minuto"},"schema":{"@context":"https:\/\/schema.org","@graph":[{"@type":"WebPage","@id":"https:\/\/joieriadacla.com\/index.php\/product\/pendientes-moissanite-diamond\/","url":"https:\/\/joieriadacla.com\/index.php\/product\/pendientes-moissanite-diamond\/","name":"Pendientes Moissanite Diamond - Joieria Dacla","isPartOf":{"@id":"https:\/\/joieriadacla.com\/#website"},"primaryImageOfPage":{"@id":"https:\/\/joieriadacla.com\/index.php\/product\/pendientes-moissanite-diamond\/#primaryimage"},"image":{"@id":"https:\/\/joieriadacla.com\/index.php\/product\/pendientes-moissanite-diamond\/#primaryimage"},"thumbnailUrl":"https:\/\/joieriadacla.com\/wp-content\/uploads\/2024\/02\/BME013-scaled-1-e1706812807468.jpg","datePublished":"2024-02-01T18:36:41+00:00","dateModified":"2024-02-01T18:51:08+00:00","description":"\u00b7 5mm \u2013 0,50 carat \u2013 Round Brilliant.\u00b7 Plata de ley con capa de rodio y paladio.\u00b7 Certificado GRA con un n\u00famero ID de identificaci\u00f3n de la piedra \u00fanico.\u00b7 Garant\u00eda Brizzling Jewels.\u00b7 Caja para guardar tu joya de Brizzling.","breadcrumb":{"@id":"https:\/\/joieriadacla.com\/index.php\/product\/pendientes-moissanite-diamond\/#breadcrumb"},"inLanguage":"es","potentialAction":[{"@type":"ReadAction","target":["https:\/\/joieriadacla.com\/index.php\/product\/pendientes-moissanite-diamond\/"]}]},{"@type":"ImageObject","inLanguage":"es","@id":"https:\/\/joieriadacla.com\/index.php\/product\/pendientes-moissanite-diamond\/#primaryimage","url":"https:\/\/joieriadacla.com\/wp-content\/uploads\/2024\/02\/BME013-scaled-1-e1706812807468.jpg","contentUrl":"https:\/\/joieriadacla.com\/wp-content\/uploads\/2024\/02\/BME013-scaled-1-e1706812807468.jpg","width":2470,"height":1900},{"@type":"BreadcrumbList","@id":"https:\/\/joieriadacla.com\/index.php\/product\/pendientes-moissanite-diamond\/#breadcrumb","itemListElement":[{"@type":"ListItem","position":1,"name":"Portada","item":"https:\/\/joieriadacla.com\/"},{"@type":"ListItem","position":2,"name":"Productos","item":"https:\/\/joieriadacla.com\/index.php\/shop\/"},{"@type":"ListItem","position":3,"name":"Pendientes Moissanite Diamond"}]},{"@type":"WebSite","@id":"https:\/\/joieriadacla.com\/#website","url":"https:\/\/joieriadacla.com\/","name":"Joieria Rellotgeria Dacla","description":"Joieria Dacla","publisher":{"@id":"https:\/\/joieriadacla.com\/#organization"},"potentialAction":[{"@type":"SearchAction","target":{"@type":"EntryPoint","urlTemplate":"https:\/\/joieriadacla.com\/?s={search_term_string}"},"query-input":{"@type":"PropertyValueSpecification","valueRequired":true,"valueName":"search_term_string"}}],"inLanguage":"es"},{"@type":"Organization","@id":"https:\/\/joieriadacla.com\/#organization","name":"Joieria Rellotgeria Dacla","url":"https:\/\/joieriadacla.com\/","logo":{"@type":"ImageObject","inLanguage":"es","@id":"https:\/\/joieriadacla.com\/#\/schema\/logo\/image\/","url":"https:\/\/joieriadacla.com\/wp-content\/uploads\/2022\/03\/LOGODACLA.png","contentUrl":"https:\/\/joieriadacla.com\/wp-content\/uploads\/2022\/03\/LOGODACLA.png","width":319,"height":228,"caption":"Joieria Rellotgeria Dacla"},"image":{"@id":"https:\/\/joieriadacla.com\/#\/schema\/logo\/image\/"},"sameAs":["https:\/\/www.instagram.com\/joieria.dacla\/?hl=es"]}]}},"_links":{"self":[{"href":"https:\/\/joieriadacla.com\/index.php\/wp-json\/wp\/v2\/product\/2208","targetHints":{"allow":["GET"]}}],"collection":[{"href":"https:\/\/joieriadacla.com\/index.php\/wp-json\/wp\/v2\/product"}],"about":[{"href":"https:\/\/joieriadacla.com\/index.php\/wp-json\/wp\/v2\/types\/product"}],"replies":[{"embeddable":true,"href":"https:\/\/joieriadacla.com\/index.php\/wp-json\/wp\/v2\/comments?post=2208"}],"wp:featuredmedia":[{"embeddable":true,"href":"https:\/\/joieriadacla.com\/index.php\/wp-json\/wp\/v2\/media\/2212"}],"wp:attachment":[{"href":"https:\/\/joieriadacla.com\/index.php\/wp-json\/wp\/v2\/media?parent=2208"}],"wp:term":[{"taxonomy":"product_brand","embeddable":true,"href":"https:\/\/joieriadacla.com\/index.php\/wp-json\/wp\/v2\/product_brand?post=2208"},{"taxonomy":"product_cat","embeddable":true,"href":"https:\/\/joieriadacla.com\/index.php\/wp-json\/wp\/v2\/product_cat?post=2208"},{"taxonomy":"product_tag","embeddable":true,"href":"https:\/\/joieriadacla.com\/index.php\/wp-json\/wp\/v2\/product_tag?post=2208"}],"curies":[{"name":"wp","href":"https:\/\/api.w.org\/{rel}","templated":true}]}}