{"id":2173,"date":"2024-02-01T17:37:06","date_gmt":"2024-02-01T17:37:06","guid":{"rendered":"https:\/\/joieriadacla.com\/?post_type=product&#038;p=2173"},"modified":"2024-02-01T17:41:06","modified_gmt":"2024-02-01T17:41:06","slug":"anillo-moissanite-colors-scarlett","status":"publish","type":"product","link":"https:\/\/joieriadacla.com\/index.php\/product\/anillo-moissanite-colors-scarlett\/","title":{"rendered":"Anillo Moissanite Colors Scarlett"},"content":{"rendered":"<p>\u00b7 6,5mm \u2013 1 Carat \u2013 Round Brilliant.<br \/>\n\u00b7 Plata de ley con capa de rodio y paladio.<br \/>\n\u00b7 Certificado GRA con un n\u00famero ID de identificaci\u00f3n de la piedra \u00fanico.<br \/>\n\u00b7 Garant\u00eda Brizzling Jewels.<br \/>\n\u00b7 Caja para guardar tu joya de Brizzling<\/p>\n","protected":false},"excerpt":{"rendered":"<p>\u00b7 6,5mm \u2013 1 Carat \u2013 Round Brilliant.<br \/>\n\u00b7 Plata de ley con capa de rodio y paladio.<br \/>\n\u00b7 Certificado GRA con un n\u00famero ID de identificaci\u00f3n de la piedra \u00fanico.<br \/>\n\u00b7 Garant\u00eda Brizzling Jewels.<br \/>\n\u00b7 Caja para guardar tu joya de Brizzling<\/p>\n","protected":false},"featured_media":2174,"comment_status":"closed","ping_status":"closed","template":"","meta":[],"product_brand":[],"product_cat":[41,47,77],"product_tag":[137,138,140,139],"class_list":{"0":"post-2173","1":"product","2":"type-product","3":"status-publish","4":"has-post-thumbnail","6":"product_cat-anillos","7":"product_cat-anillos-plata","8":"product_cat-joyas","9":"product_tag-anillo","10":"product_tag-brillante","11":"product_tag-brizzling","12":"product_tag-corazon","14":"first","15":"instock","16":"taxable","17":"shipping-taxable","18":"purchasable","19":"product-type-simple"},"yoast_head":"<!-- This site is optimized with the Yoast SEO plugin v27.2 - https:\/\/yoast.com\/product\/yoast-seo-wordpress\/ -->\n<title>Anillo Moissanite Colors Scarlett - Joieria Dacla<\/title>\n<meta name=\"description\" content=\"Plata de ley con capa de rodio y paladio.\u00b7 Certificado GRA con un n\u00famero ID de identificaci\u00f3n de la piedra \u00fanico.\u00b7 Garant\u00eda Brizzling Jewels.\u00b7 Caja para guardar tu joya de Brizzling\" \/>\n<meta name=\"robots\" content=\"index, follow, max-snippet:-1, max-image-preview:large, max-video-preview:-1\" \/>\n<link rel=\"canonical\" href=\"https:\/\/joieriadacla.com\/index.php\/product\/anillo-moissanite-colors-scarlett\/\" \/>\n<meta property=\"og:locale\" content=\"es_ES\" \/>\n<meta property=\"og:type\" content=\"article\" \/>\n<meta property=\"og:title\" content=\"Anillo Moissanite Colors Scarlett - Joieria Dacla\" \/>\n<meta property=\"og:description\" content=\"Plata de ley con capa de rodio y paladio.\u00b7 Certificado GRA con un n\u00famero ID de identificaci\u00f3n de la piedra \u00fanico.\u00b7 Garant\u00eda Brizzling Jewels.\u00b7 Caja para guardar tu joya de Brizzling\" \/>\n<meta property=\"og:url\" content=\"https:\/\/joieriadacla.com\/index.php\/product\/anillo-moissanite-colors-scarlett\/\" \/>\n<meta property=\"og:site_name\" content=\"Joieria Dacla\" \/>\n<meta property=\"article:modified_time\" content=\"2024-02-01T17:41:06+00:00\" \/>\n<meta property=\"og:image\" content=\"https:\/\/joieriadacla.com\/wp-content\/uploads\/2024\/02\/BMR020-R-scaled-1.jpg\" \/>\n\t<meta property=\"og:image:width\" content=\"2560\" \/>\n\t<meta property=\"og:image:height\" content=\"1969\" \/>\n\t<meta property=\"og:image:type\" content=\"image\/jpeg\" \/>\n<meta name=\"twitter:card\" content=\"summary_large_image\" \/>\n<meta name=\"twitter:label1\" content=\"Tiempo de lectura\" \/>\n\t<meta name=\"twitter:data1\" content=\"1 minuto\" \/>\n<script type=\"application\/ld+json\" class=\"yoast-schema-graph\">{\"@context\":\"https:\/\/schema.org\",\"@graph\":[{\"@type\":\"WebPage\",\"@id\":\"https:\/\/joieriadacla.com\/index.php\/product\/anillo-moissanite-colors-scarlett\/\",\"url\":\"https:\/\/joieriadacla.com\/index.php\/product\/anillo-moissanite-colors-scarlett\/\",\"name\":\"Anillo Moissanite Colors Scarlett - Joieria Dacla\",\"isPartOf\":{\"@id\":\"https:\/\/joieriadacla.com\/#website\"},\"primaryImageOfPage\":{\"@id\":\"https:\/\/joieriadacla.com\/index.php\/product\/anillo-moissanite-colors-scarlett\/#primaryimage\"},\"image\":{\"@id\":\"https:\/\/joieriadacla.com\/index.php\/product\/anillo-moissanite-colors-scarlett\/#primaryimage\"},\"thumbnailUrl\":\"https:\/\/joieriadacla.com\/wp-content\/uploads\/2024\/02\/BMR020-R-scaled-1.jpg\",\"datePublished\":\"2024-02-01T17:37:06+00:00\",\"dateModified\":\"2024-02-01T17:41:06+00:00\",\"description\":\"Plata de ley con capa de rodio y paladio.\u00b7 Certificado GRA con un n\u00famero ID de identificaci\u00f3n de la piedra \u00fanico.\u00b7 Garant\u00eda Brizzling Jewels.\u00b7 Caja para guardar tu joya de Brizzling\",\"breadcrumb\":{\"@id\":\"https:\/\/joieriadacla.com\/index.php\/product\/anillo-moissanite-colors-scarlett\/#breadcrumb\"},\"inLanguage\":\"es\",\"potentialAction\":[{\"@type\":\"ReadAction\",\"target\":[\"https:\/\/joieriadacla.com\/index.php\/product\/anillo-moissanite-colors-scarlett\/\"]}]},{\"@type\":\"ImageObject\",\"inLanguage\":\"es\",\"@id\":\"https:\/\/joieriadacla.com\/index.php\/product\/anillo-moissanite-colors-scarlett\/#primaryimage\",\"url\":\"https:\/\/joieriadacla.com\/wp-content\/uploads\/2024\/02\/BMR020-R-scaled-1.jpg\",\"contentUrl\":\"https:\/\/joieriadacla.com\/wp-content\/uploads\/2024\/02\/BMR020-R-scaled-1.jpg\",\"width\":2560,\"height\":1969},{\"@type\":\"BreadcrumbList\",\"@id\":\"https:\/\/joieriadacla.com\/index.php\/product\/anillo-moissanite-colors-scarlett\/#breadcrumb\",\"itemListElement\":[{\"@type\":\"ListItem\",\"position\":1,\"name\":\"Portada\",\"item\":\"https:\/\/joieriadacla.com\/\"},{\"@type\":\"ListItem\",\"position\":2,\"name\":\"Productos\",\"item\":\"https:\/\/joieriadacla.com\/index.php\/shop\/\"},{\"@type\":\"ListItem\",\"position\":3,\"name\":\"Anillo Moissanite Colors Scarlett\"}]},{\"@type\":\"WebSite\",\"@id\":\"https:\/\/joieriadacla.com\/#website\",\"url\":\"https:\/\/joieriadacla.com\/\",\"name\":\"Joieria Rellotgeria Dacla\",\"description\":\"Joieria Dacla\",\"publisher\":{\"@id\":\"https:\/\/joieriadacla.com\/#organization\"},\"potentialAction\":[{\"@type\":\"SearchAction\",\"target\":{\"@type\":\"EntryPoint\",\"urlTemplate\":\"https:\/\/joieriadacla.com\/?s={search_term_string}\"},\"query-input\":{\"@type\":\"PropertyValueSpecification\",\"valueRequired\":true,\"valueName\":\"search_term_string\"}}],\"inLanguage\":\"es\"},{\"@type\":\"Organization\",\"@id\":\"https:\/\/joieriadacla.com\/#organization\",\"name\":\"Joieria Rellotgeria Dacla\",\"url\":\"https:\/\/joieriadacla.com\/\",\"logo\":{\"@type\":\"ImageObject\",\"inLanguage\":\"es\",\"@id\":\"https:\/\/joieriadacla.com\/#\/schema\/logo\/image\/\",\"url\":\"https:\/\/joieriadacla.com\/wp-content\/uploads\/2022\/03\/LOGODACLA.png\",\"contentUrl\":\"https:\/\/joieriadacla.com\/wp-content\/uploads\/2022\/03\/LOGODACLA.png\",\"width\":319,\"height\":228,\"caption\":\"Joieria Rellotgeria Dacla\"},\"image\":{\"@id\":\"https:\/\/joieriadacla.com\/#\/schema\/logo\/image\/\"},\"sameAs\":[\"https:\/\/www.instagram.com\/joieria.dacla\/?hl=es\"]}]}<\/script>\n<!-- \/ Yoast SEO plugin. -->","yoast_head_json":{"title":"Anillo Moissanite Colors Scarlett - Joieria Dacla","description":"Plata de ley con capa de rodio y paladio.\u00b7 Certificado GRA con un n\u00famero ID de identificaci\u00f3n de la piedra \u00fanico.\u00b7 Garant\u00eda Brizzling Jewels.\u00b7 Caja para guardar tu joya de Brizzling","robots":{"index":"index","follow":"follow","max-snippet":"max-snippet:-1","max-image-preview":"max-image-preview:large","max-video-preview":"max-video-preview:-1"},"canonical":"https:\/\/joieriadacla.com\/index.php\/product\/anillo-moissanite-colors-scarlett\/","og_locale":"es_ES","og_type":"article","og_title":"Anillo Moissanite Colors Scarlett - Joieria Dacla","og_description":"Plata de ley con capa de rodio y paladio.\u00b7 Certificado GRA con un n\u00famero ID de identificaci\u00f3n de la piedra \u00fanico.\u00b7 Garant\u00eda Brizzling Jewels.\u00b7 Caja para guardar tu joya de Brizzling","og_url":"https:\/\/joieriadacla.com\/index.php\/product\/anillo-moissanite-colors-scarlett\/","og_site_name":"Joieria Dacla","article_modified_time":"2024-02-01T17:41:06+00:00","og_image":[{"width":2560,"height":1969,"url":"https:\/\/joieriadacla.com\/wp-content\/uploads\/2024\/02\/BMR020-R-scaled-1.jpg","type":"image\/jpeg"}],"twitter_card":"summary_large_image","twitter_misc":{"Tiempo de lectura":"1 minuto"},"schema":{"@context":"https:\/\/schema.org","@graph":[{"@type":"WebPage","@id":"https:\/\/joieriadacla.com\/index.php\/product\/anillo-moissanite-colors-scarlett\/","url":"https:\/\/joieriadacla.com\/index.php\/product\/anillo-moissanite-colors-scarlett\/","name":"Anillo Moissanite Colors Scarlett - Joieria Dacla","isPartOf":{"@id":"https:\/\/joieriadacla.com\/#website"},"primaryImageOfPage":{"@id":"https:\/\/joieriadacla.com\/index.php\/product\/anillo-moissanite-colors-scarlett\/#primaryimage"},"image":{"@id":"https:\/\/joieriadacla.com\/index.php\/product\/anillo-moissanite-colors-scarlett\/#primaryimage"},"thumbnailUrl":"https:\/\/joieriadacla.com\/wp-content\/uploads\/2024\/02\/BMR020-R-scaled-1.jpg","datePublished":"2024-02-01T17:37:06+00:00","dateModified":"2024-02-01T17:41:06+00:00","description":"Plata de ley con capa de rodio y paladio.\u00b7 Certificado GRA con un n\u00famero ID de identificaci\u00f3n de la piedra \u00fanico.\u00b7 Garant\u00eda Brizzling Jewels.\u00b7 Caja para guardar tu joya de Brizzling","breadcrumb":{"@id":"https:\/\/joieriadacla.com\/index.php\/product\/anillo-moissanite-colors-scarlett\/#breadcrumb"},"inLanguage":"es","potentialAction":[{"@type":"ReadAction","target":["https:\/\/joieriadacla.com\/index.php\/product\/anillo-moissanite-colors-scarlett\/"]}]},{"@type":"ImageObject","inLanguage":"es","@id":"https:\/\/joieriadacla.com\/index.php\/product\/anillo-moissanite-colors-scarlett\/#primaryimage","url":"https:\/\/joieriadacla.com\/wp-content\/uploads\/2024\/02\/BMR020-R-scaled-1.jpg","contentUrl":"https:\/\/joieriadacla.com\/wp-content\/uploads\/2024\/02\/BMR020-R-scaled-1.jpg","width":2560,"height":1969},{"@type":"BreadcrumbList","@id":"https:\/\/joieriadacla.com\/index.php\/product\/anillo-moissanite-colors-scarlett\/#breadcrumb","itemListElement":[{"@type":"ListItem","position":1,"name":"Portada","item":"https:\/\/joieriadacla.com\/"},{"@type":"ListItem","position":2,"name":"Productos","item":"https:\/\/joieriadacla.com\/index.php\/shop\/"},{"@type":"ListItem","position":3,"name":"Anillo Moissanite Colors Scarlett"}]},{"@type":"WebSite","@id":"https:\/\/joieriadacla.com\/#website","url":"https:\/\/joieriadacla.com\/","name":"Joieria Rellotgeria Dacla","description":"Joieria Dacla","publisher":{"@id":"https:\/\/joieriadacla.com\/#organization"},"potentialAction":[{"@type":"SearchAction","target":{"@type":"EntryPoint","urlTemplate":"https:\/\/joieriadacla.com\/?s={search_term_string}"},"query-input":{"@type":"PropertyValueSpecification","valueRequired":true,"valueName":"search_term_string"}}],"inLanguage":"es"},{"@type":"Organization","@id":"https:\/\/joieriadacla.com\/#organization","name":"Joieria Rellotgeria Dacla","url":"https:\/\/joieriadacla.com\/","logo":{"@type":"ImageObject","inLanguage":"es","@id":"https:\/\/joieriadacla.com\/#\/schema\/logo\/image\/","url":"https:\/\/joieriadacla.com\/wp-content\/uploads\/2022\/03\/LOGODACLA.png","contentUrl":"https:\/\/joieriadacla.com\/wp-content\/uploads\/2022\/03\/LOGODACLA.png","width":319,"height":228,"caption":"Joieria Rellotgeria Dacla"},"image":{"@id":"https:\/\/joieriadacla.com\/#\/schema\/logo\/image\/"},"sameAs":["https:\/\/www.instagram.com\/joieria.dacla\/?hl=es"]}]}},"_links":{"self":[{"href":"https:\/\/joieriadacla.com\/index.php\/wp-json\/wp\/v2\/product\/2173","targetHints":{"allow":["GET"]}}],"collection":[{"href":"https:\/\/joieriadacla.com\/index.php\/wp-json\/wp\/v2\/product"}],"about":[{"href":"https:\/\/joieriadacla.com\/index.php\/wp-json\/wp\/v2\/types\/product"}],"replies":[{"embeddable":true,"href":"https:\/\/joieriadacla.com\/index.php\/wp-json\/wp\/v2\/comments?post=2173"}],"wp:featuredmedia":[{"embeddable":true,"href":"https:\/\/joieriadacla.com\/index.php\/wp-json\/wp\/v2\/media\/2174"}],"wp:attachment":[{"href":"https:\/\/joieriadacla.com\/index.php\/wp-json\/wp\/v2\/media?parent=2173"}],"wp:term":[{"taxonomy":"product_brand","embeddable":true,"href":"https:\/\/joieriadacla.com\/index.php\/wp-json\/wp\/v2\/product_brand?post=2173"},{"taxonomy":"product_cat","embeddable":true,"href":"https:\/\/joieriadacla.com\/index.php\/wp-json\/wp\/v2\/product_cat?post=2173"},{"taxonomy":"product_tag","embeddable":true,"href":"https:\/\/joieriadacla.com\/index.php\/wp-json\/wp\/v2\/product_tag?post=2173"}],"curies":[{"name":"wp","href":"https:\/\/api.w.org\/{rel}","templated":true}]}}