{"id":2081,"date":"2023-11-29T18:13:08","date_gmt":"2023-11-29T18:13:08","guid":{"rendered":"https:\/\/joieriadacla.com\/?post_type=product&#038;p=2081"},"modified":"2024-10-23T16:58:53","modified_gmt":"2024-10-23T16:58:53","slug":"guess-phoenix-azul-gw0203g7","status":"publish","type":"product","link":"https:\/\/joieriadacla.com\/index.php\/product\/guess-phoenix-azul-gw0203g7\/","title":{"rendered":"Reloj Guess PHOENIX AZUL GW0203G7"},"content":{"rendered":"<p>Funci\u00f3n:\u00a0multifunci\u00f3n<\/p>\n<p>Material de la Caja:\u00a0policarbonato<\/p>\n<p>Color de la caja:\u00a0azul<\/p>\n<p>Tratamiento de la caja:\u00a0mate<\/p>\n<p>Tama\u00f1o de la Caja:\u00a043 mm<\/p>\n<p>Grosor de la Caja (mm):\u00a010,4 mm<\/p>\n<p>Color de la Esfera: azul<\/p>\n<p>Material del cristal: Mineral<\/p>\n<p>Tipo de Pulsera:\u00a0correa<\/p>\n<p>Material de la Pulsera: silicona<\/p>\n<p>Color de la pulsera:\u00a0azul<\/p>\n<p>Tipo de Cierre:\u00a0hebilla<\/p>\n<p>Tipo de Movimiento: Cuarzo, Anal\u00f3gico<\/p>\n<p>Impermeabilidad:\u00a05 ATM<\/p>\n<p>Garant\u00eda (A\u00f1os): 2<\/p>\n","protected":false},"excerpt":{"rendered":"<p>El reloj para\u00a0<span class=\"attrib-low\">hombres<\/span>\u00a0Guess GW0203G7 es un compa\u00f1ero deportivo de la serie de modelos Phoenix Hombres 45mm. Una elecci\u00f3n perfecta si buscas un reloj con un aspecto v\u00edvido.<\/p>\n<p>El reloj de pulsera tiene una carcasa de azul, hecha de\u00a0<span class=\"attrib-low\">acero inoxidable<\/span>, que se ve como un verdadero punto de atracci\u00f3n gracias a la superficie\u00a0<span class=\"attrib-low\">pulido<\/span>.<\/p>\n","protected":false},"featured_media":2082,"comment_status":"closed","ping_status":"closed","template":"","meta":[],"product_brand":[],"product_cat":[56,38],"product_tag":[131,128,132,130,119],"class_list":{"0":"post-2081","1":"product","2":"type-product","3":"status-publish","4":"has-post-thumbnail","6":"product_cat-guess","7":"product_cat-relojes","8":"product_tag-azul","9":"product_tag-guess","10":"product_tag-gw0203g7","11":"product_tag-phoenix","12":"product_tag-reloj","14":"first","15":"outofstock","16":"sale","17":"taxable","18":"shipping-taxable","19":"purchasable","20":"product-type-simple"},"yoast_head":"<!-- This site is optimized with the Yoast SEO plugin v27.2 - https:\/\/yoast.com\/product\/yoast-seo-wordpress\/ -->\n<title>Reloj Guess PHOENIX AZUL GW0203G7 - Joieria Dacla<\/title>\n<meta name=\"description\" content=\"El reloj para hombres Guess GW0203G7 es un compa\u00f1ero deportivo de la serie de modelos Phoenix Hombres 45mm. Una elecci\u00f3n perfecta si buscas un reloj con un aspecto v\u00edvido.El reloj de pulsera tiene una carcasa de azul, hecha de acero inoxidable, que se ve como un verdadero punto de atracci\u00f3n gracias a la superficie pulido.\" \/>\n<meta name=\"robots\" content=\"index, follow, max-snippet:-1, max-image-preview:large, max-video-preview:-1\" \/>\n<link rel=\"canonical\" href=\"https:\/\/joieriadacla.com\/index.php\/product\/guess-phoenix-azul-gw0203g7\/\" \/>\n<meta property=\"og:locale\" content=\"es_ES\" \/>\n<meta property=\"og:type\" content=\"article\" \/>\n<meta property=\"og:title\" content=\"Reloj Guess PHOENIX AZUL GW0203G7 - Joieria Dacla\" \/>\n<meta property=\"og:description\" content=\"El reloj para hombres Guess GW0203G7 es un compa\u00f1ero deportivo de la serie de modelos Phoenix Hombres 45mm. Una elecci\u00f3n perfecta si buscas un reloj con un aspecto v\u00edvido.El reloj de pulsera tiene una carcasa de azul, hecha de acero inoxidable, que se ve como un verdadero punto de atracci\u00f3n gracias a la superficie pulido.\" \/>\n<meta property=\"og:url\" content=\"https:\/\/joieriadacla.com\/index.php\/product\/guess-phoenix-azul-gw0203g7\/\" \/>\n<meta property=\"og:site_name\" content=\"Joieria Dacla\" \/>\n<meta property=\"article:modified_time\" content=\"2024-10-23T16:58:53+00:00\" \/>\n<meta property=\"og:image\" content=\"https:\/\/joieriadacla.com\/wp-content\/uploads\/2023\/11\/GW0203G7.jpg-PH.jpg\" \/>\n\t<meta property=\"og:image:width\" content=\"900\" \/>\n\t<meta property=\"og:image:height\" content=\"900\" \/>\n\t<meta property=\"og:image:type\" content=\"image\/jpeg\" \/>\n<meta name=\"twitter:card\" content=\"summary_large_image\" \/>\n<meta name=\"twitter:label1\" content=\"Tiempo de lectura\" \/>\n\t<meta name=\"twitter:data1\" content=\"1 minuto\" \/>\n<script type=\"application\/ld+json\" class=\"yoast-schema-graph\">{\"@context\":\"https:\/\/schema.org\",\"@graph\":[{\"@type\":\"WebPage\",\"@id\":\"https:\/\/joieriadacla.com\/index.php\/product\/guess-phoenix-azul-gw0203g7\/\",\"url\":\"https:\/\/joieriadacla.com\/index.php\/product\/guess-phoenix-azul-gw0203g7\/\",\"name\":\"Reloj Guess PHOENIX AZUL GW0203G7 - Joieria Dacla\",\"isPartOf\":{\"@id\":\"https:\/\/joieriadacla.com\/#website\"},\"primaryImageOfPage\":{\"@id\":\"https:\/\/joieriadacla.com\/index.php\/product\/guess-phoenix-azul-gw0203g7\/#primaryimage\"},\"image\":{\"@id\":\"https:\/\/joieriadacla.com\/index.php\/product\/guess-phoenix-azul-gw0203g7\/#primaryimage\"},\"thumbnailUrl\":\"https:\/\/joieriadacla.com\/wp-content\/uploads\/2023\/11\/GW0203G7.jpg-PH.jpg\",\"datePublished\":\"2023-11-29T18:13:08+00:00\",\"dateModified\":\"2024-10-23T16:58:53+00:00\",\"description\":\"El reloj para hombres Guess GW0203G7 es un compa\u00f1ero deportivo de la serie de modelos Phoenix Hombres 45mm. Una elecci\u00f3n perfecta si buscas un reloj con un aspecto v\u00edvido.El reloj de pulsera tiene una carcasa de azul, hecha de acero inoxidable, que se ve como un verdadero punto de atracci\u00f3n gracias a la superficie pulido.\",\"breadcrumb\":{\"@id\":\"https:\/\/joieriadacla.com\/index.php\/product\/guess-phoenix-azul-gw0203g7\/#breadcrumb\"},\"inLanguage\":\"es\",\"potentialAction\":[{\"@type\":\"ReadAction\",\"target\":[\"https:\/\/joieriadacla.com\/index.php\/product\/guess-phoenix-azul-gw0203g7\/\"]}]},{\"@type\":\"ImageObject\",\"inLanguage\":\"es\",\"@id\":\"https:\/\/joieriadacla.com\/index.php\/product\/guess-phoenix-azul-gw0203g7\/#primaryimage\",\"url\":\"https:\/\/joieriadacla.com\/wp-content\/uploads\/2023\/11\/GW0203G7.jpg-PH.jpg\",\"contentUrl\":\"https:\/\/joieriadacla.com\/wp-content\/uploads\/2023\/11\/GW0203G7.jpg-PH.jpg\",\"width\":900,\"height\":900},{\"@type\":\"BreadcrumbList\",\"@id\":\"https:\/\/joieriadacla.com\/index.php\/product\/guess-phoenix-azul-gw0203g7\/#breadcrumb\",\"itemListElement\":[{\"@type\":\"ListItem\",\"position\":1,\"name\":\"Portada\",\"item\":\"https:\/\/joieriadacla.com\/\"},{\"@type\":\"ListItem\",\"position\":2,\"name\":\"Productos\",\"item\":\"https:\/\/joieriadacla.com\/index.php\/shop\/\"},{\"@type\":\"ListItem\",\"position\":3,\"name\":\"Reloj Guess PHOENIX AZUL GW0203G7\"}]},{\"@type\":\"WebSite\",\"@id\":\"https:\/\/joieriadacla.com\/#website\",\"url\":\"https:\/\/joieriadacla.com\/\",\"name\":\"Joieria Rellotgeria Dacla\",\"description\":\"Joieria Dacla\",\"publisher\":{\"@id\":\"https:\/\/joieriadacla.com\/#organization\"},\"potentialAction\":[{\"@type\":\"SearchAction\",\"target\":{\"@type\":\"EntryPoint\",\"urlTemplate\":\"https:\/\/joieriadacla.com\/?s={search_term_string}\"},\"query-input\":{\"@type\":\"PropertyValueSpecification\",\"valueRequired\":true,\"valueName\":\"search_term_string\"}}],\"inLanguage\":\"es\"},{\"@type\":\"Organization\",\"@id\":\"https:\/\/joieriadacla.com\/#organization\",\"name\":\"Joieria Rellotgeria Dacla\",\"url\":\"https:\/\/joieriadacla.com\/\",\"logo\":{\"@type\":\"ImageObject\",\"inLanguage\":\"es\",\"@id\":\"https:\/\/joieriadacla.com\/#\/schema\/logo\/image\/\",\"url\":\"https:\/\/joieriadacla.com\/wp-content\/uploads\/2022\/03\/LOGODACLA.png\",\"contentUrl\":\"https:\/\/joieriadacla.com\/wp-content\/uploads\/2022\/03\/LOGODACLA.png\",\"width\":319,\"height\":228,\"caption\":\"Joieria Rellotgeria Dacla\"},\"image\":{\"@id\":\"https:\/\/joieriadacla.com\/#\/schema\/logo\/image\/\"},\"sameAs\":[\"https:\/\/www.instagram.com\/joieria.dacla\/?hl=es\"]}]}<\/script>\n<!-- \/ Yoast SEO plugin. -->","yoast_head_json":{"title":"Reloj Guess PHOENIX AZUL GW0203G7 - Joieria Dacla","description":"El reloj para hombres Guess GW0203G7 es un compa\u00f1ero deportivo de la serie de modelos Phoenix Hombres 45mm. Una elecci\u00f3n perfecta si buscas un reloj con un aspecto v\u00edvido.El reloj de pulsera tiene una carcasa de azul, hecha de acero inoxidable, que se ve como un verdadero punto de atracci\u00f3n gracias a la superficie pulido.","robots":{"index":"index","follow":"follow","max-snippet":"max-snippet:-1","max-image-preview":"max-image-preview:large","max-video-preview":"max-video-preview:-1"},"canonical":"https:\/\/joieriadacla.com\/index.php\/product\/guess-phoenix-azul-gw0203g7\/","og_locale":"es_ES","og_type":"article","og_title":"Reloj Guess PHOENIX AZUL GW0203G7 - Joieria Dacla","og_description":"El reloj para hombres Guess GW0203G7 es un compa\u00f1ero deportivo de la serie de modelos Phoenix Hombres 45mm. Una elecci\u00f3n perfecta si buscas un reloj con un aspecto v\u00edvido.El reloj de pulsera tiene una carcasa de azul, hecha de acero inoxidable, que se ve como un verdadero punto de atracci\u00f3n gracias a la superficie pulido.","og_url":"https:\/\/joieriadacla.com\/index.php\/product\/guess-phoenix-azul-gw0203g7\/","og_site_name":"Joieria Dacla","article_modified_time":"2024-10-23T16:58:53+00:00","og_image":[{"width":900,"height":900,"url":"https:\/\/joieriadacla.com\/wp-content\/uploads\/2023\/11\/GW0203G7.jpg-PH.jpg","type":"image\/jpeg"}],"twitter_card":"summary_large_image","twitter_misc":{"Tiempo de lectura":"1 minuto"},"schema":{"@context":"https:\/\/schema.org","@graph":[{"@type":"WebPage","@id":"https:\/\/joieriadacla.com\/index.php\/product\/guess-phoenix-azul-gw0203g7\/","url":"https:\/\/joieriadacla.com\/index.php\/product\/guess-phoenix-azul-gw0203g7\/","name":"Reloj Guess PHOENIX AZUL GW0203G7 - Joieria Dacla","isPartOf":{"@id":"https:\/\/joieriadacla.com\/#website"},"primaryImageOfPage":{"@id":"https:\/\/joieriadacla.com\/index.php\/product\/guess-phoenix-azul-gw0203g7\/#primaryimage"},"image":{"@id":"https:\/\/joieriadacla.com\/index.php\/product\/guess-phoenix-azul-gw0203g7\/#primaryimage"},"thumbnailUrl":"https:\/\/joieriadacla.com\/wp-content\/uploads\/2023\/11\/GW0203G7.jpg-PH.jpg","datePublished":"2023-11-29T18:13:08+00:00","dateModified":"2024-10-23T16:58:53+00:00","description":"El reloj para hombres Guess GW0203G7 es un compa\u00f1ero deportivo de la serie de modelos Phoenix Hombres 45mm. Una elecci\u00f3n perfecta si buscas un reloj con un aspecto v\u00edvido.El reloj de pulsera tiene una carcasa de azul, hecha de acero inoxidable, que se ve como un verdadero punto de atracci\u00f3n gracias a la superficie pulido.","breadcrumb":{"@id":"https:\/\/joieriadacla.com\/index.php\/product\/guess-phoenix-azul-gw0203g7\/#breadcrumb"},"inLanguage":"es","potentialAction":[{"@type":"ReadAction","target":["https:\/\/joieriadacla.com\/index.php\/product\/guess-phoenix-azul-gw0203g7\/"]}]},{"@type":"ImageObject","inLanguage":"es","@id":"https:\/\/joieriadacla.com\/index.php\/product\/guess-phoenix-azul-gw0203g7\/#primaryimage","url":"https:\/\/joieriadacla.com\/wp-content\/uploads\/2023\/11\/GW0203G7.jpg-PH.jpg","contentUrl":"https:\/\/joieriadacla.com\/wp-content\/uploads\/2023\/11\/GW0203G7.jpg-PH.jpg","width":900,"height":900},{"@type":"BreadcrumbList","@id":"https:\/\/joieriadacla.com\/index.php\/product\/guess-phoenix-azul-gw0203g7\/#breadcrumb","itemListElement":[{"@type":"ListItem","position":1,"name":"Portada","item":"https:\/\/joieriadacla.com\/"},{"@type":"ListItem","position":2,"name":"Productos","item":"https:\/\/joieriadacla.com\/index.php\/shop\/"},{"@type":"ListItem","position":3,"name":"Reloj Guess PHOENIX AZUL GW0203G7"}]},{"@type":"WebSite","@id":"https:\/\/joieriadacla.com\/#website","url":"https:\/\/joieriadacla.com\/","name":"Joieria Rellotgeria Dacla","description":"Joieria Dacla","publisher":{"@id":"https:\/\/joieriadacla.com\/#organization"},"potentialAction":[{"@type":"SearchAction","target":{"@type":"EntryPoint","urlTemplate":"https:\/\/joieriadacla.com\/?s={search_term_string}"},"query-input":{"@type":"PropertyValueSpecification","valueRequired":true,"valueName":"search_term_string"}}],"inLanguage":"es"},{"@type":"Organization","@id":"https:\/\/joieriadacla.com\/#organization","name":"Joieria Rellotgeria Dacla","url":"https:\/\/joieriadacla.com\/","logo":{"@type":"ImageObject","inLanguage":"es","@id":"https:\/\/joieriadacla.com\/#\/schema\/logo\/image\/","url":"https:\/\/joieriadacla.com\/wp-content\/uploads\/2022\/03\/LOGODACLA.png","contentUrl":"https:\/\/joieriadacla.com\/wp-content\/uploads\/2022\/03\/LOGODACLA.png","width":319,"height":228,"caption":"Joieria Rellotgeria Dacla"},"image":{"@id":"https:\/\/joieriadacla.com\/#\/schema\/logo\/image\/"},"sameAs":["https:\/\/www.instagram.com\/joieria.dacla\/?hl=es"]}]}},"_links":{"self":[{"href":"https:\/\/joieriadacla.com\/index.php\/wp-json\/wp\/v2\/product\/2081","targetHints":{"allow":["GET"]}}],"collection":[{"href":"https:\/\/joieriadacla.com\/index.php\/wp-json\/wp\/v2\/product"}],"about":[{"href":"https:\/\/joieriadacla.com\/index.php\/wp-json\/wp\/v2\/types\/product"}],"replies":[{"embeddable":true,"href":"https:\/\/joieriadacla.com\/index.php\/wp-json\/wp\/v2\/comments?post=2081"}],"wp:featuredmedia":[{"embeddable":true,"href":"https:\/\/joieriadacla.com\/index.php\/wp-json\/wp\/v2\/media\/2082"}],"wp:attachment":[{"href":"https:\/\/joieriadacla.com\/index.php\/wp-json\/wp\/v2\/media?parent=2081"}],"wp:term":[{"taxonomy":"product_brand","embeddable":true,"href":"https:\/\/joieriadacla.com\/index.php\/wp-json\/wp\/v2\/product_brand?post=2081"},{"taxonomy":"product_cat","embeddable":true,"href":"https:\/\/joieriadacla.com\/index.php\/wp-json\/wp\/v2\/product_cat?post=2081"},{"taxonomy":"product_tag","embeddable":true,"href":"https:\/\/joieriadacla.com\/index.php\/wp-json\/wp\/v2\/product_tag?post=2081"}],"curies":[{"name":"wp","href":"https:\/\/api.w.org\/{rel}","templated":true}]}}