{"id":1892,"date":"2023-11-13T17:54:02","date_gmt":"2023-11-13T17:54:02","guid":{"rendered":"https:\/\/joieriadacla.com\/?post_type=product&#038;p=1892"},"modified":"2026-01-08T12:19:32","modified_gmt":"2026-01-08T12:19:32","slug":"casio-g-shock-gwf-a1000rn-8aer-frogman-royal-navy","status":"publish","type":"product","link":"https:\/\/joieriadacla.com\/index.php\/product\/casio-g-shock-gwf-a1000rn-8aer-frogman-royal-navy\/","title":{"rendered":"Reloj Casio G-shock GWF A1000RN-8AER FROGMAN ROYAL NAVY"},"content":{"rendered":"<div class=\"p-product_detail-hdg-lv2\">\n<div class=\"title\">\n<div id=\"title-260ba08e88\" class=\"cmp-title\">\n<h2 class=\"cmp-title__text\">Especificaciones<\/h2>\n<\/div>\n<\/div>\n<\/div>\n<div class=\"p-product_detail-spec-accordion\" data-cmp-is=\"accordion\">\n<div class=\"p-product_detail-spec-accordion__item\" data-cmp-hook-accordion=\"item\">\n<h3 class=\"p-product_detail-spec-accordion__header is-open\"><button class=\"p-product_detail-spec-accordion__button\" data-cmp-hook-accordion=\"button\" aria-expanded=\"true\"><span class=\"p-product_detail-spec-accordion__title\">Informaci\u00f3n b\u00e1sica<\/span><\/button><\/h3>\n<div class=\"p-product_detail-spec-accordion__panel p-product_detail-spec-accordion__panel--hidden\" data-cmp-hook-accordion=\"panel\" aria-hidden=\"false\">\n<ul class=\"p-product_detail-spec-accordion__panel-inner\">\n<li class=\"p-product_detail-spec-accordion__panel-item\" tabindex=\"0\">\n<div class=\"p-product_detail-spec-accordion__panel-item-ttl\">\n<h4>Tama\u00f1o de la caja (largo \u00d7 ancho \u00d7 alto)<\/h4>\n<\/div>\n<div class=\"p-product_detail-spec-accordion__panel-item-cont\">56,7 \u00d7 51,7 \u00d7 19,7 mm<\/div>\n<\/li>\n<li class=\"p-product_detail-spec-accordion__panel-item\" tabindex=\"0\">\n<div class=\"p-product_detail-spec-accordion__panel-item-ttl\">\n<h4>Peso<\/h4>\n<\/div>\n<div class=\"p-product_detail-spec-accordion__panel-item-cont\">125 gramos<\/div>\n<\/li>\n<li class=\"p-product_detail-spec-accordion__panel-item\" tabindex=\"0\">\n<div class=\"p-product_detail-spec-accordion__panel-item-ttl\">\n<h4>Material de caja y bisel<\/h4>\n<\/div>\n<div class=\"p-product_detail-spec-accordion__panel-item-cont\">Resina \/ Acero inoxidable<\/div>\n<\/li>\n<li class=\"p-product_detail-spec-accordion__panel-item\" tabindex=\"0\">\n<div class=\"p-product_detail-spec-accordion__panel-item-ttl\">\n<h4>Banda<\/h4>\n<\/div>\n<div class=\"p-product_detail-spec-accordion__panel-item-cont\">Banda de resina<\/div>\n<\/li>\n<li class=\"p-product_detail-spec-accordion__panel-item\" tabindex=\"0\">\n<div class=\"p-product_detail-spec-accordion__panel-item-ttl\">\n<h4>Construcci\u00f3n<\/h4>\n<\/div>\n<div class=\"p-product_detail-spec-accordion__panel-item-cont\">Resistente magn\u00e9tico<\/div>\n<div class=\"p-product_detail-spec-accordion__panel-item-cont\">Estructura de protecci\u00f3n del n\u00facleo de carbono<\/div>\n<div class=\"p-product_detail-spec-accordion__panel-item-cont\">Resistente a los golpes<\/div>\n<\/li>\n<li class=\"p-product_detail-spec-accordion__panel-item\" tabindex=\"0\">\n<div class=\"p-product_detail-spec-accordion__panel-item-ttl\">\n<h4>Resistencia al agua<\/h4>\n<\/div>\n<div class=\"p-product_detail-spec-accordion__panel-item-cont\">ISO 200 metros de resistencia al agua<\/div>\n<\/li>\n<li class=\"p-product_detail-spec-accordion__panel-item\" tabindex=\"0\">\n<div class=\"p-product_detail-spec-accordion__panel-item-ttl\">\n<h4>Ajuste de tiempo<\/h4>\n<\/div>\n<div class=\"p-product_detail-spec-accordion__panel-item-cont\">Reloj Radiocontrolado; Multibanda 6<\/div>\n<\/li>\n<li class=\"p-product_detail-spec-accordion__panel-item\" tabindex=\"0\">\n<div class=\"p-product_detail-spec-accordion__panel-item-ttl\">\n<h4>Fuente de alimentaci\u00f3n y duraci\u00f3n de la bater\u00eda.<\/h4>\n<\/div>\n<div class=\"p-product_detail-spec-accordion__panel-item-cont\">Tough Solar (alimentado por energ\u00eda solar)<\/div>\n<\/li>\n<\/ul>\n<\/div>\n<\/div>\n<div class=\"p-product_detail-spec-accordion__item\" data-cmp-hook-accordion=\"item\">\n<div class=\"p-product_detail-spec-accordion__panel p-product_detail-spec-accordion__panel--hidden\" data-cmp-hook-accordion=\"panel\" aria-hidden=\"true\"><\/div>\n<\/div>\n<div class=\"p-product_detail-spec-accordion__item\" data-cmp-hook-accordion=\"item\">\n<h3 class=\"p-product_detail-spec-accordion__header is-open\"><button class=\"p-product_detail-spec-accordion__button\" data-cmp-hook-accordion=\"button\" aria-expanded=\"true\"><span class=\"p-product_detail-spec-accordion__title\">Exterior<\/span><\/button><\/h3>\n<div class=\"p-product_detail-spec-accordion__panel p-product_detail-spec-accordion__panel--hidden\" data-cmp-hook-accordion=\"panel\" aria-hidden=\"false\">\n<ul class=\"p-product_detail-spec-accordion__panel-inner\">\n<li class=\"p-product_detail-spec-accordion__panel-item\" tabindex=\"0\">\n<div class=\"p-product_detail-spec-accordion__panel-item-ttl\">\n<h4>Vaso<\/h4>\n<\/div>\n<div class=\"p-product_detail-spec-accordion__panel-item-cont\">Vidrio esf\u00e9rico<\/div>\n<div class=\"p-product_detail-spec-accordion__panel-item-cont\">Cristal de zafiro con revestimiento antirreflectante<\/div>\n<\/li>\n<li class=\"p-product_detail-spec-accordion__panel-item\" tabindex=\"0\">\n<div class=\"p-product_detail-spec-accordion__panel-item-ttl\">\n<h4>Corona<\/h4>\n<\/div>\n<div class=\"p-product_detail-spec-accordion__panel-item-cont\">Corona de bloqueo de tornillo<\/div>\n<\/li>\n<li class=\"p-product_detail-spec-accordion__panel-item\" tabindex=\"0\">\n<div class=\"p-product_detail-spec-accordion__panel-item-ttl\">\n<h4>Tratamiento de superficies<\/h4>\n<\/div>\n<div class=\"p-product_detail-spec-accordion__panel-item-cont\">Caja con ba\u00f1o de iones azul.<\/div>\n<\/li>\n<li class=\"p-product_detail-spec-accordion__panel-item\" tabindex=\"0\">\n<div class=\"p-product_detail-spec-accordion__panel-item-ttl\">\n<h4>Otro<\/h4>\n<\/div>\n<div class=\"p-product_detail-spec-accordion__panel-item-cont\">neobrita<\/div>\n<\/li>\n<\/ul>\n<\/div>\n<\/div>\n<div class=\"p-product_detail-spec-accordion__item\" data-cmp-hook-accordion=\"item\">\n<h3 class=\"p-product_detail-spec-accordion__header is-open\"><button class=\"p-product_detail-spec-accordion__button\" data-cmp-hook-accordion=\"button\" aria-expanded=\"true\"><span class=\"p-product_detail-spec-accordion__title\">Funciones del reloj<\/span><\/button><\/h3>\n<div class=\"p-product_detail-spec-accordion__panel p-product_detail-spec-accordion__panel--hidden\" data-cmp-hook-accordion=\"panel\" aria-hidden=\"false\">\n<ul class=\"p-product_detail-spec-accordion__panel-inner\">\n<li class=\"p-product_detail-spec-accordion__panel-item\" tabindex=\"0\">\n<div class=\"p-product_detail-spec-accordion__panel-item-ttl\">\n<h4>funci\u00f3n de buceo<\/h4>\n<\/div>\n<div class=\"p-product_detail-spec-accordion__panel-item-cont\">Modo de inmersi\u00f3n Tiempo de inmersi\u00f3n: incrementos de 1 segundo, hasta 1:59&#8217;59 Medici\u00f3n del tiempo en superficie: hasta 24 horas Datos de registro: hasta 30 registros<\/div>\n<\/li>\n<li class=\"p-product_detail-spec-accordion__panel-item\" tabindex=\"0\">\n<div class=\"p-product_detail-spec-accordion__panel-item-ttl\">\n<h4>Hora mundial<\/h4>\n<\/div>\n<div class=\"p-product_detail-spec-accordion__panel-item-cont\">Hora dual 27 zonas horarias, cambio de hora local, cambio autom\u00e1tico de horario de verano (DST)<\/div>\n<\/li>\n<li class=\"p-product_detail-spec-accordion__panel-item\" tabindex=\"0\">\n<div class=\"p-product_detail-spec-accordion__panel-item-ttl\">\n<h4>Cron\u00f3grafo<\/h4>\n<\/div>\n<div class=\"p-product_detail-spec-accordion__panel-item-cont\">Cron\u00f3metro de 1 segundo Capacidad de medici\u00f3n: 23:59&#8217;59<\/div>\n<\/li>\n<li class=\"p-product_detail-spec-accordion__panel-item\" tabindex=\"0\">\n<div class=\"p-product_detail-spec-accordion__panel-item-ttl\">\n<h4>Temporizador<\/h4>\n<\/div>\n<div class=\"p-product_detail-spec-accordion__panel-item-cont\">Temporizador de cuenta regresiva Unidad de medici\u00f3n: 1 segundo Rango de cuenta regresiva: 24 horas Rango de configuraci\u00f3n del tiempo de inicio de cuenta regresiva: 1 minuto a 24 horas (incrementos de 1 segundo)<\/div>\n<\/li>\n<li class=\"p-product_detail-spec-accordion__panel-item\" tabindex=\"0\">\n<div class=\"p-product_detail-spec-accordion__panel-item-ttl\">\n<h4>Alarma\/se\u00f1al horaria<\/h4>\n<\/div>\n<div class=\"p-product_detail-spec-accordion__panel-item-cont\">Alarma diaria<\/div>\n<\/li>\n<li class=\"p-product_detail-spec-accordion__panel-item\" tabindex=\"0\">\n<div class=\"p-product_detail-spec-accordion__panel-item-ttl\">\n<h4>Luz<\/h4>\n<\/div>\n<div class=\"p-product_detail-spec-accordion__panel-item-cont\">Luz LED (Super Iluminador) Resplandor<\/div>\n<\/li>\n<li class=\"p-product_detail-spec-accordion__panel-item\" tabindex=\"0\">\n<div class=\"p-product_detail-spec-accordion__panel-item-ttl\">\n<h4>Color claro<\/h4>\n<\/div>\n<div class=\"p-product_detail-spec-accordion__panel-item-cont\">LED: blanco<\/div>\n<\/li>\n<li class=\"p-product_detail-spec-accordion__panel-item\" tabindex=\"0\">\n<div class=\"p-product_detail-spec-accordion__panel-item-ttl\">\n<h4>Calendario<\/h4>\n<\/div>\n<div class=\"p-product_detail-spec-accordion__panel-item-cont\">Calendario autom\u00e1tico completo (hasta el a\u00f1o 2099)<\/div>\n<\/li>\n<li class=\"p-product_detail-spec-accordion__panel-item\" tabindex=\"0\">\n<div class=\"p-product_detail-spec-accordion__panel-item-ttl\">\n<h4>Funci\u00f3n de correcci\u00f3n de la posici\u00f3n inicial de la mano<\/h4>\n<\/div>\n<div class=\"p-product_detail-spec-accordion__panel-item-cont\">La correcci\u00f3n autom\u00e1tica de la posici\u00f3n inicial de la mano<\/div>\n<\/li>\n<li class=\"p-product_detail-spec-accordion__panel-item\" tabindex=\"0\">\n<div class=\"p-product_detail-spec-accordion__panel-item-ttl\">\n<h4>Funci\u00f3n de ahorro de energ\u00eda<\/h4>\n<\/div>\n<div class=\"p-product_detail-spec-accordion__panel-item-cont\">Ahorro de energ\u00eda (las manecillas se detienen para ahorrar energ\u00eda cuando el reloj se deja en la oscuridad)<\/div>\n<\/li>\n<li class=\"p-product_detail-spec-accordion__panel-item\" tabindex=\"0\">\n<div class=\"p-product_detail-spec-accordion__panel-item-ttl\">\n<h4>tiempo de ejecuci\u00f3n<\/h4>\n<\/div>\n<div class=\"p-product_detail-spec-accordion__panel-item-cont\">Aprox. Tiempo de funcionamiento de la bater\u00eda: 5 meses con bater\u00eda recargable (per\u00edodo de funcionamiento con uso normal sin exposici\u00f3n a la luz despu\u00e9s de la carga) 30 meses con bater\u00eda recargable (per\u00edodo de funcionamiento cuando se almacena en total oscuridad con la funci\u00f3n de ahorro de energ\u00eda activada despu\u00e9s de la carga completa)<\/div>\n<\/li>\n<li class=\"p-product_detail-spec-accordion__panel-item\" tabindex=\"0\">\n<div class=\"p-product_detail-spec-accordion__panel-item-ttl\">\n<h4>Exactitud<\/h4>\n<\/div>\n<div class=\"p-product_detail-spec-accordion__panel-item-cont\">Precisi\u00f3n: \u00b115 segundos por mes (sin calibraci\u00f3n de se\u00f1al y funci\u00f3n de enlace m\u00f3vil)<\/div>\n<\/li>\n<li class=\"p-product_detail-spec-accordion__panel-item\" tabindex=\"0\">\n<div class=\"p-product_detail-spec-accordion__panel-item-ttl\">\n<h4>Otras caracter\u00edsticas<\/h4>\n<\/div>\n<div class=\"p-product_detail-spec-accordion__panel-item-cont\">Funci\u00f3n de cambio de mano (las manos se apartan para proporcionar una vista sin obst\u00e1culos del indio)<\/div>\n<div class=\"p-product_detail-spec-accordion__panel-item-cont\">Hora normal: Anal\u00f3gica: 3 manecillas (hora, minutos (la manecilla se mueve cada 5 segundos), segundos), 3 diales (hora y minutos duales, hora dual 24 horas, d\u00eda)<\/div>\n<div class=\"p-product_detail-spec-accordion__panel-item-cont\">Visualizaci\u00f3n de fecha<\/div>\n<div class=\"p-product_detail-spec-accordion__panel-item-cont\">Indicador de d\u00eda<\/div>\n<\/li>\n<li class=\"p-product_detail-spec-accordion__panel-item\" tabindex=\"0\">\n<div class=\"p-product_detail-spec-accordion__panel-item-ttl\">\n<h4>Detalles del ajuste de tiempo<\/h4>\n<\/div>\n<div class=\"p-product_detail-spec-accordion__panel-item-cont\">Se\u00f1ales de calibraci\u00f3n de hora Nombre de la estaci\u00f3n: DCF77 (Mainflingen, Alemania) Frecuencia: 77,5 kHz Nombre de la estaci\u00f3n: MSF (Anthorn, Inglaterra) Frecuencia: 60,0 kHz Nombre de la estaci\u00f3n: WWVB (Fort Collins, Estados Unidos) Frecuencia: 60,0 kHz Nombre de la estaci\u00f3n: JJY (Fukushima , Fukuoka\/Saga, Jap\u00f3n) Frecuencia: 40,0 kHz (Fukushima) \/ 60,0 kHz (Fukuoka\/Saga) Nombre de la estaci\u00f3n: BPC (ciudad de Shangqiu, provincia de Henan, China) Frecuencia: 68,5 kHz<\/div>\n<div class=\"p-product_detail-spec-accordion__panel-item-cont\">Recepci\u00f3n de se\u00f1al de calibraci\u00f3n de hora Recepci\u00f3n autom\u00e1tica hasta seis* veces al d\u00eda (las recepciones autom\u00e1ticas restantes se cancelan tan pronto como una sea exitosa) *5 veces al d\u00eda para la se\u00f1al de calibraci\u00f3n china Recepci\u00f3n manual Los \u00faltimos resultados de recepci\u00f3n de se\u00f1al<\/div>\n<\/li>\n<\/ul>\n<\/div>\n<\/div>\n<\/div>\n","protected":false},"excerpt":{"rendered":"<p>Los relojes Frogman rinden homenaje a la Marina Real, la m\u00e1s antigua de las tres ramas de las Fuerzas Armadas brit\u00e1nicas. Agregue esta colaboraci\u00f3n con la Marina Real a su colecci\u00f3n de relojes Master of G, lo \u00faltimo en esta l\u00ednea de relojes modernos para buceadores que cumple con la norma ISO y tiene resistencia al agua de hasta 200 metros. Inspirada en el HMS Queen Elizabeth, uno de los portaaviones navales brit\u00e1nicos m\u00e1s grandes de la historia, la carcasa gris claro evoca la cubierta de un barco y presenta detalles con los colores de la Marina Real, rojo, blanco y azul marino, en la carcasa y la correa.<\/p>\n","protected":false},"featured_media":1893,"comment_status":"closed","ping_status":"closed","template":"","meta":[],"product_brand":[],"product_cat":[79,43,38],"product_tag":[120,68,71,114,119,113],"class_list":{"0":"post-1892","1":"product","2":"type-product","3":"status-publish","4":"has-post-thumbnail","6":"product_cat-edicion-limitada","7":"product_cat-g-shock","8":"product_cat-relojes","9":"product_tag-a1000rn-8aer","10":"product_tag-casio","11":"product_tag-gshock","12":"product_tag-navy","13":"product_tag-reloj","14":"product_tag-royal","16":"first","17":"instock","18":"taxable","19":"shipping-taxable","20":"purchasable","21":"product-type-simple"},"yoast_head":"<!-- This site is optimized with the Yoast SEO plugin v27.2 - https:\/\/yoast.com\/product\/yoast-seo-wordpress\/ -->\n<title>Reloj Casio G-shock GWF A1000RN-8AER FROGMAN ROYAL NAVY - Joieria Dacla<\/title>\n<meta name=\"description\" content=\"Los relojes Frogman rinden homenaje a la Marina Real, la m\u00e1s antigua de las tres ramas de las Fuerzas Armadas brit\u00e1nicas. Agregue esta colaboraci\u00f3n con la Marina Real a su colecci\u00f3n de relojes Master of G, lo \u00faltimo en esta l\u00ednea de relojes modernos para buceadores que cumple con la norma ISO y tiene resistencia al agua de hasta 200\u00a0metros.\" \/>\n<meta name=\"robots\" content=\"index, follow, max-snippet:-1, max-image-preview:large, max-video-preview:-1\" \/>\n<link rel=\"canonical\" href=\"https:\/\/joieriadacla.com\/index.php\/product\/casio-g-shock-gwf-a1000rn-8aer-frogman-royal-navy\/\" \/>\n<meta property=\"og:locale\" content=\"es_ES\" \/>\n<meta property=\"og:type\" content=\"article\" \/>\n<meta property=\"og:title\" content=\"Reloj Casio G-shock GWF A1000RN-8AER FROGMAN ROYAL NAVY - Joieria Dacla\" \/>\n<meta property=\"og:description\" content=\"Los relojes Frogman rinden homenaje a la Marina Real, la m\u00e1s antigua de las tres ramas de las Fuerzas Armadas brit\u00e1nicas. Agregue esta colaboraci\u00f3n con la Marina Real a su colecci\u00f3n de relojes Master of G, lo \u00faltimo en esta l\u00ednea de relojes modernos para buceadores que cumple con la norma ISO y tiene resistencia al agua de hasta 200\u00a0metros.\" \/>\n<meta property=\"og:url\" content=\"https:\/\/joieriadacla.com\/index.php\/product\/casio-g-shock-gwf-a1000rn-8aer-frogman-royal-navy\/\" \/>\n<meta property=\"og:site_name\" content=\"Joieria Dacla\" \/>\n<meta property=\"article:modified_time\" content=\"2026-01-08T12:19:32+00:00\" \/>\n<meta property=\"og:image\" content=\"https:\/\/joieriadacla.com\/wp-content\/uploads\/2023\/11\/GWF-A1000RN-8AER_OR01_web.png\" \/>\n\t<meta property=\"og:image:width\" content=\"972\" \/>\n\t<meta property=\"og:image:height\" content=\"1100\" \/>\n\t<meta property=\"og:image:type\" content=\"image\/png\" \/>\n<meta name=\"twitter:card\" content=\"summary_large_image\" \/>\n<meta name=\"twitter:label1\" content=\"Tiempo de lectura\" \/>\n\t<meta name=\"twitter:data1\" content=\"3 minutos\" \/>\n<script type=\"application\/ld+json\" class=\"yoast-schema-graph\">{\"@context\":\"https:\/\/schema.org\",\"@graph\":[{\"@type\":\"WebPage\",\"@id\":\"https:\/\/joieriadacla.com\/index.php\/product\/casio-g-shock-gwf-a1000rn-8aer-frogman-royal-navy\/\",\"url\":\"https:\/\/joieriadacla.com\/index.php\/product\/casio-g-shock-gwf-a1000rn-8aer-frogman-royal-navy\/\",\"name\":\"Reloj Casio G-shock GWF A1000RN-8AER FROGMAN ROYAL NAVY - Joieria Dacla\",\"isPartOf\":{\"@id\":\"https:\/\/joieriadacla.com\/#website\"},\"primaryImageOfPage\":{\"@id\":\"https:\/\/joieriadacla.com\/index.php\/product\/casio-g-shock-gwf-a1000rn-8aer-frogman-royal-navy\/#primaryimage\"},\"image\":{\"@id\":\"https:\/\/joieriadacla.com\/index.php\/product\/casio-g-shock-gwf-a1000rn-8aer-frogman-royal-navy\/#primaryimage\"},\"thumbnailUrl\":\"https:\/\/joieriadacla.com\/wp-content\/uploads\/2023\/11\/GWF-A1000RN-8AER_OR01_web.png\",\"datePublished\":\"2023-11-13T17:54:02+00:00\",\"dateModified\":\"2026-01-08T12:19:32+00:00\",\"description\":\"Los relojes Frogman rinden homenaje a la Marina Real, la m\u00e1s antigua de las tres ramas de las Fuerzas Armadas brit\u00e1nicas. Agregue esta colaboraci\u00f3n con la Marina Real a su colecci\u00f3n de relojes Master of G, lo \u00faltimo en esta l\u00ednea de relojes modernos para buceadores que cumple con la norma ISO y tiene resistencia al agua de hasta 200\u00a0metros.\",\"breadcrumb\":{\"@id\":\"https:\/\/joieriadacla.com\/index.php\/product\/casio-g-shock-gwf-a1000rn-8aer-frogman-royal-navy\/#breadcrumb\"},\"inLanguage\":\"es\",\"potentialAction\":[{\"@type\":\"ReadAction\",\"target\":[\"https:\/\/joieriadacla.com\/index.php\/product\/casio-g-shock-gwf-a1000rn-8aer-frogman-royal-navy\/\"]}]},{\"@type\":\"ImageObject\",\"inLanguage\":\"es\",\"@id\":\"https:\/\/joieriadacla.com\/index.php\/product\/casio-g-shock-gwf-a1000rn-8aer-frogman-royal-navy\/#primaryimage\",\"url\":\"https:\/\/joieriadacla.com\/wp-content\/uploads\/2023\/11\/GWF-A1000RN-8AER_OR01_web.png\",\"contentUrl\":\"https:\/\/joieriadacla.com\/wp-content\/uploads\/2023\/11\/GWF-A1000RN-8AER_OR01_web.png\",\"width\":972,\"height\":1100},{\"@type\":\"BreadcrumbList\",\"@id\":\"https:\/\/joieriadacla.com\/index.php\/product\/casio-g-shock-gwf-a1000rn-8aer-frogman-royal-navy\/#breadcrumb\",\"itemListElement\":[{\"@type\":\"ListItem\",\"position\":1,\"name\":\"Portada\",\"item\":\"https:\/\/joieriadacla.com\/\"},{\"@type\":\"ListItem\",\"position\":2,\"name\":\"Productos\",\"item\":\"https:\/\/joieriadacla.com\/index.php\/shop\/\"},{\"@type\":\"ListItem\",\"position\":3,\"name\":\"Reloj Casio G-shock GWF A1000RN-8AER FROGMAN ROYAL NAVY\"}]},{\"@type\":\"WebSite\",\"@id\":\"https:\/\/joieriadacla.com\/#website\",\"url\":\"https:\/\/joieriadacla.com\/\",\"name\":\"Joieria Rellotgeria Dacla\",\"description\":\"Joieria Dacla\",\"publisher\":{\"@id\":\"https:\/\/joieriadacla.com\/#organization\"},\"potentialAction\":[{\"@type\":\"SearchAction\",\"target\":{\"@type\":\"EntryPoint\",\"urlTemplate\":\"https:\/\/joieriadacla.com\/?s={search_term_string}\"},\"query-input\":{\"@type\":\"PropertyValueSpecification\",\"valueRequired\":true,\"valueName\":\"search_term_string\"}}],\"inLanguage\":\"es\"},{\"@type\":\"Organization\",\"@id\":\"https:\/\/joieriadacla.com\/#organization\",\"name\":\"Joieria Rellotgeria Dacla\",\"url\":\"https:\/\/joieriadacla.com\/\",\"logo\":{\"@type\":\"ImageObject\",\"inLanguage\":\"es\",\"@id\":\"https:\/\/joieriadacla.com\/#\/schema\/logo\/image\/\",\"url\":\"https:\/\/joieriadacla.com\/wp-content\/uploads\/2022\/03\/LOGODACLA.png\",\"contentUrl\":\"https:\/\/joieriadacla.com\/wp-content\/uploads\/2022\/03\/LOGODACLA.png\",\"width\":319,\"height\":228,\"caption\":\"Joieria Rellotgeria Dacla\"},\"image\":{\"@id\":\"https:\/\/joieriadacla.com\/#\/schema\/logo\/image\/\"},\"sameAs\":[\"https:\/\/www.instagram.com\/joieria.dacla\/?hl=es\"]}]}<\/script>\n<!-- \/ Yoast SEO plugin. -->","yoast_head_json":{"title":"Reloj Casio G-shock GWF A1000RN-8AER FROGMAN ROYAL NAVY - Joieria Dacla","description":"Los relojes Frogman rinden homenaje a la Marina Real, la m\u00e1s antigua de las tres ramas de las Fuerzas Armadas brit\u00e1nicas. Agregue esta colaboraci\u00f3n con la Marina Real a su colecci\u00f3n de relojes Master of G, lo \u00faltimo en esta l\u00ednea de relojes modernos para buceadores que cumple con la norma ISO y tiene resistencia al agua de hasta 200\u00a0metros.","robots":{"index":"index","follow":"follow","max-snippet":"max-snippet:-1","max-image-preview":"max-image-preview:large","max-video-preview":"max-video-preview:-1"},"canonical":"https:\/\/joieriadacla.com\/index.php\/product\/casio-g-shock-gwf-a1000rn-8aer-frogman-royal-navy\/","og_locale":"es_ES","og_type":"article","og_title":"Reloj Casio G-shock GWF A1000RN-8AER FROGMAN ROYAL NAVY - Joieria Dacla","og_description":"Los relojes Frogman rinden homenaje a la Marina Real, la m\u00e1s antigua de las tres ramas de las Fuerzas Armadas brit\u00e1nicas. Agregue esta colaboraci\u00f3n con la Marina Real a su colecci\u00f3n de relojes Master of G, lo \u00faltimo en esta l\u00ednea de relojes modernos para buceadores que cumple con la norma ISO y tiene resistencia al agua de hasta 200\u00a0metros.","og_url":"https:\/\/joieriadacla.com\/index.php\/product\/casio-g-shock-gwf-a1000rn-8aer-frogman-royal-navy\/","og_site_name":"Joieria Dacla","article_modified_time":"2026-01-08T12:19:32+00:00","og_image":[{"width":972,"height":1100,"url":"https:\/\/joieriadacla.com\/wp-content\/uploads\/2023\/11\/GWF-A1000RN-8AER_OR01_web.png","type":"image\/png"}],"twitter_card":"summary_large_image","twitter_misc":{"Tiempo de lectura":"3 minutos"},"schema":{"@context":"https:\/\/schema.org","@graph":[{"@type":"WebPage","@id":"https:\/\/joieriadacla.com\/index.php\/product\/casio-g-shock-gwf-a1000rn-8aer-frogman-royal-navy\/","url":"https:\/\/joieriadacla.com\/index.php\/product\/casio-g-shock-gwf-a1000rn-8aer-frogman-royal-navy\/","name":"Reloj Casio G-shock GWF A1000RN-8AER FROGMAN ROYAL NAVY - Joieria Dacla","isPartOf":{"@id":"https:\/\/joieriadacla.com\/#website"},"primaryImageOfPage":{"@id":"https:\/\/joieriadacla.com\/index.php\/product\/casio-g-shock-gwf-a1000rn-8aer-frogman-royal-navy\/#primaryimage"},"image":{"@id":"https:\/\/joieriadacla.com\/index.php\/product\/casio-g-shock-gwf-a1000rn-8aer-frogman-royal-navy\/#primaryimage"},"thumbnailUrl":"https:\/\/joieriadacla.com\/wp-content\/uploads\/2023\/11\/GWF-A1000RN-8AER_OR01_web.png","datePublished":"2023-11-13T17:54:02+00:00","dateModified":"2026-01-08T12:19:32+00:00","description":"Los relojes Frogman rinden homenaje a la Marina Real, la m\u00e1s antigua de las tres ramas de las Fuerzas Armadas brit\u00e1nicas. Agregue esta colaboraci\u00f3n con la Marina Real a su colecci\u00f3n de relojes Master of G, lo \u00faltimo en esta l\u00ednea de relojes modernos para buceadores que cumple con la norma ISO y tiene resistencia al agua de hasta 200\u00a0metros.","breadcrumb":{"@id":"https:\/\/joieriadacla.com\/index.php\/product\/casio-g-shock-gwf-a1000rn-8aer-frogman-royal-navy\/#breadcrumb"},"inLanguage":"es","potentialAction":[{"@type":"ReadAction","target":["https:\/\/joieriadacla.com\/index.php\/product\/casio-g-shock-gwf-a1000rn-8aer-frogman-royal-navy\/"]}]},{"@type":"ImageObject","inLanguage":"es","@id":"https:\/\/joieriadacla.com\/index.php\/product\/casio-g-shock-gwf-a1000rn-8aer-frogman-royal-navy\/#primaryimage","url":"https:\/\/joieriadacla.com\/wp-content\/uploads\/2023\/11\/GWF-A1000RN-8AER_OR01_web.png","contentUrl":"https:\/\/joieriadacla.com\/wp-content\/uploads\/2023\/11\/GWF-A1000RN-8AER_OR01_web.png","width":972,"height":1100},{"@type":"BreadcrumbList","@id":"https:\/\/joieriadacla.com\/index.php\/product\/casio-g-shock-gwf-a1000rn-8aer-frogman-royal-navy\/#breadcrumb","itemListElement":[{"@type":"ListItem","position":1,"name":"Portada","item":"https:\/\/joieriadacla.com\/"},{"@type":"ListItem","position":2,"name":"Productos","item":"https:\/\/joieriadacla.com\/index.php\/shop\/"},{"@type":"ListItem","position":3,"name":"Reloj Casio G-shock GWF A1000RN-8AER FROGMAN ROYAL NAVY"}]},{"@type":"WebSite","@id":"https:\/\/joieriadacla.com\/#website","url":"https:\/\/joieriadacla.com\/","name":"Joieria Rellotgeria Dacla","description":"Joieria Dacla","publisher":{"@id":"https:\/\/joieriadacla.com\/#organization"},"potentialAction":[{"@type":"SearchAction","target":{"@type":"EntryPoint","urlTemplate":"https:\/\/joieriadacla.com\/?s={search_term_string}"},"query-input":{"@type":"PropertyValueSpecification","valueRequired":true,"valueName":"search_term_string"}}],"inLanguage":"es"},{"@type":"Organization","@id":"https:\/\/joieriadacla.com\/#organization","name":"Joieria Rellotgeria Dacla","url":"https:\/\/joieriadacla.com\/","logo":{"@type":"ImageObject","inLanguage":"es","@id":"https:\/\/joieriadacla.com\/#\/schema\/logo\/image\/","url":"https:\/\/joieriadacla.com\/wp-content\/uploads\/2022\/03\/LOGODACLA.png","contentUrl":"https:\/\/joieriadacla.com\/wp-content\/uploads\/2022\/03\/LOGODACLA.png","width":319,"height":228,"caption":"Joieria Rellotgeria Dacla"},"image":{"@id":"https:\/\/joieriadacla.com\/#\/schema\/logo\/image\/"},"sameAs":["https:\/\/www.instagram.com\/joieria.dacla\/?hl=es"]}]}},"_links":{"self":[{"href":"https:\/\/joieriadacla.com\/index.php\/wp-json\/wp\/v2\/product\/1892","targetHints":{"allow":["GET"]}}],"collection":[{"href":"https:\/\/joieriadacla.com\/index.php\/wp-json\/wp\/v2\/product"}],"about":[{"href":"https:\/\/joieriadacla.com\/index.php\/wp-json\/wp\/v2\/types\/product"}],"replies":[{"embeddable":true,"href":"https:\/\/joieriadacla.com\/index.php\/wp-json\/wp\/v2\/comments?post=1892"}],"wp:featuredmedia":[{"embeddable":true,"href":"https:\/\/joieriadacla.com\/index.php\/wp-json\/wp\/v2\/media\/1893"}],"wp:attachment":[{"href":"https:\/\/joieriadacla.com\/index.php\/wp-json\/wp\/v2\/media?parent=1892"}],"wp:term":[{"taxonomy":"product_brand","embeddable":true,"href":"https:\/\/joieriadacla.com\/index.php\/wp-json\/wp\/v2\/product_brand?post=1892"},{"taxonomy":"product_cat","embeddable":true,"href":"https:\/\/joieriadacla.com\/index.php\/wp-json\/wp\/v2\/product_cat?post=1892"},{"taxonomy":"product_tag","embeddable":true,"href":"https:\/\/joieriadacla.com\/index.php\/wp-json\/wp\/v2\/product_tag?post=1892"}],"curies":[{"name":"wp","href":"https:\/\/api.w.org\/{rel}","templated":true}]}}