{"id":1341,"date":"2023-05-25T18:41:03","date_gmt":"2023-05-25T18:41:03","guid":{"rendered":"https:\/\/joieriadacla.com\/?post_type=product&#038;p=1341"},"modified":"2024-09-23T18:21:59","modified_gmt":"2024-09-23T18:21:59","slug":"casio-g-shock-burton-mudmaster-limited-edition-gg-1000btn-1aer","status":"publish","type":"product","link":"https:\/\/joieriadacla.com\/index.php\/product\/casio-g-shock-burton-mudmaster-limited-edition-gg-1000btn-1aer\/","title":{"rendered":"Reloj Casio G-shock BURTON MUDMASTER LIMITED EDITION GG-1000BTN-1AER"},"content":{"rendered":"<p>G-Shock incorpora a su gran colecci\u00f3n Mudmaster el modelo Burton Edici\u00f3n Limitada GG-1000BTN-1AER. Su modelo base es el GG-1000, doble sensor (br\u00fajula y term\u00f3metro)\u00a0<span lang=\"es\">que se adapta perfectamente a los entornos naturales extremos. Este dise\u00f1o es perfecto para actividades en un entorno natural, patr\u00f3n de camuflaje oscuro, y un bisel negro con detalles en naranja. El anillo de su correa y la tapa posterior trasera lucen el logotipo de BURTON. Para el snowboard y cualquier otra actividad que lo lleve al aire libre, este reloj de colaboraci\u00f3n combina el estilo mundial de BURTON con la reputaci\u00f3n mundial de G-SHOCK por su resistencia sin igual para un modelo verdaderamente especial.<\/span><\/p>\n<div class=\"oSioSc\">\n<div id=\"tw-target\">\n<div id=\"kAz1tf\" class=\"g9WsWb\">\n<div id=\"tw-target-text-container\" class=\"tw-ta-container hide-focus-ring tw-nfl\" tabindex=\"0\">\n<pre id=\"tw-target-text\" class=\"tw-data-text tw-text-large XcVN5d tw-ta\" dir=\"ltr\" data-placeholder=\"Traducci\u00f3n\"><span lang=\"es\"><strong>ESPECIFICACIONES T\u00c9CNICAS<\/strong>\r\n<\/span><\/pre>\n<\/div>\n<\/div>\n<\/div>\n<\/div>\n<ul type=\"square\">\n<li><strong>RESISTENTE A LOS GOLPES<\/strong><br \/>\n\u00b7 La carcasa es resistente a los golpes y protege contra impactos y vibraciones.<\/li>\n<li><strong>CARCASA\u00a0ANTI-SUCIEDAD<br \/>\n<\/strong>\u00b7\u00a0La carcasa de este reloj est\u00e1 completamente estanca: suciedad y polvo no pueden entrar.<\/li>\n<li><strong>PANTALLA DE NE\u00d3N<br \/>\n<\/strong>\u00b7 Las agujas y\/o el \u00edndice est\u00e1n cubiertos por una capa fluorescente y, si el reloj se ha expuesto anteriormente a un foco de luz, brillan en la oscuridad.<\/li>\n<li><strong>LUZ DE FONDO ELECTROLUMINISCENTE<\/strong><br \/>\n\u00b7 Luz de fondo EL (panel electroluminiscente); duraci\u00f3n de iluminaci\u00f3n seleccionable (aproximadamente 1,5 segundo o 3 segundos); interruptor de luz autom\u00e1tica (la luz EL completamente autom\u00e1tica funciona s\u00f3lo en la oscuridad).<\/li>\n<li><strong>BR\u00daJULA DIGITAL<\/strong><br \/>\n\u00b7 Lecturas continuas durante un minuto; 16 direcciones; valor de \u00e1ngulo de 0\u00b0 a 359\u00b0; indicaci\u00f3n de norte de la manecilla; memoria de orientaci\u00f3n; calibraci\u00f3n (bidireccional); correcci\u00f3n de declinaci\u00f3n magn\u00e9tica.<\/li>\n<li><strong>PRECISI\u00d3N DEL SENSOR DE ORIENTACI\u00d3N<\/strong><br \/>\n\u00b7 Valor del \u00e1ngulo de direcci\u00f3n: Dentro de \u00b115\u00b0 Norte indicado por la manecilla de segundos: Menos de \u00b13 segmentos. Los valores se garantizan para un rango de temperaturas de 10\u00b0C a 40\u00b0C (50\u00b0F a 104\u00b0F).<\/li>\n<li><strong>TERM\u00d3METRO<\/strong><br \/>\n\u00b7 Rango de medici\u00f3n y visualizaci\u00f3n: \u201310,0\u00b0C a 60,0\u00b0C (o 14,0\u00b0F a 140,0\u00b0F).<br \/>\n\u00b7 Unidad de visualizaci\u00f3n: 0,1\u00b0C (o 0,2\u00b0F).<br \/>\n\u00b7 Intervalos de medici\u00f3n: Cada cinco segundos en el modo de term\u00f3metro.<br \/>\n\u00b7 Otros: Calibraci\u00f3n; unidad de medici\u00f3n seleccionable.<\/li>\n<li><strong>PRECISI\u00d3N DEL SENTOR DE TEMPERATURA<\/strong><br \/>\n\u00b7 \u00b12\u00b0C (\u00b13,6\u00b0F) en el rango de \u201310\u00b0C a 60\u00b0C (14,0\u00b0F a 140,0\u00b0F).<\/li>\n<li><strong>HORARIO MUNDIAL<\/strong><br \/>\n\u00b7 48 ciudades (31 zonas horarias)+ UTC; cambio entre ciudad local\/ciudad de hora mundial.<br \/>\n\u00b7 Horario de verano\/Hora est\u00e1ndar.<\/li>\n<li><strong>CRON\u00d3METRO<\/strong><br \/>\n\u00b7 Unidad de medici\u00f3n: 1\/100 segundos.<br \/>\n\u00b7 Capacidad de medici\u00f3n: 23:59\u201959,99\u2033<br \/>\n\u00b7 Modos de medici\u00f3n: Tiempo transcurrido, tiempo fraccionado, dos tiempos de llegada.<\/li>\n<li><strong>TEMPORIZADOR DE CUENTA REGRESIVA<\/strong><br \/>\n\u00b7 Unidad de medici\u00f3n: 1 segundo<br \/>\n\u00b7 Rango de cuenta regresiva: 60 minutos<br \/>\n\u00b7 Rangos de ajuste: Tiempo de inicio de la cuenta regresiva (1 a 60 minutos, incrementos de 1 minuto).<\/li>\n<li><strong>ALARMAS<\/strong><br \/>\n\u00b7 La alarma diaria le recordar\u00e1 las citas que se repiten a diario mediante una se\u00f1al ac\u00fastica que suena a la hora fijada. Este modelo est\u00e1 equipado con 5 alarmas independientes que le recuerdan sus citas importantes.<\/li>\n<li><strong>FUNCI\u00d3N DESPERTADOR<br \/>\n<\/strong>\u00b7 Cada vez que para la alarma, suena de nuevo despu\u00e9s de unos minutos.<\/li>\n<li><strong>SE\u00d1AL HORARIA<\/strong><\/li>\n<li><strong>SONIDO DE LOS BOTONES ACTIVADO\/DESACTIVADO<br \/>\n<\/strong>\u00b7\u00a0Si se desea, es posible desactivar el sonido de los botones con el bot\u00f3n Mode. Una vez desactivado, el reloj dejar\u00e1 de emitir pitidos al cambiar de una funci\u00f3n a otra. Las alarmas configuradas o el temporizador de cuenta atr\u00e1s siguen estando activos despu\u00e9s de desactivar el sonido de los botones.<\/li>\n<li><strong>HORA REGULAR<\/strong><br \/>\n\u00b7 Horas, minutos, segundos, PM(P), a\u00f1o, mes, fecha y d\u00eda de la semana.<\/li>\n<li><strong>CALENDARIO AUTOM\u00c1TICO COMPLETO<br \/>\n<\/strong>\u00b7 Una vez ajustado, el calendario autom\u00e1tico muestra siempre la fecha correcta.<\/li>\n<li><strong>FORMATO DE 12\/24 HORAS<br \/>\n<\/strong>\u00b7\u00a0Las horas se visualizan ya sea en el formato de 12 o 24 horas.<\/li>\n<li><strong>PRECISI\u00d3N\u00a0A TEMPERATURA NORMAL<br \/>\n<\/strong>\u00b7 +\/- 15 Seg.. por mes ( sin calibraci\u00f3n de se\u00f1al).<\/li>\n<li><strong>CAJA DE RESINA<\/strong><\/li>\n<li><strong>CRISTAL MINERAL<br \/>\n<\/strong>\u00b7\u00a0El cristal mineral, duro y dif\u00edcil de rayar, protege el reloj de da\u00f1os exteriores.<\/li>\n<li><b>CORREA DE\u00a0RESINA<br \/>\n<\/b>\u00b7\u00a0La correa contiene resina sint\u00e9tica, un material ideal para este componente dada su extrema resistencia y su flexibilidad.<\/li>\n<li><strong>CLASIFICACI\u00d3N DE RESISTENCIA AL AGUA (20 BAR)<br \/>\n<\/strong>\u00b7\u00a0Perfecto para las inmersiones libres sin aparatos: el reloj es resistente al agua hasta 20 bar (ISO 22810).<\/li>\n<li><strong>DURACI\u00d3N DE LA PILA.<\/strong><br \/>\n\u00b7 La pila proporciona al reloj la energ\u00eda necesaria durante aprox. 2 a\u00f1os.<\/li>\n<li><strong>DIMENSIONES<\/strong><br \/>\n\u00b7 56,2mm x 55,3mm x 17,1mm<\/li>\n<li><strong>PESO<\/strong><br \/>\n\u00b7 92,0 g<\/li>\n<\/ul>\n<p><strong>GG-1000BTN-1AER<\/strong>\u00a0G-Shock Mudmaster Burton Camuflaje<\/p>\n","protected":false},"excerpt":{"rendered":"<p>G-Shock incorpora a su gran colecci\u00f3n Mudmaster el modelo Burton Edici\u00f3n Limitada GG-1000BTN-1AER. Su modelo base es el GG-1000, doble sensor (br\u00fajula y term\u00f3metro)\u00a0<span lang=\"es\">que se adapta perfectamente a los entornos naturales extremos. Este dise\u00f1o es perfecto para actividades en un entorno natural, patr\u00f3n de camuflaje oscuro, y un bisel negro con detalles en naranja. El anillo de su correa y la tapa posterior trasera lucen el logotipo de BURTON. Para el snowboard y cualquier otra actividad que lo lleve al aire libre, este reloj de colaboraci\u00f3n combina el estilo mundial de BURTON con la reputaci\u00f3n mundial de G-SHOCK por su resistencia sin igual para un modelo verdaderamente especial.<\/span><\/p>\n","protected":false},"featured_media":1344,"comment_status":"closed","ping_status":"closed","template":"","meta":[],"product_brand":[],"product_cat":[79,38],"product_tag":[85,68,84,71],"class_list":{"0":"post-1341","1":"product","2":"type-product","3":"status-publish","4":"has-post-thumbnail","6":"product_cat-edicion-limitada","7":"product_cat-relojes","8":"product_tag-burton","9":"product_tag-casio","10":"product_tag-gg-1000btn-1aer","11":"product_tag-gshock","13":"first","14":"instock","15":"taxable","16":"shipping-taxable","17":"purchasable","18":"product-type-simple"},"yoast_head":"<!-- This site is optimized with the Yoast SEO plugin v27.2 - https:\/\/yoast.com\/product\/yoast-seo-wordpress\/ -->\n<title>Reloj Casio G-shock BURTON MUDMASTER LIMITED EDITION GG-1000BTN-1AER - Joieria Dacla<\/title>\n<meta name=\"description\" content=\"G-Shock incorpora a su gran colecci\u00f3n Mudmaster el modelo Burton Edici\u00f3n Limitada GG-1000BTN-1AER. Su modelo base es el GG-1000, doble sensor (br\u00fajula y term\u00f3metro)\u00a0que se adapta perfectamente a los entornos naturales extremos.\" \/>\n<meta name=\"robots\" content=\"index, follow, max-snippet:-1, max-image-preview:large, max-video-preview:-1\" \/>\n<link rel=\"canonical\" href=\"https:\/\/joieriadacla.com\/index.php\/product\/casio-g-shock-burton-mudmaster-limited-edition-gg-1000btn-1aer\/\" \/>\n<meta property=\"og:locale\" content=\"es_ES\" \/>\n<meta property=\"og:type\" content=\"article\" \/>\n<meta property=\"og:title\" content=\"Reloj Casio G-shock BURTON MUDMASTER LIMITED EDITION GG-1000BTN-1AER - Joieria Dacla\" \/>\n<meta property=\"og:description\" content=\"G-Shock incorpora a su gran colecci\u00f3n Mudmaster el modelo Burton Edici\u00f3n Limitada GG-1000BTN-1AER. Su modelo base es el GG-1000, doble sensor (br\u00fajula y term\u00f3metro)\u00a0que se adapta perfectamente a los entornos naturales extremos.\" \/>\n<meta property=\"og:url\" content=\"https:\/\/joieriadacla.com\/index.php\/product\/casio-g-shock-burton-mudmaster-limited-edition-gg-1000btn-1aer\/\" \/>\n<meta property=\"og:site_name\" content=\"Joieria Dacla\" \/>\n<meta property=\"article:modified_time\" content=\"2024-09-23T18:21:59+00:00\" \/>\n<meta property=\"og:image\" content=\"https:\/\/joieriadacla.com\/wp-content\/uploads\/2023\/05\/pol_pl_Zegarek-Casio-G-Shock-Mudmaster-GG-1000BTN-1A-Burton-1292_1.png\" \/>\n\t<meta property=\"og:image:width\" content=\"700\" \/>\n\t<meta property=\"og:image:height\" content=\"700\" \/>\n\t<meta property=\"og:image:type\" content=\"image\/png\" \/>\n<meta name=\"twitter:card\" content=\"summary_large_image\" \/>\n<meta name=\"twitter:label1\" content=\"Tiempo de lectura\" \/>\n\t<meta name=\"twitter:data1\" content=\"4 minutos\" \/>\n<script type=\"application\/ld+json\" class=\"yoast-schema-graph\">{\"@context\":\"https:\/\/schema.org\",\"@graph\":[{\"@type\":\"WebPage\",\"@id\":\"https:\/\/joieriadacla.com\/index.php\/product\/casio-g-shock-burton-mudmaster-limited-edition-gg-1000btn-1aer\/\",\"url\":\"https:\/\/joieriadacla.com\/index.php\/product\/casio-g-shock-burton-mudmaster-limited-edition-gg-1000btn-1aer\/\",\"name\":\"Reloj Casio G-shock BURTON MUDMASTER LIMITED EDITION GG-1000BTN-1AER - Joieria Dacla\",\"isPartOf\":{\"@id\":\"https:\/\/joieriadacla.com\/#website\"},\"primaryImageOfPage\":{\"@id\":\"https:\/\/joieriadacla.com\/index.php\/product\/casio-g-shock-burton-mudmaster-limited-edition-gg-1000btn-1aer\/#primaryimage\"},\"image\":{\"@id\":\"https:\/\/joieriadacla.com\/index.php\/product\/casio-g-shock-burton-mudmaster-limited-edition-gg-1000btn-1aer\/#primaryimage\"},\"thumbnailUrl\":\"https:\/\/joieriadacla.com\/wp-content\/uploads\/2023\/05\/pol_pl_Zegarek-Casio-G-Shock-Mudmaster-GG-1000BTN-1A-Burton-1292_1.png\",\"datePublished\":\"2023-05-25T18:41:03+00:00\",\"dateModified\":\"2024-09-23T18:21:59+00:00\",\"description\":\"G-Shock incorpora a su gran colecci\u00f3n Mudmaster el modelo Burton Edici\u00f3n Limitada GG-1000BTN-1AER. Su modelo base es el GG-1000, doble sensor (br\u00fajula y term\u00f3metro)\u00a0que se adapta perfectamente a los entornos naturales extremos.\",\"breadcrumb\":{\"@id\":\"https:\/\/joieriadacla.com\/index.php\/product\/casio-g-shock-burton-mudmaster-limited-edition-gg-1000btn-1aer\/#breadcrumb\"},\"inLanguage\":\"es\",\"potentialAction\":[{\"@type\":\"ReadAction\",\"target\":[\"https:\/\/joieriadacla.com\/index.php\/product\/casio-g-shock-burton-mudmaster-limited-edition-gg-1000btn-1aer\/\"]}]},{\"@type\":\"ImageObject\",\"inLanguage\":\"es\",\"@id\":\"https:\/\/joieriadacla.com\/index.php\/product\/casio-g-shock-burton-mudmaster-limited-edition-gg-1000btn-1aer\/#primaryimage\",\"url\":\"https:\/\/joieriadacla.com\/wp-content\/uploads\/2023\/05\/pol_pl_Zegarek-Casio-G-Shock-Mudmaster-GG-1000BTN-1A-Burton-1292_1.png\",\"contentUrl\":\"https:\/\/joieriadacla.com\/wp-content\/uploads\/2023\/05\/pol_pl_Zegarek-Casio-G-Shock-Mudmaster-GG-1000BTN-1A-Burton-1292_1.png\",\"width\":700,\"height\":700,\"caption\":\"CASIO G-SHOCK BURTON MUDMASTER LIMITED EDITION GG-1000BTN-1AER\"},{\"@type\":\"BreadcrumbList\",\"@id\":\"https:\/\/joieriadacla.com\/index.php\/product\/casio-g-shock-burton-mudmaster-limited-edition-gg-1000btn-1aer\/#breadcrumb\",\"itemListElement\":[{\"@type\":\"ListItem\",\"position\":1,\"name\":\"Portada\",\"item\":\"https:\/\/joieriadacla.com\/\"},{\"@type\":\"ListItem\",\"position\":2,\"name\":\"Productos\",\"item\":\"https:\/\/joieriadacla.com\/index.php\/shop\/\"},{\"@type\":\"ListItem\",\"position\":3,\"name\":\"Reloj Casio G-shock BURTON MUDMASTER LIMITED EDITION GG-1000BTN-1AER\"}]},{\"@type\":\"WebSite\",\"@id\":\"https:\/\/joieriadacla.com\/#website\",\"url\":\"https:\/\/joieriadacla.com\/\",\"name\":\"Joieria Rellotgeria Dacla\",\"description\":\"Joieria Dacla\",\"publisher\":{\"@id\":\"https:\/\/joieriadacla.com\/#organization\"},\"potentialAction\":[{\"@type\":\"SearchAction\",\"target\":{\"@type\":\"EntryPoint\",\"urlTemplate\":\"https:\/\/joieriadacla.com\/?s={search_term_string}\"},\"query-input\":{\"@type\":\"PropertyValueSpecification\",\"valueRequired\":true,\"valueName\":\"search_term_string\"}}],\"inLanguage\":\"es\"},{\"@type\":\"Organization\",\"@id\":\"https:\/\/joieriadacla.com\/#organization\",\"name\":\"Joieria Rellotgeria Dacla\",\"url\":\"https:\/\/joieriadacla.com\/\",\"logo\":{\"@type\":\"ImageObject\",\"inLanguage\":\"es\",\"@id\":\"https:\/\/joieriadacla.com\/#\/schema\/logo\/image\/\",\"url\":\"https:\/\/joieriadacla.com\/wp-content\/uploads\/2022\/03\/LOGODACLA.png\",\"contentUrl\":\"https:\/\/joieriadacla.com\/wp-content\/uploads\/2022\/03\/LOGODACLA.png\",\"width\":319,\"height\":228,\"caption\":\"Joieria Rellotgeria Dacla\"},\"image\":{\"@id\":\"https:\/\/joieriadacla.com\/#\/schema\/logo\/image\/\"},\"sameAs\":[\"https:\/\/www.instagram.com\/joieria.dacla\/?hl=es\"]}]}<\/script>\n<!-- \/ Yoast SEO plugin. -->","yoast_head_json":{"title":"Reloj Casio G-shock BURTON MUDMASTER LIMITED EDITION GG-1000BTN-1AER - Joieria Dacla","description":"G-Shock incorpora a su gran colecci\u00f3n Mudmaster el modelo Burton Edici\u00f3n Limitada GG-1000BTN-1AER. Su modelo base es el GG-1000, doble sensor (br\u00fajula y term\u00f3metro)\u00a0que se adapta perfectamente a los entornos naturales extremos.","robots":{"index":"index","follow":"follow","max-snippet":"max-snippet:-1","max-image-preview":"max-image-preview:large","max-video-preview":"max-video-preview:-1"},"canonical":"https:\/\/joieriadacla.com\/index.php\/product\/casio-g-shock-burton-mudmaster-limited-edition-gg-1000btn-1aer\/","og_locale":"es_ES","og_type":"article","og_title":"Reloj Casio G-shock BURTON MUDMASTER LIMITED EDITION GG-1000BTN-1AER - Joieria Dacla","og_description":"G-Shock incorpora a su gran colecci\u00f3n Mudmaster el modelo Burton Edici\u00f3n Limitada GG-1000BTN-1AER. Su modelo base es el GG-1000, doble sensor (br\u00fajula y term\u00f3metro)\u00a0que se adapta perfectamente a los entornos naturales extremos.","og_url":"https:\/\/joieriadacla.com\/index.php\/product\/casio-g-shock-burton-mudmaster-limited-edition-gg-1000btn-1aer\/","og_site_name":"Joieria Dacla","article_modified_time":"2024-09-23T18:21:59+00:00","og_image":[{"width":700,"height":700,"url":"https:\/\/joieriadacla.com\/wp-content\/uploads\/2023\/05\/pol_pl_Zegarek-Casio-G-Shock-Mudmaster-GG-1000BTN-1A-Burton-1292_1.png","type":"image\/png"}],"twitter_card":"summary_large_image","twitter_misc":{"Tiempo de lectura":"4 minutos"},"schema":{"@context":"https:\/\/schema.org","@graph":[{"@type":"WebPage","@id":"https:\/\/joieriadacla.com\/index.php\/product\/casio-g-shock-burton-mudmaster-limited-edition-gg-1000btn-1aer\/","url":"https:\/\/joieriadacla.com\/index.php\/product\/casio-g-shock-burton-mudmaster-limited-edition-gg-1000btn-1aer\/","name":"Reloj Casio G-shock BURTON MUDMASTER LIMITED EDITION GG-1000BTN-1AER - Joieria Dacla","isPartOf":{"@id":"https:\/\/joieriadacla.com\/#website"},"primaryImageOfPage":{"@id":"https:\/\/joieriadacla.com\/index.php\/product\/casio-g-shock-burton-mudmaster-limited-edition-gg-1000btn-1aer\/#primaryimage"},"image":{"@id":"https:\/\/joieriadacla.com\/index.php\/product\/casio-g-shock-burton-mudmaster-limited-edition-gg-1000btn-1aer\/#primaryimage"},"thumbnailUrl":"https:\/\/joieriadacla.com\/wp-content\/uploads\/2023\/05\/pol_pl_Zegarek-Casio-G-Shock-Mudmaster-GG-1000BTN-1A-Burton-1292_1.png","datePublished":"2023-05-25T18:41:03+00:00","dateModified":"2024-09-23T18:21:59+00:00","description":"G-Shock incorpora a su gran colecci\u00f3n Mudmaster el modelo Burton Edici\u00f3n Limitada GG-1000BTN-1AER. Su modelo base es el GG-1000, doble sensor (br\u00fajula y term\u00f3metro)\u00a0que se adapta perfectamente a los entornos naturales extremos.","breadcrumb":{"@id":"https:\/\/joieriadacla.com\/index.php\/product\/casio-g-shock-burton-mudmaster-limited-edition-gg-1000btn-1aer\/#breadcrumb"},"inLanguage":"es","potentialAction":[{"@type":"ReadAction","target":["https:\/\/joieriadacla.com\/index.php\/product\/casio-g-shock-burton-mudmaster-limited-edition-gg-1000btn-1aer\/"]}]},{"@type":"ImageObject","inLanguage":"es","@id":"https:\/\/joieriadacla.com\/index.php\/product\/casio-g-shock-burton-mudmaster-limited-edition-gg-1000btn-1aer\/#primaryimage","url":"https:\/\/joieriadacla.com\/wp-content\/uploads\/2023\/05\/pol_pl_Zegarek-Casio-G-Shock-Mudmaster-GG-1000BTN-1A-Burton-1292_1.png","contentUrl":"https:\/\/joieriadacla.com\/wp-content\/uploads\/2023\/05\/pol_pl_Zegarek-Casio-G-Shock-Mudmaster-GG-1000BTN-1A-Burton-1292_1.png","width":700,"height":700,"caption":"CASIO G-SHOCK BURTON MUDMASTER LIMITED EDITION GG-1000BTN-1AER"},{"@type":"BreadcrumbList","@id":"https:\/\/joieriadacla.com\/index.php\/product\/casio-g-shock-burton-mudmaster-limited-edition-gg-1000btn-1aer\/#breadcrumb","itemListElement":[{"@type":"ListItem","position":1,"name":"Portada","item":"https:\/\/joieriadacla.com\/"},{"@type":"ListItem","position":2,"name":"Productos","item":"https:\/\/joieriadacla.com\/index.php\/shop\/"},{"@type":"ListItem","position":3,"name":"Reloj Casio G-shock BURTON MUDMASTER LIMITED EDITION GG-1000BTN-1AER"}]},{"@type":"WebSite","@id":"https:\/\/joieriadacla.com\/#website","url":"https:\/\/joieriadacla.com\/","name":"Joieria Rellotgeria Dacla","description":"Joieria Dacla","publisher":{"@id":"https:\/\/joieriadacla.com\/#organization"},"potentialAction":[{"@type":"SearchAction","target":{"@type":"EntryPoint","urlTemplate":"https:\/\/joieriadacla.com\/?s={search_term_string}"},"query-input":{"@type":"PropertyValueSpecification","valueRequired":true,"valueName":"search_term_string"}}],"inLanguage":"es"},{"@type":"Organization","@id":"https:\/\/joieriadacla.com\/#organization","name":"Joieria Rellotgeria Dacla","url":"https:\/\/joieriadacla.com\/","logo":{"@type":"ImageObject","inLanguage":"es","@id":"https:\/\/joieriadacla.com\/#\/schema\/logo\/image\/","url":"https:\/\/joieriadacla.com\/wp-content\/uploads\/2022\/03\/LOGODACLA.png","contentUrl":"https:\/\/joieriadacla.com\/wp-content\/uploads\/2022\/03\/LOGODACLA.png","width":319,"height":228,"caption":"Joieria Rellotgeria Dacla"},"image":{"@id":"https:\/\/joieriadacla.com\/#\/schema\/logo\/image\/"},"sameAs":["https:\/\/www.instagram.com\/joieria.dacla\/?hl=es"]}]}},"_links":{"self":[{"href":"https:\/\/joieriadacla.com\/index.php\/wp-json\/wp\/v2\/product\/1341","targetHints":{"allow":["GET"]}}],"collection":[{"href":"https:\/\/joieriadacla.com\/index.php\/wp-json\/wp\/v2\/product"}],"about":[{"href":"https:\/\/joieriadacla.com\/index.php\/wp-json\/wp\/v2\/types\/product"}],"replies":[{"embeddable":true,"href":"https:\/\/joieriadacla.com\/index.php\/wp-json\/wp\/v2\/comments?post=1341"}],"wp:featuredmedia":[{"embeddable":true,"href":"https:\/\/joieriadacla.com\/index.php\/wp-json\/wp\/v2\/media\/1344"}],"wp:attachment":[{"href":"https:\/\/joieriadacla.com\/index.php\/wp-json\/wp\/v2\/media?parent=1341"}],"wp:term":[{"taxonomy":"product_brand","embeddable":true,"href":"https:\/\/joieriadacla.com\/index.php\/wp-json\/wp\/v2\/product_brand?post=1341"},{"taxonomy":"product_cat","embeddable":true,"href":"https:\/\/joieriadacla.com\/index.php\/wp-json\/wp\/v2\/product_cat?post=1341"},{"taxonomy":"product_tag","embeddable":true,"href":"https:\/\/joieriadacla.com\/index.php\/wp-json\/wp\/v2\/product_tag?post=1341"}],"curies":[{"name":"wp","href":"https:\/\/api.w.org\/{rel}","templated":true}]}}