{"id":1339,"date":"2023-05-25T18:28:43","date_gmt":"2023-05-25T18:28:43","guid":{"rendered":"https:\/\/joieriadacla.com\/?post_type=product&#038;p=1339"},"modified":"2026-01-08T12:15:21","modified_gmt":"2026-01-08T12:15:21","slug":"casio-g-shock-rainbow-gm-110rb-2aer","status":"publish","type":"product","link":"https:\/\/joieriadacla.com\/index.php\/product\/casio-g-shock-rainbow-gm-110rb-2aer\/","title":{"rendered":"Reloj Casio GM-110RB-2AER Special Edition Rainbow"},"content":{"rendered":"<p>Reloj Casio GM-110RB-2AER Special Edition Rainbow, NOVEDAD 2020, este reloj tiene un ba\u00f1o de iones (IP) especial en tonos arco\u00edris en el bisel de acero inoxidable, con un revestimiento multicolor para la esfera.<br \/>\nDebido al proceso de fabricaci\u00f3n, la apariencia del color del bisel del modelo GM-110RB-2AER es diferente para cada reloj, por lo que cada pieza es \u00fanica y diferente.<\/p>\n<p><b>Especificaciones: \u00a0<\/b><\/p>\n<p><b>Luz LED completamente autom\u00e1tica<\/b><\/p>\n<p>Un panel electroluminiscente (EL) ocasiona que la esfera entera del reloj se ilumine para una f\u00e1cil lectura. La funci\u00f3n de luz autom\u00e1tica activa la luz de fondo L siempre que incline el reloj hacia el rostro para la lectura.<\/p>\n<p><b>Resistente a los golpes<\/b><\/p>\n<p>La carcasa es resistente a los golpes y protege contra impactos y vibraciones.<\/p>\n<p><b>Funci\u00f3n de hora universal<\/b><\/p>\n<p>La funci\u00f3n de hora mundial muestra la hora actual en hasta 29 zonas horarias distintas.<\/p>\n<p><b>Cron\u00f3metro &#8211; 1\/100 seg. &#8211; 1.000 horas<\/b><\/p>\n<p>Medici\u00f3n precisa de tiempo transcurrido con el toque de un bot\u00f3n. La fracci\u00f3n indica la unidad de medici\u00f3n, mientras las cifras de tiempo indican las mediciones m\u00e1ximas de tiempo.<\/p>\n<p><b>Temporizadores &#8211; 1\/1 segundo &#8211; 24 horas<\/b><\/p>\n<p>Para todos aquellos que exigen precisi\u00f3n: los temporizadores con cuenta atr\u00e1s son de gran utilidad a la hora de recordar acontecimientos especiales o peri\u00f3dicos, ya que emiten una se\u00f1al ac\u00fastica en el momento programado. Se pueden configurar por segundos o hasta con a la hora de antelaci\u00f3n.<\/p>\n<p><b>5 alarmas diarias<\/b><\/p>\n<p>La alarma diaria le recordar\u00e1 las citas que se repiten a diario mediante una se\u00f1al ac\u00fastica que suena a la hora fijada. Este modelo est\u00e1 equipado con 5 alarmas independientes que le recuerdan sus citas importantes.<\/p>\n<p><b>Calendario autom\u00e1tico<\/b><\/p>\n<p>Una vez ajustado, el calendario autom\u00e1tico muestra siempre la fecha correcta.<\/p>\n<p><b>Indicaci\u00f3n de hora normal de 12\/24 horas<\/b><\/p>\n<p>Las horas se visualizan ya sea en el formato de 12 o 24 horas.<\/p>\n<p><b>Cristal mineral<\/b><\/p>\n<p>El cristal mineral, duro y dif\u00edcil de rayar, protege el reloj de da\u00f1os exteriores.<\/p>\n<p><b>Caja de acero inoxidable y resina<\/b><b>\u00a0<\/b><\/p>\n<p><b>Estuche con acabado IP<\/b><\/p>\n<p>La caja del reloj est\u00e1 recubierta por el llamado \u00abproceso de recubrimiento de iones\u00bb y ofrece la ventaja de una mayor resistencia al rayado.<\/p>\n<p><b>Correa de resina<\/b><\/p>\n<p>La correa contiene resina sint\u00e9tica, un material ideal para este componente dada su extrema resistencia y su flexibilidad.<\/p>\n<p><b>Hebilla<\/b><\/p>\n<p><b>\u00a0\u00a0<\/b><b>3 a\u00f1os &#8211; 1 pila<\/b><\/p>\n<p>La pila proporciona al reloj la energ\u00eda necesaria durante aprox. 3 a\u00f1os<\/p>\n<p><b>Clasificaci\u00f3n de resistencia al agua (20 bar)<\/b><\/p>\n<p>Perfecto para las inmersiones libres sin aparatos: el reloj es resistente al agua hasta 20 bar (ISO 22810).<\/p>\n<p><b>Dimensiones (A x A x P)<\/b><\/p>\n<p>51,9mm x 48,8mm x 16,9mm<\/p>\n<p><b>Peso<\/b><\/p>\n<p>aprox. 93 g<\/p>\n","protected":false},"excerpt":{"rendered":"<p>Reloj Casio GM-110RB-2AER Special Edition Rainbow, NOVEDAD 2020, este reloj tiene un ba\u00f1o de iones (IP) especial en tonos arco\u00edris en el bisel de acero inoxidable, con un revestimiento multicolor para la esfera.<br \/>\nDebido al proceso de fabricaci\u00f3n, la apariencia del color del bisel del modelo GM-110RB-2AER es diferente para cada reloj, por lo que cada pieza es \u00fanica y diferente.<\/p>\n","protected":false},"featured_media":1340,"comment_status":"closed","ping_status":"closed","template":"","meta":[],"product_brand":[],"product_cat":[79,38],"product_tag":[68,83,122,71,82],"class_list":{"0":"post-1339","1":"product","2":"type-product","3":"status-publish","4":"has-post-thumbnail","6":"product_cat-edicion-limitada","7":"product_cat-relojes","8":"product_tag-casio","9":"product_tag-dacla","10":"product_tag-gm-110rb-2aer","11":"product_tag-gshock","12":"product_tag-rainbow","14":"first","15":"instock","16":"taxable","17":"shipping-taxable","18":"purchasable","19":"product-type-simple"},"yoast_head":"<!-- This site is optimized with the Yoast SEO plugin v27.2 - https:\/\/yoast.com\/product\/yoast-seo-wordpress\/ -->\n<title>Reloj Casio GM-110RB-2AER Special Edition Rainbow - Joieria Dacla<\/title>\n<meta name=\"description\" content=\"Reloj Casio GM-110RB-2AER Special Edition Rainbow, NOVEDAD 2020, este reloj tiene un ba\u00f1o de iones (IP) especial en tonos arco\u00edris en el bisel de acero inoxidable, con un revestimiento multicolor para la esfera.Debido al proceso de fabricaci\u00f3n, la apariencia del color del bisel del modelo GM-110RB-2AER es diferente para cada reloj, por lo que cada pieza es \u00fanica y diferente.\" \/>\n<meta name=\"robots\" content=\"index, follow, max-snippet:-1, max-image-preview:large, max-video-preview:-1\" \/>\n<link rel=\"canonical\" href=\"https:\/\/joieriadacla.com\/index.php\/product\/casio-g-shock-rainbow-gm-110rb-2aer\/\" \/>\n<meta property=\"og:locale\" content=\"es_ES\" \/>\n<meta property=\"og:type\" content=\"article\" \/>\n<meta property=\"og:title\" content=\"Reloj Casio GM-110RB-2AER Special Edition Rainbow - Joieria Dacla\" \/>\n<meta property=\"og:description\" content=\"Reloj Casio GM-110RB-2AER Special Edition Rainbow, NOVEDAD 2020, este reloj tiene un ba\u00f1o de iones (IP) especial en tonos arco\u00edris en el bisel de acero inoxidable, con un revestimiento multicolor para la esfera.Debido al proceso de fabricaci\u00f3n, la apariencia del color del bisel del modelo GM-110RB-2AER es diferente para cada reloj, por lo que cada pieza es \u00fanica y diferente.\" \/>\n<meta property=\"og:url\" content=\"https:\/\/joieriadacla.com\/index.php\/product\/casio-g-shock-rainbow-gm-110rb-2aer\/\" \/>\n<meta property=\"og:site_name\" content=\"Joieria Dacla\" \/>\n<meta property=\"article:modified_time\" content=\"2026-01-08T12:15:21+00:00\" \/>\n<meta property=\"og:image\" content=\"https:\/\/joieriadacla.com\/wp-content\/uploads\/2023\/05\/GM-110RB-2AER.png\" \/>\n\t<meta property=\"og:image:width\" content=\"510\" \/>\n\t<meta property=\"og:image:height\" content=\"533\" \/>\n\t<meta property=\"og:image:type\" content=\"image\/png\" \/>\n<meta name=\"twitter:card\" content=\"summary_large_image\" \/>\n<meta name=\"twitter:label1\" content=\"Tiempo de lectura\" \/>\n\t<meta name=\"twitter:data1\" content=\"3 minutos\" \/>\n<script type=\"application\/ld+json\" class=\"yoast-schema-graph\">{\"@context\":\"https:\/\/schema.org\",\"@graph\":[{\"@type\":\"WebPage\",\"@id\":\"https:\/\/joieriadacla.com\/index.php\/product\/casio-g-shock-rainbow-gm-110rb-2aer\/\",\"url\":\"https:\/\/joieriadacla.com\/index.php\/product\/casio-g-shock-rainbow-gm-110rb-2aer\/\",\"name\":\"Reloj Casio GM-110RB-2AER Special Edition Rainbow - Joieria Dacla\",\"isPartOf\":{\"@id\":\"https:\/\/joieriadacla.com\/#website\"},\"primaryImageOfPage\":{\"@id\":\"https:\/\/joieriadacla.com\/index.php\/product\/casio-g-shock-rainbow-gm-110rb-2aer\/#primaryimage\"},\"image\":{\"@id\":\"https:\/\/joieriadacla.com\/index.php\/product\/casio-g-shock-rainbow-gm-110rb-2aer\/#primaryimage\"},\"thumbnailUrl\":\"https:\/\/joieriadacla.com\/wp-content\/uploads\/2023\/05\/GM-110RB-2AER.png\",\"datePublished\":\"2023-05-25T18:28:43+00:00\",\"dateModified\":\"2026-01-08T12:15:21+00:00\",\"description\":\"Reloj Casio GM-110RB-2AER Special Edition Rainbow, NOVEDAD 2020, este reloj tiene un ba\u00f1o de iones (IP) especial en tonos arco\u00edris en el bisel de acero inoxidable, con un revestimiento multicolor para la esfera.Debido al proceso de fabricaci\u00f3n, la apariencia del color del bisel del modelo GM-110RB-2AER es diferente para cada reloj, por lo que cada pieza es \u00fanica y diferente.\",\"breadcrumb\":{\"@id\":\"https:\/\/joieriadacla.com\/index.php\/product\/casio-g-shock-rainbow-gm-110rb-2aer\/#breadcrumb\"},\"inLanguage\":\"es\",\"potentialAction\":[{\"@type\":\"ReadAction\",\"target\":[\"https:\/\/joieriadacla.com\/index.php\/product\/casio-g-shock-rainbow-gm-110rb-2aer\/\"]}]},{\"@type\":\"ImageObject\",\"inLanguage\":\"es\",\"@id\":\"https:\/\/joieriadacla.com\/index.php\/product\/casio-g-shock-rainbow-gm-110rb-2aer\/#primaryimage\",\"url\":\"https:\/\/joieriadacla.com\/wp-content\/uploads\/2023\/05\/GM-110RB-2AER.png\",\"contentUrl\":\"https:\/\/joieriadacla.com\/wp-content\/uploads\/2023\/05\/GM-110RB-2AER.png\",\"width\":510,\"height\":533},{\"@type\":\"BreadcrumbList\",\"@id\":\"https:\/\/joieriadacla.com\/index.php\/product\/casio-g-shock-rainbow-gm-110rb-2aer\/#breadcrumb\",\"itemListElement\":[{\"@type\":\"ListItem\",\"position\":1,\"name\":\"Portada\",\"item\":\"https:\/\/joieriadacla.com\/\"},{\"@type\":\"ListItem\",\"position\":2,\"name\":\"Productos\",\"item\":\"https:\/\/joieriadacla.com\/index.php\/shop\/\"},{\"@type\":\"ListItem\",\"position\":3,\"name\":\"Reloj Casio GM-110RB-2AER Special Edition Rainbow\"}]},{\"@type\":\"WebSite\",\"@id\":\"https:\/\/joieriadacla.com\/#website\",\"url\":\"https:\/\/joieriadacla.com\/\",\"name\":\"Joieria Rellotgeria Dacla\",\"description\":\"Joieria Dacla\",\"publisher\":{\"@id\":\"https:\/\/joieriadacla.com\/#organization\"},\"potentialAction\":[{\"@type\":\"SearchAction\",\"target\":{\"@type\":\"EntryPoint\",\"urlTemplate\":\"https:\/\/joieriadacla.com\/?s={search_term_string}\"},\"query-input\":{\"@type\":\"PropertyValueSpecification\",\"valueRequired\":true,\"valueName\":\"search_term_string\"}}],\"inLanguage\":\"es\"},{\"@type\":\"Organization\",\"@id\":\"https:\/\/joieriadacla.com\/#organization\",\"name\":\"Joieria Rellotgeria Dacla\",\"url\":\"https:\/\/joieriadacla.com\/\",\"logo\":{\"@type\":\"ImageObject\",\"inLanguage\":\"es\",\"@id\":\"https:\/\/joieriadacla.com\/#\/schema\/logo\/image\/\",\"url\":\"https:\/\/joieriadacla.com\/wp-content\/uploads\/2022\/03\/LOGODACLA.png\",\"contentUrl\":\"https:\/\/joieriadacla.com\/wp-content\/uploads\/2022\/03\/LOGODACLA.png\",\"width\":319,\"height\":228,\"caption\":\"Joieria Rellotgeria Dacla\"},\"image\":{\"@id\":\"https:\/\/joieriadacla.com\/#\/schema\/logo\/image\/\"},\"sameAs\":[\"https:\/\/www.instagram.com\/joieria.dacla\/?hl=es\"]}]}<\/script>\n<!-- \/ Yoast SEO plugin. -->","yoast_head_json":{"title":"Reloj Casio GM-110RB-2AER Special Edition Rainbow - Joieria Dacla","description":"Reloj Casio GM-110RB-2AER Special Edition Rainbow, NOVEDAD 2020, este reloj tiene un ba\u00f1o de iones (IP) especial en tonos arco\u00edris en el bisel de acero inoxidable, con un revestimiento multicolor para la esfera.Debido al proceso de fabricaci\u00f3n, la apariencia del color del bisel del modelo GM-110RB-2AER es diferente para cada reloj, por lo que cada pieza es \u00fanica y diferente.","robots":{"index":"index","follow":"follow","max-snippet":"max-snippet:-1","max-image-preview":"max-image-preview:large","max-video-preview":"max-video-preview:-1"},"canonical":"https:\/\/joieriadacla.com\/index.php\/product\/casio-g-shock-rainbow-gm-110rb-2aer\/","og_locale":"es_ES","og_type":"article","og_title":"Reloj Casio GM-110RB-2AER Special Edition Rainbow - Joieria Dacla","og_description":"Reloj Casio GM-110RB-2AER Special Edition Rainbow, NOVEDAD 2020, este reloj tiene un ba\u00f1o de iones (IP) especial en tonos arco\u00edris en el bisel de acero inoxidable, con un revestimiento multicolor para la esfera.Debido al proceso de fabricaci\u00f3n, la apariencia del color del bisel del modelo GM-110RB-2AER es diferente para cada reloj, por lo que cada pieza es \u00fanica y diferente.","og_url":"https:\/\/joieriadacla.com\/index.php\/product\/casio-g-shock-rainbow-gm-110rb-2aer\/","og_site_name":"Joieria Dacla","article_modified_time":"2026-01-08T12:15:21+00:00","og_image":[{"width":510,"height":533,"url":"https:\/\/joieriadacla.com\/wp-content\/uploads\/2023\/05\/GM-110RB-2AER.png","type":"image\/png"}],"twitter_card":"summary_large_image","twitter_misc":{"Tiempo de lectura":"3 minutos"},"schema":{"@context":"https:\/\/schema.org","@graph":[{"@type":"WebPage","@id":"https:\/\/joieriadacla.com\/index.php\/product\/casio-g-shock-rainbow-gm-110rb-2aer\/","url":"https:\/\/joieriadacla.com\/index.php\/product\/casio-g-shock-rainbow-gm-110rb-2aer\/","name":"Reloj Casio GM-110RB-2AER Special Edition Rainbow - Joieria Dacla","isPartOf":{"@id":"https:\/\/joieriadacla.com\/#website"},"primaryImageOfPage":{"@id":"https:\/\/joieriadacla.com\/index.php\/product\/casio-g-shock-rainbow-gm-110rb-2aer\/#primaryimage"},"image":{"@id":"https:\/\/joieriadacla.com\/index.php\/product\/casio-g-shock-rainbow-gm-110rb-2aer\/#primaryimage"},"thumbnailUrl":"https:\/\/joieriadacla.com\/wp-content\/uploads\/2023\/05\/GM-110RB-2AER.png","datePublished":"2023-05-25T18:28:43+00:00","dateModified":"2026-01-08T12:15:21+00:00","description":"Reloj Casio GM-110RB-2AER Special Edition Rainbow, NOVEDAD 2020, este reloj tiene un ba\u00f1o de iones (IP) especial en tonos arco\u00edris en el bisel de acero inoxidable, con un revestimiento multicolor para la esfera.Debido al proceso de fabricaci\u00f3n, la apariencia del color del bisel del modelo GM-110RB-2AER es diferente para cada reloj, por lo que cada pieza es \u00fanica y diferente.","breadcrumb":{"@id":"https:\/\/joieriadacla.com\/index.php\/product\/casio-g-shock-rainbow-gm-110rb-2aer\/#breadcrumb"},"inLanguage":"es","potentialAction":[{"@type":"ReadAction","target":["https:\/\/joieriadacla.com\/index.php\/product\/casio-g-shock-rainbow-gm-110rb-2aer\/"]}]},{"@type":"ImageObject","inLanguage":"es","@id":"https:\/\/joieriadacla.com\/index.php\/product\/casio-g-shock-rainbow-gm-110rb-2aer\/#primaryimage","url":"https:\/\/joieriadacla.com\/wp-content\/uploads\/2023\/05\/GM-110RB-2AER.png","contentUrl":"https:\/\/joieriadacla.com\/wp-content\/uploads\/2023\/05\/GM-110RB-2AER.png","width":510,"height":533},{"@type":"BreadcrumbList","@id":"https:\/\/joieriadacla.com\/index.php\/product\/casio-g-shock-rainbow-gm-110rb-2aer\/#breadcrumb","itemListElement":[{"@type":"ListItem","position":1,"name":"Portada","item":"https:\/\/joieriadacla.com\/"},{"@type":"ListItem","position":2,"name":"Productos","item":"https:\/\/joieriadacla.com\/index.php\/shop\/"},{"@type":"ListItem","position":3,"name":"Reloj Casio GM-110RB-2AER Special Edition Rainbow"}]},{"@type":"WebSite","@id":"https:\/\/joieriadacla.com\/#website","url":"https:\/\/joieriadacla.com\/","name":"Joieria Rellotgeria Dacla","description":"Joieria Dacla","publisher":{"@id":"https:\/\/joieriadacla.com\/#organization"},"potentialAction":[{"@type":"SearchAction","target":{"@type":"EntryPoint","urlTemplate":"https:\/\/joieriadacla.com\/?s={search_term_string}"},"query-input":{"@type":"PropertyValueSpecification","valueRequired":true,"valueName":"search_term_string"}}],"inLanguage":"es"},{"@type":"Organization","@id":"https:\/\/joieriadacla.com\/#organization","name":"Joieria Rellotgeria Dacla","url":"https:\/\/joieriadacla.com\/","logo":{"@type":"ImageObject","inLanguage":"es","@id":"https:\/\/joieriadacla.com\/#\/schema\/logo\/image\/","url":"https:\/\/joieriadacla.com\/wp-content\/uploads\/2022\/03\/LOGODACLA.png","contentUrl":"https:\/\/joieriadacla.com\/wp-content\/uploads\/2022\/03\/LOGODACLA.png","width":319,"height":228,"caption":"Joieria Rellotgeria Dacla"},"image":{"@id":"https:\/\/joieriadacla.com\/#\/schema\/logo\/image\/"},"sameAs":["https:\/\/www.instagram.com\/joieria.dacla\/?hl=es"]}]}},"_links":{"self":[{"href":"https:\/\/joieriadacla.com\/index.php\/wp-json\/wp\/v2\/product\/1339","targetHints":{"allow":["GET"]}}],"collection":[{"href":"https:\/\/joieriadacla.com\/index.php\/wp-json\/wp\/v2\/product"}],"about":[{"href":"https:\/\/joieriadacla.com\/index.php\/wp-json\/wp\/v2\/types\/product"}],"replies":[{"embeddable":true,"href":"https:\/\/joieriadacla.com\/index.php\/wp-json\/wp\/v2\/comments?post=1339"}],"wp:featuredmedia":[{"embeddable":true,"href":"https:\/\/joieriadacla.com\/index.php\/wp-json\/wp\/v2\/media\/1340"}],"wp:attachment":[{"href":"https:\/\/joieriadacla.com\/index.php\/wp-json\/wp\/v2\/media?parent=1339"}],"wp:term":[{"taxonomy":"product_brand","embeddable":true,"href":"https:\/\/joieriadacla.com\/index.php\/wp-json\/wp\/v2\/product_brand?post=1339"},{"taxonomy":"product_cat","embeddable":true,"href":"https:\/\/joieriadacla.com\/index.php\/wp-json\/wp\/v2\/product_cat?post=1339"},{"taxonomy":"product_tag","embeddable":true,"href":"https:\/\/joieriadacla.com\/index.php\/wp-json\/wp\/v2\/product_tag?post=1339"}],"curies":[{"name":"wp","href":"https:\/\/api.w.org\/{rel}","templated":true}]}}