{"id":1322,"date":"2023-05-25T16:24:20","date_gmt":"2023-05-25T16:24:20","guid":{"rendered":"https:\/\/joieriadacla.com\/?post_type=product&#038;p=1322"},"modified":"2024-09-23T18:22:46","modified_gmt":"2024-09-23T18:22:46","slug":"casio-g-shock-pro-toyota-land-cruiser-el-gwg-2000tlc-1aer","status":"publish","type":"product","link":"https:\/\/joieriadacla.com\/index.php\/product\/casio-g-shock-pro-toyota-land-cruiser-el-gwg-2000tlc-1aer\/","title":{"rendered":"Reloj Casio G-shock LIMITED EDITION  PRO TOYOTA LAND CRUISER EL GWG-2000TLC-1AER"},"content":{"rendered":"<h3>Reloj Casio G-Shock\u00a0Pro Toyota Land Cruiser Edici\u00f3n Limitada GWG-2000TLC-1AER<\/h3>\n<p>Dise\u00f1ado para soportar todo el barro y el polvo que puedan traer tus aventuras. El G-Shock Pro Toyota Land Cruiser es audaz, intr\u00e9pido y siempre est\u00e1 listo para cualquier cosa. Una colaboraci\u00f3n muy especial con el Toyota Auto Body Team Lanc Cruiser inspirada en este veterano de la carrera m\u00e1s dura del mundo, el Rally Dakar.<\/p>\n<p>La esfera en color negro.<\/p>\n<p>Cuenta con cristal de zafiro, altamente resistente a los ara\u00f1azos.<\/p>\n<p>Este modelo cuenta con un movimiento solar, la energ\u00eda sobrante se almacena en una bater\u00eda.<\/p>\n<p>La correa en resina de color negro con detalles propios de esta edici\u00f3n con hebilla.<\/p>\n<p>Tiene una resistencia al agua de 200m(20 ATM).<\/p>\n<p>Con un peso de 106gr.<\/p>\n<p>Cuenta con multitud de funciones entre las que destacan:<\/p>\n<ul>\n<li>5 alarmas diarias<\/li>\n<li>Indicador de pila baja<\/li>\n<li>Luz LED completamente autom\u00e1tica<\/li>\n<li>Pantalla de ne\u00f3n<\/li>\n<li>Calendario autom\u00e1tico<\/li>\n<li>Indicaci\u00f3n de hora normal de 12\/24 horas<\/li>\n<li>Bar\u00f3metro (260\/1.100 hPa)<\/li>\n<li>Term\u00f3metro (-10\u00baC \/ +60\u00baC)<\/li>\n<li>Br\u00fajula<\/li>\n<li>Alt\u00edmetro 10.000m<\/li>\n<li>Suma de alturas<\/li>\n<li>Memoria de alt\u00edmetro<\/li>\n<li>Ajuste autom\u00e1tico de las manecillas<\/li>\n<li>Sonido de los botones activado\/desactivado<\/li>\n<li>Funci\u00f3n de movimiento de la aguja<\/li>\n<li>Bot\u00f3n de bloqueo de la corona<\/li>\n<li>Tecnolog\u00eda Smart Access<\/li>\n<li>Cron\u00f3metro -1\/100 seg. &#8211; 24h<\/li>\n<li>Temporizadores -1\/1 minuto &#8211; 1 hora<\/li>\n<li>Recepci\u00f3n de se\u00f1ales de radiofrecuencia DCF\/MSF\/WWVB\/JJY\/BPC<\/li>\n<li>Funci\u00f3n de hora universal<\/li>\n<\/ul>\n","protected":false},"excerpt":{"rendered":"<p>Dise\u00f1ado para soportar todo el barro y el polvo que puedan traer tus aventuras. El G-Shock Pro Toyota Land Cruiser es audaz, intr\u00e9pido y siempre est\u00e1 listo para cualquier cosa. Una colaboraci\u00f3n muy especial con el Toyota Auto Body Team Lanc Cruiser inspirada en este veterano de la carrera m\u00e1s dura del mundo, el Rally Dakar.<\/p>\n","protected":false},"featured_media":1324,"comment_status":"closed","ping_status":"closed","template":"","meta":[],"product_brand":[],"product_cat":[79,38],"product_tag":[],"class_list":{"0":"post-1322","1":"product","2":"type-product","3":"status-publish","4":"has-post-thumbnail","6":"product_cat-edicion-limitada","7":"product_cat-relojes","9":"first","10":"instock","11":"taxable","12":"shipping-taxable","13":"purchasable","14":"product-type-simple"},"yoast_head":"<!-- This site is optimized with the Yoast SEO plugin v27.2 - https:\/\/yoast.com\/product\/yoast-seo-wordpress\/ -->\n<title>Reloj Casio G-shock LIMITED EDITION PRO TOYOTA LAND CRUISER EL GWG-2000TLC-1AER - Joieria Dacla<\/title>\n<meta name=\"description\" content=\"Dise\u00f1ado para soportar todo el barro y el polvo que puedan traer tus aventuras. El G-Shock Pro Toyota Land Cruiser es audaz, intr\u00e9pido y siempre est\u00e1 listo para cualquier cosa. Una colaboraci\u00f3n muy especial con el Toyota Auto Body Team Lanc Cruiser inspirada en este veterano de la carrera m\u00e1s dura del mundo, el Rally Dakar.\u00a0\" \/>\n<meta name=\"robots\" content=\"index, follow, max-snippet:-1, max-image-preview:large, max-video-preview:-1\" \/>\n<link rel=\"canonical\" href=\"https:\/\/joieriadacla.com\/index.php\/product\/casio-g-shock-pro-toyota-land-cruiser-el-gwg-2000tlc-1aer\/\" \/>\n<meta property=\"og:locale\" content=\"es_ES\" \/>\n<meta property=\"og:type\" content=\"article\" \/>\n<meta property=\"og:title\" content=\"Reloj Casio G-shock LIMITED EDITION PRO TOYOTA LAND CRUISER EL GWG-2000TLC-1AER - Joieria Dacla\" \/>\n<meta property=\"og:description\" content=\"Dise\u00f1ado para soportar todo el barro y el polvo que puedan traer tus aventuras. El G-Shock Pro Toyota Land Cruiser es audaz, intr\u00e9pido y siempre est\u00e1 listo para cualquier cosa. Una colaboraci\u00f3n muy especial con el Toyota Auto Body Team Lanc Cruiser inspirada en este veterano de la carrera m\u00e1s dura del mundo, el Rally Dakar.\u00a0\" \/>\n<meta property=\"og:url\" content=\"https:\/\/joieriadacla.com\/index.php\/product\/casio-g-shock-pro-toyota-land-cruiser-el-gwg-2000tlc-1aer\/\" \/>\n<meta property=\"og:site_name\" content=\"Joieria Dacla\" \/>\n<meta property=\"article:modified_time\" content=\"2024-09-23T18:22:46+00:00\" \/>\n<meta property=\"og:image\" content=\"https:\/\/joieriadacla.com\/wp-content\/uploads\/2023\/05\/GWG-2000TLC-1AER_OR01_web.png\" \/>\n\t<meta property=\"og:image:width\" content=\"972\" \/>\n\t<meta property=\"og:image:height\" content=\"1100\" \/>\n\t<meta property=\"og:image:type\" content=\"image\/png\" \/>\n<meta name=\"twitter:card\" content=\"summary_large_image\" \/>\n<meta name=\"twitter:label1\" content=\"Tiempo de lectura\" \/>\n\t<meta name=\"twitter:data1\" content=\"1 minuto\" \/>\n<script type=\"application\/ld+json\" class=\"yoast-schema-graph\">{\"@context\":\"https:\/\/schema.org\",\"@graph\":[{\"@type\":\"WebPage\",\"@id\":\"https:\/\/joieriadacla.com\/index.php\/product\/casio-g-shock-pro-toyota-land-cruiser-el-gwg-2000tlc-1aer\/\",\"url\":\"https:\/\/joieriadacla.com\/index.php\/product\/casio-g-shock-pro-toyota-land-cruiser-el-gwg-2000tlc-1aer\/\",\"name\":\"Reloj Casio G-shock LIMITED EDITION PRO TOYOTA LAND CRUISER EL GWG-2000TLC-1AER - Joieria Dacla\",\"isPartOf\":{\"@id\":\"https:\/\/joieriadacla.com\/#website\"},\"primaryImageOfPage\":{\"@id\":\"https:\/\/joieriadacla.com\/index.php\/product\/casio-g-shock-pro-toyota-land-cruiser-el-gwg-2000tlc-1aer\/#primaryimage\"},\"image\":{\"@id\":\"https:\/\/joieriadacla.com\/index.php\/product\/casio-g-shock-pro-toyota-land-cruiser-el-gwg-2000tlc-1aer\/#primaryimage\"},\"thumbnailUrl\":\"https:\/\/joieriadacla.com\/wp-content\/uploads\/2023\/05\/GWG-2000TLC-1AER_OR01_web.png\",\"datePublished\":\"2023-05-25T16:24:20+00:00\",\"dateModified\":\"2024-09-23T18:22:46+00:00\",\"description\":\"Dise\u00f1ado para soportar todo el barro y el polvo que puedan traer tus aventuras. El G-Shock Pro Toyota Land Cruiser es audaz, intr\u00e9pido y siempre est\u00e1 listo para cualquier cosa. Una colaboraci\u00f3n muy especial con el Toyota Auto Body Team Lanc Cruiser inspirada en este veterano de la carrera m\u00e1s dura del mundo, el Rally Dakar.\u00a0\",\"breadcrumb\":{\"@id\":\"https:\/\/joieriadacla.com\/index.php\/product\/casio-g-shock-pro-toyota-land-cruiser-el-gwg-2000tlc-1aer\/#breadcrumb\"},\"inLanguage\":\"es\",\"potentialAction\":[{\"@type\":\"ReadAction\",\"target\":[\"https:\/\/joieriadacla.com\/index.php\/product\/casio-g-shock-pro-toyota-land-cruiser-el-gwg-2000tlc-1aer\/\"]}]},{\"@type\":\"ImageObject\",\"inLanguage\":\"es\",\"@id\":\"https:\/\/joieriadacla.com\/index.php\/product\/casio-g-shock-pro-toyota-land-cruiser-el-gwg-2000tlc-1aer\/#primaryimage\",\"url\":\"https:\/\/joieriadacla.com\/wp-content\/uploads\/2023\/05\/GWG-2000TLC-1AER_OR01_web.png\",\"contentUrl\":\"https:\/\/joieriadacla.com\/wp-content\/uploads\/2023\/05\/GWG-2000TLC-1AER_OR01_web.png\",\"width\":972,\"height\":1100},{\"@type\":\"BreadcrumbList\",\"@id\":\"https:\/\/joieriadacla.com\/index.php\/product\/casio-g-shock-pro-toyota-land-cruiser-el-gwg-2000tlc-1aer\/#breadcrumb\",\"itemListElement\":[{\"@type\":\"ListItem\",\"position\":1,\"name\":\"Portada\",\"item\":\"https:\/\/joieriadacla.com\/\"},{\"@type\":\"ListItem\",\"position\":2,\"name\":\"Productos\",\"item\":\"https:\/\/joieriadacla.com\/index.php\/shop\/\"},{\"@type\":\"ListItem\",\"position\":3,\"name\":\"Reloj Casio G-shock LIMITED EDITION PRO TOYOTA LAND CRUISER EL GWG-2000TLC-1AER\"}]},{\"@type\":\"WebSite\",\"@id\":\"https:\/\/joieriadacla.com\/#website\",\"url\":\"https:\/\/joieriadacla.com\/\",\"name\":\"Joieria Rellotgeria Dacla\",\"description\":\"Joieria Dacla\",\"publisher\":{\"@id\":\"https:\/\/joieriadacla.com\/#organization\"},\"potentialAction\":[{\"@type\":\"SearchAction\",\"target\":{\"@type\":\"EntryPoint\",\"urlTemplate\":\"https:\/\/joieriadacla.com\/?s={search_term_string}\"},\"query-input\":{\"@type\":\"PropertyValueSpecification\",\"valueRequired\":true,\"valueName\":\"search_term_string\"}}],\"inLanguage\":\"es\"},{\"@type\":\"Organization\",\"@id\":\"https:\/\/joieriadacla.com\/#organization\",\"name\":\"Joieria Rellotgeria Dacla\",\"url\":\"https:\/\/joieriadacla.com\/\",\"logo\":{\"@type\":\"ImageObject\",\"inLanguage\":\"es\",\"@id\":\"https:\/\/joieriadacla.com\/#\/schema\/logo\/image\/\",\"url\":\"https:\/\/joieriadacla.com\/wp-content\/uploads\/2022\/03\/LOGODACLA.png\",\"contentUrl\":\"https:\/\/joieriadacla.com\/wp-content\/uploads\/2022\/03\/LOGODACLA.png\",\"width\":319,\"height\":228,\"caption\":\"Joieria Rellotgeria Dacla\"},\"image\":{\"@id\":\"https:\/\/joieriadacla.com\/#\/schema\/logo\/image\/\"},\"sameAs\":[\"https:\/\/www.instagram.com\/joieria.dacla\/?hl=es\"]}]}<\/script>\n<!-- \/ Yoast SEO plugin. -->","yoast_head_json":{"title":"Reloj Casio G-shock LIMITED EDITION PRO TOYOTA LAND CRUISER EL GWG-2000TLC-1AER - Joieria Dacla","description":"Dise\u00f1ado para soportar todo el barro y el polvo que puedan traer tus aventuras. El G-Shock Pro Toyota Land Cruiser es audaz, intr\u00e9pido y siempre est\u00e1 listo para cualquier cosa. Una colaboraci\u00f3n muy especial con el Toyota Auto Body Team Lanc Cruiser inspirada en este veterano de la carrera m\u00e1s dura del mundo, el Rally Dakar.\u00a0","robots":{"index":"index","follow":"follow","max-snippet":"max-snippet:-1","max-image-preview":"max-image-preview:large","max-video-preview":"max-video-preview:-1"},"canonical":"https:\/\/joieriadacla.com\/index.php\/product\/casio-g-shock-pro-toyota-land-cruiser-el-gwg-2000tlc-1aer\/","og_locale":"es_ES","og_type":"article","og_title":"Reloj Casio G-shock LIMITED EDITION PRO TOYOTA LAND CRUISER EL GWG-2000TLC-1AER - Joieria Dacla","og_description":"Dise\u00f1ado para soportar todo el barro y el polvo que puedan traer tus aventuras. El G-Shock Pro Toyota Land Cruiser es audaz, intr\u00e9pido y siempre est\u00e1 listo para cualquier cosa. Una colaboraci\u00f3n muy especial con el Toyota Auto Body Team Lanc Cruiser inspirada en este veterano de la carrera m\u00e1s dura del mundo, el Rally Dakar.\u00a0","og_url":"https:\/\/joieriadacla.com\/index.php\/product\/casio-g-shock-pro-toyota-land-cruiser-el-gwg-2000tlc-1aer\/","og_site_name":"Joieria Dacla","article_modified_time":"2024-09-23T18:22:46+00:00","og_image":[{"width":972,"height":1100,"url":"https:\/\/joieriadacla.com\/wp-content\/uploads\/2023\/05\/GWG-2000TLC-1AER_OR01_web.png","type":"image\/png"}],"twitter_card":"summary_large_image","twitter_misc":{"Tiempo de lectura":"1 minuto"},"schema":{"@context":"https:\/\/schema.org","@graph":[{"@type":"WebPage","@id":"https:\/\/joieriadacla.com\/index.php\/product\/casio-g-shock-pro-toyota-land-cruiser-el-gwg-2000tlc-1aer\/","url":"https:\/\/joieriadacla.com\/index.php\/product\/casio-g-shock-pro-toyota-land-cruiser-el-gwg-2000tlc-1aer\/","name":"Reloj Casio G-shock LIMITED EDITION PRO TOYOTA LAND CRUISER EL GWG-2000TLC-1AER - Joieria Dacla","isPartOf":{"@id":"https:\/\/joieriadacla.com\/#website"},"primaryImageOfPage":{"@id":"https:\/\/joieriadacla.com\/index.php\/product\/casio-g-shock-pro-toyota-land-cruiser-el-gwg-2000tlc-1aer\/#primaryimage"},"image":{"@id":"https:\/\/joieriadacla.com\/index.php\/product\/casio-g-shock-pro-toyota-land-cruiser-el-gwg-2000tlc-1aer\/#primaryimage"},"thumbnailUrl":"https:\/\/joieriadacla.com\/wp-content\/uploads\/2023\/05\/GWG-2000TLC-1AER_OR01_web.png","datePublished":"2023-05-25T16:24:20+00:00","dateModified":"2024-09-23T18:22:46+00:00","description":"Dise\u00f1ado para soportar todo el barro y el polvo que puedan traer tus aventuras. El G-Shock Pro Toyota Land Cruiser es audaz, intr\u00e9pido y siempre est\u00e1 listo para cualquier cosa. Una colaboraci\u00f3n muy especial con el Toyota Auto Body Team Lanc Cruiser inspirada en este veterano de la carrera m\u00e1s dura del mundo, el Rally Dakar.\u00a0","breadcrumb":{"@id":"https:\/\/joieriadacla.com\/index.php\/product\/casio-g-shock-pro-toyota-land-cruiser-el-gwg-2000tlc-1aer\/#breadcrumb"},"inLanguage":"es","potentialAction":[{"@type":"ReadAction","target":["https:\/\/joieriadacla.com\/index.php\/product\/casio-g-shock-pro-toyota-land-cruiser-el-gwg-2000tlc-1aer\/"]}]},{"@type":"ImageObject","inLanguage":"es","@id":"https:\/\/joieriadacla.com\/index.php\/product\/casio-g-shock-pro-toyota-land-cruiser-el-gwg-2000tlc-1aer\/#primaryimage","url":"https:\/\/joieriadacla.com\/wp-content\/uploads\/2023\/05\/GWG-2000TLC-1AER_OR01_web.png","contentUrl":"https:\/\/joieriadacla.com\/wp-content\/uploads\/2023\/05\/GWG-2000TLC-1AER_OR01_web.png","width":972,"height":1100},{"@type":"BreadcrumbList","@id":"https:\/\/joieriadacla.com\/index.php\/product\/casio-g-shock-pro-toyota-land-cruiser-el-gwg-2000tlc-1aer\/#breadcrumb","itemListElement":[{"@type":"ListItem","position":1,"name":"Portada","item":"https:\/\/joieriadacla.com\/"},{"@type":"ListItem","position":2,"name":"Productos","item":"https:\/\/joieriadacla.com\/index.php\/shop\/"},{"@type":"ListItem","position":3,"name":"Reloj Casio G-shock LIMITED EDITION PRO TOYOTA LAND CRUISER EL GWG-2000TLC-1AER"}]},{"@type":"WebSite","@id":"https:\/\/joieriadacla.com\/#website","url":"https:\/\/joieriadacla.com\/","name":"Joieria Rellotgeria Dacla","description":"Joieria Dacla","publisher":{"@id":"https:\/\/joieriadacla.com\/#organization"},"potentialAction":[{"@type":"SearchAction","target":{"@type":"EntryPoint","urlTemplate":"https:\/\/joieriadacla.com\/?s={search_term_string}"},"query-input":{"@type":"PropertyValueSpecification","valueRequired":true,"valueName":"search_term_string"}}],"inLanguage":"es"},{"@type":"Organization","@id":"https:\/\/joieriadacla.com\/#organization","name":"Joieria Rellotgeria Dacla","url":"https:\/\/joieriadacla.com\/","logo":{"@type":"ImageObject","inLanguage":"es","@id":"https:\/\/joieriadacla.com\/#\/schema\/logo\/image\/","url":"https:\/\/joieriadacla.com\/wp-content\/uploads\/2022\/03\/LOGODACLA.png","contentUrl":"https:\/\/joieriadacla.com\/wp-content\/uploads\/2022\/03\/LOGODACLA.png","width":319,"height":228,"caption":"Joieria Rellotgeria Dacla"},"image":{"@id":"https:\/\/joieriadacla.com\/#\/schema\/logo\/image\/"},"sameAs":["https:\/\/www.instagram.com\/joieria.dacla\/?hl=es"]}]}},"_links":{"self":[{"href":"https:\/\/joieriadacla.com\/index.php\/wp-json\/wp\/v2\/product\/1322","targetHints":{"allow":["GET"]}}],"collection":[{"href":"https:\/\/joieriadacla.com\/index.php\/wp-json\/wp\/v2\/product"}],"about":[{"href":"https:\/\/joieriadacla.com\/index.php\/wp-json\/wp\/v2\/types\/product"}],"replies":[{"embeddable":true,"href":"https:\/\/joieriadacla.com\/index.php\/wp-json\/wp\/v2\/comments?post=1322"}],"wp:featuredmedia":[{"embeddable":true,"href":"https:\/\/joieriadacla.com\/index.php\/wp-json\/wp\/v2\/media\/1324"}],"wp:attachment":[{"href":"https:\/\/joieriadacla.com\/index.php\/wp-json\/wp\/v2\/media?parent=1322"}],"wp:term":[{"taxonomy":"product_brand","embeddable":true,"href":"https:\/\/joieriadacla.com\/index.php\/wp-json\/wp\/v2\/product_brand?post=1322"},{"taxonomy":"product_cat","embeddable":true,"href":"https:\/\/joieriadacla.com\/index.php\/wp-json\/wp\/v2\/product_cat?post=1322"},{"taxonomy":"product_tag","embeddable":true,"href":"https:\/\/joieriadacla.com\/index.php\/wp-json\/wp\/v2\/product_tag?post=1322"}],"curies":[{"name":"wp","href":"https:\/\/api.w.org\/{rel}","templated":true}]}}