{"id":1235,"date":"2023-03-07T18:41:10","date_gmt":"2023-03-07T18:41:10","guid":{"rendered":"https:\/\/joieriadacla.com\/?post_type=product&#038;p=1235"},"modified":"2024-09-23T18:23:21","modified_gmt":"2024-09-23T18:23:21","slug":"casio-vintage-a100wef-3a","status":"publish","type":"product","link":"https:\/\/joieriadacla.com\/index.php\/product\/casio-vintage-a100wef-3a\/","title":{"rendered":"Reloj Casio VINTAGE A100WEF-3A"},"content":{"rendered":"<p>Con motivo del 20.\u00ba aniversario de la marca, rag\u00a0&amp;\u00a0bone ha colaborado con la marca japonesa de relojes CASIO en el lanzamiento de una colecci\u00f3n que combina un dise\u00f1o de relojer\u00eda innovador con el inimitable estilo urbano de rag\u00a0&amp;\u00a0bone. Estos nuevos relojes, incluyen una correa monocrom\u00e1tica y una carcasa, ambas en colores militares, as\u00ed como una correa met\u00e1lica resistente de cinco hileras que garantiza una comodidad duradera. Inspirado en uno de los primeros relojes digitales de CASIO, el A1000 ofrece una carcasa octogonal y un dise\u00f1o fino que permite llevarlo c\u00f3modamente. Su pantalla LCD situada en la parte central de la esfera muestra la hora de manera clara y, a su vez, deja espacio para varias funciones adicionales y \u00fatiles como pueden ser la fecha, un cron\u00f3metro y una alarma. Todos los ajustes se regulan mediante tres c\u00f3modos botones situados en los laterales de la carcasa. Esta colaboraci\u00f3n refleja el compromiso de ambas marcas con los dise\u00f1os funcionales y atemporales. \u3010Acerca de rag\u00a0&amp;\u00a0bone\u3011 Desde sus inicios en Nueva York en 2002, rag\u00a0&amp;\u00a0bone&amp; se ha consolidado como un referente de \u00e9xito desde el punto de vista comercial y de la cr\u00edtica en el mundo de la moda internacional. Gracias a su combinaci\u00f3n de la tradici\u00f3n inglesa con un dise\u00f1o de vanguardia, la marca se ha convertido en un sin\u00f3nimo de ropa incre\u00edblemente ponible con una est\u00e9tica neoyorquina atrevida a la par que discreta. rag\u00a0&amp;\u00a0bone ofrece una amplia gama de colecciones pr\u00eat-\u00e0-porter, denim, accesorios y calzado para hombre y mujer.<\/p>\n","protected":false},"excerpt":{"rendered":"<p>Con motivo del 20.\u00ba aniversario de la marca, rag\u00a0&amp;\u00a0bone ha colaborado con la marca japonesa de relojes CASIO en el lanzamiento de una colecci\u00f3n que combina un dise\u00f1o de relojer\u00eda innovador con el inimitable estilo urbano de rag\u00a0&amp;\u00a0bone.<\/p>\n","protected":false},"featured_media":1236,"comment_status":"open","ping_status":"closed","template":"","meta":[],"product_brand":[],"product_cat":[57,38,58],"product_tag":[],"class_list":{"0":"post-1235","1":"product","2":"type-product","3":"status-publish","4":"has-post-thumbnail","6":"product_cat-casio","7":"product_cat-relojes","8":"product_cat-vintage","10":"first","11":"instock","12":"taxable","13":"shipping-taxable","14":"purchasable","15":"product-type-simple"},"yoast_head":"<!-- This site is optimized with the Yoast SEO plugin v27.2 - https:\/\/yoast.com\/product\/yoast-seo-wordpress\/ -->\n<title>Reloj Casio VINTAGE A100WEF-3A - Joieria Dacla<\/title>\n<meta name=\"description\" content=\"Con motivo del 20.\u00ba aniversario de la marca, rag &amp; bone ha colaborado con la marca japonesa de relojes CASIO en el lanzamiento de una colecci\u00f3n que combina un dise\u00f1o de relojer\u00eda innovador con el inimitable estilo urbano de rag &amp; bone.\" \/>\n<meta name=\"robots\" content=\"index, follow, max-snippet:-1, max-image-preview:large, max-video-preview:-1\" \/>\n<link rel=\"canonical\" href=\"https:\/\/joieriadacla.com\/index.php\/product\/casio-vintage-a100wef-3a\/\" \/>\n<meta property=\"og:locale\" content=\"es_ES\" \/>\n<meta property=\"og:type\" content=\"article\" \/>\n<meta property=\"og:title\" content=\"Reloj Casio VINTAGE A100WEF-3A - Joieria Dacla\" \/>\n<meta property=\"og:description\" content=\"Con motivo del 20.\u00ba aniversario de la marca, rag &amp; bone ha colaborado con la marca japonesa de relojes CASIO en el lanzamiento de una colecci\u00f3n que combina un dise\u00f1o de relojer\u00eda innovador con el inimitable estilo urbano de rag &amp; bone.\" \/>\n<meta property=\"og:url\" content=\"https:\/\/joieriadacla.com\/index.php\/product\/casio-vintage-a100wef-3a\/\" \/>\n<meta property=\"og:site_name\" content=\"Joieria Dacla\" \/>\n<meta property=\"article:modified_time\" content=\"2024-09-23T18:23:21+00:00\" \/>\n<meta property=\"og:image\" content=\"https:\/\/joieriadacla.com\/wp-content\/uploads\/2023\/03\/A100WEF-3AEF_OR01_web.png\" \/>\n\t<meta property=\"og:image:width\" content=\"972\" \/>\n\t<meta property=\"og:image:height\" content=\"1100\" \/>\n\t<meta property=\"og:image:type\" content=\"image\/png\" \/>\n<meta name=\"twitter:card\" content=\"summary_large_image\" \/>\n<meta name=\"twitter:label1\" content=\"Tiempo de lectura\" \/>\n\t<meta name=\"twitter:data1\" content=\"2 minutos\" \/>\n<script type=\"application\/ld+json\" class=\"yoast-schema-graph\">{\"@context\":\"https:\/\/schema.org\",\"@graph\":[{\"@type\":\"WebPage\",\"@id\":\"https:\/\/joieriadacla.com\/index.php\/product\/casio-vintage-a100wef-3a\/\",\"url\":\"https:\/\/joieriadacla.com\/index.php\/product\/casio-vintage-a100wef-3a\/\",\"name\":\"Reloj Casio VINTAGE A100WEF-3A - Joieria Dacla\",\"isPartOf\":{\"@id\":\"https:\/\/joieriadacla.com\/#website\"},\"primaryImageOfPage\":{\"@id\":\"https:\/\/joieriadacla.com\/index.php\/product\/casio-vintage-a100wef-3a\/#primaryimage\"},\"image\":{\"@id\":\"https:\/\/joieriadacla.com\/index.php\/product\/casio-vintage-a100wef-3a\/#primaryimage\"},\"thumbnailUrl\":\"https:\/\/joieriadacla.com\/wp-content\/uploads\/2023\/03\/A100WEF-3AEF_OR01_web.png\",\"datePublished\":\"2023-03-07T18:41:10+00:00\",\"dateModified\":\"2024-09-23T18:23:21+00:00\",\"description\":\"Con motivo del 20.\u00ba aniversario de la marca, rag & bone ha colaborado con la marca japonesa de relojes CASIO en el lanzamiento de una colecci\u00f3n que combina un dise\u00f1o de relojer\u00eda innovador con el inimitable estilo urbano de rag & bone.\",\"breadcrumb\":{\"@id\":\"https:\/\/joieriadacla.com\/index.php\/product\/casio-vintage-a100wef-3a\/#breadcrumb\"},\"inLanguage\":\"es\",\"potentialAction\":[{\"@type\":\"ReadAction\",\"target\":[\"https:\/\/joieriadacla.com\/index.php\/product\/casio-vintage-a100wef-3a\/\"]}]},{\"@type\":\"ImageObject\",\"inLanguage\":\"es\",\"@id\":\"https:\/\/joieriadacla.com\/index.php\/product\/casio-vintage-a100wef-3a\/#primaryimage\",\"url\":\"https:\/\/joieriadacla.com\/wp-content\/uploads\/2023\/03\/A100WEF-3AEF_OR01_web.png\",\"contentUrl\":\"https:\/\/joieriadacla.com\/wp-content\/uploads\/2023\/03\/A100WEF-3AEF_OR01_web.png\",\"width\":972,\"height\":1100},{\"@type\":\"BreadcrumbList\",\"@id\":\"https:\/\/joieriadacla.com\/index.php\/product\/casio-vintage-a100wef-3a\/#breadcrumb\",\"itemListElement\":[{\"@type\":\"ListItem\",\"position\":1,\"name\":\"Portada\",\"item\":\"https:\/\/joieriadacla.com\/\"},{\"@type\":\"ListItem\",\"position\":2,\"name\":\"Productos\",\"item\":\"https:\/\/joieriadacla.com\/index.php\/shop\/\"},{\"@type\":\"ListItem\",\"position\":3,\"name\":\"Reloj Casio VINTAGE A100WEF-3A\"}]},{\"@type\":\"WebSite\",\"@id\":\"https:\/\/joieriadacla.com\/#website\",\"url\":\"https:\/\/joieriadacla.com\/\",\"name\":\"Joieria Rellotgeria Dacla\",\"description\":\"Joieria Dacla\",\"publisher\":{\"@id\":\"https:\/\/joieriadacla.com\/#organization\"},\"potentialAction\":[{\"@type\":\"SearchAction\",\"target\":{\"@type\":\"EntryPoint\",\"urlTemplate\":\"https:\/\/joieriadacla.com\/?s={search_term_string}\"},\"query-input\":{\"@type\":\"PropertyValueSpecification\",\"valueRequired\":true,\"valueName\":\"search_term_string\"}}],\"inLanguage\":\"es\"},{\"@type\":\"Organization\",\"@id\":\"https:\/\/joieriadacla.com\/#organization\",\"name\":\"Joieria Rellotgeria Dacla\",\"url\":\"https:\/\/joieriadacla.com\/\",\"logo\":{\"@type\":\"ImageObject\",\"inLanguage\":\"es\",\"@id\":\"https:\/\/joieriadacla.com\/#\/schema\/logo\/image\/\",\"url\":\"https:\/\/joieriadacla.com\/wp-content\/uploads\/2022\/03\/LOGODACLA.png\",\"contentUrl\":\"https:\/\/joieriadacla.com\/wp-content\/uploads\/2022\/03\/LOGODACLA.png\",\"width\":319,\"height\":228,\"caption\":\"Joieria Rellotgeria Dacla\"},\"image\":{\"@id\":\"https:\/\/joieriadacla.com\/#\/schema\/logo\/image\/\"},\"sameAs\":[\"https:\/\/www.instagram.com\/joieria.dacla\/?hl=es\"]}]}<\/script>\n<!-- \/ Yoast SEO plugin. -->","yoast_head_json":{"title":"Reloj Casio VINTAGE A100WEF-3A - Joieria Dacla","description":"Con motivo del 20.\u00ba aniversario de la marca, rag & bone ha colaborado con la marca japonesa de relojes CASIO en el lanzamiento de una colecci\u00f3n que combina un dise\u00f1o de relojer\u00eda innovador con el inimitable estilo urbano de rag & bone.","robots":{"index":"index","follow":"follow","max-snippet":"max-snippet:-1","max-image-preview":"max-image-preview:large","max-video-preview":"max-video-preview:-1"},"canonical":"https:\/\/joieriadacla.com\/index.php\/product\/casio-vintage-a100wef-3a\/","og_locale":"es_ES","og_type":"article","og_title":"Reloj Casio VINTAGE A100WEF-3A - Joieria Dacla","og_description":"Con motivo del 20.\u00ba aniversario de la marca, rag & bone ha colaborado con la marca japonesa de relojes CASIO en el lanzamiento de una colecci\u00f3n que combina un dise\u00f1o de relojer\u00eda innovador con el inimitable estilo urbano de rag & bone.","og_url":"https:\/\/joieriadacla.com\/index.php\/product\/casio-vintage-a100wef-3a\/","og_site_name":"Joieria Dacla","article_modified_time":"2024-09-23T18:23:21+00:00","og_image":[{"width":972,"height":1100,"url":"https:\/\/joieriadacla.com\/wp-content\/uploads\/2023\/03\/A100WEF-3AEF_OR01_web.png","type":"image\/png"}],"twitter_card":"summary_large_image","twitter_misc":{"Tiempo de lectura":"2 minutos"},"schema":{"@context":"https:\/\/schema.org","@graph":[{"@type":"WebPage","@id":"https:\/\/joieriadacla.com\/index.php\/product\/casio-vintage-a100wef-3a\/","url":"https:\/\/joieriadacla.com\/index.php\/product\/casio-vintage-a100wef-3a\/","name":"Reloj Casio VINTAGE A100WEF-3A - Joieria Dacla","isPartOf":{"@id":"https:\/\/joieriadacla.com\/#website"},"primaryImageOfPage":{"@id":"https:\/\/joieriadacla.com\/index.php\/product\/casio-vintage-a100wef-3a\/#primaryimage"},"image":{"@id":"https:\/\/joieriadacla.com\/index.php\/product\/casio-vintage-a100wef-3a\/#primaryimage"},"thumbnailUrl":"https:\/\/joieriadacla.com\/wp-content\/uploads\/2023\/03\/A100WEF-3AEF_OR01_web.png","datePublished":"2023-03-07T18:41:10+00:00","dateModified":"2024-09-23T18:23:21+00:00","description":"Con motivo del 20.\u00ba aniversario de la marca, rag & bone ha colaborado con la marca japonesa de relojes CASIO en el lanzamiento de una colecci\u00f3n que combina un dise\u00f1o de relojer\u00eda innovador con el inimitable estilo urbano de rag & bone.","breadcrumb":{"@id":"https:\/\/joieriadacla.com\/index.php\/product\/casio-vintage-a100wef-3a\/#breadcrumb"},"inLanguage":"es","potentialAction":[{"@type":"ReadAction","target":["https:\/\/joieriadacla.com\/index.php\/product\/casio-vintage-a100wef-3a\/"]}]},{"@type":"ImageObject","inLanguage":"es","@id":"https:\/\/joieriadacla.com\/index.php\/product\/casio-vintage-a100wef-3a\/#primaryimage","url":"https:\/\/joieriadacla.com\/wp-content\/uploads\/2023\/03\/A100WEF-3AEF_OR01_web.png","contentUrl":"https:\/\/joieriadacla.com\/wp-content\/uploads\/2023\/03\/A100WEF-3AEF_OR01_web.png","width":972,"height":1100},{"@type":"BreadcrumbList","@id":"https:\/\/joieriadacla.com\/index.php\/product\/casio-vintage-a100wef-3a\/#breadcrumb","itemListElement":[{"@type":"ListItem","position":1,"name":"Portada","item":"https:\/\/joieriadacla.com\/"},{"@type":"ListItem","position":2,"name":"Productos","item":"https:\/\/joieriadacla.com\/index.php\/shop\/"},{"@type":"ListItem","position":3,"name":"Reloj Casio VINTAGE A100WEF-3A"}]},{"@type":"WebSite","@id":"https:\/\/joieriadacla.com\/#website","url":"https:\/\/joieriadacla.com\/","name":"Joieria Rellotgeria Dacla","description":"Joieria Dacla","publisher":{"@id":"https:\/\/joieriadacla.com\/#organization"},"potentialAction":[{"@type":"SearchAction","target":{"@type":"EntryPoint","urlTemplate":"https:\/\/joieriadacla.com\/?s={search_term_string}"},"query-input":{"@type":"PropertyValueSpecification","valueRequired":true,"valueName":"search_term_string"}}],"inLanguage":"es"},{"@type":"Organization","@id":"https:\/\/joieriadacla.com\/#organization","name":"Joieria Rellotgeria Dacla","url":"https:\/\/joieriadacla.com\/","logo":{"@type":"ImageObject","inLanguage":"es","@id":"https:\/\/joieriadacla.com\/#\/schema\/logo\/image\/","url":"https:\/\/joieriadacla.com\/wp-content\/uploads\/2022\/03\/LOGODACLA.png","contentUrl":"https:\/\/joieriadacla.com\/wp-content\/uploads\/2022\/03\/LOGODACLA.png","width":319,"height":228,"caption":"Joieria Rellotgeria Dacla"},"image":{"@id":"https:\/\/joieriadacla.com\/#\/schema\/logo\/image\/"},"sameAs":["https:\/\/www.instagram.com\/joieria.dacla\/?hl=es"]}]}},"_links":{"self":[{"href":"https:\/\/joieriadacla.com\/index.php\/wp-json\/wp\/v2\/product\/1235","targetHints":{"allow":["GET"]}}],"collection":[{"href":"https:\/\/joieriadacla.com\/index.php\/wp-json\/wp\/v2\/product"}],"about":[{"href":"https:\/\/joieriadacla.com\/index.php\/wp-json\/wp\/v2\/types\/product"}],"replies":[{"embeddable":true,"href":"https:\/\/joieriadacla.com\/index.php\/wp-json\/wp\/v2\/comments?post=1235"}],"wp:featuredmedia":[{"embeddable":true,"href":"https:\/\/joieriadacla.com\/index.php\/wp-json\/wp\/v2\/media\/1236"}],"wp:attachment":[{"href":"https:\/\/joieriadacla.com\/index.php\/wp-json\/wp\/v2\/media?parent=1235"}],"wp:term":[{"taxonomy":"product_brand","embeddable":true,"href":"https:\/\/joieriadacla.com\/index.php\/wp-json\/wp\/v2\/product_brand?post=1235"},{"taxonomy":"product_cat","embeddable":true,"href":"https:\/\/joieriadacla.com\/index.php\/wp-json\/wp\/v2\/product_cat?post=1235"},{"taxonomy":"product_tag","embeddable":true,"href":"https:\/\/joieriadacla.com\/index.php\/wp-json\/wp\/v2\/product_tag?post=1235"}],"curies":[{"name":"wp","href":"https:\/\/api.w.org\/{rel}","templated":true}]}}