{"id":1091,"date":"2023-01-17T19:23:41","date_gmt":"2023-01-17T19:23:41","guid":{"rendered":"https:\/\/joieriadacla.com\/?post_type=product&#038;p=1091"},"modified":"2024-09-23T18:24:25","modified_gmt":"2024-09-23T18:24:25","slug":"casio-baby-g-g-lide-blx-570-6jf-ladies-purple","status":"publish","type":"product","link":"https:\/\/joieriadacla.com\/index.php\/product\/casio-baby-g-g-lide-blx-570-6jf-ladies-purple\/","title":{"rendered":"Reloj Casio Baby-G G-LIDE BLX-570-6ER"},"content":{"rendered":"<h3><strong>ESPECIFICACIONES T\u00c9CNICAS\u00a0<\/strong><\/h3>\n<ul>\n<li><strong>RESISTENTE A LOS GOLPES (G-SHOCK)<\/strong><\/li>\n<li><strong>ILUMINACI\u00d3N<br \/>\n<\/strong>\u00b7\u00a0Un panel electro-luminiscente ocasiona que la esfera entera del reloj se ilumine para una f\u00e1cil lectura.<strong><br \/>\n<\/strong>\u00b7 Duraci\u00f3n seleccionable de la iluminaci\u00f3n.<\/li>\n<li><strong>HORA MUNDIAL<br \/>\n<\/strong>\u00b7 48 ciudades (29 zonas horarias).<strong><br \/>\n<\/strong>\u00b7\u00a0Hora de verano\/hora est\u00e1ndar.<\/li>\n<li><strong>INDICACI\u00d3N DE MAREAS Y FASES LUNARES<br \/>\n<\/strong>\u00b7\u00a0<span class=\"notranslate\">Una vez que se ha ingresado la hora de marea alta para una ubicaci\u00f3n seleccionada, el reloj puede mostrar las fases de baja y alta marea en esta ubicaci\u00f3n en cualquier fecha dada.<\/span>\u00a0<span class=\"notranslate\">Esto puede ser muy \u00fatil, por ejemplo, si desea conocer los patrones de las mareas en su destino de antemano.<\/span><strong><br \/>\n<\/strong>\u00b7 Edad lunar para una fecha espec\u00edfica; nivel de marea para una fecha y hora espec\u00edfica.<\/li>\n<li><strong>CRON\u00d3METRO<br \/>\n<\/strong>\u00b7 Unidad de medici\u00f3n: 1\/100 seg.<br \/>\n\u00b7 Capacidad de medici\u00f3n: 23:59\u2032 59,99\u2033.<br \/>\n\u00b7 Modos de medici\u00f3n: Tiempo transcurrido, tiempo fraccionado, dos llegadas a meta.<br \/>\n\u00b7 Inicio autom\u00e1tico.<\/li>\n<li><strong>TEMPORIZADOR DE CUENTA REGRESIVA<br \/>\n<\/strong>\u00b7\u00a0<span class=\"notranslate\">Para los fan\u00e1ticos de la precisi\u00f3n: los temporizadores de cuenta regresiva le ayudan a recordar eventos espec\u00edficos o recurrentes emitiendo una se\u00f1al audible a una hora preestablecida.<\/span>\u00a0<span class=\"notranslate\">Entonces, ellos comienzan la cuenta atr\u00e1s desde el momento prefijado.<\/span>\u00a0<span class=\"notranslate\">El tiempo se puede configurar al minuto m\u00e1s cercano y hasta 24 horas de anticipaci\u00f3n.<\/span>\u00a0<span class=\"notranslate\">Ideal para personas que necesitan tomar medicamentos todos los d\u00edas o para aquellos que realizan entrenamientos a intervalos.<\/span><strong><br \/>\n<\/strong>\u00b7\u00a0Unidad de medici\u00f3n: 1 segundo.<br \/>\n\u00b7\u00a0Rango de entrada: 1 minuto a 24 horas (incrementos de 1 minuto e incrementos de 1 hora).<br \/>\n\u00b7\u00a0Sincronizaci\u00f3n de repetici\u00f3n autom\u00e1tica; zumbador de progreso.<\/li>\n<li><strong>ALARMAS<br \/>\n<\/strong>\u00b7\u00a0<span class=\"notranslate\">Este modelo tiene 3 alarmas multi-funcionales independientes.<\/span>\u00a0<span class=\"notranslate\">Este reloj te recordar\u00e1 cualquier cita que necesites conservar.<\/span>\u00a0<span class=\"notranslate\">En total, hay cuatro tipos posibles de alarma: 1. Alarma diaria, suena a la misma hora todos los d\u00edas, 2. Alarma de fecha, por ejemplo, para recordar los cumplea\u00f1os, 3. Alarma mensual, suena el mismo d\u00eda a la misma hora cada mes, 4. Alarma por cada d\u00eda de un mes en particular.<\/span><\/li>\n<li><strong>FUNCI\u00d3N DESPERTADOR<br \/>\n<\/strong>\u00b7\u00a0Cada vez que para la alarma, suena de nuevo despu\u00e9s de unos minutos.<\/li>\n<li><strong>SE\u00d1AL HORARIA<\/strong><\/li>\n<li><strong>SONIDO DE LOS BOTONES ACTIVADO\/DESACTIVADO<br \/>\n<\/strong>\u00b7\u00a0Si se desea, es posible desactivar el sonido de los botones con el bot\u00f3n Mode. Una vez desactivado, el reloj dejar\u00e1 de emitir pitidos al cambiar de una funci\u00f3n a otra. Las alarmas configuradas o el temporizador de cuenta atr\u00e1s siguen estando activos despu\u00e9s de desactivar el sonido de los botones.<\/li>\n<li><strong>HORA NORMAL<br \/>\n<\/strong>\u00b7 Hora, minutos, segundos, p.m. (P), mes, d\u00eda, d\u00eda de la semana.<\/li>\n<li><strong>CALENDARIO AUTOM\u00c1TICO COMPLETO<br \/>\n<\/strong>\u00b7\u00a0Calendario autom\u00e1tico completo programado desde el a\u00f1o 2000 al 2099.<\/li>\n<li><strong>FORMATO DE 12\/24 HORAS<br \/>\n<\/strong>\u00b7\u00a0Las horas se visualizan ya sea en el formato de 12 o 24 horas.<\/li>\n<li><strong>PRECISI\u00d3N\u00a0A TEMPERATURA NORMAL<br \/>\n<\/strong>\u00b7 +\/- 30 Seg.. por mes ( sin calibraci\u00f3n de se\u00f1al).<\/li>\n<li><strong>DURACI\u00d3N DE LA PILA<br \/>\n<\/strong>\u00b7 Aproximadamente 3 a\u00f1os con el tipo CR1616 (10 segundos de operaci\u00f3n de alarma por d\u00eda (con alerta de flash), una operaci\u00f3n de temporizador de cuenta regresiva (con zumbador de progreso y alerta de flash) por semana, una operaci\u00f3n de cron\u00f3grafo (con inicio autom\u00e1tico y alerta de flash) por semana, 1,5 segundos de iluminaci\u00f3n por d\u00eda.).<\/li>\n<li><strong>CAJA DE RESINA<\/strong><\/li>\n<li><strong>CRISTAL MINERAL<br \/>\n<\/strong>\u00b7\u00a0El cristal mineral, duro y dif\u00edcil de rayar, protege el reloj de da\u00f1os exteriores.<\/li>\n<li><b>CORREA DE RESINA<strong><br \/>\n<\/strong><\/b>\u00b7\u00a0La correa contiene resina sint\u00e9tica, un material ideal para este componente dada su extrema resistencia y su flexibilidad.<\/li>\n<li><strong>CLASIFICACI\u00d3N DE RESISTENCIA AL AGUA (20 BAR)<br \/>\n<\/strong>\u00b7\u00a0Perfecto para las inmersiones libres sin aparatos: el reloj es resistente al agua hasta 20 bar (ISO 22810).<\/li>\n<li><strong>DIMENSIONES<br \/>\n<\/strong>\u00b7\u00a044,90 mm \u00d7 43,00 mm \u00d7 12,90 mm<\/li>\n<li><strong>PESO<br \/>\n<\/strong>\u00b7 45 g.<\/li>\n<\/ul>\n<p>Reloj Casio Baby-G BLX-570-6ER<\/p>\n","protected":false},"excerpt":{"rendered":"<p>De la l\u00ednea deportiva G-LIDE de la colecci\u00f3n BABY-G con capacidades de gr\u00e1fico de mareas y fases lunares, se crearon nuevos modelos retro con carcasa redonda, el nuevo BLX-570-6ER.<br \/>\nLa combinaci\u00f3n de las carcasas redondas con las pantallas LCD cuadradas genera un aspecto noventero. Adem\u00e1s, en los modelos BLX-570-6ER tanto el bezel como la correa son de colores mate.<\/p>\n","protected":false},"featured_media":1096,"comment_status":"open","ping_status":"closed","template":"","meta":[],"product_brand":[],"product_cat":[59,38],"product_tag":[],"class_list":{"0":"post-1091","1":"product","2":"type-product","3":"status-publish","4":"has-post-thumbnail","6":"product_cat-baby-g","7":"product_cat-relojes","9":"first","10":"instock","11":"taxable","12":"shipping-taxable","13":"purchasable","14":"product-type-simple"},"yoast_head":"<!-- This site is optimized with the Yoast SEO plugin v27.2 - https:\/\/yoast.com\/product\/yoast-seo-wordpress\/ -->\n<title>Reloj Casio Baby-G G-LIDE BLX-570-6ER - Joieria Dacla<\/title>\n<meta name=\"description\" content=\"De la l\u00ednea deportiva G-LIDE de la colecci\u00f3n BABY-G con capacidades de gr\u00e1fico de mareas y fases lunares, se crearon nuevos modelos retro con carcasa redonda, el nuevo BLX-570-6ER.La combinaci\u00f3n de las carcasas redondas con las pantallas LCD cuadradas genera un aspecto noventero. Adem\u00e1s, en los modelos BLX-570-6ER tanto el bezel como la correa son de colores mate.\" \/>\n<meta name=\"robots\" content=\"index, follow, max-snippet:-1, max-image-preview:large, max-video-preview:-1\" \/>\n<link rel=\"canonical\" href=\"https:\/\/joieriadacla.com\/index.php\/product\/casio-baby-g-g-lide-blx-570-6jf-ladies-purple\/\" \/>\n<meta property=\"og:locale\" content=\"es_ES\" \/>\n<meta property=\"og:type\" content=\"article\" \/>\n<meta property=\"og:title\" content=\"Reloj Casio Baby-G G-LIDE BLX-570-6ER - Joieria Dacla\" \/>\n<meta property=\"og:description\" content=\"De la l\u00ednea deportiva G-LIDE de la colecci\u00f3n BABY-G con capacidades de gr\u00e1fico de mareas y fases lunares, se crearon nuevos modelos retro con carcasa redonda, el nuevo BLX-570-6ER.La combinaci\u00f3n de las carcasas redondas con las pantallas LCD cuadradas genera un aspecto noventero. Adem\u00e1s, en los modelos BLX-570-6ER tanto el bezel como la correa son de colores mate.\" \/>\n<meta property=\"og:url\" content=\"https:\/\/joieriadacla.com\/index.php\/product\/casio-baby-g-g-lide-blx-570-6jf-ladies-purple\/\" \/>\n<meta property=\"og:site_name\" content=\"Joieria Dacla\" \/>\n<meta property=\"article:modified_time\" content=\"2024-09-23T18:24:25+00:00\" \/>\n<meta property=\"og:image\" content=\"https:\/\/joieriadacla.com\/wp-content\/uploads\/2023\/01\/BLX-570-6ER.png\" \/>\n\t<meta property=\"og:image:width\" content=\"510\" \/>\n\t<meta property=\"og:image:height\" content=\"533\" \/>\n\t<meta property=\"og:image:type\" content=\"image\/png\" \/>\n<meta name=\"twitter:card\" content=\"summary_large_image\" \/>\n<meta name=\"twitter:label1\" content=\"Tiempo de lectura\" \/>\n\t<meta name=\"twitter:data1\" content=\"3 minutos\" \/>\n<script type=\"application\/ld+json\" class=\"yoast-schema-graph\">{\"@context\":\"https:\/\/schema.org\",\"@graph\":[{\"@type\":\"WebPage\",\"@id\":\"https:\/\/joieriadacla.com\/index.php\/product\/casio-baby-g-g-lide-blx-570-6jf-ladies-purple\/\",\"url\":\"https:\/\/joieriadacla.com\/index.php\/product\/casio-baby-g-g-lide-blx-570-6jf-ladies-purple\/\",\"name\":\"Reloj Casio Baby-G G-LIDE BLX-570-6ER - Joieria Dacla\",\"isPartOf\":{\"@id\":\"https:\/\/joieriadacla.com\/#website\"},\"primaryImageOfPage\":{\"@id\":\"https:\/\/joieriadacla.com\/index.php\/product\/casio-baby-g-g-lide-blx-570-6jf-ladies-purple\/#primaryimage\"},\"image\":{\"@id\":\"https:\/\/joieriadacla.com\/index.php\/product\/casio-baby-g-g-lide-blx-570-6jf-ladies-purple\/#primaryimage\"},\"thumbnailUrl\":\"https:\/\/joieriadacla.com\/wp-content\/uploads\/2023\/01\/BLX-570-6ER.png\",\"datePublished\":\"2023-01-17T19:23:41+00:00\",\"dateModified\":\"2024-09-23T18:24:25+00:00\",\"description\":\"De la l\u00ednea deportiva G-LIDE de la colecci\u00f3n BABY-G con capacidades de gr\u00e1fico de mareas y fases lunares, se crearon nuevos modelos retro con carcasa redonda, el nuevo BLX-570-6ER.La combinaci\u00f3n de las carcasas redondas con las pantallas LCD cuadradas genera un aspecto noventero. Adem\u00e1s, en los modelos BLX-570-6ER tanto el bezel como la correa son de colores mate.\",\"breadcrumb\":{\"@id\":\"https:\/\/joieriadacla.com\/index.php\/product\/casio-baby-g-g-lide-blx-570-6jf-ladies-purple\/#breadcrumb\"},\"inLanguage\":\"es\",\"potentialAction\":[{\"@type\":\"ReadAction\",\"target\":[\"https:\/\/joieriadacla.com\/index.php\/product\/casio-baby-g-g-lide-blx-570-6jf-ladies-purple\/\"]}]},{\"@type\":\"ImageObject\",\"inLanguage\":\"es\",\"@id\":\"https:\/\/joieriadacla.com\/index.php\/product\/casio-baby-g-g-lide-blx-570-6jf-ladies-purple\/#primaryimage\",\"url\":\"https:\/\/joieriadacla.com\/wp-content\/uploads\/2023\/01\/BLX-570-6ER.png\",\"contentUrl\":\"https:\/\/joieriadacla.com\/wp-content\/uploads\/2023\/01\/BLX-570-6ER.png\",\"width\":510,\"height\":533},{\"@type\":\"BreadcrumbList\",\"@id\":\"https:\/\/joieriadacla.com\/index.php\/product\/casio-baby-g-g-lide-blx-570-6jf-ladies-purple\/#breadcrumb\",\"itemListElement\":[{\"@type\":\"ListItem\",\"position\":1,\"name\":\"Portada\",\"item\":\"https:\/\/joieriadacla.com\/\"},{\"@type\":\"ListItem\",\"position\":2,\"name\":\"Productos\",\"item\":\"https:\/\/joieriadacla.com\/index.php\/shop\/\"},{\"@type\":\"ListItem\",\"position\":3,\"name\":\"Reloj Casio Baby-G G-LIDE BLX-570-6ER\"}]},{\"@type\":\"WebSite\",\"@id\":\"https:\/\/joieriadacla.com\/#website\",\"url\":\"https:\/\/joieriadacla.com\/\",\"name\":\"Joieria Rellotgeria Dacla\",\"description\":\"Joieria Dacla\",\"publisher\":{\"@id\":\"https:\/\/joieriadacla.com\/#organization\"},\"potentialAction\":[{\"@type\":\"SearchAction\",\"target\":{\"@type\":\"EntryPoint\",\"urlTemplate\":\"https:\/\/joieriadacla.com\/?s={search_term_string}\"},\"query-input\":{\"@type\":\"PropertyValueSpecification\",\"valueRequired\":true,\"valueName\":\"search_term_string\"}}],\"inLanguage\":\"es\"},{\"@type\":\"Organization\",\"@id\":\"https:\/\/joieriadacla.com\/#organization\",\"name\":\"Joieria Rellotgeria Dacla\",\"url\":\"https:\/\/joieriadacla.com\/\",\"logo\":{\"@type\":\"ImageObject\",\"inLanguage\":\"es\",\"@id\":\"https:\/\/joieriadacla.com\/#\/schema\/logo\/image\/\",\"url\":\"https:\/\/joieriadacla.com\/wp-content\/uploads\/2022\/03\/LOGODACLA.png\",\"contentUrl\":\"https:\/\/joieriadacla.com\/wp-content\/uploads\/2022\/03\/LOGODACLA.png\",\"width\":319,\"height\":228,\"caption\":\"Joieria Rellotgeria Dacla\"},\"image\":{\"@id\":\"https:\/\/joieriadacla.com\/#\/schema\/logo\/image\/\"},\"sameAs\":[\"https:\/\/www.instagram.com\/joieria.dacla\/?hl=es\"]}]}<\/script>\n<!-- \/ Yoast SEO plugin. -->","yoast_head_json":{"title":"Reloj Casio Baby-G G-LIDE BLX-570-6ER - Joieria Dacla","description":"De la l\u00ednea deportiva G-LIDE de la colecci\u00f3n BABY-G con capacidades de gr\u00e1fico de mareas y fases lunares, se crearon nuevos modelos retro con carcasa redonda, el nuevo BLX-570-6ER.La combinaci\u00f3n de las carcasas redondas con las pantallas LCD cuadradas genera un aspecto noventero. Adem\u00e1s, en los modelos BLX-570-6ER tanto el bezel como la correa son de colores mate.","robots":{"index":"index","follow":"follow","max-snippet":"max-snippet:-1","max-image-preview":"max-image-preview:large","max-video-preview":"max-video-preview:-1"},"canonical":"https:\/\/joieriadacla.com\/index.php\/product\/casio-baby-g-g-lide-blx-570-6jf-ladies-purple\/","og_locale":"es_ES","og_type":"article","og_title":"Reloj Casio Baby-G G-LIDE BLX-570-6ER - Joieria Dacla","og_description":"De la l\u00ednea deportiva G-LIDE de la colecci\u00f3n BABY-G con capacidades de gr\u00e1fico de mareas y fases lunares, se crearon nuevos modelos retro con carcasa redonda, el nuevo BLX-570-6ER.La combinaci\u00f3n de las carcasas redondas con las pantallas LCD cuadradas genera un aspecto noventero. Adem\u00e1s, en los modelos BLX-570-6ER tanto el bezel como la correa son de colores mate.","og_url":"https:\/\/joieriadacla.com\/index.php\/product\/casio-baby-g-g-lide-blx-570-6jf-ladies-purple\/","og_site_name":"Joieria Dacla","article_modified_time":"2024-09-23T18:24:25+00:00","og_image":[{"width":510,"height":533,"url":"https:\/\/joieriadacla.com\/wp-content\/uploads\/2023\/01\/BLX-570-6ER.png","type":"image\/png"}],"twitter_card":"summary_large_image","twitter_misc":{"Tiempo de lectura":"3 minutos"},"schema":{"@context":"https:\/\/schema.org","@graph":[{"@type":"WebPage","@id":"https:\/\/joieriadacla.com\/index.php\/product\/casio-baby-g-g-lide-blx-570-6jf-ladies-purple\/","url":"https:\/\/joieriadacla.com\/index.php\/product\/casio-baby-g-g-lide-blx-570-6jf-ladies-purple\/","name":"Reloj Casio Baby-G G-LIDE BLX-570-6ER - Joieria Dacla","isPartOf":{"@id":"https:\/\/joieriadacla.com\/#website"},"primaryImageOfPage":{"@id":"https:\/\/joieriadacla.com\/index.php\/product\/casio-baby-g-g-lide-blx-570-6jf-ladies-purple\/#primaryimage"},"image":{"@id":"https:\/\/joieriadacla.com\/index.php\/product\/casio-baby-g-g-lide-blx-570-6jf-ladies-purple\/#primaryimage"},"thumbnailUrl":"https:\/\/joieriadacla.com\/wp-content\/uploads\/2023\/01\/BLX-570-6ER.png","datePublished":"2023-01-17T19:23:41+00:00","dateModified":"2024-09-23T18:24:25+00:00","description":"De la l\u00ednea deportiva G-LIDE de la colecci\u00f3n BABY-G con capacidades de gr\u00e1fico de mareas y fases lunares, se crearon nuevos modelos retro con carcasa redonda, el nuevo BLX-570-6ER.La combinaci\u00f3n de las carcasas redondas con las pantallas LCD cuadradas genera un aspecto noventero. Adem\u00e1s, en los modelos BLX-570-6ER tanto el bezel como la correa son de colores mate.","breadcrumb":{"@id":"https:\/\/joieriadacla.com\/index.php\/product\/casio-baby-g-g-lide-blx-570-6jf-ladies-purple\/#breadcrumb"},"inLanguage":"es","potentialAction":[{"@type":"ReadAction","target":["https:\/\/joieriadacla.com\/index.php\/product\/casio-baby-g-g-lide-blx-570-6jf-ladies-purple\/"]}]},{"@type":"ImageObject","inLanguage":"es","@id":"https:\/\/joieriadacla.com\/index.php\/product\/casio-baby-g-g-lide-blx-570-6jf-ladies-purple\/#primaryimage","url":"https:\/\/joieriadacla.com\/wp-content\/uploads\/2023\/01\/BLX-570-6ER.png","contentUrl":"https:\/\/joieriadacla.com\/wp-content\/uploads\/2023\/01\/BLX-570-6ER.png","width":510,"height":533},{"@type":"BreadcrumbList","@id":"https:\/\/joieriadacla.com\/index.php\/product\/casio-baby-g-g-lide-blx-570-6jf-ladies-purple\/#breadcrumb","itemListElement":[{"@type":"ListItem","position":1,"name":"Portada","item":"https:\/\/joieriadacla.com\/"},{"@type":"ListItem","position":2,"name":"Productos","item":"https:\/\/joieriadacla.com\/index.php\/shop\/"},{"@type":"ListItem","position":3,"name":"Reloj Casio Baby-G G-LIDE BLX-570-6ER"}]},{"@type":"WebSite","@id":"https:\/\/joieriadacla.com\/#website","url":"https:\/\/joieriadacla.com\/","name":"Joieria Rellotgeria Dacla","description":"Joieria Dacla","publisher":{"@id":"https:\/\/joieriadacla.com\/#organization"},"potentialAction":[{"@type":"SearchAction","target":{"@type":"EntryPoint","urlTemplate":"https:\/\/joieriadacla.com\/?s={search_term_string}"},"query-input":{"@type":"PropertyValueSpecification","valueRequired":true,"valueName":"search_term_string"}}],"inLanguage":"es"},{"@type":"Organization","@id":"https:\/\/joieriadacla.com\/#organization","name":"Joieria Rellotgeria Dacla","url":"https:\/\/joieriadacla.com\/","logo":{"@type":"ImageObject","inLanguage":"es","@id":"https:\/\/joieriadacla.com\/#\/schema\/logo\/image\/","url":"https:\/\/joieriadacla.com\/wp-content\/uploads\/2022\/03\/LOGODACLA.png","contentUrl":"https:\/\/joieriadacla.com\/wp-content\/uploads\/2022\/03\/LOGODACLA.png","width":319,"height":228,"caption":"Joieria Rellotgeria Dacla"},"image":{"@id":"https:\/\/joieriadacla.com\/#\/schema\/logo\/image\/"},"sameAs":["https:\/\/www.instagram.com\/joieria.dacla\/?hl=es"]}]}},"_links":{"self":[{"href":"https:\/\/joieriadacla.com\/index.php\/wp-json\/wp\/v2\/product\/1091","targetHints":{"allow":["GET"]}}],"collection":[{"href":"https:\/\/joieriadacla.com\/index.php\/wp-json\/wp\/v2\/product"}],"about":[{"href":"https:\/\/joieriadacla.com\/index.php\/wp-json\/wp\/v2\/types\/product"}],"replies":[{"embeddable":true,"href":"https:\/\/joieriadacla.com\/index.php\/wp-json\/wp\/v2\/comments?post=1091"}],"wp:featuredmedia":[{"embeddable":true,"href":"https:\/\/joieriadacla.com\/index.php\/wp-json\/wp\/v2\/media\/1096"}],"wp:attachment":[{"href":"https:\/\/joieriadacla.com\/index.php\/wp-json\/wp\/v2\/media?parent=1091"}],"wp:term":[{"taxonomy":"product_brand","embeddable":true,"href":"https:\/\/joieriadacla.com\/index.php\/wp-json\/wp\/v2\/product_brand?post=1091"},{"taxonomy":"product_cat","embeddable":true,"href":"https:\/\/joieriadacla.com\/index.php\/wp-json\/wp\/v2\/product_cat?post=1091"},{"taxonomy":"product_tag","embeddable":true,"href":"https:\/\/joieriadacla.com\/index.php\/wp-json\/wp\/v2\/product_tag?post=1091"}],"curies":[{"name":"wp","href":"https:\/\/api.w.org\/{rel}","templated":true}]}}