{"id":1085,"date":"2023-01-17T18:59:10","date_gmt":"2023-01-17T18:59:10","guid":{"rendered":"https:\/\/joieriadacla.com\/?post_type=product&#038;p=1085"},"modified":"2024-09-23T18:24:43","modified_gmt":"2024-09-23T18:24:43","slug":"casio-collection-a164wa-1ves-vintage","status":"publish","type":"product","link":"https:\/\/joieriadacla.com\/index.php\/product\/casio-collection-a164wa-1ves-vintage\/","title":{"rendered":"Reloj Casio  A164WA-1VES Vintage"},"content":{"rendered":"<ul>\n<li><b>Luz LED<\/b><br \/>\nPara iluminar la esfera del reloj se usa un diodo emisor de luz (LED).<\/li>\n<li><b>Cron\u00f3metro &#8211; 1\/100 seg. &#8211; 1 hora<\/b><br \/>\nEl tiempo transcurrido, los tiempos parciales y el tiempo final se miden con una precisi\u00f3n de cent\u00e9simas de segundo. El reloj tiene capacidad para cronometrar hasta una hora.<\/li>\n<li><b>Alarma diaria<\/b><br \/>\nLa alarma diaria emite una se\u00f1al ac\u00fastica en el momento programado para recordar aquellos acontecimientos que se repiten diariamente.<\/li>\n<li><b>Calendario autom\u00e1tico<\/b><br \/>\nUna vez ajustado, el calendario autom\u00e1tico muestra siempre la fecha correcta.<\/li>\n<li><b>Indicaci\u00f3n de hora normal de 12\/24 horas<\/b><br \/>\nLas horas se visualizan ya sea en el formato de 12 o 24 horas.<\/li>\n<li><b>Cristal acr\u00edlico<\/b><br \/>\nEl acr\u00edlico es f\u00e1cil y relativamente irrompible.<\/li>\n<li><b>Caja de resina<\/b><br \/>\nLa caja de resina es el compa\u00f1ero ideal para cada d\u00eda. Es duradera, ligera y relativamente insensible al fr\u00edo, calor u otras influencias externas.<\/li>\n<li><b>Correa de acero inoxidable<\/b><br \/>\nRobusta, resistente y elegante. La correa de acero inoxidable es un cl\u00e1sico para relojes.<\/li>\n<li><b>Cierre ajustable<\/b><br \/>\nEl cierre se puede ajustar individualmente de forma sencilla para proporcionar la m\u00e1xima comodidad.<\/li>\n<li><b>7 a\u00f1os &#8211; 1 pila<\/b><br \/>\nLa pila proporciona al reloj la energ\u00eda necesaria durante aprox. 7 a\u00f1os<\/li>\n<li><b>Clasificaci\u00f3n de resistencia al agua (WR) seg\u00fan ISO 22810<\/b><br \/>\nEste modelo es resistente al agua seg\u00fan DIN 8310 o ISO 22810 y soporta peque\u00f1as salpicaduras de agua. Deber\u00e1 evitarse cualquier mayor contacto con el agua.<\/li>\n<li><b>Dimensiones (A x A x P)<\/b><br \/>\n36,8mm x 35mm x 8,3mm<\/li>\n<li><b>Peso<\/b><br \/>\naprox. 48 g<\/li>\n<\/ul>\n","protected":false},"excerpt":{"rendered":"<div>Reloj de resina con cierre ajustable y brazalete de acero inoxidable. Calendario autom\u00e1tico, iluminaci\u00f3n de pantalla y cron\u00f3metro 1\/100 sg\/1 h.<\/div>\n<div>Duraci\u00f3n de la pila: 7 a\u00f1os<\/div>\n","protected":false},"featured_media":1087,"comment_status":"open","ping_status":"closed","template":"","meta":[],"product_brand":[],"product_cat":[57,38,58],"product_tag":[],"class_list":{"0":"post-1085","1":"product","2":"type-product","3":"status-publish","4":"has-post-thumbnail","6":"product_cat-casio","7":"product_cat-relojes","8":"product_cat-vintage","10":"first","11":"instock","12":"taxable","13":"shipping-taxable","14":"purchasable","15":"product-type-simple"},"yoast_head":"<!-- This site is optimized with the Yoast SEO plugin v27.2 - https:\/\/yoast.com\/product\/yoast-seo-wordpress\/ -->\n<title>Reloj Casio A164WA-1VES Vintage - Joieria Dacla<\/title>\n<meta name=\"description\" content=\"Reloj de resina con cierre ajustable y brazalete de acero inoxidable. Calendario autom\u00e1tico, iluminaci\u00f3n de pantalla y cron\u00f3metro 1\/100 sg\/1 h.Duraci\u00f3n de la pila: 7 a\u00f1os\" \/>\n<meta name=\"robots\" content=\"index, follow, max-snippet:-1, max-image-preview:large, max-video-preview:-1\" \/>\n<link rel=\"canonical\" href=\"https:\/\/joieriadacla.com\/index.php\/product\/casio-collection-a164wa-1ves-vintage\/\" \/>\n<meta property=\"og:locale\" content=\"es_ES\" \/>\n<meta property=\"og:type\" content=\"article\" \/>\n<meta property=\"og:title\" content=\"Reloj Casio A164WA-1VES Vintage - Joieria Dacla\" \/>\n<meta property=\"og:description\" content=\"Reloj de resina con cierre ajustable y brazalete de acero inoxidable. Calendario autom\u00e1tico, iluminaci\u00f3n de pantalla y cron\u00f3metro 1\/100 sg\/1 h.Duraci\u00f3n de la pila: 7 a\u00f1os\" \/>\n<meta property=\"og:url\" content=\"https:\/\/joieriadacla.com\/index.php\/product\/casio-collection-a164wa-1ves-vintage\/\" \/>\n<meta property=\"og:site_name\" content=\"Joieria Dacla\" \/>\n<meta property=\"article:modified_time\" content=\"2024-09-23T18:24:43+00:00\" \/>\n<meta property=\"og:image\" content=\"https:\/\/joieriadacla.com\/wp-content\/uploads\/2023\/01\/A164WA-1VES.jpg\" \/>\n\t<meta property=\"og:image:width\" content=\"500\" \/>\n\t<meta property=\"og:image:height\" content=\"500\" \/>\n\t<meta property=\"og:image:type\" content=\"image\/jpeg\" \/>\n<meta name=\"twitter:card\" content=\"summary_large_image\" \/>\n<meta name=\"twitter:label1\" content=\"Tiempo de lectura\" \/>\n\t<meta name=\"twitter:data1\" content=\"2 minutos\" \/>\n<script type=\"application\/ld+json\" class=\"yoast-schema-graph\">{\"@context\":\"https:\/\/schema.org\",\"@graph\":[{\"@type\":\"WebPage\",\"@id\":\"https:\/\/joieriadacla.com\/index.php\/product\/casio-collection-a164wa-1ves-vintage\/\",\"url\":\"https:\/\/joieriadacla.com\/index.php\/product\/casio-collection-a164wa-1ves-vintage\/\",\"name\":\"Reloj Casio A164WA-1VES Vintage - Joieria Dacla\",\"isPartOf\":{\"@id\":\"https:\/\/joieriadacla.com\/#website\"},\"primaryImageOfPage\":{\"@id\":\"https:\/\/joieriadacla.com\/index.php\/product\/casio-collection-a164wa-1ves-vintage\/#primaryimage\"},\"image\":{\"@id\":\"https:\/\/joieriadacla.com\/index.php\/product\/casio-collection-a164wa-1ves-vintage\/#primaryimage\"},\"thumbnailUrl\":\"https:\/\/joieriadacla.com\/wp-content\/uploads\/2023\/01\/A164WA-1VES.jpg\",\"datePublished\":\"2023-01-17T18:59:10+00:00\",\"dateModified\":\"2024-09-23T18:24:43+00:00\",\"description\":\"Reloj de resina con cierre ajustable y brazalete de acero inoxidable. Calendario autom\u00e1tico, iluminaci\u00f3n de pantalla y cron\u00f3metro 1\/100 sg\/1 h.Duraci\u00f3n de la pila: 7 a\u00f1os\",\"breadcrumb\":{\"@id\":\"https:\/\/joieriadacla.com\/index.php\/product\/casio-collection-a164wa-1ves-vintage\/#breadcrumb\"},\"inLanguage\":\"es\",\"potentialAction\":[{\"@type\":\"ReadAction\",\"target\":[\"https:\/\/joieriadacla.com\/index.php\/product\/casio-collection-a164wa-1ves-vintage\/\"]}]},{\"@type\":\"ImageObject\",\"inLanguage\":\"es\",\"@id\":\"https:\/\/joieriadacla.com\/index.php\/product\/casio-collection-a164wa-1ves-vintage\/#primaryimage\",\"url\":\"https:\/\/joieriadacla.com\/wp-content\/uploads\/2023\/01\/A164WA-1VES.jpg\",\"contentUrl\":\"https:\/\/joieriadacla.com\/wp-content\/uploads\/2023\/01\/A164WA-1VES.jpg\",\"width\":500,\"height\":500},{\"@type\":\"BreadcrumbList\",\"@id\":\"https:\/\/joieriadacla.com\/index.php\/product\/casio-collection-a164wa-1ves-vintage\/#breadcrumb\",\"itemListElement\":[{\"@type\":\"ListItem\",\"position\":1,\"name\":\"Portada\",\"item\":\"https:\/\/joieriadacla.com\/\"},{\"@type\":\"ListItem\",\"position\":2,\"name\":\"Productos\",\"item\":\"https:\/\/joieriadacla.com\/index.php\/shop\/\"},{\"@type\":\"ListItem\",\"position\":3,\"name\":\"Reloj Casio A164WA-1VES Vintage\"}]},{\"@type\":\"WebSite\",\"@id\":\"https:\/\/joieriadacla.com\/#website\",\"url\":\"https:\/\/joieriadacla.com\/\",\"name\":\"Joieria Rellotgeria Dacla\",\"description\":\"Joieria Dacla\",\"publisher\":{\"@id\":\"https:\/\/joieriadacla.com\/#organization\"},\"potentialAction\":[{\"@type\":\"SearchAction\",\"target\":{\"@type\":\"EntryPoint\",\"urlTemplate\":\"https:\/\/joieriadacla.com\/?s={search_term_string}\"},\"query-input\":{\"@type\":\"PropertyValueSpecification\",\"valueRequired\":true,\"valueName\":\"search_term_string\"}}],\"inLanguage\":\"es\"},{\"@type\":\"Organization\",\"@id\":\"https:\/\/joieriadacla.com\/#organization\",\"name\":\"Joieria Rellotgeria Dacla\",\"url\":\"https:\/\/joieriadacla.com\/\",\"logo\":{\"@type\":\"ImageObject\",\"inLanguage\":\"es\",\"@id\":\"https:\/\/joieriadacla.com\/#\/schema\/logo\/image\/\",\"url\":\"https:\/\/joieriadacla.com\/wp-content\/uploads\/2022\/03\/LOGODACLA.png\",\"contentUrl\":\"https:\/\/joieriadacla.com\/wp-content\/uploads\/2022\/03\/LOGODACLA.png\",\"width\":319,\"height\":228,\"caption\":\"Joieria Rellotgeria Dacla\"},\"image\":{\"@id\":\"https:\/\/joieriadacla.com\/#\/schema\/logo\/image\/\"},\"sameAs\":[\"https:\/\/www.instagram.com\/joieria.dacla\/?hl=es\"]}]}<\/script>\n<!-- \/ Yoast SEO plugin. -->","yoast_head_json":{"title":"Reloj Casio A164WA-1VES Vintage - Joieria Dacla","description":"Reloj de resina con cierre ajustable y brazalete de acero inoxidable. Calendario autom\u00e1tico, iluminaci\u00f3n de pantalla y cron\u00f3metro 1\/100 sg\/1 h.Duraci\u00f3n de la pila: 7 a\u00f1os","robots":{"index":"index","follow":"follow","max-snippet":"max-snippet:-1","max-image-preview":"max-image-preview:large","max-video-preview":"max-video-preview:-1"},"canonical":"https:\/\/joieriadacla.com\/index.php\/product\/casio-collection-a164wa-1ves-vintage\/","og_locale":"es_ES","og_type":"article","og_title":"Reloj Casio A164WA-1VES Vintage - Joieria Dacla","og_description":"Reloj de resina con cierre ajustable y brazalete de acero inoxidable. Calendario autom\u00e1tico, iluminaci\u00f3n de pantalla y cron\u00f3metro 1\/100 sg\/1 h.Duraci\u00f3n de la pila: 7 a\u00f1os","og_url":"https:\/\/joieriadacla.com\/index.php\/product\/casio-collection-a164wa-1ves-vintage\/","og_site_name":"Joieria Dacla","article_modified_time":"2024-09-23T18:24:43+00:00","og_image":[{"width":500,"height":500,"url":"https:\/\/joieriadacla.com\/wp-content\/uploads\/2023\/01\/A164WA-1VES.jpg","type":"image\/jpeg"}],"twitter_card":"summary_large_image","twitter_misc":{"Tiempo de lectura":"2 minutos"},"schema":{"@context":"https:\/\/schema.org","@graph":[{"@type":"WebPage","@id":"https:\/\/joieriadacla.com\/index.php\/product\/casio-collection-a164wa-1ves-vintage\/","url":"https:\/\/joieriadacla.com\/index.php\/product\/casio-collection-a164wa-1ves-vintage\/","name":"Reloj Casio A164WA-1VES Vintage - Joieria Dacla","isPartOf":{"@id":"https:\/\/joieriadacla.com\/#website"},"primaryImageOfPage":{"@id":"https:\/\/joieriadacla.com\/index.php\/product\/casio-collection-a164wa-1ves-vintage\/#primaryimage"},"image":{"@id":"https:\/\/joieriadacla.com\/index.php\/product\/casio-collection-a164wa-1ves-vintage\/#primaryimage"},"thumbnailUrl":"https:\/\/joieriadacla.com\/wp-content\/uploads\/2023\/01\/A164WA-1VES.jpg","datePublished":"2023-01-17T18:59:10+00:00","dateModified":"2024-09-23T18:24:43+00:00","description":"Reloj de resina con cierre ajustable y brazalete de acero inoxidable. Calendario autom\u00e1tico, iluminaci\u00f3n de pantalla y cron\u00f3metro 1\/100 sg\/1 h.Duraci\u00f3n de la pila: 7 a\u00f1os","breadcrumb":{"@id":"https:\/\/joieriadacla.com\/index.php\/product\/casio-collection-a164wa-1ves-vintage\/#breadcrumb"},"inLanguage":"es","potentialAction":[{"@type":"ReadAction","target":["https:\/\/joieriadacla.com\/index.php\/product\/casio-collection-a164wa-1ves-vintage\/"]}]},{"@type":"ImageObject","inLanguage":"es","@id":"https:\/\/joieriadacla.com\/index.php\/product\/casio-collection-a164wa-1ves-vintage\/#primaryimage","url":"https:\/\/joieriadacla.com\/wp-content\/uploads\/2023\/01\/A164WA-1VES.jpg","contentUrl":"https:\/\/joieriadacla.com\/wp-content\/uploads\/2023\/01\/A164WA-1VES.jpg","width":500,"height":500},{"@type":"BreadcrumbList","@id":"https:\/\/joieriadacla.com\/index.php\/product\/casio-collection-a164wa-1ves-vintage\/#breadcrumb","itemListElement":[{"@type":"ListItem","position":1,"name":"Portada","item":"https:\/\/joieriadacla.com\/"},{"@type":"ListItem","position":2,"name":"Productos","item":"https:\/\/joieriadacla.com\/index.php\/shop\/"},{"@type":"ListItem","position":3,"name":"Reloj Casio A164WA-1VES Vintage"}]},{"@type":"WebSite","@id":"https:\/\/joieriadacla.com\/#website","url":"https:\/\/joieriadacla.com\/","name":"Joieria Rellotgeria Dacla","description":"Joieria Dacla","publisher":{"@id":"https:\/\/joieriadacla.com\/#organization"},"potentialAction":[{"@type":"SearchAction","target":{"@type":"EntryPoint","urlTemplate":"https:\/\/joieriadacla.com\/?s={search_term_string}"},"query-input":{"@type":"PropertyValueSpecification","valueRequired":true,"valueName":"search_term_string"}}],"inLanguage":"es"},{"@type":"Organization","@id":"https:\/\/joieriadacla.com\/#organization","name":"Joieria Rellotgeria Dacla","url":"https:\/\/joieriadacla.com\/","logo":{"@type":"ImageObject","inLanguage":"es","@id":"https:\/\/joieriadacla.com\/#\/schema\/logo\/image\/","url":"https:\/\/joieriadacla.com\/wp-content\/uploads\/2022\/03\/LOGODACLA.png","contentUrl":"https:\/\/joieriadacla.com\/wp-content\/uploads\/2022\/03\/LOGODACLA.png","width":319,"height":228,"caption":"Joieria Rellotgeria Dacla"},"image":{"@id":"https:\/\/joieriadacla.com\/#\/schema\/logo\/image\/"},"sameAs":["https:\/\/www.instagram.com\/joieria.dacla\/?hl=es"]}]}},"_links":{"self":[{"href":"https:\/\/joieriadacla.com\/index.php\/wp-json\/wp\/v2\/product\/1085","targetHints":{"allow":["GET"]}}],"collection":[{"href":"https:\/\/joieriadacla.com\/index.php\/wp-json\/wp\/v2\/product"}],"about":[{"href":"https:\/\/joieriadacla.com\/index.php\/wp-json\/wp\/v2\/types\/product"}],"replies":[{"embeddable":true,"href":"https:\/\/joieriadacla.com\/index.php\/wp-json\/wp\/v2\/comments?post=1085"}],"wp:featuredmedia":[{"embeddable":true,"href":"https:\/\/joieriadacla.com\/index.php\/wp-json\/wp\/v2\/media\/1087"}],"wp:attachment":[{"href":"https:\/\/joieriadacla.com\/index.php\/wp-json\/wp\/v2\/media?parent=1085"}],"wp:term":[{"taxonomy":"product_brand","embeddable":true,"href":"https:\/\/joieriadacla.com\/index.php\/wp-json\/wp\/v2\/product_brand?post=1085"},{"taxonomy":"product_cat","embeddable":true,"href":"https:\/\/joieriadacla.com\/index.php\/wp-json\/wp\/v2\/product_cat?post=1085"},{"taxonomy":"product_tag","embeddable":true,"href":"https:\/\/joieriadacla.com\/index.php\/wp-json\/wp\/v2\/product_tag?post=1085"}],"curies":[{"name":"wp","href":"https:\/\/api.w.org\/{rel}","templated":true}]}}