{"id":1012,"date":"2022-12-20T19:16:37","date_gmt":"2022-12-20T19:16:37","guid":{"rendered":"https:\/\/joieriadacla.com\/?post_type=product&#038;p=1012"},"modified":"2024-09-23T18:26:22","modified_gmt":"2024-09-23T18:26:22","slug":"casio-g-shock-gr-b200-1aer-2","status":"publish","type":"product","link":"https:\/\/joieriadacla.com\/index.php\/product\/casio-g-shock-gr-b200-1aer-2\/","title":{"rendered":"Reloj Casio G-shock GA-B001-4AER"},"content":{"rendered":"<p>Estructura Carbon Core Guard, resistente y ligera<\/p>\n<p>La estructura resistente a los golpes exclusiva de G-SHOCK protege el m\u00f3dulo, con una carcasa de resina reforzada con fibra de carbono que ofrece solidez, ligereza y excelente resistencia a la intemperie.<\/p>\n<p>&nbsp;<\/p>\n<p><strong>Ingenio en el dise\u00f1o exterior:Integraci\u00f3n del bisel y la banda:<\/strong><\/p>\n<p>Un nuevo enfoque de la construcci\u00f3n emplea cuatro materiales de resina fina para asegurar los componentes integrados del bisel y la correa. Se logra un mejor ajuste en la mu\u00f1eca acercando los puntos de apoyo curvos de la correa a la caja. Adem\u00e1s, unir el vidrio con adhesivo mantiene la parte de la orejeta m\u00e1s compacta. Este dise\u00f1o le da al bisel y la correa del reloj un perfil m\u00e1s definido. Adem\u00e1s, el bot\u00f3n de luz de dos tonos en la posici\u00f3n de las 2 en punto(en los modelos GA-B001G 1A y GA-B001G-2A)muestra la pasi\u00f3n meticulosa del reloj por los detalles con su ic\u00f3nico dise\u00f1o moldeado.<\/p>\n<p>&nbsp;<\/p>\n<p>&nbsp;<\/p>\n<p><strong>Colores cibern\u00e9ticos con vibraciones de \u00abfuturo cercano\u00bb:<\/strong><\/p>\n<p>Los modelos GA-B001G-1A y GA-B001G-2A cuentan con materiales transl\u00facidos degradados que evocan mundos de realidad virtual. Su construcci\u00f3n hace que la caja interior sea visible a trav\u00e9s de colores de sensaci\u00f3n inorg\u00e1nica. El GA-B001-4A luce un nuevo tono de rojo. Sobresaturado y de alto impacto, el tono expresa la vibra de\u00bbfuturo cercano\u00bbde un mundo de realidad virtual.<\/p>\n<p>&nbsp;<\/p>\n<p><strong>Dise\u00f1o de esfera que evoca una puerta de entrada a mundos de realidad virtual:<\/strong><\/p>\n<p>Toda la esfera est\u00e1 construida con molduras innovadoras, con una esfera insertada geom\u00e9trica que evoca un candado de seguridad de un futuro no muy lejano, un \u00edndice redondo con un motivo de remache inspirado en un corredor de una nave espacial y una pantalla LCD de forma \u00fanica con un indicador digital.monitor. Con su dise\u00f1o brillantemente distintivo, el reloj captura el esp\u00edritu de una puerta de entrada que conduce a un mundo de realidad virtual.<\/p>\n<p>&nbsp;<\/p>\n<p>Smartphone Link para una funcionalidad completa<\/p>\n<p>Super Illuminator (doble luz LED de alto brillo) para mantener la legibilidad del reloj en la oscuridad<\/p>\n<p>Ajuste de hora autom\u00e1tico (cuatro veces al d\u00eda)<\/p>\n<p>Configuraci\u00f3n de reloj f\u00e1cil<\/p>\n<p>Hora mundial (alrededor de 300 ciudades)<\/p>\n<p>&nbsp;<\/p>\n<p><strong>Tiempo lugar:<\/strong><\/p>\n<p>Al presionar un bot\u00f3n en el reloj, se registra la fecha, la hora y la posici\u00f3n en un mapa. \u00datil como registro de actividad.<\/p>\n<p>&nbsp;<\/p>\n<p><strong>Informaci\u00f3n de la aplicaci\u00f3n:<\/strong><\/p>\n<p>Proporciona notificaciones de actualizaci\u00f3n de la aplicaci\u00f3n en la pantalla del reloj.<\/p>\n<p>&nbsp;<\/p>\n<p>Buscador de tel\u00e9fono<\/p>\n<p>&nbsp;<\/p>\n<p><strong>ESPECIFICACIONES:<\/strong><\/p>\n<p>Estructura resistente a los golpes<\/p>\n<p>Resistencia al agua de 20 bares<\/p>\n<p>Enlace de tel\u00e9fono inteligente<\/p>\n<p>Funci\u00f3n de cambio de mano<\/p>\n<p>Hora mundial(38 ciudades)<\/p>\n<p>Cron\u00f3metro de 1\/100 segundos<\/p>\n<p>Contador regresivo<\/p>\n<p>5 alarmas diarias<\/p>\n<p>Luz LED doble(S\u00faper Iluminador)<\/p>\n","protected":false},"excerpt":{"rendered":"<p>Reloj Casio\u00a0<strong>G-Shock GA-B001-4AER<\/strong>. Construcci\u00f3n innovadora con un dise\u00f1o distintivo: Representaci\u00f3n de la cosmovisi\u00f3n digital. Un nuevo enfoque del dise\u00f1o basado en la resistencia ofrece una construcci\u00f3n integrada de bisel y correa, mientras que\u00a0<em>Smartphone Link<\/em>\u00a0pone la funcionalidad completa al alcance de su mano. La esfera evoca una puerta de entrada a mundos de realidad virtual con un dise\u00f1o ic\u00f3nico que presenta una esfera incrustada distintiva. Con atractivas funciones de visualizaci\u00f3n vinculadas a la aplicaci\u00f3n y m\u00e1s, el reloj integra la visi\u00f3n del mundo digital con la expresividad anal\u00f3gica.<\/p>\n","protected":false},"featured_media":1013,"comment_status":"open","ping_status":"closed","template":"","meta":[],"product_brand":[],"product_cat":[43,46,38],"product_tag":[],"class_list":{"0":"post-1012","1":"product","2":"type-product","3":"status-publish","4":"has-post-thumbnail","6":"product_cat-g-shock","7":"product_cat-g-shock-gama-trend","8":"product_cat-relojes","10":"first","11":"instock","12":"taxable","13":"shipping-taxable","14":"purchasable","15":"product-type-simple"},"yoast_head":"<!-- This site is optimized with the Yoast SEO plugin v27.2 - https:\/\/yoast.com\/product\/yoast-seo-wordpress\/ -->\n<title>Reloj Casio G-shock GA-B001-4AER - Joieria Dacla<\/title>\n<meta name=\"description\" content=\"Reloj Casio G-Shock GA-B001-4AER. Construcci\u00f3n innovadora con un dise\u00f1o distintivo: Representaci\u00f3n de la cosmovisi\u00f3n digital. Un nuevo enfoque del dise\u00f1o basado en la resistencia ofrece una construcci\u00f3n integrada de bisel y correa, mientras que Smartphone Link pone la funcionalidad completa al alcance de su mano % %\" \/>\n<meta name=\"robots\" content=\"index, follow, max-snippet:-1, max-image-preview:large, max-video-preview:-1\" \/>\n<link rel=\"canonical\" href=\"https:\/\/joieriadacla.com\/index.php\/product\/casio-g-shock-gr-b200-1aer-2\/\" \/>\n<meta property=\"og:locale\" content=\"es_ES\" \/>\n<meta property=\"og:type\" content=\"article\" \/>\n<meta property=\"og:title\" content=\"Reloj Casio G-shock GA-B001-4AER - Joieria Dacla\" \/>\n<meta property=\"og:description\" content=\"Reloj Casio G-Shock GA-B001-4AER. Construcci\u00f3n innovadora con un dise\u00f1o distintivo: Representaci\u00f3n de la cosmovisi\u00f3n digital. Un nuevo enfoque del dise\u00f1o basado en la resistencia ofrece una construcci\u00f3n integrada de bisel y correa, mientras que Smartphone Link pone la funcionalidad completa al alcance de su mano % %\" \/>\n<meta property=\"og:url\" content=\"https:\/\/joieriadacla.com\/index.php\/product\/casio-g-shock-gr-b200-1aer-2\/\" \/>\n<meta property=\"og:site_name\" content=\"Joieria Dacla\" \/>\n<meta property=\"article:modified_time\" content=\"2024-09-23T18:26:22+00:00\" \/>\n<meta property=\"og:image\" content=\"https:\/\/joieriadacla.com\/wp-content\/uploads\/2022\/12\/GA-B001-4AER_OR01_web.png\" \/>\n\t<meta property=\"og:image:width\" content=\"972\" \/>\n\t<meta property=\"og:image:height\" content=\"1100\" \/>\n\t<meta property=\"og:image:type\" content=\"image\/png\" \/>\n<meta name=\"twitter:card\" content=\"summary_large_image\" \/>\n<meta name=\"twitter:label1\" content=\"Tiempo de lectura\" \/>\n\t<meta name=\"twitter:data1\" content=\"2 minutos\" \/>\n<script type=\"application\/ld+json\" class=\"yoast-schema-graph\">{\"@context\":\"https:\/\/schema.org\",\"@graph\":[{\"@type\":\"WebPage\",\"@id\":\"https:\/\/joieriadacla.com\/index.php\/product\/casio-g-shock-gr-b200-1aer-2\/\",\"url\":\"https:\/\/joieriadacla.com\/index.php\/product\/casio-g-shock-gr-b200-1aer-2\/\",\"name\":\"Reloj Casio G-shock GA-B001-4AER - Joieria Dacla\",\"isPartOf\":{\"@id\":\"https:\/\/joieriadacla.com\/#website\"},\"primaryImageOfPage\":{\"@id\":\"https:\/\/joieriadacla.com\/index.php\/product\/casio-g-shock-gr-b200-1aer-2\/#primaryimage\"},\"image\":{\"@id\":\"https:\/\/joieriadacla.com\/index.php\/product\/casio-g-shock-gr-b200-1aer-2\/#primaryimage\"},\"thumbnailUrl\":\"https:\/\/joieriadacla.com\/wp-content\/uploads\/2022\/12\/GA-B001-4AER_OR01_web.png\",\"datePublished\":\"2022-12-20T19:16:37+00:00\",\"dateModified\":\"2024-09-23T18:26:22+00:00\",\"description\":\"Reloj Casio G-Shock GA-B001-4AER. Construcci\u00f3n innovadora con un dise\u00f1o distintivo: Representaci\u00f3n de la cosmovisi\u00f3n digital. Un nuevo enfoque del dise\u00f1o basado en la resistencia ofrece una construcci\u00f3n integrada de bisel y correa, mientras que Smartphone Link pone la funcionalidad completa al alcance de su mano % %\",\"breadcrumb\":{\"@id\":\"https:\/\/joieriadacla.com\/index.php\/product\/casio-g-shock-gr-b200-1aer-2\/#breadcrumb\"},\"inLanguage\":\"es\",\"potentialAction\":[{\"@type\":\"ReadAction\",\"target\":[\"https:\/\/joieriadacla.com\/index.php\/product\/casio-g-shock-gr-b200-1aer-2\/\"]}]},{\"@type\":\"ImageObject\",\"inLanguage\":\"es\",\"@id\":\"https:\/\/joieriadacla.com\/index.php\/product\/casio-g-shock-gr-b200-1aer-2\/#primaryimage\",\"url\":\"https:\/\/joieriadacla.com\/wp-content\/uploads\/2022\/12\/GA-B001-4AER_OR01_web.png\",\"contentUrl\":\"https:\/\/joieriadacla.com\/wp-content\/uploads\/2022\/12\/GA-B001-4AER_OR01_web.png\",\"width\":972,\"height\":1100},{\"@type\":\"BreadcrumbList\",\"@id\":\"https:\/\/joieriadacla.com\/index.php\/product\/casio-g-shock-gr-b200-1aer-2\/#breadcrumb\",\"itemListElement\":[{\"@type\":\"ListItem\",\"position\":1,\"name\":\"Portada\",\"item\":\"https:\/\/joieriadacla.com\/\"},{\"@type\":\"ListItem\",\"position\":2,\"name\":\"Productos\",\"item\":\"https:\/\/joieriadacla.com\/index.php\/shop\/\"},{\"@type\":\"ListItem\",\"position\":3,\"name\":\"Reloj Casio G-shock GA-B001-4AER\"}]},{\"@type\":\"WebSite\",\"@id\":\"https:\/\/joieriadacla.com\/#website\",\"url\":\"https:\/\/joieriadacla.com\/\",\"name\":\"Joieria Rellotgeria Dacla\",\"description\":\"Joieria Dacla\",\"publisher\":{\"@id\":\"https:\/\/joieriadacla.com\/#organization\"},\"potentialAction\":[{\"@type\":\"SearchAction\",\"target\":{\"@type\":\"EntryPoint\",\"urlTemplate\":\"https:\/\/joieriadacla.com\/?s={search_term_string}\"},\"query-input\":{\"@type\":\"PropertyValueSpecification\",\"valueRequired\":true,\"valueName\":\"search_term_string\"}}],\"inLanguage\":\"es\"},{\"@type\":\"Organization\",\"@id\":\"https:\/\/joieriadacla.com\/#organization\",\"name\":\"Joieria Rellotgeria Dacla\",\"url\":\"https:\/\/joieriadacla.com\/\",\"logo\":{\"@type\":\"ImageObject\",\"inLanguage\":\"es\",\"@id\":\"https:\/\/joieriadacla.com\/#\/schema\/logo\/image\/\",\"url\":\"https:\/\/joieriadacla.com\/wp-content\/uploads\/2022\/03\/LOGODACLA.png\",\"contentUrl\":\"https:\/\/joieriadacla.com\/wp-content\/uploads\/2022\/03\/LOGODACLA.png\",\"width\":319,\"height\":228,\"caption\":\"Joieria Rellotgeria Dacla\"},\"image\":{\"@id\":\"https:\/\/joieriadacla.com\/#\/schema\/logo\/image\/\"},\"sameAs\":[\"https:\/\/www.instagram.com\/joieria.dacla\/?hl=es\"]}]}<\/script>\n<!-- \/ Yoast SEO plugin. -->","yoast_head_json":{"title":"Reloj Casio G-shock GA-B001-4AER - Joieria Dacla","description":"Reloj Casio G-Shock GA-B001-4AER. Construcci\u00f3n innovadora con un dise\u00f1o distintivo: Representaci\u00f3n de la cosmovisi\u00f3n digital. Un nuevo enfoque del dise\u00f1o basado en la resistencia ofrece una construcci\u00f3n integrada de bisel y correa, mientras que Smartphone Link pone la funcionalidad completa al alcance de su mano % %","robots":{"index":"index","follow":"follow","max-snippet":"max-snippet:-1","max-image-preview":"max-image-preview:large","max-video-preview":"max-video-preview:-1"},"canonical":"https:\/\/joieriadacla.com\/index.php\/product\/casio-g-shock-gr-b200-1aer-2\/","og_locale":"es_ES","og_type":"article","og_title":"Reloj Casio G-shock GA-B001-4AER - Joieria Dacla","og_description":"Reloj Casio G-Shock GA-B001-4AER. Construcci\u00f3n innovadora con un dise\u00f1o distintivo: Representaci\u00f3n de la cosmovisi\u00f3n digital. Un nuevo enfoque del dise\u00f1o basado en la resistencia ofrece una construcci\u00f3n integrada de bisel y correa, mientras que Smartphone Link pone la funcionalidad completa al alcance de su mano % %","og_url":"https:\/\/joieriadacla.com\/index.php\/product\/casio-g-shock-gr-b200-1aer-2\/","og_site_name":"Joieria Dacla","article_modified_time":"2024-09-23T18:26:22+00:00","og_image":[{"width":972,"height":1100,"url":"https:\/\/joieriadacla.com\/wp-content\/uploads\/2022\/12\/GA-B001-4AER_OR01_web.png","type":"image\/png"}],"twitter_card":"summary_large_image","twitter_misc":{"Tiempo de lectura":"2 minutos"},"schema":{"@context":"https:\/\/schema.org","@graph":[{"@type":"WebPage","@id":"https:\/\/joieriadacla.com\/index.php\/product\/casio-g-shock-gr-b200-1aer-2\/","url":"https:\/\/joieriadacla.com\/index.php\/product\/casio-g-shock-gr-b200-1aer-2\/","name":"Reloj Casio G-shock GA-B001-4AER - Joieria Dacla","isPartOf":{"@id":"https:\/\/joieriadacla.com\/#website"},"primaryImageOfPage":{"@id":"https:\/\/joieriadacla.com\/index.php\/product\/casio-g-shock-gr-b200-1aer-2\/#primaryimage"},"image":{"@id":"https:\/\/joieriadacla.com\/index.php\/product\/casio-g-shock-gr-b200-1aer-2\/#primaryimage"},"thumbnailUrl":"https:\/\/joieriadacla.com\/wp-content\/uploads\/2022\/12\/GA-B001-4AER_OR01_web.png","datePublished":"2022-12-20T19:16:37+00:00","dateModified":"2024-09-23T18:26:22+00:00","description":"Reloj Casio G-Shock GA-B001-4AER. Construcci\u00f3n innovadora con un dise\u00f1o distintivo: Representaci\u00f3n de la cosmovisi\u00f3n digital. Un nuevo enfoque del dise\u00f1o basado en la resistencia ofrece una construcci\u00f3n integrada de bisel y correa, mientras que Smartphone Link pone la funcionalidad completa al alcance de su mano % %","breadcrumb":{"@id":"https:\/\/joieriadacla.com\/index.php\/product\/casio-g-shock-gr-b200-1aer-2\/#breadcrumb"},"inLanguage":"es","potentialAction":[{"@type":"ReadAction","target":["https:\/\/joieriadacla.com\/index.php\/product\/casio-g-shock-gr-b200-1aer-2\/"]}]},{"@type":"ImageObject","inLanguage":"es","@id":"https:\/\/joieriadacla.com\/index.php\/product\/casio-g-shock-gr-b200-1aer-2\/#primaryimage","url":"https:\/\/joieriadacla.com\/wp-content\/uploads\/2022\/12\/GA-B001-4AER_OR01_web.png","contentUrl":"https:\/\/joieriadacla.com\/wp-content\/uploads\/2022\/12\/GA-B001-4AER_OR01_web.png","width":972,"height":1100},{"@type":"BreadcrumbList","@id":"https:\/\/joieriadacla.com\/index.php\/product\/casio-g-shock-gr-b200-1aer-2\/#breadcrumb","itemListElement":[{"@type":"ListItem","position":1,"name":"Portada","item":"https:\/\/joieriadacla.com\/"},{"@type":"ListItem","position":2,"name":"Productos","item":"https:\/\/joieriadacla.com\/index.php\/shop\/"},{"@type":"ListItem","position":3,"name":"Reloj Casio G-shock GA-B001-4AER"}]},{"@type":"WebSite","@id":"https:\/\/joieriadacla.com\/#website","url":"https:\/\/joieriadacla.com\/","name":"Joieria Rellotgeria Dacla","description":"Joieria Dacla","publisher":{"@id":"https:\/\/joieriadacla.com\/#organization"},"potentialAction":[{"@type":"SearchAction","target":{"@type":"EntryPoint","urlTemplate":"https:\/\/joieriadacla.com\/?s={search_term_string}"},"query-input":{"@type":"PropertyValueSpecification","valueRequired":true,"valueName":"search_term_string"}}],"inLanguage":"es"},{"@type":"Organization","@id":"https:\/\/joieriadacla.com\/#organization","name":"Joieria Rellotgeria Dacla","url":"https:\/\/joieriadacla.com\/","logo":{"@type":"ImageObject","inLanguage":"es","@id":"https:\/\/joieriadacla.com\/#\/schema\/logo\/image\/","url":"https:\/\/joieriadacla.com\/wp-content\/uploads\/2022\/03\/LOGODACLA.png","contentUrl":"https:\/\/joieriadacla.com\/wp-content\/uploads\/2022\/03\/LOGODACLA.png","width":319,"height":228,"caption":"Joieria Rellotgeria Dacla"},"image":{"@id":"https:\/\/joieriadacla.com\/#\/schema\/logo\/image\/"},"sameAs":["https:\/\/www.instagram.com\/joieria.dacla\/?hl=es"]}]}},"_links":{"self":[{"href":"https:\/\/joieriadacla.com\/index.php\/wp-json\/wp\/v2\/product\/1012","targetHints":{"allow":["GET"]}}],"collection":[{"href":"https:\/\/joieriadacla.com\/index.php\/wp-json\/wp\/v2\/product"}],"about":[{"href":"https:\/\/joieriadacla.com\/index.php\/wp-json\/wp\/v2\/types\/product"}],"replies":[{"embeddable":true,"href":"https:\/\/joieriadacla.com\/index.php\/wp-json\/wp\/v2\/comments?post=1012"}],"wp:featuredmedia":[{"embeddable":true,"href":"https:\/\/joieriadacla.com\/index.php\/wp-json\/wp\/v2\/media\/1013"}],"wp:attachment":[{"href":"https:\/\/joieriadacla.com\/index.php\/wp-json\/wp\/v2\/media?parent=1012"}],"wp:term":[{"taxonomy":"product_brand","embeddable":true,"href":"https:\/\/joieriadacla.com\/index.php\/wp-json\/wp\/v2\/product_brand?post=1012"},{"taxonomy":"product_cat","embeddable":true,"href":"https:\/\/joieriadacla.com\/index.php\/wp-json\/wp\/v2\/product_cat?post=1012"},{"taxonomy":"product_tag","embeddable":true,"href":"https:\/\/joieriadacla.com\/index.php\/wp-json\/wp\/v2\/product_tag?post=1012"}],"curies":[{"name":"wp","href":"https:\/\/api.w.org\/{rel}","templated":true}]}}