{"id":1007,"date":"2022-12-20T19:02:53","date_gmt":"2022-12-20T19:02:53","guid":{"rendered":"https:\/\/joieriadacla.com\/?post_type=product&#038;p=1007"},"modified":"2025-10-23T16:40:33","modified_gmt":"2025-10-23T16:40:33","slug":"casio-g-shock-dw-5600smb-4er-super-mario-bros","status":"publish","type":"product","link":"https:\/\/joieriadacla.com\/index.php\/product\/casio-g-shock-dw-5600smb-4er-super-mario-bros\/","title":{"rendered":"Reloj Casio G-shock DW-5600SMB-4ER S\u00daPER MARIO BROS"},"content":{"rendered":"<p>Dos iconos culturales sacados directamente de Jap\u00f3n aparecen en este G-SHOCK inspirado en SUPER MARIO BROTHERS. El juego de acci\u00f3n que sigue cautivando a aficionados de todo el mundo cobra vida en un dise\u00f1o m\u00e1gico y con los colores familiares.<\/p>\n<p>SUPER MARIO BROTHERS Cuando Nintendo Co., Ltd. lanz\u00f3 SUPER MARIO BROTHERS para \u00abFamily Computer\u2122 en 1985, supuso el inicio de una serie de juegos que cautivar\u00eda a innumerables aficionados (ni\u00f1os y adultos por igual) durante 35 a\u00f1os, y que sigue a d\u00eda de hoy.<\/p>\n<p>La serie de juegos de SUPER MARIO ha vendido m\u00e1s de 400 millones de copias en todo el mundo, ya que Mario y el resto de los coloridos personajes se han ganado el coraz\u00f3n de los aficionados no solo en Jap\u00f3n, sino en todo el mundo. \u00a91985 Nintendo. \u201cFamily Computer\u201d es una marca comercial registrada de Nintendo Co, Ltd.<\/p>\n","protected":false},"excerpt":{"rendered":"<p>Reloj\u00a0<strong>Casio G-Shock DW-5600SMB-4ER\u00a0<em>S\u00faper Mario Bros<\/em><\/strong>, una colaboraci\u00f3n muy especial de G-Shock en esta Edici\u00f3n Limitada con el m\u00edtico videojuego.<\/p>\n<p>Dos iconos culturales sacados directamente de Jap\u00f3n aparecen en este G-SHOCK inspirado en SUPER MARIO BROTHERS. El juego de acci\u00f3n que sigue cautivando a aficionados de todo el mundo cobra vida en un dise\u00f1o m\u00e1gico y con los colores familiares de SUPER MARIO BROTHERS.<\/p>\n<p>Cuando Nintendo Co. Ltd. lanz\u00f3 SUPER MARIO BROTHERS para \u00abFamily Computer\u2122 en 1985, supuso el inicio de una serie de juegos que cautivar\u00eda a innumerables aficionados (ni\u00f1os y adultos por igual) durante 35 a\u00f1os, y que sigue a d\u00eda de hoy. La serie de juegos de SUPER MARIO ha vendido m\u00e1s de 400 millones de copias en todo el mundo, ya que Mario y el resto de los coloridos personajes se han ganado el coraz\u00f3n de los aficionados no solo en Jap\u00f3n, sino en todo el mundo.<\/p>\n","protected":false},"featured_media":1011,"comment_status":"open","ping_status":"closed","template":"","meta":[],"product_brand":[],"product_cat":[79,43,46,38],"product_tag":[],"class_list":{"0":"post-1007","1":"product","2":"type-product","3":"status-publish","4":"has-post-thumbnail","6":"product_cat-edicion-limitada","7":"product_cat-g-shock","8":"product_cat-g-shock-gama-trend","9":"product_cat-relojes","11":"first","12":"instock","13":"taxable","14":"shipping-taxable","15":"purchasable","16":"product-type-simple"},"yoast_head":"<!-- This site is optimized with the Yoast SEO plugin v27.2 - https:\/\/yoast.com\/product\/yoast-seo-wordpress\/ -->\n<title>Reloj Casio G-shock DW-5600SMB-4ER S\u00daPER MARIO BROS - Joieria Dacla<\/title>\n<meta name=\"description\" content=\"Reloj Casio G-Shock DW-5600SMB-4ER S\u00faper Mario Bros, una colaboraci\u00f3n muy especial de G-Shock en esta Edici\u00f3n Limitada con el m\u00edtico videojuego\" \/>\n<meta name=\"robots\" content=\"index, follow, max-snippet:-1, max-image-preview:large, max-video-preview:-1\" \/>\n<link rel=\"canonical\" href=\"https:\/\/joieriadacla.com\/index.php\/product\/casio-g-shock-dw-5600smb-4er-super-mario-bros\/\" \/>\n<meta property=\"og:locale\" content=\"es_ES\" \/>\n<meta property=\"og:type\" content=\"article\" \/>\n<meta property=\"og:title\" content=\"Reloj Casio G-shock DW-5600SMB-4ER S\u00daPER MARIO BROS - Joieria Dacla\" \/>\n<meta property=\"og:description\" content=\"Reloj Casio G-Shock DW-5600SMB-4ER S\u00faper Mario Bros, una colaboraci\u00f3n muy especial de G-Shock en esta Edici\u00f3n Limitada con el m\u00edtico videojuego\" \/>\n<meta property=\"og:url\" content=\"https:\/\/joieriadacla.com\/index.php\/product\/casio-g-shock-dw-5600smb-4er-super-mario-bros\/\" \/>\n<meta property=\"og:site_name\" content=\"Joieria Dacla\" \/>\n<meta property=\"article:modified_time\" content=\"2025-10-23T16:40:33+00:00\" \/>\n<meta property=\"og:image\" content=\"https:\/\/joieriadacla.com\/wp-content\/uploads\/2022\/12\/Casio-DW-5600SMB-4-G-SHOCK-Super-Mario-Bros-Frontal.jpg\" \/>\n\t<meta property=\"og:image:width\" content=\"1500\" \/>\n\t<meta property=\"og:image:height\" content=\"1500\" \/>\n\t<meta property=\"og:image:type\" content=\"image\/jpeg\" \/>\n<meta name=\"twitter:card\" content=\"summary_large_image\" \/>\n<meta name=\"twitter:label1\" content=\"Tiempo de lectura\" \/>\n\t<meta name=\"twitter:data1\" content=\"1 minuto\" \/>\n<script type=\"application\/ld+json\" class=\"yoast-schema-graph\">{\"@context\":\"https:\/\/schema.org\",\"@graph\":[{\"@type\":\"WebPage\",\"@id\":\"https:\/\/joieriadacla.com\/index.php\/product\/casio-g-shock-dw-5600smb-4er-super-mario-bros\/\",\"url\":\"https:\/\/joieriadacla.com\/index.php\/product\/casio-g-shock-dw-5600smb-4er-super-mario-bros\/\",\"name\":\"Reloj Casio G-shock DW-5600SMB-4ER S\u00daPER MARIO BROS - Joieria Dacla\",\"isPartOf\":{\"@id\":\"https:\/\/joieriadacla.com\/#website\"},\"primaryImageOfPage\":{\"@id\":\"https:\/\/joieriadacla.com\/index.php\/product\/casio-g-shock-dw-5600smb-4er-super-mario-bros\/#primaryimage\"},\"image\":{\"@id\":\"https:\/\/joieriadacla.com\/index.php\/product\/casio-g-shock-dw-5600smb-4er-super-mario-bros\/#primaryimage\"},\"thumbnailUrl\":\"https:\/\/joieriadacla.com\/wp-content\/uploads\/2022\/12\/Casio-DW-5600SMB-4-G-SHOCK-Super-Mario-Bros-Frontal.jpg\",\"datePublished\":\"2022-12-20T19:02:53+00:00\",\"dateModified\":\"2025-10-23T16:40:33+00:00\",\"description\":\"Reloj Casio G-Shock DW-5600SMB-4ER S\u00faper Mario Bros, una colaboraci\u00f3n muy especial de G-Shock en esta Edici\u00f3n Limitada con el m\u00edtico videojuego\",\"breadcrumb\":{\"@id\":\"https:\/\/joieriadacla.com\/index.php\/product\/casio-g-shock-dw-5600smb-4er-super-mario-bros\/#breadcrumb\"},\"inLanguage\":\"es\",\"potentialAction\":[{\"@type\":\"ReadAction\",\"target\":[\"https:\/\/joieriadacla.com\/index.php\/product\/casio-g-shock-dw-5600smb-4er-super-mario-bros\/\"]}]},{\"@type\":\"ImageObject\",\"inLanguage\":\"es\",\"@id\":\"https:\/\/joieriadacla.com\/index.php\/product\/casio-g-shock-dw-5600smb-4er-super-mario-bros\/#primaryimage\",\"url\":\"https:\/\/joieriadacla.com\/wp-content\/uploads\/2022\/12\/Casio-DW-5600SMB-4-G-SHOCK-Super-Mario-Bros-Frontal.jpg\",\"contentUrl\":\"https:\/\/joieriadacla.com\/wp-content\/uploads\/2022\/12\/Casio-DW-5600SMB-4-G-SHOCK-Super-Mario-Bros-Frontal.jpg\",\"width\":1500,\"height\":1500},{\"@type\":\"BreadcrumbList\",\"@id\":\"https:\/\/joieriadacla.com\/index.php\/product\/casio-g-shock-dw-5600smb-4er-super-mario-bros\/#breadcrumb\",\"itemListElement\":[{\"@type\":\"ListItem\",\"position\":1,\"name\":\"Portada\",\"item\":\"https:\/\/joieriadacla.com\/\"},{\"@type\":\"ListItem\",\"position\":2,\"name\":\"Productos\",\"item\":\"https:\/\/joieriadacla.com\/index.php\/shop\/\"},{\"@type\":\"ListItem\",\"position\":3,\"name\":\"Reloj Casio G-shock DW-5600SMB-4ER S\u00daPER MARIO BROS\"}]},{\"@type\":\"WebSite\",\"@id\":\"https:\/\/joieriadacla.com\/#website\",\"url\":\"https:\/\/joieriadacla.com\/\",\"name\":\"Joieria Rellotgeria Dacla\",\"description\":\"Joieria Dacla\",\"publisher\":{\"@id\":\"https:\/\/joieriadacla.com\/#organization\"},\"potentialAction\":[{\"@type\":\"SearchAction\",\"target\":{\"@type\":\"EntryPoint\",\"urlTemplate\":\"https:\/\/joieriadacla.com\/?s={search_term_string}\"},\"query-input\":{\"@type\":\"PropertyValueSpecification\",\"valueRequired\":true,\"valueName\":\"search_term_string\"}}],\"inLanguage\":\"es\"},{\"@type\":\"Organization\",\"@id\":\"https:\/\/joieriadacla.com\/#organization\",\"name\":\"Joieria Rellotgeria Dacla\",\"url\":\"https:\/\/joieriadacla.com\/\",\"logo\":{\"@type\":\"ImageObject\",\"inLanguage\":\"es\",\"@id\":\"https:\/\/joieriadacla.com\/#\/schema\/logo\/image\/\",\"url\":\"https:\/\/joieriadacla.com\/wp-content\/uploads\/2022\/03\/LOGODACLA.png\",\"contentUrl\":\"https:\/\/joieriadacla.com\/wp-content\/uploads\/2022\/03\/LOGODACLA.png\",\"width\":319,\"height\":228,\"caption\":\"Joieria Rellotgeria Dacla\"},\"image\":{\"@id\":\"https:\/\/joieriadacla.com\/#\/schema\/logo\/image\/\"},\"sameAs\":[\"https:\/\/www.instagram.com\/joieria.dacla\/?hl=es\"]}]}<\/script>\n<!-- \/ Yoast SEO plugin. -->","yoast_head_json":{"title":"Reloj Casio G-shock DW-5600SMB-4ER S\u00daPER MARIO BROS - Joieria Dacla","description":"Reloj Casio G-Shock DW-5600SMB-4ER S\u00faper Mario Bros, una colaboraci\u00f3n muy especial de G-Shock en esta Edici\u00f3n Limitada con el m\u00edtico videojuego","robots":{"index":"index","follow":"follow","max-snippet":"max-snippet:-1","max-image-preview":"max-image-preview:large","max-video-preview":"max-video-preview:-1"},"canonical":"https:\/\/joieriadacla.com\/index.php\/product\/casio-g-shock-dw-5600smb-4er-super-mario-bros\/","og_locale":"es_ES","og_type":"article","og_title":"Reloj Casio G-shock DW-5600SMB-4ER S\u00daPER MARIO BROS - Joieria Dacla","og_description":"Reloj Casio G-Shock DW-5600SMB-4ER S\u00faper Mario Bros, una colaboraci\u00f3n muy especial de G-Shock en esta Edici\u00f3n Limitada con el m\u00edtico videojuego","og_url":"https:\/\/joieriadacla.com\/index.php\/product\/casio-g-shock-dw-5600smb-4er-super-mario-bros\/","og_site_name":"Joieria Dacla","article_modified_time":"2025-10-23T16:40:33+00:00","og_image":[{"width":1500,"height":1500,"url":"https:\/\/joieriadacla.com\/wp-content\/uploads\/2022\/12\/Casio-DW-5600SMB-4-G-SHOCK-Super-Mario-Bros-Frontal.jpg","type":"image\/jpeg"}],"twitter_card":"summary_large_image","twitter_misc":{"Tiempo de lectura":"1 minuto"},"schema":{"@context":"https:\/\/schema.org","@graph":[{"@type":"WebPage","@id":"https:\/\/joieriadacla.com\/index.php\/product\/casio-g-shock-dw-5600smb-4er-super-mario-bros\/","url":"https:\/\/joieriadacla.com\/index.php\/product\/casio-g-shock-dw-5600smb-4er-super-mario-bros\/","name":"Reloj Casio G-shock DW-5600SMB-4ER S\u00daPER MARIO BROS - Joieria Dacla","isPartOf":{"@id":"https:\/\/joieriadacla.com\/#website"},"primaryImageOfPage":{"@id":"https:\/\/joieriadacla.com\/index.php\/product\/casio-g-shock-dw-5600smb-4er-super-mario-bros\/#primaryimage"},"image":{"@id":"https:\/\/joieriadacla.com\/index.php\/product\/casio-g-shock-dw-5600smb-4er-super-mario-bros\/#primaryimage"},"thumbnailUrl":"https:\/\/joieriadacla.com\/wp-content\/uploads\/2022\/12\/Casio-DW-5600SMB-4-G-SHOCK-Super-Mario-Bros-Frontal.jpg","datePublished":"2022-12-20T19:02:53+00:00","dateModified":"2025-10-23T16:40:33+00:00","description":"Reloj Casio G-Shock DW-5600SMB-4ER S\u00faper Mario Bros, una colaboraci\u00f3n muy especial de G-Shock en esta Edici\u00f3n Limitada con el m\u00edtico videojuego","breadcrumb":{"@id":"https:\/\/joieriadacla.com\/index.php\/product\/casio-g-shock-dw-5600smb-4er-super-mario-bros\/#breadcrumb"},"inLanguage":"es","potentialAction":[{"@type":"ReadAction","target":["https:\/\/joieriadacla.com\/index.php\/product\/casio-g-shock-dw-5600smb-4er-super-mario-bros\/"]}]},{"@type":"ImageObject","inLanguage":"es","@id":"https:\/\/joieriadacla.com\/index.php\/product\/casio-g-shock-dw-5600smb-4er-super-mario-bros\/#primaryimage","url":"https:\/\/joieriadacla.com\/wp-content\/uploads\/2022\/12\/Casio-DW-5600SMB-4-G-SHOCK-Super-Mario-Bros-Frontal.jpg","contentUrl":"https:\/\/joieriadacla.com\/wp-content\/uploads\/2022\/12\/Casio-DW-5600SMB-4-G-SHOCK-Super-Mario-Bros-Frontal.jpg","width":1500,"height":1500},{"@type":"BreadcrumbList","@id":"https:\/\/joieriadacla.com\/index.php\/product\/casio-g-shock-dw-5600smb-4er-super-mario-bros\/#breadcrumb","itemListElement":[{"@type":"ListItem","position":1,"name":"Portada","item":"https:\/\/joieriadacla.com\/"},{"@type":"ListItem","position":2,"name":"Productos","item":"https:\/\/joieriadacla.com\/index.php\/shop\/"},{"@type":"ListItem","position":3,"name":"Reloj Casio G-shock DW-5600SMB-4ER S\u00daPER MARIO BROS"}]},{"@type":"WebSite","@id":"https:\/\/joieriadacla.com\/#website","url":"https:\/\/joieriadacla.com\/","name":"Joieria Rellotgeria Dacla","description":"Joieria Dacla","publisher":{"@id":"https:\/\/joieriadacla.com\/#organization"},"potentialAction":[{"@type":"SearchAction","target":{"@type":"EntryPoint","urlTemplate":"https:\/\/joieriadacla.com\/?s={search_term_string}"},"query-input":{"@type":"PropertyValueSpecification","valueRequired":true,"valueName":"search_term_string"}}],"inLanguage":"es"},{"@type":"Organization","@id":"https:\/\/joieriadacla.com\/#organization","name":"Joieria Rellotgeria Dacla","url":"https:\/\/joieriadacla.com\/","logo":{"@type":"ImageObject","inLanguage":"es","@id":"https:\/\/joieriadacla.com\/#\/schema\/logo\/image\/","url":"https:\/\/joieriadacla.com\/wp-content\/uploads\/2022\/03\/LOGODACLA.png","contentUrl":"https:\/\/joieriadacla.com\/wp-content\/uploads\/2022\/03\/LOGODACLA.png","width":319,"height":228,"caption":"Joieria Rellotgeria Dacla"},"image":{"@id":"https:\/\/joieriadacla.com\/#\/schema\/logo\/image\/"},"sameAs":["https:\/\/www.instagram.com\/joieria.dacla\/?hl=es"]}]}},"_links":{"self":[{"href":"https:\/\/joieriadacla.com\/index.php\/wp-json\/wp\/v2\/product\/1007","targetHints":{"allow":["GET"]}}],"collection":[{"href":"https:\/\/joieriadacla.com\/index.php\/wp-json\/wp\/v2\/product"}],"about":[{"href":"https:\/\/joieriadacla.com\/index.php\/wp-json\/wp\/v2\/types\/product"}],"replies":[{"embeddable":true,"href":"https:\/\/joieriadacla.com\/index.php\/wp-json\/wp\/v2\/comments?post=1007"}],"wp:featuredmedia":[{"embeddable":true,"href":"https:\/\/joieriadacla.com\/index.php\/wp-json\/wp\/v2\/media\/1011"}],"wp:attachment":[{"href":"https:\/\/joieriadacla.com\/index.php\/wp-json\/wp\/v2\/media?parent=1007"}],"wp:term":[{"taxonomy":"product_brand","embeddable":true,"href":"https:\/\/joieriadacla.com\/index.php\/wp-json\/wp\/v2\/product_brand?post=1007"},{"taxonomy":"product_cat","embeddable":true,"href":"https:\/\/joieriadacla.com\/index.php\/wp-json\/wp\/v2\/product_cat?post=1007"},{"taxonomy":"product_tag","embeddable":true,"href":"https:\/\/joieriadacla.com\/index.php\/wp-json\/wp\/v2\/product_tag?post=1007"}],"curies":[{"name":"wp","href":"https:\/\/api.w.org\/{rel}","templated":true}]}}