{"id":1004,"date":"2022-12-20T18:52:18","date_gmt":"2022-12-20T18:52:18","guid":{"rendered":"https:\/\/joieriadacla.com\/?post_type=product&#038;p=1004"},"modified":"2024-09-23T18:26:37","modified_gmt":"2024-09-23T18:26:37","slug":"casio-g-shock-ga-100bnr-1aer","status":"publish","type":"product","link":"https:\/\/joieriadacla.com\/index.php\/product\/casio-g-shock-ga-100bnr-1aer\/","title":{"rendered":"Reloj Casio G-shock GA-100BNR-1AER"},"content":{"rendered":"<p>Tama\u00f1o del estuche (L \u00d7 An \u00d7 Al)<\/p>\n<p>55 \u00d7 51.2 \u00d7 16.9 mm<\/p>\n<p>&nbsp;<\/p>\n<p>Peso<\/p>\n<p>72 g<\/p>\n<p>&nbsp;<\/p>\n<p>Material del estuche y del bisel<\/p>\n<p>Material de la caja \/ bisel: resina<\/p>\n<p>&nbsp;<\/p>\n<p>Correa<\/p>\n<p>Correa de resina<\/p>\n<p>&nbsp;<\/p>\n<p>Ensamblaje<\/p>\n<p>Resistente a los impactos<\/p>\n<p>Resistente a los campos magn\u00e9ticos<\/p>\n<p>&nbsp;<\/p>\n<p>Resistencia al agua<\/p>\n<p>Resistente al agua hasta una profundidad de 200 metros<\/p>\n<p>&nbsp;<\/p>\n<p>Fuente de alimentaci\u00f3n y duraci\u00f3n de la bater\u00eda<\/p>\n<p>Duraci\u00f3n aproximada de la bater\u00eda: 2 a\u00f1os con CR1220<\/p>\n<p>&nbsp;<\/p>\n<p>Vidrio<\/p>\n<p>Cristal mineral<\/p>\n<p>&nbsp;<\/p>\n<p>Tama\u00f1o de banda compatible<\/p>\n<p>De 145 a 215 mm<\/p>\n<p>&nbsp;<\/p>\n<p>Hora mundial<\/p>\n<p>Hora mundial con 29 zonas horarias (48 ciudades + UTC), activaci\u00f3n\/desactivaci\u00f3n del horario de verano y cambio de ciudad local \/ hora mundial<\/p>\n<p>&nbsp;<\/p>\n<p>Cron\u00f3metro<\/p>\n<p>Cron\u00f3metro de 1\/1000 segundos Capacidad de medici\u00f3n: 99:59&#8217;59,999\u00bb Modos de medici\u00f3n: Tiempo transcurrido, tiempo de vuelta y fracciones de tiempo Otros: Velocidad (de 0 a 1998 unidades\/hora), entrada de distancia (de 0,0 a 99,9) e indicador de Mach (velocidad superior a 1225 unidades\/hora)<\/p>\n<p>&nbsp;<\/p>\n<p>Temporizador<\/p>\n<p>Temporizador de cuenta atr\u00e1s. Unidad de medici\u00f3n: 1 segundo. Rango de cuenta atr\u00e1s: 24 horas. Rango de ajuste de la hora de inicio de la cuenta atr\u00e1s: entre 1 minuto y 24 horas (incrementos de 1 minuto y de 1 hora). Otro: repetici\u00f3n autom\u00e1tica<\/p>\n<p>&nbsp;<\/p>\n<p>Alarma \/ se\u00f1al de hora<\/p>\n<p>5 alarmas diarias (con una alarma con repetici\u00f3n)<\/p>\n<p>Se\u00f1al de hora<\/p>\n<p>&nbsp;<\/p>\n<p>Iluminaci\u00f3n<\/p>\n<p>Luz LED, interruptor de luz autom\u00e1tica, duraci\u00f3n de la iluminaci\u00f3n seleccionable (1,5 o 3 segundos) y luminosidad<\/p>\n<p>&nbsp;<\/p>\n<p>Color claro<\/p>\n<p>LED: \u00e1mbar<\/p>\n<p>&nbsp;<\/p>\n<p>Calendario<\/p>\n<p>Calendario autom\u00e1tico completo (hasta el a\u00f1o 2099)<\/p>\n<p>&nbsp;<\/p>\n<p>Precisi\u00f3n<\/p>\n<p>Precisi\u00f3n: \u00b1 15 segundos al mes<\/p>\n<p>&nbsp;<\/p>\n<p>Otras opciones<\/p>\n<p>Formato de 12 y 24 horas<\/p>\n<p>Indicaci\u00f3n de la hora normal. Anal\u00f3gico: 2 manecillas (hora y minutos (la manecilla se mueve cada 20 segundos)), 1 dial (velocidad) \/ Digital: hora, minutos, segundos, p.m., mes, fecha y d\u00eda<\/p>\n","protected":false},"excerpt":{"rendered":"<p><strong>Reloj Casio G-SHOCK\u00a0<\/strong><b>GA-100BNR-1AER.<\/b>\u00a0Haga una declaraci\u00f3n de estilo atrevida y contundente con la l\u00ednea<em>\u00a0Ignite Red<\/em>\u00a0en el ic\u00f3nico negro y rojo vivo que encarnan la resistencia absoluta de la marca G-SHOCK.<\/p>\n<p>Se presentan algunos de\u00a0los modelos insignia como este, con la fuerza y pasi\u00f3n de los colores de la marca G-SHOCK en negro y rojo. Los detalles en rojo intenso flam\u00edgero contra el llamativo color negro oscuro dan a estos relojes, y a la mu\u00f1eca que los lleva, un toque de confianza y estilo.<\/p>\n<p>Dise\u00f1ados y fabricados para ofrecer una excelente resistencia a los golpes y al agua, as\u00ed como resistencia antimagn\u00e9tica. El cron\u00f3metro de 1\/1000 segundos, el indicador de velocidad, la hora mundial, 5 alarmas y mucho m\u00e1s brindan a estos modelos una funci\u00f3n y un rendimiento inigualables.<\/p>\n","protected":false},"featured_media":1005,"comment_status":"open","ping_status":"closed","template":"","meta":[],"product_brand":[],"product_cat":[43,46,38],"product_tag":[],"class_list":{"0":"post-1004","1":"product","2":"type-product","3":"status-publish","4":"has-post-thumbnail","6":"product_cat-g-shock","7":"product_cat-g-shock-gama-trend","8":"product_cat-relojes","10":"first","11":"instock","12":"taxable","13":"shipping-taxable","14":"purchasable","15":"product-type-simple"},"yoast_head":"<!-- This site is optimized with the Yoast SEO plugin v27.2 - https:\/\/yoast.com\/product\/yoast-seo-wordpress\/ -->\n<title>Reloj Casio G-shock GA-100BNR-1AER - Joieria Dacla<\/title>\n<meta name=\"description\" content=\"Reloj Casio G-SHOCK GA-100BNR-1AER. Haga una declaraci\u00f3n de estilo atrevida y contundente con la l\u00ednea Ignite Red en el ic\u00f3nico negro y rojo vivo que encarnan la resistencia absoluta de la marca G-SHOCK.\" \/>\n<meta name=\"robots\" content=\"index, follow, max-snippet:-1, max-image-preview:large, max-video-preview:-1\" \/>\n<link rel=\"canonical\" href=\"https:\/\/joieriadacla.com\/index.php\/product\/casio-g-shock-ga-100bnr-1aer\/\" \/>\n<meta property=\"og:locale\" content=\"es_ES\" \/>\n<meta property=\"og:type\" content=\"article\" \/>\n<meta property=\"og:title\" content=\"Reloj Casio G-shock GA-100BNR-1AER - Joieria Dacla\" \/>\n<meta property=\"og:description\" content=\"Reloj Casio G-SHOCK GA-100BNR-1AER. Haga una declaraci\u00f3n de estilo atrevida y contundente con la l\u00ednea Ignite Red en el ic\u00f3nico negro y rojo vivo que encarnan la resistencia absoluta de la marca G-SHOCK.\" \/>\n<meta property=\"og:url\" content=\"https:\/\/joieriadacla.com\/index.php\/product\/casio-g-shock-ga-100bnr-1aer\/\" \/>\n<meta property=\"og:site_name\" content=\"Joieria Dacla\" \/>\n<meta property=\"article:modified_time\" content=\"2024-09-23T18:26:37+00:00\" \/>\n<meta property=\"og:image\" content=\"https:\/\/joieriadacla.com\/wp-content\/uploads\/2022\/12\/GA-100BNR-1AER_OR13_beautyshot1_web.png\" \/>\n\t<meta property=\"og:image:width\" content=\"972\" \/>\n\t<meta property=\"og:image:height\" content=\"1100\" \/>\n\t<meta property=\"og:image:type\" content=\"image\/png\" \/>\n<meta name=\"twitter:card\" content=\"summary_large_image\" \/>\n<meta name=\"twitter:label1\" content=\"Tiempo de lectura\" \/>\n\t<meta name=\"twitter:data1\" content=\"2 minutos\" \/>\n<script type=\"application\/ld+json\" class=\"yoast-schema-graph\">{\"@context\":\"https:\/\/schema.org\",\"@graph\":[{\"@type\":\"WebPage\",\"@id\":\"https:\/\/joieriadacla.com\/index.php\/product\/casio-g-shock-ga-100bnr-1aer\/\",\"url\":\"https:\/\/joieriadacla.com\/index.php\/product\/casio-g-shock-ga-100bnr-1aer\/\",\"name\":\"Reloj Casio G-shock GA-100BNR-1AER - Joieria Dacla\",\"isPartOf\":{\"@id\":\"https:\/\/joieriadacla.com\/#website\"},\"primaryImageOfPage\":{\"@id\":\"https:\/\/joieriadacla.com\/index.php\/product\/casio-g-shock-ga-100bnr-1aer\/#primaryimage\"},\"image\":{\"@id\":\"https:\/\/joieriadacla.com\/index.php\/product\/casio-g-shock-ga-100bnr-1aer\/#primaryimage\"},\"thumbnailUrl\":\"https:\/\/joieriadacla.com\/wp-content\/uploads\/2022\/12\/GA-100BNR-1AER_OR13_beautyshot1_web.png\",\"datePublished\":\"2022-12-20T18:52:18+00:00\",\"dateModified\":\"2024-09-23T18:26:37+00:00\",\"description\":\"Reloj Casio G-SHOCK GA-100BNR-1AER. Haga una declaraci\u00f3n de estilo atrevida y contundente con la l\u00ednea Ignite Red en el ic\u00f3nico negro y rojo vivo que encarnan la resistencia absoluta de la marca G-SHOCK.\",\"breadcrumb\":{\"@id\":\"https:\/\/joieriadacla.com\/index.php\/product\/casio-g-shock-ga-100bnr-1aer\/#breadcrumb\"},\"inLanguage\":\"es\",\"potentialAction\":[{\"@type\":\"ReadAction\",\"target\":[\"https:\/\/joieriadacla.com\/index.php\/product\/casio-g-shock-ga-100bnr-1aer\/\"]}]},{\"@type\":\"ImageObject\",\"inLanguage\":\"es\",\"@id\":\"https:\/\/joieriadacla.com\/index.php\/product\/casio-g-shock-ga-100bnr-1aer\/#primaryimage\",\"url\":\"https:\/\/joieriadacla.com\/wp-content\/uploads\/2022\/12\/GA-100BNR-1AER_OR13_beautyshot1_web.png\",\"contentUrl\":\"https:\/\/joieriadacla.com\/wp-content\/uploads\/2022\/12\/GA-100BNR-1AER_OR13_beautyshot1_web.png\",\"width\":972,\"height\":1100},{\"@type\":\"BreadcrumbList\",\"@id\":\"https:\/\/joieriadacla.com\/index.php\/product\/casio-g-shock-ga-100bnr-1aer\/#breadcrumb\",\"itemListElement\":[{\"@type\":\"ListItem\",\"position\":1,\"name\":\"Portada\",\"item\":\"https:\/\/joieriadacla.com\/\"},{\"@type\":\"ListItem\",\"position\":2,\"name\":\"Productos\",\"item\":\"https:\/\/joieriadacla.com\/index.php\/shop\/\"},{\"@type\":\"ListItem\",\"position\":3,\"name\":\"Reloj Casio G-shock GA-100BNR-1AER\"}]},{\"@type\":\"WebSite\",\"@id\":\"https:\/\/joieriadacla.com\/#website\",\"url\":\"https:\/\/joieriadacla.com\/\",\"name\":\"Joieria Rellotgeria Dacla\",\"description\":\"Joieria Dacla\",\"publisher\":{\"@id\":\"https:\/\/joieriadacla.com\/#organization\"},\"potentialAction\":[{\"@type\":\"SearchAction\",\"target\":{\"@type\":\"EntryPoint\",\"urlTemplate\":\"https:\/\/joieriadacla.com\/?s={search_term_string}\"},\"query-input\":{\"@type\":\"PropertyValueSpecification\",\"valueRequired\":true,\"valueName\":\"search_term_string\"}}],\"inLanguage\":\"es\"},{\"@type\":\"Organization\",\"@id\":\"https:\/\/joieriadacla.com\/#organization\",\"name\":\"Joieria Rellotgeria Dacla\",\"url\":\"https:\/\/joieriadacla.com\/\",\"logo\":{\"@type\":\"ImageObject\",\"inLanguage\":\"es\",\"@id\":\"https:\/\/joieriadacla.com\/#\/schema\/logo\/image\/\",\"url\":\"https:\/\/joieriadacla.com\/wp-content\/uploads\/2022\/03\/LOGODACLA.png\",\"contentUrl\":\"https:\/\/joieriadacla.com\/wp-content\/uploads\/2022\/03\/LOGODACLA.png\",\"width\":319,\"height\":228,\"caption\":\"Joieria Rellotgeria Dacla\"},\"image\":{\"@id\":\"https:\/\/joieriadacla.com\/#\/schema\/logo\/image\/\"},\"sameAs\":[\"https:\/\/www.instagram.com\/joieria.dacla\/?hl=es\"]}]}<\/script>\n<!-- \/ Yoast SEO plugin. -->","yoast_head_json":{"title":"Reloj Casio G-shock GA-100BNR-1AER - Joieria Dacla","description":"Reloj Casio G-SHOCK GA-100BNR-1AER. Haga una declaraci\u00f3n de estilo atrevida y contundente con la l\u00ednea Ignite Red en el ic\u00f3nico negro y rojo vivo que encarnan la resistencia absoluta de la marca G-SHOCK.","robots":{"index":"index","follow":"follow","max-snippet":"max-snippet:-1","max-image-preview":"max-image-preview:large","max-video-preview":"max-video-preview:-1"},"canonical":"https:\/\/joieriadacla.com\/index.php\/product\/casio-g-shock-ga-100bnr-1aer\/","og_locale":"es_ES","og_type":"article","og_title":"Reloj Casio G-shock GA-100BNR-1AER - Joieria Dacla","og_description":"Reloj Casio G-SHOCK GA-100BNR-1AER. Haga una declaraci\u00f3n de estilo atrevida y contundente con la l\u00ednea Ignite Red en el ic\u00f3nico negro y rojo vivo que encarnan la resistencia absoluta de la marca G-SHOCK.","og_url":"https:\/\/joieriadacla.com\/index.php\/product\/casio-g-shock-ga-100bnr-1aer\/","og_site_name":"Joieria Dacla","article_modified_time":"2024-09-23T18:26:37+00:00","og_image":[{"width":972,"height":1100,"url":"https:\/\/joieriadacla.com\/wp-content\/uploads\/2022\/12\/GA-100BNR-1AER_OR13_beautyshot1_web.png","type":"image\/png"}],"twitter_card":"summary_large_image","twitter_misc":{"Tiempo de lectura":"2 minutos"},"schema":{"@context":"https:\/\/schema.org","@graph":[{"@type":"WebPage","@id":"https:\/\/joieriadacla.com\/index.php\/product\/casio-g-shock-ga-100bnr-1aer\/","url":"https:\/\/joieriadacla.com\/index.php\/product\/casio-g-shock-ga-100bnr-1aer\/","name":"Reloj Casio G-shock GA-100BNR-1AER - Joieria Dacla","isPartOf":{"@id":"https:\/\/joieriadacla.com\/#website"},"primaryImageOfPage":{"@id":"https:\/\/joieriadacla.com\/index.php\/product\/casio-g-shock-ga-100bnr-1aer\/#primaryimage"},"image":{"@id":"https:\/\/joieriadacla.com\/index.php\/product\/casio-g-shock-ga-100bnr-1aer\/#primaryimage"},"thumbnailUrl":"https:\/\/joieriadacla.com\/wp-content\/uploads\/2022\/12\/GA-100BNR-1AER_OR13_beautyshot1_web.png","datePublished":"2022-12-20T18:52:18+00:00","dateModified":"2024-09-23T18:26:37+00:00","description":"Reloj Casio G-SHOCK GA-100BNR-1AER. Haga una declaraci\u00f3n de estilo atrevida y contundente con la l\u00ednea Ignite Red en el ic\u00f3nico negro y rojo vivo que encarnan la resistencia absoluta de la marca G-SHOCK.","breadcrumb":{"@id":"https:\/\/joieriadacla.com\/index.php\/product\/casio-g-shock-ga-100bnr-1aer\/#breadcrumb"},"inLanguage":"es","potentialAction":[{"@type":"ReadAction","target":["https:\/\/joieriadacla.com\/index.php\/product\/casio-g-shock-ga-100bnr-1aer\/"]}]},{"@type":"ImageObject","inLanguage":"es","@id":"https:\/\/joieriadacla.com\/index.php\/product\/casio-g-shock-ga-100bnr-1aer\/#primaryimage","url":"https:\/\/joieriadacla.com\/wp-content\/uploads\/2022\/12\/GA-100BNR-1AER_OR13_beautyshot1_web.png","contentUrl":"https:\/\/joieriadacla.com\/wp-content\/uploads\/2022\/12\/GA-100BNR-1AER_OR13_beautyshot1_web.png","width":972,"height":1100},{"@type":"BreadcrumbList","@id":"https:\/\/joieriadacla.com\/index.php\/product\/casio-g-shock-ga-100bnr-1aer\/#breadcrumb","itemListElement":[{"@type":"ListItem","position":1,"name":"Portada","item":"https:\/\/joieriadacla.com\/"},{"@type":"ListItem","position":2,"name":"Productos","item":"https:\/\/joieriadacla.com\/index.php\/shop\/"},{"@type":"ListItem","position":3,"name":"Reloj Casio G-shock GA-100BNR-1AER"}]},{"@type":"WebSite","@id":"https:\/\/joieriadacla.com\/#website","url":"https:\/\/joieriadacla.com\/","name":"Joieria Rellotgeria Dacla","description":"Joieria Dacla","publisher":{"@id":"https:\/\/joieriadacla.com\/#organization"},"potentialAction":[{"@type":"SearchAction","target":{"@type":"EntryPoint","urlTemplate":"https:\/\/joieriadacla.com\/?s={search_term_string}"},"query-input":{"@type":"PropertyValueSpecification","valueRequired":true,"valueName":"search_term_string"}}],"inLanguage":"es"},{"@type":"Organization","@id":"https:\/\/joieriadacla.com\/#organization","name":"Joieria Rellotgeria Dacla","url":"https:\/\/joieriadacla.com\/","logo":{"@type":"ImageObject","inLanguage":"es","@id":"https:\/\/joieriadacla.com\/#\/schema\/logo\/image\/","url":"https:\/\/joieriadacla.com\/wp-content\/uploads\/2022\/03\/LOGODACLA.png","contentUrl":"https:\/\/joieriadacla.com\/wp-content\/uploads\/2022\/03\/LOGODACLA.png","width":319,"height":228,"caption":"Joieria Rellotgeria Dacla"},"image":{"@id":"https:\/\/joieriadacla.com\/#\/schema\/logo\/image\/"},"sameAs":["https:\/\/www.instagram.com\/joieria.dacla\/?hl=es"]}]}},"_links":{"self":[{"href":"https:\/\/joieriadacla.com\/index.php\/wp-json\/wp\/v2\/product\/1004","targetHints":{"allow":["GET"]}}],"collection":[{"href":"https:\/\/joieriadacla.com\/index.php\/wp-json\/wp\/v2\/product"}],"about":[{"href":"https:\/\/joieriadacla.com\/index.php\/wp-json\/wp\/v2\/types\/product"}],"replies":[{"embeddable":true,"href":"https:\/\/joieriadacla.com\/index.php\/wp-json\/wp\/v2\/comments?post=1004"}],"wp:featuredmedia":[{"embeddable":true,"href":"https:\/\/joieriadacla.com\/index.php\/wp-json\/wp\/v2\/media\/1005"}],"wp:attachment":[{"href":"https:\/\/joieriadacla.com\/index.php\/wp-json\/wp\/v2\/media?parent=1004"}],"wp:term":[{"taxonomy":"product_brand","embeddable":true,"href":"https:\/\/joieriadacla.com\/index.php\/wp-json\/wp\/v2\/product_brand?post=1004"},{"taxonomy":"product_cat","embeddable":true,"href":"https:\/\/joieriadacla.com\/index.php\/wp-json\/wp\/v2\/product_cat?post=1004"},{"taxonomy":"product_tag","embeddable":true,"href":"https:\/\/joieriadacla.com\/index.php\/wp-json\/wp\/v2\/product_tag?post=1004"}],"curies":[{"name":"wp","href":"https:\/\/api.w.org\/{rel}","templated":true}]}}