{"id":742,"date":"2022-10-21T13:15:51","date_gmt":"2022-10-21T13:15:51","guid":{"rendered":"https:\/\/joieriadacla.com\/?page_id=742"},"modified":"2022-10-21T13:15:53","modified_gmt":"2022-10-21T13:15:53","slug":"politica-de-cookies","status":"publish","type":"page","link":"https:\/\/joieriadacla.com\/index.php\/politica-de-cookies\/","title":{"rendered":"Politica de COOKIES"},"content":{"rendered":"\n<h1 class=\"wp-block-heading\">Pol\u00edtica de Coookies<\/h1>\n\n\n\n<p>Las cookies son una herramienta empleada por los servidores Web para almacenar y recuperar informaci\u00f3n acerca de sus visitantes, permiti\u00e9ndonos identificarle durante su visita online a nuestra web. Es un identificador \u00fanico, en forma de fichero de texto, que algunos servidores remiten al dispositivo del usuario, permitiendo as\u00ed mejorar tanto la calidad como la seguridad de la p\u00e1gina web. Debe tener en cuenta que las cookies no pueden da\u00f1ar su equipo y, adem\u00e1s, el que est\u00e9n activadas nos ayudan a identificar y resolver los errores. Poseen una fecha de caducidad, que puede oscilar desde el tiempo que dure la sesi\u00f3n, hasta una fecha futura especificada, a partir de la cual dejan de ser operativas.<\/p>\n\n\n\n<ul class=\"wp-block-list\"><li><strong>Cookies anal\u00edticas<\/strong>: son aquellas que tienen un prop\u00f3sito de mantenimiento peri\u00f3dico, garantizando el mejor servicio posible al usuario y recopilando datos estad\u00edsticos de la actividad.<\/li><li><strong>Cookies necesarias<\/strong>: aquellas que facilitan una correcta navegaci\u00f3n, permitiendo efectuar el pago de bienes o servicios solicitados por el usuario, o bien, cookies que sirven para asegurar que el contenido de la web se carga correctamente.<\/li><li><strong>Cookies de terceros<\/strong>: son aquellas utilizadas por redes sociales o por complementos externos de contenido. Posibilitan al usuario facilitar informaci\u00f3n de nuestra web en otras p\u00e1ginas.<\/li><\/ul>\n\n\n\n<p>A continuaci\u00f3n, le detallamos la informaci\u00f3n de las cookies anteriormente descritas y utilizadas en esta web:<\/p>\n\n\n\n<ul class=\"wp-block-list\"><li><strong>Cookies necesarias<\/strong>:&nbsp;<em>ci_session,ccs_cookies_ok,prereg_user,prereg_user_1,prereg_user_2<\/em>. Son cookies estrictamente necesarias. Su funci\u00f3n es identificar al usuario que haya iniciado sesi\u00f3n en nuestra p\u00e1gina web y proporcionar una alta disponibilidad de servicio del site.<\/li><li><strong>Cookies anal\u00edticas<\/strong>:&nbsp;<em>_utmz, _utmb, _utma, _utmc,_ccs_vps,_ccs_lvpq,clicks,APISID,HSID,NID,PREF,SID,SS,__utma<\/em>. Son cookies propias o de Google Analytics que generan un ID de usuario an\u00f3nimo, que es el que se utiliza para hacer recuento de cuantas veces visita el sitio un usuario. Asimismo, registra cuando fue la primera y \u00faltima vez que visit\u00f3 la web, el origen del usuario y Keywords.<\/li><li><strong>Cookies de terceros<\/strong>:&nbsp;<em>__stgmap,__stid,__unam,__uset<\/em>. Son cookies que su uso se restringe a los v\u00ednculos que se proporcionan a los servicios de terceros que el usuario puede encontrar \u00fatiles. Permiten realizar un servicio m\u00e1s f\u00e1cil de usar y compartir contenidos a trav\u00e9s de otras p\u00e1ginas web y del correo electr\u00f3nico..<\/li><\/ul>\n\n\n\n<p>Usted puede libremente decidir acerca de la implantaci\u00f3n o no en su disco duro de las cookies utilizadas en esta web. En este sentido, puede configurar su propio navegador para aceptar o rechazar todas las cookies o para recibir aviso en pantalla de la recepci\u00f3n de cada cookie y decidir en ese momento su implantaci\u00f3n o no en su dispositivo. Seguidamente, le informamos de c\u00f3mo aceptar o rechazar las cookies a trav\u00e9s de su navegador predeterminado:<\/p>\n\n\n\n<p><strong>Para Internet Explorer<\/strong><\/p>\n\n\n\n<p>1- Haga clic en el bot\u00f3n Herramientas y despu\u00e9s en Opciones de Internet.<br>2- Haga clic en la pesta\u00f1a Privacidad y luego en Sitios.<br>3- En el cuadro Direcci\u00f3n del sitio web, escriba la direcci\u00f3n completa (URL) del sitio Web cuya configuraci\u00f3n de privacidad quiera personalizar.<br>4- Despu\u00e9s haga clic en Bloquear o Permitir.<br>5- Repita los pasos 3 y 4 para cada sitio web que desee desbloquear o permitir. Al finalizar, haga dos veces clic en Aceptar.<\/p>\n\n\n\n<p><strong>Para Safari<\/strong><\/p>\n\n\n\n<p>1.- Acceda a men\u00fa \u00abSafari\u00bb<br>2.-Entre en el apartado \u00bb Preferencias\u00bb.<br>3- Haga clic sobre la pesta\u00f1a Seguridad y podr\u00e1 ajustar las Cookies.<\/p>\n\n\n\n<p><strong>Para Chrome<\/strong><\/p>\n\n\n\n<p>1- Haga clic en el men\u00fa de Chrome 2- Seleccione Configuraci\u00f3n.<br>3- Haga clic en Mostrar opciones avanzadas.<br>4- En la secci\u00f3n \u00abPrivacidad\u00bb, haga clic en el bot\u00f3n Configuraci\u00f3n de contenido.<br>5- En la secci\u00f3n \u00abCookies\u00bb, puedes configurar las opciones que se indican a continuaci\u00f3n:<br>&#8211; Eliminar cookies<br>&#8211; Bloquear las cookies de forma predeterminada<br>&#8211; Permitir las cookies de forma predeterminada<br>&#8211; Incluir excepciones de cookies de dominios o sitios webs espec\u00edficos.<\/p>\n\n\n\n<p><strong>Para Firefox<\/strong><\/p>\n\n\n\n<p>1- Haga clic en el bot\u00f3n de Herramientas y luego en Opciones.<br>2- Haga clic en la pesta\u00f1a Privacidad.<br>3- En la secci\u00f3n Historial, seleccione \u00abUsar una configuraci\u00f3n personalizada para el historial\u00bb.<br>4- Marque la casilla para aceptar las cookies y haga clic en Excepciones para seleccionar los sitios web que (siempre o nunca) autorice a instalar cookies en su dispositivo.<\/p>\n\n\n\n<p><strong>Para Opera<\/strong><\/p>\n\n\n\n<p>1- Opciones &gt; Avanzado &gt; Cookies<br>2- Las opciones de cookies controlan el modo en que Opera los maneja. El modo predeterminado es aceptar todas las cookies.<br>&#8211; Se aceptan todos (predeterminado)<br>&#8211; Aceptar cookies s\u00f3lo del sitio visitado (se rechazan los cookies de terceros,paradominiosexternos al que se est\u00e1 visitando<br>&#8211; No aceptar cookies nunca (se rechazan todos)<\/p>\n\n\n\n<p><strong>Importante<\/strong>: Para conocer m\u00e1s acerca de c\u00f3mo activar el \u00abmodo privado\u00bb lea atentamente la secci\u00f3n de ayuda de su navegador. Si su navegador se encuentra en \u00abmodo privado\u00bb su navegaci\u00f3n por nuestra p\u00e1gina puede no ser \u00f3ptima y algunas utilidades pueden no funcionar eficazmente.<\/p>\n","protected":false},"excerpt":{"rendered":"<p>Pol\u00edtica de Coookies Las cookies son una herramienta empleada por los servidores Web para almacenar y recuperar informaci\u00f3n acerca de sus visitantes, permiti\u00e9ndonos identificarle durante su visita online a nuestra web. Es un identificador \u00fanico, en forma de fichero de texto, que algunos servidores remiten al dispositivo del usuario, permitiendo as\u00ed mejorar tanto la calidad &#8230; <a title=\"Politica de COOKIES\" class=\"read-more\" href=\"https:\/\/joieriadacla.com\/index.php\/politica-de-cookies\/\" aria-label=\"Leer m\u00e1s sobre Politica de COOKIES\">Leer m\u00e1s<\/a><\/p>\n","protected":false},"author":1,"featured_media":0,"parent":0,"menu_order":0,"comment_status":"closed","ping_status":"closed","template":"","meta":{"footnotes":""},"class_list":["post-742","page","type-page","status-publish"],"yoast_head":"<!-- This site is optimized with the Yoast SEO plugin v27.2 - https:\/\/yoast.com\/product\/yoast-seo-wordpress\/ -->\n<title>Politica de COOKIES - Joieria Dacla %<\/title>\n<meta name=\"robots\" content=\"index, follow, max-snippet:-1, max-image-preview:large, max-video-preview:-1\" \/>\n<link rel=\"canonical\" href=\"https:\/\/joieriadacla.com\/index.php\/politica-de-cookies\/\" \/>\n<meta property=\"og:locale\" content=\"es_ES\" \/>\n<meta property=\"og:type\" content=\"article\" \/>\n<meta property=\"og:title\" content=\"Politica de COOKIES - Joieria Dacla %\" \/>\n<meta property=\"og:description\" content=\"Pol\u00edtica de Coookies Las cookies son una herramienta empleada por los servidores Web para almacenar y recuperar informaci\u00f3n acerca de sus visitantes, permiti\u00e9ndonos identificarle durante su visita online a nuestra web. Es un identificador \u00fanico, en forma de fichero de texto, que algunos servidores remiten al dispositivo del usuario, permitiendo as\u00ed mejorar tanto la calidad ... Leer m\u00e1s\" \/>\n<meta property=\"og:url\" content=\"https:\/\/joieriadacla.com\/index.php\/politica-de-cookies\/\" \/>\n<meta property=\"og:site_name\" content=\"Joieria Dacla\" \/>\n<meta property=\"article:modified_time\" content=\"2022-10-21T13:15:53+00:00\" \/>\n<meta name=\"twitter:card\" content=\"summary_large_image\" \/>\n<meta name=\"twitter:label1\" content=\"Tiempo de lectura\" \/>\n\t<meta name=\"twitter:data1\" content=\"4 minutos\" \/>\n<script type=\"application\/ld+json\" class=\"yoast-schema-graph\">{\"@context\":\"https:\/\/schema.org\",\"@graph\":[{\"@type\":\"WebPage\",\"@id\":\"https:\/\/joieriadacla.com\/index.php\/politica-de-cookies\/\",\"url\":\"https:\/\/joieriadacla.com\/index.php\/politica-de-cookies\/\",\"name\":\"Politica de COOKIES - Joieria Dacla %\",\"isPartOf\":{\"@id\":\"https:\/\/joieriadacla.com\/#website\"},\"datePublished\":\"2022-10-21T13:15:51+00:00\",\"dateModified\":\"2022-10-21T13:15:53+00:00\",\"breadcrumb\":{\"@id\":\"https:\/\/joieriadacla.com\/index.php\/politica-de-cookies\/#breadcrumb\"},\"inLanguage\":\"es\",\"potentialAction\":[{\"@type\":\"ReadAction\",\"target\":[\"https:\/\/joieriadacla.com\/index.php\/politica-de-cookies\/\"]}]},{\"@type\":\"BreadcrumbList\",\"@id\":\"https:\/\/joieriadacla.com\/index.php\/politica-de-cookies\/#breadcrumb\",\"itemListElement\":[{\"@type\":\"ListItem\",\"position\":1,\"name\":\"Portada\",\"item\":\"https:\/\/joieriadacla.com\/\"},{\"@type\":\"ListItem\",\"position\":2,\"name\":\"Politica de COOKIES\"}]},{\"@type\":\"WebSite\",\"@id\":\"https:\/\/joieriadacla.com\/#website\",\"url\":\"https:\/\/joieriadacla.com\/\",\"name\":\"Joieria Rellotgeria Dacla\",\"description\":\"Joieria Dacla\",\"publisher\":{\"@id\":\"https:\/\/joieriadacla.com\/#organization\"},\"potentialAction\":[{\"@type\":\"SearchAction\",\"target\":{\"@type\":\"EntryPoint\",\"urlTemplate\":\"https:\/\/joieriadacla.com\/?s={search_term_string}\"},\"query-input\":{\"@type\":\"PropertyValueSpecification\",\"valueRequired\":true,\"valueName\":\"search_term_string\"}}],\"inLanguage\":\"es\"},{\"@type\":\"Organization\",\"@id\":\"https:\/\/joieriadacla.com\/#organization\",\"name\":\"Joieria Rellotgeria Dacla\",\"url\":\"https:\/\/joieriadacla.com\/\",\"logo\":{\"@type\":\"ImageObject\",\"inLanguage\":\"es\",\"@id\":\"https:\/\/joieriadacla.com\/#\/schema\/logo\/image\/\",\"url\":\"https:\/\/joieriadacla.com\/wp-content\/uploads\/2022\/03\/LOGODACLA.png\",\"contentUrl\":\"https:\/\/joieriadacla.com\/wp-content\/uploads\/2022\/03\/LOGODACLA.png\",\"width\":319,\"height\":228,\"caption\":\"Joieria Rellotgeria Dacla\"},\"image\":{\"@id\":\"https:\/\/joieriadacla.com\/#\/schema\/logo\/image\/\"},\"sameAs\":[\"https:\/\/www.instagram.com\/joieria.dacla\/?hl=es\"]}]}<\/script>\n<!-- \/ Yoast SEO plugin. -->","yoast_head_json":{"title":"Politica de COOKIES - Joieria Dacla %","robots":{"index":"index","follow":"follow","max-snippet":"max-snippet:-1","max-image-preview":"max-image-preview:large","max-video-preview":"max-video-preview:-1"},"canonical":"https:\/\/joieriadacla.com\/index.php\/politica-de-cookies\/","og_locale":"es_ES","og_type":"article","og_title":"Politica de COOKIES - Joieria Dacla %","og_description":"Pol\u00edtica de Coookies Las cookies son una herramienta empleada por los servidores Web para almacenar y recuperar informaci\u00f3n acerca de sus visitantes, permiti\u00e9ndonos identificarle durante su visita online a nuestra web. Es un identificador \u00fanico, en forma de fichero de texto, que algunos servidores remiten al dispositivo del usuario, permitiendo as\u00ed mejorar tanto la calidad ... Leer m\u00e1s","og_url":"https:\/\/joieriadacla.com\/index.php\/politica-de-cookies\/","og_site_name":"Joieria Dacla","article_modified_time":"2022-10-21T13:15:53+00:00","twitter_card":"summary_large_image","twitter_misc":{"Tiempo de lectura":"4 minutos"},"schema":{"@context":"https:\/\/schema.org","@graph":[{"@type":"WebPage","@id":"https:\/\/joieriadacla.com\/index.php\/politica-de-cookies\/","url":"https:\/\/joieriadacla.com\/index.php\/politica-de-cookies\/","name":"Politica de COOKIES - Joieria Dacla %","isPartOf":{"@id":"https:\/\/joieriadacla.com\/#website"},"datePublished":"2022-10-21T13:15:51+00:00","dateModified":"2022-10-21T13:15:53+00:00","breadcrumb":{"@id":"https:\/\/joieriadacla.com\/index.php\/politica-de-cookies\/#breadcrumb"},"inLanguage":"es","potentialAction":[{"@type":"ReadAction","target":["https:\/\/joieriadacla.com\/index.php\/politica-de-cookies\/"]}]},{"@type":"BreadcrumbList","@id":"https:\/\/joieriadacla.com\/index.php\/politica-de-cookies\/#breadcrumb","itemListElement":[{"@type":"ListItem","position":1,"name":"Portada","item":"https:\/\/joieriadacla.com\/"},{"@type":"ListItem","position":2,"name":"Politica de COOKIES"}]},{"@type":"WebSite","@id":"https:\/\/joieriadacla.com\/#website","url":"https:\/\/joieriadacla.com\/","name":"Joieria Rellotgeria Dacla","description":"Joieria Dacla","publisher":{"@id":"https:\/\/joieriadacla.com\/#organization"},"potentialAction":[{"@type":"SearchAction","target":{"@type":"EntryPoint","urlTemplate":"https:\/\/joieriadacla.com\/?s={search_term_string}"},"query-input":{"@type":"PropertyValueSpecification","valueRequired":true,"valueName":"search_term_string"}}],"inLanguage":"es"},{"@type":"Organization","@id":"https:\/\/joieriadacla.com\/#organization","name":"Joieria Rellotgeria Dacla","url":"https:\/\/joieriadacla.com\/","logo":{"@type":"ImageObject","inLanguage":"es","@id":"https:\/\/joieriadacla.com\/#\/schema\/logo\/image\/","url":"https:\/\/joieriadacla.com\/wp-content\/uploads\/2022\/03\/LOGODACLA.png","contentUrl":"https:\/\/joieriadacla.com\/wp-content\/uploads\/2022\/03\/LOGODACLA.png","width":319,"height":228,"caption":"Joieria Rellotgeria Dacla"},"image":{"@id":"https:\/\/joieriadacla.com\/#\/schema\/logo\/image\/"},"sameAs":["https:\/\/www.instagram.com\/joieria.dacla\/?hl=es"]}]}},"_links":{"self":[{"href":"https:\/\/joieriadacla.com\/index.php\/wp-json\/wp\/v2\/pages\/742","targetHints":{"allow":["GET"]}}],"collection":[{"href":"https:\/\/joieriadacla.com\/index.php\/wp-json\/wp\/v2\/pages"}],"about":[{"href":"https:\/\/joieriadacla.com\/index.php\/wp-json\/wp\/v2\/types\/page"}],"author":[{"embeddable":true,"href":"https:\/\/joieriadacla.com\/index.php\/wp-json\/wp\/v2\/users\/1"}],"replies":[{"embeddable":true,"href":"https:\/\/joieriadacla.com\/index.php\/wp-json\/wp\/v2\/comments?post=742"}],"version-history":[{"count":1,"href":"https:\/\/joieriadacla.com\/index.php\/wp-json\/wp\/v2\/pages\/742\/revisions"}],"predecessor-version":[{"id":743,"href":"https:\/\/joieriadacla.com\/index.php\/wp-json\/wp\/v2\/pages\/742\/revisions\/743"}],"wp:attachment":[{"href":"https:\/\/joieriadacla.com\/index.php\/wp-json\/wp\/v2\/media?parent=742"}],"curies":[{"name":"wp","href":"https:\/\/api.w.org\/{rel}","templated":true}]}}