{"id":738,"date":"2022-10-21T13:12:29","date_gmt":"2022-10-21T13:12:29","guid":{"rendered":"https:\/\/joieriadacla.com\/?page_id=738"},"modified":"2022-10-21T13:12:31","modified_gmt":"2022-10-21T13:12:31","slug":"proteccion-de-datos","status":"publish","type":"page","link":"https:\/\/joieriadacla.com\/index.php\/proteccion-de-datos\/","title":{"rendered":"Protecci\u00f3n de datos"},"content":{"rendered":"\n<p>De conformidad con la Ley Org\u00e1nica Vigente 3\/2018 del 5 de diciembre, de Protecci\u00f3n de Datos Personales y Garant\u00eda de los Derechos Digitales y en cumplimiento de lo dispuesto en el Reglamento Europeo 2016\/679 General de Protecci\u00f3n de Datos, as\u00ed como en cualquier legislaci\u00f3n nacional que sea aplicable, le informamos que:<\/p>\n\n\n\n<p>Existen distintas formas de que sus datos personales o comerciales pasen a nuestro fichero y por tanto distintas finalidades y usos de sus datos en el futuro, siempre con su consentimiento:<br><br><strong><em>Formulario de Contacto o Consulta<\/em><\/strong>: Si da su consentimiento antes del env\u00edo de la consulta o formulario de contacto sus datos formar\u00e1n parte de nuestro fichero y la finalidad ser\u00e1 enviarle cualquier tipo de informaci\u00f3n acerca de DACLA , (comercial, nuevos productos, ofertas, suscripciones, promociones, informaci\u00f3n corporativa,&#8230;), en adelante INFORMACI\u00d3N GENERAL.<br><br><strong><em>Suscripci\u00f3n<\/em><\/strong>: Si inserta su e-mail en la casilla de suscripci\u00f3n habilitada en la web (claramente identificada) sus datos formar\u00e1n parte de nuestro fichero y la finalidad ser\u00e1 enviarle INFORMACI\u00d3N GENERAL acerca de DACLA.<br><br><strong>REGISTRO<\/strong>: Si da su consentimiento antes del env\u00edo del formulario de registro como usuario sus datos formar\u00e1n parte de nuestro fichero y la finalidad ser\u00e1 identificarle en pr\u00f3ximos accesos mediante las claves asignadas y enviarle INFORMACI\u00d3N GENERAL acerca de DACLA.<br><br>En todo momento podr\u00e1 dirigirse a info@joieriadacla.com, para rectificar sus preferencias respecto a la informaci\u00f3n a recibir o el deseo de no recibir ning\u00fan tipo de informaci\u00f3n, o cambiar sus datos personales, la direcci\u00f3n de env\u00edo de la informaci\u00f3n,&#8230;<br><br>La desuscripci\u00f3n de recibir INFORMACI\u00d3N GENERAL o de cualquier tipo es siempre autom\u00e1tica desde cualquier comunicado que reciba, o bien mandando un mail a  info@joieriadacla.com. La suscripci\u00f3n siempre podr\u00e1 realizarse directamente insertando el mail en la casilla de SUSCRIPCI\u00d3N o bien mandando un e-mail a  info@joieriadacla.com .<br><br>Los env\u00edos de e-mail a  info@joieriadacla.com o mediante correo postal para cambios en datos, altas o bajas requerir\u00e1n identificaci\u00f3n, consulte en la Pol\u00edtica de privacidad (derechos de acceso, rectificaci\u00f3n y cancelaci\u00f3n).<br><br>El disfrute de la condici\u00f3n de USUARIO REGISTRADO siempre exigir\u00e1 la inclusi\u00f3n de sus datos en nuestro fichero, con la finalidad prioritaria de IDENTIFICARLE mediante sus claves de acceso personales, el consentimiento a recibir INFORMACION GENERAL O DE OTRO TIPO ser\u00e1 a su elecci\u00f3n.<br><br>Por tanto :<br><br>Si se ha registrado y\/o se ha suscrito o ha dado su consentimiento en alguno de los formularios de contacto existentes en : www.joieriadacla.com, sus datos pasaran a formar parte de un fichero automatizado propiedad de DACLA, con domicilio social en Avnd.les Garrigues,26 \u2013 25001Lleida- Espa\u00f1a, con la finalidad de identificarle en el caso del registro como usuario, mantenerle informado en caso de suscripci\u00f3n y enviarle informaci\u00f3n comercial de DACLA en cualquier caso, y siempre que haya dado su conformidad para recibir este tipo de informaci\u00f3n. Usted tiene derecho a acceder a este fichero para informaci\u00f3n, rectificaci\u00f3n o, en su caso, cancelaci\u00f3n de sus datos cuando as\u00ed lo desee.\u00a0<em>Consulte Pol\u00edtica de privacidad<\/em>.<br><br>Si sus datos han sido recogidos para la utilizaci\u00f3n de alg\u00fan servicio de informaci\u00f3n que no requiera registro o suscripci\u00f3n y no ha dado su consentimiento para recibir informaci\u00f3n futura de promociones y noticias de DACLA estos ser\u00e1n eliminados una vez resuelta la consulta o informaci\u00f3n solicitada, es decir, no ser\u00e1n guardados en nuestra Base de datos.<\/p>\n","protected":false},"excerpt":{"rendered":"<p>De conformidad con la Ley Org\u00e1nica Vigente 3\/2018 del 5 de diciembre, de Protecci\u00f3n de Datos Personales y Garant\u00eda de los Derechos Digitales y en cumplimiento de lo dispuesto en el Reglamento Europeo 2016\/679 General de Protecci\u00f3n de Datos, as\u00ed como en cualquier legislaci\u00f3n nacional que sea aplicable, le informamos que: Existen distintas formas de &#8230; <a title=\"Protecci\u00f3n de datos\" class=\"read-more\" href=\"https:\/\/joieriadacla.com\/index.php\/proteccion-de-datos\/\" aria-label=\"Leer m\u00e1s sobre Protecci\u00f3n de datos\">Leer m\u00e1s<\/a><\/p>\n","protected":false},"author":1,"featured_media":0,"parent":0,"menu_order":0,"comment_status":"closed","ping_status":"closed","template":"","meta":{"footnotes":""},"class_list":["post-738","page","type-page","status-publish"],"yoast_head":"<!-- This site is optimized with the Yoast SEO plugin v27.2 - https:\/\/yoast.com\/product\/yoast-seo-wordpress\/ -->\n<title>Protecci\u00f3n de datos - Joieria Dacla %<\/title>\n<meta name=\"robots\" content=\"index, follow, max-snippet:-1, max-image-preview:large, max-video-preview:-1\" \/>\n<link rel=\"canonical\" href=\"https:\/\/joieriadacla.com\/index.php\/proteccion-de-datos\/\" \/>\n<meta property=\"og:locale\" content=\"es_ES\" \/>\n<meta property=\"og:type\" content=\"article\" \/>\n<meta property=\"og:title\" content=\"Protecci\u00f3n de datos - Joieria Dacla %\" \/>\n<meta property=\"og:description\" content=\"De conformidad con la Ley Org\u00e1nica Vigente 3\/2018 del 5 de diciembre, de Protecci\u00f3n de Datos Personales y Garant\u00eda de los Derechos Digitales y en cumplimiento de lo dispuesto en el Reglamento Europeo 2016\/679 General de Protecci\u00f3n de Datos, as\u00ed como en cualquier legislaci\u00f3n nacional que sea aplicable, le informamos que: Existen distintas formas de ... Leer m\u00e1s\" \/>\n<meta property=\"og:url\" content=\"https:\/\/joieriadacla.com\/index.php\/proteccion-de-datos\/\" \/>\n<meta property=\"og:site_name\" content=\"Joieria Dacla\" \/>\n<meta property=\"article:modified_time\" content=\"2022-10-21T13:12:31+00:00\" \/>\n<meta name=\"twitter:card\" content=\"summary_large_image\" \/>\n<meta name=\"twitter:label1\" content=\"Tiempo de lectura\" \/>\n\t<meta name=\"twitter:data1\" content=\"3 minutos\" \/>\n<script type=\"application\/ld+json\" class=\"yoast-schema-graph\">{\"@context\":\"https:\/\/schema.org\",\"@graph\":[{\"@type\":\"WebPage\",\"@id\":\"https:\/\/joieriadacla.com\/index.php\/proteccion-de-datos\/\",\"url\":\"https:\/\/joieriadacla.com\/index.php\/proteccion-de-datos\/\",\"name\":\"Protecci\u00f3n de datos - Joieria Dacla %\",\"isPartOf\":{\"@id\":\"https:\/\/joieriadacla.com\/#website\"},\"datePublished\":\"2022-10-21T13:12:29+00:00\",\"dateModified\":\"2022-10-21T13:12:31+00:00\",\"breadcrumb\":{\"@id\":\"https:\/\/joieriadacla.com\/index.php\/proteccion-de-datos\/#breadcrumb\"},\"inLanguage\":\"es\",\"potentialAction\":[{\"@type\":\"ReadAction\",\"target\":[\"https:\/\/joieriadacla.com\/index.php\/proteccion-de-datos\/\"]}]},{\"@type\":\"BreadcrumbList\",\"@id\":\"https:\/\/joieriadacla.com\/index.php\/proteccion-de-datos\/#breadcrumb\",\"itemListElement\":[{\"@type\":\"ListItem\",\"position\":1,\"name\":\"Portada\",\"item\":\"https:\/\/joieriadacla.com\/\"},{\"@type\":\"ListItem\",\"position\":2,\"name\":\"Protecci\u00f3n de datos\"}]},{\"@type\":\"WebSite\",\"@id\":\"https:\/\/joieriadacla.com\/#website\",\"url\":\"https:\/\/joieriadacla.com\/\",\"name\":\"Joieria Rellotgeria Dacla\",\"description\":\"Joieria Dacla\",\"publisher\":{\"@id\":\"https:\/\/joieriadacla.com\/#organization\"},\"potentialAction\":[{\"@type\":\"SearchAction\",\"target\":{\"@type\":\"EntryPoint\",\"urlTemplate\":\"https:\/\/joieriadacla.com\/?s={search_term_string}\"},\"query-input\":{\"@type\":\"PropertyValueSpecification\",\"valueRequired\":true,\"valueName\":\"search_term_string\"}}],\"inLanguage\":\"es\"},{\"@type\":\"Organization\",\"@id\":\"https:\/\/joieriadacla.com\/#organization\",\"name\":\"Joieria Rellotgeria Dacla\",\"url\":\"https:\/\/joieriadacla.com\/\",\"logo\":{\"@type\":\"ImageObject\",\"inLanguage\":\"es\",\"@id\":\"https:\/\/joieriadacla.com\/#\/schema\/logo\/image\/\",\"url\":\"https:\/\/joieriadacla.com\/wp-content\/uploads\/2022\/03\/LOGODACLA.png\",\"contentUrl\":\"https:\/\/joieriadacla.com\/wp-content\/uploads\/2022\/03\/LOGODACLA.png\",\"width\":319,\"height\":228,\"caption\":\"Joieria Rellotgeria Dacla\"},\"image\":{\"@id\":\"https:\/\/joieriadacla.com\/#\/schema\/logo\/image\/\"},\"sameAs\":[\"https:\/\/www.instagram.com\/joieria.dacla\/?hl=es\"]}]}<\/script>\n<!-- \/ Yoast SEO plugin. -->","yoast_head_json":{"title":"Protecci\u00f3n de datos - Joieria Dacla %","robots":{"index":"index","follow":"follow","max-snippet":"max-snippet:-1","max-image-preview":"max-image-preview:large","max-video-preview":"max-video-preview:-1"},"canonical":"https:\/\/joieriadacla.com\/index.php\/proteccion-de-datos\/","og_locale":"es_ES","og_type":"article","og_title":"Protecci\u00f3n de datos - Joieria Dacla %","og_description":"De conformidad con la Ley Org\u00e1nica Vigente 3\/2018 del 5 de diciembre, de Protecci\u00f3n de Datos Personales y Garant\u00eda de los Derechos Digitales y en cumplimiento de lo dispuesto en el Reglamento Europeo 2016\/679 General de Protecci\u00f3n de Datos, as\u00ed como en cualquier legislaci\u00f3n nacional que sea aplicable, le informamos que: Existen distintas formas de ... Leer m\u00e1s","og_url":"https:\/\/joieriadacla.com\/index.php\/proteccion-de-datos\/","og_site_name":"Joieria Dacla","article_modified_time":"2022-10-21T13:12:31+00:00","twitter_card":"summary_large_image","twitter_misc":{"Tiempo de lectura":"3 minutos"},"schema":{"@context":"https:\/\/schema.org","@graph":[{"@type":"WebPage","@id":"https:\/\/joieriadacla.com\/index.php\/proteccion-de-datos\/","url":"https:\/\/joieriadacla.com\/index.php\/proteccion-de-datos\/","name":"Protecci\u00f3n de datos - Joieria Dacla %","isPartOf":{"@id":"https:\/\/joieriadacla.com\/#website"},"datePublished":"2022-10-21T13:12:29+00:00","dateModified":"2022-10-21T13:12:31+00:00","breadcrumb":{"@id":"https:\/\/joieriadacla.com\/index.php\/proteccion-de-datos\/#breadcrumb"},"inLanguage":"es","potentialAction":[{"@type":"ReadAction","target":["https:\/\/joieriadacla.com\/index.php\/proteccion-de-datos\/"]}]},{"@type":"BreadcrumbList","@id":"https:\/\/joieriadacla.com\/index.php\/proteccion-de-datos\/#breadcrumb","itemListElement":[{"@type":"ListItem","position":1,"name":"Portada","item":"https:\/\/joieriadacla.com\/"},{"@type":"ListItem","position":2,"name":"Protecci\u00f3n de datos"}]},{"@type":"WebSite","@id":"https:\/\/joieriadacla.com\/#website","url":"https:\/\/joieriadacla.com\/","name":"Joieria Rellotgeria Dacla","description":"Joieria Dacla","publisher":{"@id":"https:\/\/joieriadacla.com\/#organization"},"potentialAction":[{"@type":"SearchAction","target":{"@type":"EntryPoint","urlTemplate":"https:\/\/joieriadacla.com\/?s={search_term_string}"},"query-input":{"@type":"PropertyValueSpecification","valueRequired":true,"valueName":"search_term_string"}}],"inLanguage":"es"},{"@type":"Organization","@id":"https:\/\/joieriadacla.com\/#organization","name":"Joieria Rellotgeria Dacla","url":"https:\/\/joieriadacla.com\/","logo":{"@type":"ImageObject","inLanguage":"es","@id":"https:\/\/joieriadacla.com\/#\/schema\/logo\/image\/","url":"https:\/\/joieriadacla.com\/wp-content\/uploads\/2022\/03\/LOGODACLA.png","contentUrl":"https:\/\/joieriadacla.com\/wp-content\/uploads\/2022\/03\/LOGODACLA.png","width":319,"height":228,"caption":"Joieria Rellotgeria Dacla"},"image":{"@id":"https:\/\/joieriadacla.com\/#\/schema\/logo\/image\/"},"sameAs":["https:\/\/www.instagram.com\/joieria.dacla\/?hl=es"]}]}},"_links":{"self":[{"href":"https:\/\/joieriadacla.com\/index.php\/wp-json\/wp\/v2\/pages\/738","targetHints":{"allow":["GET"]}}],"collection":[{"href":"https:\/\/joieriadacla.com\/index.php\/wp-json\/wp\/v2\/pages"}],"about":[{"href":"https:\/\/joieriadacla.com\/index.php\/wp-json\/wp\/v2\/types\/page"}],"author":[{"embeddable":true,"href":"https:\/\/joieriadacla.com\/index.php\/wp-json\/wp\/v2\/users\/1"}],"replies":[{"embeddable":true,"href":"https:\/\/joieriadacla.com\/index.php\/wp-json\/wp\/v2\/comments?post=738"}],"version-history":[{"count":1,"href":"https:\/\/joieriadacla.com\/index.php\/wp-json\/wp\/v2\/pages\/738\/revisions"}],"predecessor-version":[{"id":740,"href":"https:\/\/joieriadacla.com\/index.php\/wp-json\/wp\/v2\/pages\/738\/revisions\/740"}],"wp:attachment":[{"href":"https:\/\/joieriadacla.com\/index.php\/wp-json\/wp\/v2\/media?parent=738"}],"curies":[{"name":"wp","href":"https:\/\/api.w.org\/{rel}","templated":true}]}}